{"id":866,"date":"2022-10-23T20:29:47","date_gmt":"2022-10-23T19:29:47","guid":{"rendered":"https:\/\/pfc-eu.com\/?page_id=866"},"modified":"2022-10-23T20:29:47","modified_gmt":"2022-10-23T19:29:47","slug":"matador-hd-stubble-cultivator","status":"publish","type":"page","link":"https:\/\/pfc-eu.com\/sv\/matador-hd-stubble-cultivator\/","title":{"rendered":"Matador HD stubbkultivator"},"content":{"rendered":"<div class=\"wp-block-jetpack-layout-grid alignfull column1-desktop-grid__span-6 column1-desktop-grid__row-1 column2-desktop-grid__span-6 column2-desktop-grid__start-7 column2-desktop-grid__row-1 column1-tablet-grid__span-4 column1-tablet-grid__row-1 column2-tablet-grid__span-4 column2-tablet-grid__start-5 column2-tablet-grid__row-1 column1-mobile-grid__span-4 column1-mobile-grid__row-1 column2-mobile-grid__span-4 column2-mobile-grid__row-2\">\n<div class=\"wp-block-jetpack-layout-grid-column wp-block-jetpack-layout-grid__padding-none\">\n<figure class=\"wp-block-image size-large\"><img data-recalc-dims=\"1\" loading=\"lazy\" decoding=\"async\" width=\"711\" height=\"272\" data-attachment-id=\"867\" data-permalink=\"https:\/\/pfc-eu.com\/sv\/matador-trailed\/\" data-orig-file=\"https:\/\/i0.wp.com\/pfc-eu.com\/wp-content\/uploads\/2020\/09\/matador-trailed.jpg?fit=711%2C272&amp;ssl=1\" data-orig-size=\"711,272\" data-comments-opened=\"1\" data-image-meta=\"{&quot;aperture&quot;:&quot;0&quot;,&quot;credit&quot;:&quot;&quot;,&quot;camera&quot;:&quot;&quot;,&quot;caption&quot;:&quot;&quot;,&quot;created_timestamp&quot;:&quot;0&quot;,&quot;copyright&quot;:&quot;&quot;,&quot;focal_length&quot;:&quot;0&quot;,&quot;iso&quot;:&quot;0&quot;,&quot;shutter_speed&quot;:&quot;0&quot;,&quot;title&quot;:&quot;&quot;,&quot;orientation&quot;:&quot;0&quot;}\" data-image-title=\"matador-trailed\" data-image-description=\"\" data-image-caption=\"\" data-medium-file=\"https:\/\/i0.wp.com\/pfc-eu.com\/wp-content\/uploads\/2020\/09\/matador-trailed.jpg?fit=300%2C115&amp;ssl=1\" data-large-file=\"https:\/\/i0.wp.com\/pfc-eu.com\/wp-content\/uploads\/2020\/09\/matador-trailed.jpg?fit=711%2C272&amp;ssl=1\" src=\"https:\/\/i0.wp.com\/pfc-eu.com\/wp-content\/uploads\/2020\/09\/matador-trailed.jpg?resize=711%2C272&#038;ssl=1\" alt=\"\" class=\"wp-image-867\" \/><\/figure>\n\n\n\n<p class=\"wp-block-paragraph\"><\/p>\n<\/div>\n\n\n\n<div class=\"wp-block-jetpack-layout-grid-column wp-block-jetpack-layout-grid__padding-none\">\n<figure class=\"wp-block-image size-large\"><img data-recalc-dims=\"1\" loading=\"lazy\" decoding=\"async\" width=\"750\" height=\"518\" data-attachment-id=\"871\" data-permalink=\"https:\/\/pfc-eu.com\/sv\/matador-spec\/\" data-orig-file=\"https:\/\/i0.wp.com\/pfc-eu.com\/wp-content\/uploads\/2020\/09\/matador-spec.png?fit=1286%2C888&amp;ssl=1\" data-orig-size=\"1286,888\" data-comments-opened=\"1\" data-image-meta=\"{&quot;aperture&quot;:&quot;0&quot;,&quot;credit&quot;:&quot;&quot;,&quot;camera&quot;:&quot;&quot;,&quot;caption&quot;:&quot;&quot;,&quot;created_timestamp&quot;:&quot;0&quot;,&quot;copyright&quot;:&quot;&quot;,&quot;focal_length&quot;:&quot;0&quot;,&quot;iso&quot;:&quot;0&quot;,&quot;shutter_speed&quot;:&quot;0&quot;,&quot;title&quot;:&quot;&quot;,&quot;orientation&quot;:&quot;0&quot;}\" data-image-title=\"matador-spec\" data-image-description=\"\" data-image-caption=\"\" data-medium-file=\"https:\/\/i0.wp.com\/pfc-eu.com\/wp-content\/uploads\/2020\/09\/matador-spec.png?fit=300%2C207&amp;ssl=1\" data-large-file=\"https:\/\/i0.wp.com\/pfc-eu.com\/wp-content\/uploads\/2020\/09\/matador-spec.png?fit=750%2C518&amp;ssl=1\" src=\"https:\/\/i0.wp.com\/pfc-eu.com\/wp-content\/uploads\/2020\/09\/matador-spec.png?resize=750%2C518&#038;ssl=1\" alt=\"\" class=\"wp-image-871\" \/><\/figure>\n\n\n\n<p class=\"wp-block-paragraph\"><\/p>\n<\/div>\n<\/div>\n\n\n\n<div class=\"wp-block-media-text alignwide has-media-on-the-right is-stacked-on-mobile\" style=\"grid-template-columns:auto 55%;\"><figure class=\"wp-block-media-text__media\"><img data-recalc-dims=\"1\" loading=\"lazy\" decoding=\"async\" width=\"536\" height=\"296\" data-attachment-id=\"868\" data-permalink=\"https:\/\/pfc-eu.com\/sv\/matador-mounted\/\" data-orig-file=\"https:\/\/i0.wp.com\/pfc-eu.com\/wp-content\/uploads\/2020\/09\/matador-mounted.jpg?fit=536%2C296&amp;ssl=1\" data-orig-size=\"536,296\" data-comments-opened=\"1\" data-image-meta=\"{&quot;aperture&quot;:&quot;0&quot;,&quot;credit&quot;:&quot;&quot;,&quot;camera&quot;:&quot;&quot;,&quot;caption&quot;:&quot;&quot;,&quot;created_timestamp&quot;:&quot;0&quot;,&quot;copyright&quot;:&quot;&quot;,&quot;focal_length&quot;:&quot;0&quot;,&quot;iso&quot;:&quot;0&quot;,&quot;shutter_speed&quot;:&quot;0&quot;,&quot;title&quot;:&quot;&quot;,&quot;orientation&quot;:&quot;0&quot;}\" data-image-title=\"matador-mounted\" data-image-description=\"\" data-image-caption=\"\" data-medium-file=\"https:\/\/i0.wp.com\/pfc-eu.com\/wp-content\/uploads\/2020\/09\/matador-mounted.jpg?fit=300%2C166&amp;ssl=1\" data-large-file=\"https:\/\/i0.wp.com\/pfc-eu.com\/wp-content\/uploads\/2020\/09\/matador-mounted.jpg?fit=536%2C296&amp;ssl=1\" src=\"https:\/\/i0.wp.com\/pfc-eu.com\/wp-content\/uploads\/2020\/09\/matador-mounted.jpg?resize=536%2C296&#038;ssl=1\" alt=\"\" class=\"wp-image-868\" \/><\/figure><div class=\"wp-block-media-text__content\">\n<p class=\"wp-block-paragraph\">Matador HD stubbkultivatorn \u00e4r designad f\u00f6r styrka och p\u00e5litlighet. Med hydraulisk arbetsdjupskontroll och skiv- och rullhydraulikjustering kan Matador justeras n\u00e4r du \u00e4r p\u00e5 v\u00e4g till jobbet med optimal effektivitet. kan penetrera kompakta omr\u00e5den som arbetar p\u00e5 djup upp till 350 mm ger \u00f6verl\u00e4gsen jordberedning. Halmpinn \u00e4r standard f\u00f6r att skapa en utj\u00e4mnande effekt och flytta h\u00f6ga halter av stubbrester. M\u00f6jligheten att v\u00e4lja bakrulle f\u00f6r att passa dina krav och valfria bogserade maskiner f\u00f6r optimal flexibilitet.<\/p>\n<\/div><\/div>\n\n\n\n<div class=\"wp-block-jetpack-layout-grid alignfull column1-desktop-grid__span-6 column1-desktop-grid__row-1 column2-desktop-grid__span-6 column2-desktop-grid__start-7 column2-desktop-grid__row-1 column1-tablet-grid__span-4 column1-tablet-grid__row-1 column2-tablet-grid__span-4 column2-tablet-grid__start-5 column2-tablet-grid__row-1 column1-mobile-grid__span-4 column1-mobile-grid__row-1 column2-mobile-grid__span-4 column2-mobile-grid__row-2\">\n<div class=\"wp-block-jetpack-layout-grid-column wp-block-jetpack-layout-grid__padding-none\">\n<figure class=\"wp-block-image size-large is-resized\"><img data-recalc-dims=\"1\" decoding=\"async\" data-attachment-id=\"737\" data-permalink=\"https:\/\/pfc-eu.com\/sv\/cultivation-icon-button-6\/\" data-orig-file=\"https:\/\/i0.wp.com\/pfc-eu.com\/wp-content\/uploads\/2020\/09\/cultivation-icon-button-6.png?fit=342%2C351&amp;ssl=1\" data-orig-size=\"342,351\" data-comments-opened=\"1\" data-image-meta=\"{&quot;aperture&quot;:&quot;0&quot;,&quot;credit&quot;:&quot;&quot;,&quot;camera&quot;:&quot;&quot;,&quot;caption&quot;:&quot;&quot;,&quot;created_timestamp&quot;:&quot;0&quot;,&quot;copyright&quot;:&quot;&quot;,&quot;focal_length&quot;:&quot;0&quot;,&quot;iso&quot;:&quot;0&quot;,&quot;shutter_speed&quot;:&quot;0&quot;,&quot;title&quot;:&quot;&quot;,&quot;orientation&quot;:&quot;0&quot;}\" data-image-title=\"cultivation-icon-button-6\" data-image-description=\"\" data-image-caption=\"\" data-medium-file=\"https:\/\/i0.wp.com\/pfc-eu.com\/wp-content\/uploads\/2020\/09\/cultivation-icon-button-6.png?fit=292%2C300&amp;ssl=1\" data-large-file=\"https:\/\/i0.wp.com\/pfc-eu.com\/wp-content\/uploads\/2020\/09\/cultivation-icon-button-6.png?fit=342%2C351&amp;ssl=1\" src=\"https:\/\/i0.wp.com\/pfc-eu.com\/wp-content\/uploads\/2020\/09\/cultivation-icon-button-6.png?w=750&#038;ssl=1\" alt=\"\" class=\"wp-image-737\"   \/><figcaption>Odlingsurval<\/figcaption><\/figure>\n<\/div>\n\n\n\n<div class=\"wp-block-jetpack-layout-grid-column wp-block-jetpack-layout-grid__padding-none\">\n<figure class=\"wp-block-image size-large\"><img data-recalc-dims=\"1\" loading=\"lazy\" decoding=\"async\" width=\"341\" height=\"356\" data-attachment-id=\"738\" data-permalink=\"https:\/\/pfc-eu.com\/sv\/media-icon-button-8\/\" data-orig-file=\"https:\/\/i0.wp.com\/pfc-eu.com\/wp-content\/uploads\/2020\/09\/media-icon-button-8.png?fit=341%2C356&amp;ssl=1\" data-orig-size=\"341,356\" data-comments-opened=\"1\" data-image-meta=\"{&quot;aperture&quot;:&quot;0&quot;,&quot;credit&quot;:&quot;&quot;,&quot;camera&quot;:&quot;&quot;,&quot;caption&quot;:&quot;&quot;,&quot;created_timestamp&quot;:&quot;0&quot;,&quot;copyright&quot;:&quot;&quot;,&quot;focal_length&quot;:&quot;0&quot;,&quot;iso&quot;:&quot;0&quot;,&quot;shutter_speed&quot;:&quot;0&quot;,&quot;title&quot;:&quot;&quot;,&quot;orientation&quot;:&quot;0&quot;}\" data-image-title=\"media-icon-button-8\" data-image-description=\"\" data-image-caption=\"\" data-medium-file=\"https:\/\/i0.wp.com\/pfc-eu.com\/wp-content\/uploads\/2020\/09\/media-icon-button-8.png?fit=287%2C300&amp;ssl=1\" data-large-file=\"https:\/\/i0.wp.com\/pfc-eu.com\/wp-content\/uploads\/2020\/09\/media-icon-button-8.png?fit=341%2C356&amp;ssl=1\" src=\"https:\/\/i0.wp.com\/pfc-eu.com\/wp-content\/uploads\/2020\/09\/media-icon-button-8.png?resize=341%2C356&#038;ssl=1\" alt=\"\" class=\"wp-image-738\" \/><figcaption>Media Center<\/figcaption><\/figure>\n<\/div>\n<\/div>","protected":false},"excerpt":{"rendered":"<p>The Matador HD stubble cultivator is design for strength and reliability. With hydraulic working depth control and disc and roller hydraulic adjustment, the Matador can be adjusted on the go to work at optimum efficiency. able to penetrate compacted areas working at depths up to 350mm allows superior soil preparation. Straw tine are standard to<a class=\"more-link\" href=\"https:\/\/pfc-eu.com\/sv\/matador-hd-stubble-cultivator\/\">Forts\u00e4tt l\u00e4sa <span class=\"screen-reader-text\">&#8220;Matador HD Stubble Cultivator&#8221;<\/span><\/a><\/p>","protected":false},"author":192351622,"featured_media":0,"parent":0,"menu_order":0,"comment_status":"closed","ping_status":"closed","template":"","meta":{"_coblocks_attr":"","_coblocks_dimensions":"","_coblocks_responsive_height":"","_coblocks_accordion_ie_support":"","_crdt_document":"","_uag_custom_page_level_css":"","jetpack_post_was_ever_published":false,"footnotes":""},"class_list":["post-866","page","type-page","status-publish","hentry","entry"],"yoast_head":"<!-- This site is optimized with the Yoast SEO plugin v27.3 - https:\/\/yoast.com\/product\/yoast-seo-wordpress\/ -->\n<title>Matador HD Stubble Cultivator - PFC Ltd<\/title>\n<meta name=\"robots\" content=\"index, follow, max-snippet:-1, max-image-preview:large, max-video-preview:-1\" \/>\n<link rel=\"canonical\" href=\"https:\/\/pfc-eu.com\/sv\/matador-hd-stubble-cultivator\/\" \/>\n<meta property=\"og:locale\" content=\"sv_SE\" \/>\n<meta property=\"og:type\" content=\"article\" \/>\n<meta property=\"og:title\" content=\"Matador HD Stubble Cultivator - PFC Ltd\" \/>\n<meta property=\"og:description\" content=\"The Matador HD stubble cultivator is design for strength and reliability. With hydraulic working depth control and disc and roller hydraulic adjustment, the Matador can be adjusted on the go to work at optimum efficiency. able to penetrate compacted areas working at depths up to 350mm allows superior soil preparation. Straw tine are standard toForts\u00e4tt l\u00e4sa &quot;Matador HD Stubble Cultivator&quot;\" \/>\n<meta property=\"og:url\" content=\"https:\/\/pfc-eu.com\/sv\/matador-hd-stubble-cultivator\/\" \/>\n<meta property=\"og:site_name\" content=\"PFC Ltd\" \/>\n<meta property=\"og:image\" content=\"https:\/\/pfc-eu.com\/wp-content\/uploads\/2020\/09\/matador-trailed.jpg?w=711\" \/>\n<meta name=\"twitter:card\" content=\"summary_large_image\" \/>\n<script type=\"application\/ld+json\" class=\"yoast-schema-graph\">{\"@context\":\"https:\\\/\\\/schema.org\",\"@graph\":[{\"@type\":\"WebPage\",\"@id\":\"https:\\\/\\\/pfc-eu.com\\\/matador-hd-stubble-cultivator\\\/\",\"url\":\"https:\\\/\\\/pfc-eu.com\\\/matador-hd-stubble-cultivator\\\/\",\"name\":\"Matador HD Stubble Cultivator - PFC Ltd\",\"isPartOf\":{\"@id\":\"https:\\\/\\\/pfc-eu.com\\\/#website\"},\"primaryImageOfPage\":{\"@id\":\"https:\\\/\\\/pfc-eu.com\\\/matador-hd-stubble-cultivator\\\/#primaryimage\"},\"image\":{\"@id\":\"https:\\\/\\\/pfc-eu.com\\\/matador-hd-stubble-cultivator\\\/#primaryimage\"},\"thumbnailUrl\":\"https:\\\/\\\/pfc-eu.com\\\/wp-content\\\/uploads\\\/2020\\\/09\\\/matador-trailed.jpg?w=711\",\"datePublished\":\"2022-10-23T19:29:47+00:00\",\"breadcrumb\":{\"@id\":\"https:\\\/\\\/pfc-eu.com\\\/matador-hd-stubble-cultivator\\\/#breadcrumb\"},\"inLanguage\":\"sv-SE\",\"potentialAction\":[{\"@type\":\"ReadAction\",\"target\":[\"https:\\\/\\\/pfc-eu.com\\\/matador-hd-stubble-cultivator\\\/\"]}]},{\"@type\":\"ImageObject\",\"inLanguage\":\"sv-SE\",\"@id\":\"https:\\\/\\\/pfc-eu.com\\\/matador-hd-stubble-cultivator\\\/#primaryimage\",\"url\":\"https:\\\/\\\/pfc-eu.com\\\/wp-content\\\/uploads\\\/2020\\\/09\\\/matador-trailed.jpg?w=711\",\"contentUrl\":\"https:\\\/\\\/pfc-eu.com\\\/wp-content\\\/uploads\\\/2020\\\/09\\\/matador-trailed.jpg?w=711\"},{\"@type\":\"BreadcrumbList\",\"@id\":\"https:\\\/\\\/pfc-eu.com\\\/matador-hd-stubble-cultivator\\\/#breadcrumb\",\"itemListElement\":[{\"@type\":\"ListItem\",\"position\":1,\"name\":\"Home\",\"item\":\"https:\\\/\\\/pfc-eu.com\\\/\"},{\"@type\":\"ListItem\",\"position\":2,\"name\":\"Matador HD Stubble Cultivator\"}]},{\"@type\":\"WebSite\",\"@id\":\"https:\\\/\\\/pfc-eu.com\\\/#website\",\"url\":\"https:\\\/\\\/pfc-eu.com\\\/\",\"name\":\"PFC Ltd\",\"description\":\"Precision, Quality, Service\",\"publisher\":{\"@id\":\"https:\\\/\\\/pfc-eu.com\\\/#organization\"},\"potentialAction\":[{\"@type\":\"SearchAction\",\"target\":{\"@type\":\"EntryPoint\",\"urlTemplate\":\"https:\\\/\\\/pfc-eu.com\\\/?s={search_term_string}\"},\"query-input\":{\"@type\":\"PropertyValueSpecification\",\"valueRequired\":true,\"valueName\":\"search_term_string\"}}],\"inLanguage\":\"sv-SE\"},{\"@type\":\"Organization\",\"@id\":\"https:\\\/\\\/pfc-eu.com\\\/#organization\",\"name\":\"PFC Ltd\",\"url\":\"https:\\\/\\\/pfc-eu.com\\\/\",\"logo\":{\"@type\":\"ImageObject\",\"inLanguage\":\"sv-SE\",\"@id\":\"https:\\\/\\\/pfc-eu.com\\\/#\\\/schema\\\/logo\\\/image\\\/\",\"url\":\"https:\\\/\\\/i0.wp.com\\\/pfc-eu.com\\\/wp-content\\\/uploads\\\/2022\\\/09\\\/cropped-cropped-pfc-agri-solutions-no-background-resized.png?fit=500%2C95&ssl=1\",\"contentUrl\":\"https:\\\/\\\/i0.wp.com\\\/pfc-eu.com\\\/wp-content\\\/uploads\\\/2022\\\/09\\\/cropped-cropped-pfc-agri-solutions-no-background-resized.png?fit=500%2C95&ssl=1\",\"width\":500,\"height\":95,\"caption\":\"PFC Ltd\"},\"image\":{\"@id\":\"https:\\\/\\\/pfc-eu.com\\\/#\\\/schema\\\/logo\\\/image\\\/\"}}]}<\/script>\n<!-- \/ Yoast SEO plugin. -->","yoast_head_json":{"title":"Matador HD Stubble Cultivator - PFC Ltd","robots":{"index":"index","follow":"follow","max-snippet":"max-snippet:-1","max-image-preview":"max-image-preview:large","max-video-preview":"max-video-preview:-1"},"canonical":"https:\/\/pfc-eu.com\/sv\/matador-hd-stubble-cultivator\/","og_locale":"sv_SE","og_type":"article","og_title":"Matador HD Stubble Cultivator - PFC Ltd","og_description":"The Matador HD stubble cultivator is design for strength and reliability. With hydraulic working depth control and disc and roller hydraulic adjustment, the Matador can be adjusted on the go to work at optimum efficiency. able to penetrate compacted areas working at depths up to 350mm allows superior soil preparation. Straw tine are standard toForts\u00e4tt l\u00e4sa \"Matador HD Stubble Cultivator\"","og_url":"https:\/\/pfc-eu.com\/sv\/matador-hd-stubble-cultivator\/","og_site_name":"PFC Ltd","og_image":[{"url":"https:\/\/pfc-eu.com\/wp-content\/uploads\/2020\/09\/matador-trailed.jpg?w=711","type":"","width":"","height":""}],"twitter_card":"summary_large_image","schema":{"@context":"https:\/\/schema.org","@graph":[{"@type":"WebPage","@id":"https:\/\/pfc-eu.com\/matador-hd-stubble-cultivator\/","url":"https:\/\/pfc-eu.com\/matador-hd-stubble-cultivator\/","name":"Matador HD Stubble Cultivator - PFC Ltd","isPartOf":{"@id":"https:\/\/pfc-eu.com\/#website"},"primaryImageOfPage":{"@id":"https:\/\/pfc-eu.com\/matador-hd-stubble-cultivator\/#primaryimage"},"image":{"@id":"https:\/\/pfc-eu.com\/matador-hd-stubble-cultivator\/#primaryimage"},"thumbnailUrl":"https:\/\/pfc-eu.com\/wp-content\/uploads\/2020\/09\/matador-trailed.jpg?w=711","datePublished":"2022-10-23T19:29:47+00:00","breadcrumb":{"@id":"https:\/\/pfc-eu.com\/matador-hd-stubble-cultivator\/#breadcrumb"},"inLanguage":"sv-SE","potentialAction":[{"@type":"ReadAction","target":["https:\/\/pfc-eu.com\/matador-hd-stubble-cultivator\/"]}]},{"@type":"ImageObject","inLanguage":"sv-SE","@id":"https:\/\/pfc-eu.com\/matador-hd-stubble-cultivator\/#primaryimage","url":"https:\/\/pfc-eu.com\/wp-content\/uploads\/2020\/09\/matador-trailed.jpg?w=711","contentUrl":"https:\/\/pfc-eu.com\/wp-content\/uploads\/2020\/09\/matador-trailed.jpg?w=711"},{"@type":"BreadcrumbList","@id":"https:\/\/pfc-eu.com\/matador-hd-stubble-cultivator\/#breadcrumb","itemListElement":[{"@type":"ListItem","position":1,"name":"Home","item":"https:\/\/pfc-eu.com\/"},{"@type":"ListItem","position":2,"name":"Matador HD Stubble Cultivator"}]},{"@type":"WebSite","@id":"https:\/\/pfc-eu.com\/#website","url":"https:\/\/pfc-eu.com\/","name":"PFC Ltd","description":"Precision, kvalitet, service","publisher":{"@id":"https:\/\/pfc-eu.com\/#organization"},"potentialAction":[{"@type":"SearchAction","target":{"@type":"EntryPoint","urlTemplate":"https:\/\/pfc-eu.com\/?s={search_term_string}"},"query-input":{"@type":"PropertyValueSpecification","valueRequired":true,"valueName":"search_term_string"}}],"inLanguage":"sv-SE"},{"@type":"Organization","@id":"https:\/\/pfc-eu.com\/#organization","name":"PFC Ltd","url":"https:\/\/pfc-eu.com\/","logo":{"@type":"ImageObject","inLanguage":"sv-SE","@id":"https:\/\/pfc-eu.com\/#\/schema\/logo\/image\/","url":"https:\/\/i0.wp.com\/pfc-eu.com\/wp-content\/uploads\/2022\/09\/cropped-cropped-pfc-agri-solutions-no-background-resized.png?fit=500%2C95&ssl=1","contentUrl":"https:\/\/i0.wp.com\/pfc-eu.com\/wp-content\/uploads\/2022\/09\/cropped-cropped-pfc-agri-solutions-no-background-resized.png?fit=500%2C95&ssl=1","width":500,"height":95,"caption":"PFC Ltd"},"image":{"@id":"https:\/\/pfc-eu.com\/#\/schema\/logo\/image\/"}}]}},"uagb_featured_image_src":{"full":false,"thumbnail":false,"medium":false,"medium_large":false,"large":false,"1536x1536":false,"2048x2048":false,"trp-custom-language-flag":false,"newspack-article-block-landscape-large":false,"newspack-article-block-portrait-large":false,"newspack-article-block-square-large":false,"newspack-article-block-landscape-medium":false,"newspack-article-block-portrait-medium":false,"newspack-article-block-square-medium":false,"newspack-article-block-landscape-intermediate":false,"newspack-article-block-portrait-intermediate":false,"newspack-article-block-square-intermediate":false,"newspack-article-block-landscape-small":false,"newspack-article-block-portrait-small":false,"newspack-article-block-square-small":false,"newspack-article-block-landscape-tiny":false,"newspack-article-block-portrait-tiny":false,"newspack-article-block-square-tiny":false,"newspack-article-block-uncropped":false,"post-thumbnail":false},"uagb_author_info":{"display_name":"richard","author_link":"https:\/\/pfc-eu.com\/sv\/author\/richard\/"},"uagb_comment_info":0,"uagb_excerpt":"The Matador HD stubble cultivator is design for strength and reliability. With hydraulic working depth control and disc and roller hydraulic adjustment, the Matador can be adjusted on the go to work at optimum efficiency. able to penetrate compacted areas working at depths up to 350mm allows superior soil preparation. Straw tine are standard toForts\u00e4tt&hellip;","jetpack_likes_enabled":true,"jetpack_sharing_enabled":true,"jetpack_shortlink":"https:\/\/wp.me\/Pck1DT-dY","jetpack-related-posts":[],"_links":{"self":[{"href":"https:\/\/pfc-eu.com\/sv\/wp-json\/wp\/v2\/pages\/866","targetHints":{"allow":["GET"]}}],"collection":[{"href":"https:\/\/pfc-eu.com\/sv\/wp-json\/wp\/v2\/pages"}],"about":[{"href":"https:\/\/pfc-eu.com\/sv\/wp-json\/wp\/v2\/types\/page"}],"author":[{"embeddable":true,"href":"https:\/\/pfc-eu.com\/sv\/wp-json\/wp\/v2\/users\/192351622"}],"replies":[{"embeddable":true,"href":"https:\/\/pfc-eu.com\/sv\/wp-json\/wp\/v2\/comments?post=866"}],"version-history":[{"count":3,"href":"https:\/\/pfc-eu.com\/sv\/wp-json\/wp\/v2\/pages\/866\/revisions"}],"predecessor-version":[{"id":872,"href":"https:\/\/pfc-eu.com\/sv\/wp-json\/wp\/v2\/pages\/866\/revisions\/872"}],"wp:attachment":[{"href":"https:\/\/pfc-eu.com\/sv\/wp-json\/wp\/v2\/media?parent=866"}],"curies":[{"name":"wp","href":"https:\/\/api.w.org\/{rel}","templated":true}]}}