{"id":1971,"date":"2022-10-05T12:03:08","date_gmt":"2022-10-05T11:03:08","guid":{"rendered":"https:\/\/pfc-eu.com\/?page_id=1971"},"modified":"2024-03-18T11:34:31","modified_gmt":"2024-03-18T11:34:31","slug":"digital-manual-applicator-applicator-pfc-ltd","status":"publish","type":"page","link":"https:\/\/pfc-eu.com\/sv\/digital-manual-applicator-applicator-pfc-ltd\/","title":{"rendered":"Digital manuell applikator"},"content":{"rendered":"<figure class=\"wp-block-image size-large is-resized\"><img data-recalc-dims=\"1\" loading=\"lazy\" decoding=\"async\" width=\"530\" height=\"1024\" data-attachment-id=\"1973\" data-permalink=\"https:\/\/pfc-eu.com\/sv\/digital-manual-applicator-applicator-pfc-ltd\/digitech-2\/\" data-orig-file=\"https:\/\/i0.wp.com\/pfc-eu.com\/wp-content\/uploads\/2022\/10\/Digitech-2.png?fit=739%2C1427&amp;ssl=1\" data-orig-size=\"739,1427\" data-comments-opened=\"1\" data-image-meta=\"{&quot;aperture&quot;:&quot;0&quot;,&quot;credit&quot;:&quot;&quot;,&quot;camera&quot;:&quot;&quot;,&quot;caption&quot;:&quot;&quot;,&quot;created_timestamp&quot;:&quot;0&quot;,&quot;copyright&quot;:&quot;&quot;,&quot;focal_length&quot;:&quot;0&quot;,&quot;iso&quot;:&quot;0&quot;,&quot;shutter_speed&quot;:&quot;0&quot;,&quot;title&quot;:&quot;&quot;,&quot;orientation&quot;:&quot;0&quot;}\" data-image-title=\"Digitech-2\" data-image-description=\"\" data-image-caption=\"\" data-large-file=\"https:\/\/i0.wp.com\/pfc-eu.com\/wp-content\/uploads\/2022\/10\/Digitech-2.png?fit=530%2C1024&amp;ssl=1\" src=\"https:\/\/i0.wp.com\/pfc-eu.com\/wp-content\/uploads\/2022\/10\/Digitech-2.png?resize=530%2C1024&#038;ssl=1\" alt=\"\" class=\"wp-image-1973\" style=\"width:228px;height:440px\" srcset=\"https:\/\/i0.wp.com\/pfc-eu.com\/wp-content\/uploads\/2022\/10\/Digitech-2.png?resize=530%2C1024&amp;ssl=1 530w, https:\/\/i0.wp.com\/pfc-eu.com\/wp-content\/uploads\/2022\/10\/Digitech-2.png?resize=155%2C300&amp;ssl=1 155w, https:\/\/i0.wp.com\/pfc-eu.com\/wp-content\/uploads\/2022\/10\/Digitech-2.png?resize=6%2C12&amp;ssl=1 6w, https:\/\/i0.wp.com\/pfc-eu.com\/wp-content\/uploads\/2022\/10\/Digitech-2.png?w=739&amp;ssl=1 739w\" sizes=\"auto, (max-width: 530px) 100vw, 530px\" \/><figcaption class=\"wp-element-caption\">Enkelhet med digital teknik<\/figcaption><\/figure>\n\n\n\n<p class=\"wp-block-paragraph\">PFC Agri Solution applikator ger tillf\u00f6rlitlig applicering med fast dosering f\u00f6r balpressar, vallsk\u00f6rdare, vallvagnar och pressmaskiner<\/p>\n\n\n\n<p class=\"wp-block-paragraph\">Denna enhet ger dig all information du beh\u00f6ver f\u00f6r att applicera exakt, digital fl\u00f6desm\u00e4tare, som till\u00e5ter inst\u00e4llning till ton per timme balningshastighet och exakta liter per ton applicering som visas p\u00e5 den digitala displayen och den \u00e5terst\u00e5ende v\u00e4tskan i tanken. GPS och mikrobrytare f\u00f6r att pausa enheten n\u00e4r traktorn stannar eller i slutet av raden. Skr\u00e4ddarsydda tankar och sprutskydd f\u00f6r ditt m\u00e4rke och modell av balpress eller en mindre kostsam tank f\u00f6r din tillverkning f\u00f6r att passa din balpress<\/p>\n\n\n\n<ul class=\"wp-block-list\">\n<li>Digital styrning<\/li>\n\n\n\n<li>Fl\u00f6desm\u00e4tare<\/li>\n\n\n\n<li>Tankniv\u00e5<\/li>\n\n\n\n<li>L\u00e5g tankniv\u00e5 pumpskydd<\/li>\n\n\n\n<li>6 liter per minut pumpkapacitet (st\u00f6rre pumpar tillg\u00e4ngliga)<\/li>\n\n\n\n<li>Valfri GPS och mikrobrytare f\u00f6r att pausa pumpen automatiskt<\/li>\n\n\n\n<li>Valfria tankstorlekar tillg\u00e4ngliga p\u00e5 beg\u00e4ran<\/li>\n<\/ul>\n\n\n\n<figure class=\"wp-block-gallery has-nested-images columns-default is-cropped wp-block-gallery-1 is-layout-flex wp-block-gallery-is-layout-flex\">\n<figure class=\"wp-block-image size-large\"><img data-recalc-dims=\"1\" loading=\"lazy\" decoding=\"async\" width=\"750\" height=\"1000\" data-attachment-id=\"1986\" data-permalink=\"https:\/\/pfc-eu.com\/sv\/digital-manual-applicator-applicator-pfc-ltd\/20210714_083149\/\" data-orig-file=\"https:\/\/i0.wp.com\/pfc-eu.com\/wp-content\/uploads\/2022\/10\/20210714_083149-rotated.jpg?fit=3024%2C4032&amp;ssl=1\" data-orig-size=\"3024,4032\" data-comments-opened=\"1\" data-image-meta=\"{&quot;aperture&quot;:&quot;1.5&quot;,&quot;credit&quot;:&quot;&quot;,&quot;camera&quot;:&quot;SM-G960F&quot;,&quot;caption&quot;:&quot;&quot;,&quot;created_timestamp&quot;:&quot;1626251509&quot;,&quot;copyright&quot;:&quot;&quot;,&quot;focal_length&quot;:&quot;4.3&quot;,&quot;iso&quot;:&quot;400&quot;,&quot;shutter_speed&quot;:&quot;0.02&quot;,&quot;title&quot;:&quot;&quot;,&quot;orientation&quot;:&quot;1&quot;}\" data-image-title=\"20210714_083149\" data-image-description=\"\" data-image-caption=\"\" data-large-file=\"https:\/\/i0.wp.com\/pfc-eu.com\/wp-content\/uploads\/2022\/10\/20210714_083149-rotated.jpg?fit=750%2C1000&amp;ssl=1\" data-id=\"1986\" src=\"https:\/\/i0.wp.com\/pfc-eu.com\/wp-content\/uploads\/2022\/10\/20210714_083149.jpg?resize=750%2C1000&#038;ssl=1\" alt=\"\" class=\"wp-image-1986\" srcset=\"https:\/\/i0.wp.com\/pfc-eu.com\/wp-content\/uploads\/2022\/10\/20210714_083149-rotated.jpg?resize=768%2C1024&amp;ssl=1 768w, https:\/\/i0.wp.com\/pfc-eu.com\/wp-content\/uploads\/2022\/10\/20210714_083149-rotated.jpg?resize=225%2C300&amp;ssl=1 225w, https:\/\/i0.wp.com\/pfc-eu.com\/wp-content\/uploads\/2022\/10\/20210714_083149-rotated.jpg?resize=1152%2C1536&amp;ssl=1 1152w, https:\/\/i0.wp.com\/pfc-eu.com\/wp-content\/uploads\/2022\/10\/20210714_083149-rotated.jpg?resize=1536%2C2048&amp;ssl=1 1536w, https:\/\/i0.wp.com\/pfc-eu.com\/wp-content\/uploads\/2022\/10\/20210714_083149-rotated.jpg?resize=9%2C12&amp;ssl=1 9w, https:\/\/i0.wp.com\/pfc-eu.com\/wp-content\/uploads\/2022\/10\/20210714_083149-rotated.jpg?resize=900%2C1200&amp;ssl=1 900w, https:\/\/i0.wp.com\/pfc-eu.com\/wp-content\/uploads\/2022\/10\/20210714_083149-rotated.jpg?resize=600%2C800&amp;ssl=1 600w, https:\/\/i0.wp.com\/pfc-eu.com\/wp-content\/uploads\/2022\/10\/20210714_083149-rotated.jpg?resize=300%2C400&amp;ssl=1 300w, https:\/\/i0.wp.com\/pfc-eu.com\/wp-content\/uploads\/2022\/10\/20210714_083149-rotated.jpg?resize=150%2C200&amp;ssl=1 150w, https:\/\/i0.wp.com\/pfc-eu.com\/wp-content\/uploads\/2022\/10\/20210714_083149-rotated.jpg?resize=1200%2C1600&amp;ssl=1 1200w, https:\/\/i0.wp.com\/pfc-eu.com\/wp-content\/uploads\/2022\/10\/20210714_083149-rotated.jpg?resize=1568%2C2091&amp;ssl=1 1568w, https:\/\/i0.wp.com\/pfc-eu.com\/wp-content\/uploads\/2022\/10\/20210714_083149-rotated.jpg?w=2250&amp;ssl=1 2250w\" sizes=\"auto, (max-width: 750px) 100vw, 750px\" \/><\/figure>\n\n\n\n<figure class=\"wp-block-image size-large\"><img data-recalc-dims=\"1\" loading=\"lazy\" decoding=\"async\" width=\"324\" height=\"482\" data-attachment-id=\"1983\" data-permalink=\"https:\/\/pfc-eu.com\/sv\/digital-manual-applicator-applicator-pfc-ltd\/setup\/\" data-orig-file=\"https:\/\/i0.wp.com\/pfc-eu.com\/wp-content\/uploads\/2022\/10\/SETUP.png?fit=324%2C482&amp;ssl=1\" data-orig-size=\"324,482\" data-comments-opened=\"1\" data-image-meta=\"{&quot;aperture&quot;:&quot;0&quot;,&quot;credit&quot;:&quot;&quot;,&quot;camera&quot;:&quot;&quot;,&quot;caption&quot;:&quot;&quot;,&quot;created_timestamp&quot;:&quot;0&quot;,&quot;copyright&quot;:&quot;&quot;,&quot;focal_length&quot;:&quot;0&quot;,&quot;iso&quot;:&quot;0&quot;,&quot;shutter_speed&quot;:&quot;0&quot;,&quot;title&quot;:&quot;&quot;,&quot;orientation&quot;:&quot;0&quot;}\" data-image-title=\"SETUP\" data-image-description=\"\" data-image-caption=\"\" data-large-file=\"https:\/\/i0.wp.com\/pfc-eu.com\/wp-content\/uploads\/2022\/10\/SETUP.png?fit=324%2C482&amp;ssl=1\" data-id=\"1983\" src=\"https:\/\/i0.wp.com\/pfc-eu.com\/wp-content\/uploads\/2022\/10\/SETUP.png?resize=324%2C482&#038;ssl=1\" alt=\"\" class=\"wp-image-1983\" srcset=\"https:\/\/i0.wp.com\/pfc-eu.com\/wp-content\/uploads\/2022\/10\/SETUP.png?w=324&amp;ssl=1 324w, https:\/\/i0.wp.com\/pfc-eu.com\/wp-content\/uploads\/2022\/10\/SETUP.png?resize=202%2C300&amp;ssl=1 202w, https:\/\/i0.wp.com\/pfc-eu.com\/wp-content\/uploads\/2022\/10\/SETUP.png?resize=8%2C12&amp;ssl=1 8w\" sizes=\"auto, (max-width: 324px) 100vw, 324px\" \/><\/figure>\n\n\n\n<figure class=\"wp-block-image size-large\"><img data-recalc-dims=\"1\" loading=\"lazy\" decoding=\"async\" width=\"320\" height=\"482\" data-attachment-id=\"1981\" data-permalink=\"https:\/\/pfc-eu.com\/sv\/digital-manual-applicator-applicator-pfc-ltd\/menu\/\" data-orig-file=\"https:\/\/i0.wp.com\/pfc-eu.com\/wp-content\/uploads\/2022\/10\/Menu.png?fit=320%2C482&amp;ssl=1\" data-orig-size=\"320,482\" data-comments-opened=\"1\" data-image-meta=\"{&quot;aperture&quot;:&quot;0&quot;,&quot;credit&quot;:&quot;&quot;,&quot;camera&quot;:&quot;&quot;,&quot;caption&quot;:&quot;&quot;,&quot;created_timestamp&quot;:&quot;0&quot;,&quot;copyright&quot;:&quot;&quot;,&quot;focal_length&quot;:&quot;0&quot;,&quot;iso&quot;:&quot;0&quot;,&quot;shutter_speed&quot;:&quot;0&quot;,&quot;title&quot;:&quot;&quot;,&quot;orientation&quot;:&quot;0&quot;}\" data-image-title=\"Menu\" data-image-description=\"\" data-image-caption=\"\" data-large-file=\"https:\/\/i0.wp.com\/pfc-eu.com\/wp-content\/uploads\/2022\/10\/Menu.png?fit=320%2C482&amp;ssl=1\" data-id=\"1981\" src=\"https:\/\/i0.wp.com\/pfc-eu.com\/wp-content\/uploads\/2022\/10\/Menu.png?resize=320%2C482&#038;ssl=1\" alt=\"\" class=\"wp-image-1981\" srcset=\"https:\/\/i0.wp.com\/pfc-eu.com\/wp-content\/uploads\/2022\/10\/Menu.png?w=320&amp;ssl=1 320w, https:\/\/i0.wp.com\/pfc-eu.com\/wp-content\/uploads\/2022\/10\/Menu.png?resize=199%2C300&amp;ssl=1 199w, https:\/\/i0.wp.com\/pfc-eu.com\/wp-content\/uploads\/2022\/10\/Menu.png?resize=8%2C12&amp;ssl=1 8w\" sizes=\"auto, (max-width: 320px) 100vw, 320px\" \/><\/figure>\n\n\n\n<figure class=\"wp-block-image size-large\"><img data-recalc-dims=\"1\" loading=\"lazy\" decoding=\"async\" width=\"320\" height=\"481\" data-attachment-id=\"1982\" data-permalink=\"https:\/\/pfc-eu.com\/sv\/digital-manual-applicator-applicator-pfc-ltd\/run-mode\/\" data-orig-file=\"https:\/\/i0.wp.com\/pfc-eu.com\/wp-content\/uploads\/2022\/10\/Run-Mode.png?fit=320%2C481&amp;ssl=1\" data-orig-size=\"320,481\" data-comments-opened=\"1\" data-image-meta=\"{&quot;aperture&quot;:&quot;0&quot;,&quot;credit&quot;:&quot;&quot;,&quot;camera&quot;:&quot;&quot;,&quot;caption&quot;:&quot;&quot;,&quot;created_timestamp&quot;:&quot;0&quot;,&quot;copyright&quot;:&quot;&quot;,&quot;focal_length&quot;:&quot;0&quot;,&quot;iso&quot;:&quot;0&quot;,&quot;shutter_speed&quot;:&quot;0&quot;,&quot;title&quot;:&quot;&quot;,&quot;orientation&quot;:&quot;0&quot;}\" data-image-title=\"Run-Mode\" data-image-description=\"\" data-image-caption=\"\" data-large-file=\"https:\/\/i0.wp.com\/pfc-eu.com\/wp-content\/uploads\/2022\/10\/Run-Mode.png?fit=320%2C481&amp;ssl=1\" data-id=\"1982\" src=\"https:\/\/i0.wp.com\/pfc-eu.com\/wp-content\/uploads\/2022\/10\/Run-Mode.png?resize=320%2C481&#038;ssl=1\" alt=\"\" class=\"wp-image-1982\" srcset=\"https:\/\/i0.wp.com\/pfc-eu.com\/wp-content\/uploads\/2022\/10\/Run-Mode.png?w=320&amp;ssl=1 320w, https:\/\/i0.wp.com\/pfc-eu.com\/wp-content\/uploads\/2022\/10\/Run-Mode.png?resize=200%2C300&amp;ssl=1 200w, https:\/\/i0.wp.com\/pfc-eu.com\/wp-content\/uploads\/2022\/10\/Run-Mode.png?resize=8%2C12&amp;ssl=1 8w\" sizes=\"auto, (max-width: 320px) 100vw, 320px\" \/><\/figure>\n\n\n\n<figure class=\"wp-block-image size-large\"><img data-recalc-dims=\"1\" loading=\"lazy\" decoding=\"async\" width=\"321\" height=\"480\" data-attachment-id=\"1980\" data-permalink=\"https:\/\/pfc-eu.com\/sv\/digital-manual-applicator-applicator-pfc-ltd\/job-record\/\" data-orig-file=\"https:\/\/i0.wp.com\/pfc-eu.com\/wp-content\/uploads\/2022\/10\/Job-Record.png?fit=321%2C480&amp;ssl=1\" data-orig-size=\"321,480\" data-comments-opened=\"1\" data-image-meta=\"{&quot;aperture&quot;:&quot;0&quot;,&quot;credit&quot;:&quot;&quot;,&quot;camera&quot;:&quot;&quot;,&quot;caption&quot;:&quot;&quot;,&quot;created_timestamp&quot;:&quot;0&quot;,&quot;copyright&quot;:&quot;&quot;,&quot;focal_length&quot;:&quot;0&quot;,&quot;iso&quot;:&quot;0&quot;,&quot;shutter_speed&quot;:&quot;0&quot;,&quot;title&quot;:&quot;&quot;,&quot;orientation&quot;:&quot;0&quot;}\" data-image-title=\"Job-Record\" data-image-description=\"\" data-image-caption=\"\" data-large-file=\"https:\/\/i0.wp.com\/pfc-eu.com\/wp-content\/uploads\/2022\/10\/Job-Record.png?fit=321%2C480&amp;ssl=1\" data-id=\"1980\" src=\"https:\/\/i0.wp.com\/pfc-eu.com\/wp-content\/uploads\/2022\/10\/Job-Record.png?resize=321%2C480&#038;ssl=1\" alt=\"\" class=\"wp-image-1980\" srcset=\"https:\/\/i0.wp.com\/pfc-eu.com\/wp-content\/uploads\/2022\/10\/Job-Record.png?w=321&amp;ssl=1 321w, https:\/\/i0.wp.com\/pfc-eu.com\/wp-content\/uploads\/2022\/10\/Job-Record.png?resize=201%2C300&amp;ssl=1 201w, https:\/\/i0.wp.com\/pfc-eu.com\/wp-content\/uploads\/2022\/10\/Job-Record.png?resize=8%2C12&amp;ssl=1 8w\" sizes=\"auto, (max-width: 321px) 100vw, 321px\" \/><\/figure>\n<\/figure>","protected":false},"excerpt":{"rendered":"<p>PFC Agri Solution-applikatorn ger tillf\u00f6rlitlig applicering med fast hastighet f\u00f6r balpressar, f\u00e4lthackar, halmvagnar och pressmaskiner. Den h\u00e4r enheten ger dig all information du beh\u00f6ver f\u00f6r att applicera korrekt. Den digitala fl\u00f6desm\u00e4taren g\u00f6r det m\u00f6jligt att st\u00e4lla in balningshastigheten i ton per timme och exakt applicering i liter per ton visas p\u00e5 den digitala displayen.<a class=\"more-link\" href=\"https:\/\/pfc-eu.com\/sv\/digital-manual-applicator-applicator-pfc-ltd\/\">Forts\u00e4tt l\u00e4sa <span class=\"screen-reader-text\">&quot;Digital manuell applikator&quot;<\/span><\/a><\/p>","protected":false},"author":192351622,"featured_media":0,"parent":0,"menu_order":0,"comment_status":"closed","ping_status":"closed","template":"","meta":{"_coblocks_attr":"","_coblocks_dimensions":"","_coblocks_responsive_height":"","_coblocks_accordion_ie_support":"","_crdt_document":"","_uag_custom_page_level_css":"","footnotes":""},"class_list":["post-1971","page","type-page","status-publish","hentry","entry"],"yoast_head":"<!-- This site is optimized with the Yoast SEO plugin v27.5 - https:\/\/yoast.com\/product\/yoast-seo-wordpress\/ -->\n<title>Digital Manual Applicator - PFC Ltd<\/title>\n<meta name=\"description\" content=\"Digital Manual Baler Applicator\" \/>\n<meta name=\"robots\" content=\"index, follow, max-snippet:-1, max-image-preview:large, max-video-preview:-1\" \/>\n<link rel=\"canonical\" href=\"https:\/\/pfc-eu.com\/sv\/digital-manual-applicator-applicator-pfc-ltd\/\" \/>\n<meta property=\"og:locale\" content=\"sv_SE\" \/>\n<meta property=\"og:type\" content=\"article\" \/>\n<meta property=\"og:title\" content=\"Digital Manual Applicator - PFC Ltd\" \/>\n<meta property=\"og:description\" content=\"Digital Manual Baler Applicator\" \/>\n<meta property=\"og:url\" content=\"https:\/\/pfc-eu.com\/sv\/digital-manual-applicator-applicator-pfc-ltd\/\" \/>\n<meta property=\"og:site_name\" content=\"PFC Ltd\" \/>\n<meta property=\"article:modified_time\" content=\"2024-03-18T11:34:31+00:00\" \/>\n<meta property=\"og:image\" content=\"https:\/\/pfc-eu.com\/wp-content\/uploads\/2022\/10\/Digitech-2-530x1024.png\" \/>\n<meta name=\"twitter:card\" content=\"summary_large_image\" \/>\n<meta name=\"twitter:label1\" content=\"Ber\u00e4knad l\u00e4stid\" \/>\n\t<meta name=\"twitter:data1\" content=\"2 minuter\" \/>\n<script type=\"application\/ld+json\" class=\"yoast-schema-graph\">{\"@context\":\"https:\\\/\\\/schema.org\",\"@graph\":[{\"@type\":\"WebPage\",\"@id\":\"https:\\\/\\\/pfc-eu.com\\\/digital-manual-applicator-applicator-pfc-ltd\\\/\",\"url\":\"https:\\\/\\\/pfc-eu.com\\\/digital-manual-applicator-applicator-pfc-ltd\\\/\",\"name\":\"Digital Manual Applicator - PFC Ltd\",\"isPartOf\":{\"@id\":\"https:\\\/\\\/pfc-eu.com\\\/#website\"},\"primaryImageOfPage\":{\"@id\":\"https:\\\/\\\/pfc-eu.com\\\/digital-manual-applicator-applicator-pfc-ltd\\\/#primaryimage\"},\"image\":{\"@id\":\"https:\\\/\\\/pfc-eu.com\\\/digital-manual-applicator-applicator-pfc-ltd\\\/#primaryimage\"},\"thumbnailUrl\":\"https:\\\/\\\/pfc-eu.com\\\/wp-content\\\/uploads\\\/2022\\\/10\\\/Digitech-2-530x1024.png\",\"datePublished\":\"2022-10-05T11:03:08+00:00\",\"dateModified\":\"2024-03-18T11:34:31+00:00\",\"description\":\"Digital Manual Baler Applicator\",\"breadcrumb\":{\"@id\":\"https:\\\/\\\/pfc-eu.com\\\/digital-manual-applicator-applicator-pfc-ltd\\\/#breadcrumb\"},\"inLanguage\":\"sv-SE\",\"potentialAction\":[{\"@type\":\"ReadAction\",\"target\":[\"https:\\\/\\\/pfc-eu.com\\\/digital-manual-applicator-applicator-pfc-ltd\\\/\"]}]},{\"@type\":\"ImageObject\",\"inLanguage\":\"sv-SE\",\"@id\":\"https:\\\/\\\/pfc-eu.com\\\/digital-manual-applicator-applicator-pfc-ltd\\\/#primaryimage\",\"url\":\"https:\\\/\\\/pfc-eu.com\\\/wp-content\\\/uploads\\\/2022\\\/10\\\/Digitech-2-530x1024.png\",\"contentUrl\":\"https:\\\/\\\/pfc-eu.com\\\/wp-content\\\/uploads\\\/2022\\\/10\\\/Digitech-2-530x1024.png\"},{\"@type\":\"BreadcrumbList\",\"@id\":\"https:\\\/\\\/pfc-eu.com\\\/digital-manual-applicator-applicator-pfc-ltd\\\/#breadcrumb\",\"itemListElement\":[{\"@type\":\"ListItem\",\"position\":1,\"name\":\"Home\",\"item\":\"https:\\\/\\\/pfc-eu.com\\\/\"},{\"@type\":\"ListItem\",\"position\":2,\"name\":\"Digital Manual Applicator\"}]},{\"@type\":\"WebSite\",\"@id\":\"https:\\\/\\\/pfc-eu.com\\\/#website\",\"url\":\"https:\\\/\\\/pfc-eu.com\\\/\",\"name\":\"PFC Ltd\",\"description\":\"Precision, Quality, Service\",\"publisher\":{\"@id\":\"https:\\\/\\\/pfc-eu.com\\\/#organization\"},\"potentialAction\":[{\"@type\":\"SearchAction\",\"target\":{\"@type\":\"EntryPoint\",\"urlTemplate\":\"https:\\\/\\\/pfc-eu.com\\\/?s={search_term_string}\"},\"query-input\":{\"@type\":\"PropertyValueSpecification\",\"valueRequired\":true,\"valueName\":\"search_term_string\"}}],\"inLanguage\":\"sv-SE\"},{\"@type\":\"Organization\",\"@id\":\"https:\\\/\\\/pfc-eu.com\\\/#organization\",\"name\":\"PFC Ltd\",\"url\":\"https:\\\/\\\/pfc-eu.com\\\/\",\"logo\":{\"@type\":\"ImageObject\",\"inLanguage\":\"sv-SE\",\"@id\":\"https:\\\/\\\/pfc-eu.com\\\/#\\\/schema\\\/logo\\\/image\\\/\",\"url\":\"https:\\\/\\\/i0.wp.com\\\/pfc-eu.com\\\/wp-content\\\/uploads\\\/2022\\\/09\\\/cropped-cropped-pfc-agri-solutions-no-background-resized.png?fit=500%2C95&ssl=1\",\"contentUrl\":\"https:\\\/\\\/i0.wp.com\\\/pfc-eu.com\\\/wp-content\\\/uploads\\\/2022\\\/09\\\/cropped-cropped-pfc-agri-solutions-no-background-resized.png?fit=500%2C95&ssl=1\",\"width\":500,\"height\":95,\"caption\":\"PFC Ltd\"},\"image\":{\"@id\":\"https:\\\/\\\/pfc-eu.com\\\/#\\\/schema\\\/logo\\\/image\\\/\"}}]}<\/script>\n<!-- \/ Yoast SEO plugin. -->","yoast_head_json":{"title":"Digital Manual Applicator - PFC Ltd","description":"Digital Manual Baler Applicator","robots":{"index":"index","follow":"follow","max-snippet":"max-snippet:-1","max-image-preview":"max-image-preview:large","max-video-preview":"max-video-preview:-1"},"canonical":"https:\/\/pfc-eu.com\/sv\/digital-manual-applicator-applicator-pfc-ltd\/","og_locale":"sv_SE","og_type":"article","og_title":"Digital Manual Applicator - PFC Ltd","og_description":"Digital Manual Baler Applicator","og_url":"https:\/\/pfc-eu.com\/sv\/digital-manual-applicator-applicator-pfc-ltd\/","og_site_name":"PFC Ltd","article_modified_time":"2024-03-18T11:34:31+00:00","og_image":[{"url":"https:\/\/pfc-eu.com\/wp-content\/uploads\/2022\/10\/Digitech-2-530x1024.png","type":"","width":"","height":""}],"twitter_card":"summary_large_image","twitter_misc":{"Ber\u00e4knad l\u00e4stid":"2 minuter"},"schema":{"@context":"https:\/\/schema.org","@graph":[{"@type":"WebPage","@id":"https:\/\/pfc-eu.com\/digital-manual-applicator-applicator-pfc-ltd\/","url":"https:\/\/pfc-eu.com\/digital-manual-applicator-applicator-pfc-ltd\/","name":"Digital Manual Applicator - PFC Ltd","isPartOf":{"@id":"https:\/\/pfc-eu.com\/#website"},"primaryImageOfPage":{"@id":"https:\/\/pfc-eu.com\/digital-manual-applicator-applicator-pfc-ltd\/#primaryimage"},"image":{"@id":"https:\/\/pfc-eu.com\/digital-manual-applicator-applicator-pfc-ltd\/#primaryimage"},"thumbnailUrl":"https:\/\/pfc-eu.com\/wp-content\/uploads\/2022\/10\/Digitech-2-530x1024.png","datePublished":"2022-10-05T11:03:08+00:00","dateModified":"2024-03-18T11:34:31+00:00","description":"Digital Manual Baler Applicator","breadcrumb":{"@id":"https:\/\/pfc-eu.com\/digital-manual-applicator-applicator-pfc-ltd\/#breadcrumb"},"inLanguage":"sv-SE","potentialAction":[{"@type":"ReadAction","target":["https:\/\/pfc-eu.com\/digital-manual-applicator-applicator-pfc-ltd\/"]}]},{"@type":"ImageObject","inLanguage":"sv-SE","@id":"https:\/\/pfc-eu.com\/digital-manual-applicator-applicator-pfc-ltd\/#primaryimage","url":"https:\/\/pfc-eu.com\/wp-content\/uploads\/2022\/10\/Digitech-2-530x1024.png","contentUrl":"https:\/\/pfc-eu.com\/wp-content\/uploads\/2022\/10\/Digitech-2-530x1024.png"},{"@type":"BreadcrumbList","@id":"https:\/\/pfc-eu.com\/digital-manual-applicator-applicator-pfc-ltd\/#breadcrumb","itemListElement":[{"@type":"ListItem","position":1,"name":"Home","item":"https:\/\/pfc-eu.com\/"},{"@type":"ListItem","position":2,"name":"Digital Manual Applicator"}]},{"@type":"WebSite","@id":"https:\/\/pfc-eu.com\/#website","url":"https:\/\/pfc-eu.com\/","name":"PFC Ltd","description":"Precision, kvalitet, service","publisher":{"@id":"https:\/\/pfc-eu.com\/#organization"},"potentialAction":[{"@type":"SearchAction","target":{"@type":"EntryPoint","urlTemplate":"https:\/\/pfc-eu.com\/?s={search_term_string}"},"query-input":{"@type":"PropertyValueSpecification","valueRequired":true,"valueName":"search_term_string"}}],"inLanguage":"sv-SE"},{"@type":"Organization","@id":"https:\/\/pfc-eu.com\/#organization","name":"PFC Ltd","url":"https:\/\/pfc-eu.com\/","logo":{"@type":"ImageObject","inLanguage":"sv-SE","@id":"https:\/\/pfc-eu.com\/#\/schema\/logo\/image\/","url":"https:\/\/i0.wp.com\/pfc-eu.com\/wp-content\/uploads\/2022\/09\/cropped-cropped-pfc-agri-solutions-no-background-resized.png?fit=500%2C95&ssl=1","contentUrl":"https:\/\/i0.wp.com\/pfc-eu.com\/wp-content\/uploads\/2022\/09\/cropped-cropped-pfc-agri-solutions-no-background-resized.png?fit=500%2C95&ssl=1","width":500,"height":95,"caption":"PFC Ltd"},"image":{"@id":"https:\/\/pfc-eu.com\/#\/schema\/logo\/image\/"}}]}},"uagb_featured_image_src":{"full":false,"thumbnail":false,"medium":false,"medium_large":false,"large":false,"1536x1536":false,"2048x2048":false,"trp-custom-language-flag":false,"newspack-article-block-landscape-large":false,"newspack-article-block-portrait-large":false,"newspack-article-block-square-large":false,"newspack-article-block-landscape-medium":false,"newspack-article-block-portrait-medium":false,"newspack-article-block-square-medium":false,"newspack-article-block-landscape-intermediate":false,"newspack-article-block-portrait-intermediate":false,"newspack-article-block-square-intermediate":false,"newspack-article-block-landscape-small":false,"newspack-article-block-portrait-small":false,"newspack-article-block-square-small":false,"newspack-article-block-landscape-tiny":false,"newspack-article-block-portrait-tiny":false,"newspack-article-block-square-tiny":false,"newspack-article-block-uncropped":false,"post-thumbnail":false},"uagb_author_info":{"display_name":"richard","author_link":"https:\/\/pfc-eu.com\/sv\/author\/richard\/"},"uagb_comment_info":0,"uagb_excerpt":"The PFC Agri Solution applicator provides reliable fixed rate application for balers, forage harvesters, forage wagons and crimping machines This unit gives you all the information you require to apply accurately, digital flowmeter, that allows setting to tonnes per hour baling speed and accurate litres per tonne application shown on the digital display and theForts\u00e4tt&hellip;","jetpack_likes_enabled":true,"jetpack_sharing_enabled":true,"jetpack_shortlink":"https:\/\/wp.me\/Pck1DT-vN","jetpack-related-posts":[],"_links":{"self":[{"href":"https:\/\/pfc-eu.com\/sv\/wp-json\/wp\/v2\/pages\/1971","targetHints":{"allow":["GET"]}}],"collection":[{"href":"https:\/\/pfc-eu.com\/sv\/wp-json\/wp\/v2\/pages"}],"about":[{"href":"https:\/\/pfc-eu.com\/sv\/wp-json\/wp\/v2\/types\/page"}],"author":[{"embeddable":true,"href":"https:\/\/pfc-eu.com\/sv\/wp-json\/wp\/v2\/users\/192351622"}],"replies":[{"embeddable":true,"href":"https:\/\/pfc-eu.com\/sv\/wp-json\/wp\/v2\/comments?post=1971"}],"version-history":[{"count":11,"href":"https:\/\/pfc-eu.com\/sv\/wp-json\/wp\/v2\/pages\/1971\/revisions"}],"predecessor-version":[{"id":3580,"href":"https:\/\/pfc-eu.com\/sv\/wp-json\/wp\/v2\/pages\/1971\/revisions\/3580"}],"wp:attachment":[{"href":"https:\/\/pfc-eu.com\/sv\/wp-json\/wp\/v2\/media?parent=1971"}],"curies":[{"name":"wp","href":"https:\/\/api.w.org\/{rel}","templated":true}]}}