{"id":1592,"date":"2020-10-08T08:26:37","date_gmt":"2020-10-08T07:26:37","guid":{"rendered":"https:\/\/pfc-eu.com\/?page_id=1592"},"modified":"2024-03-15T12:23:39","modified_gmt":"2024-03-15T12:23:39","slug":"hayboss-mf-bale-management","status":"publish","type":"page","link":"https:\/\/pfc-eu.com\/sv\/hayboss-mf-bale-management\/","title":{"rendered":"PFC Agri Solutions MF Balhantering"},"content":{"rendered":"<div class=\"wp-block-media-text alignwide is-image-fill is-stacked-on-mobile\"><figure class=\"wp-block-media-text__media\" style=\"background-image:url(https:\/\/pfc-eu.com\/wp-content\/uploads\/2020\/10\/20140828_125840.jpg?w=1024);background-position:50% 50%\"><img data-recalc-dims=\"1\" loading=\"lazy\" decoding=\"async\" width=\"750\" height=\"563\" data-attachment-id=\"1191\" data-permalink=\"https:\/\/pfc-eu.com\/sv\/20140828_125840-2\/\" data-orig-file=\"https:\/\/i0.wp.com\/pfc-eu.com\/wp-content\/uploads\/2020\/10\/20140828_125840.jpg?fit=4128%2C3096&amp;ssl=1\" data-orig-size=\"4128,3096\" data-comments-opened=\"1\" data-image-meta=\"{&quot;aperture&quot;:&quot;2.2&quot;,&quot;credit&quot;:&quot;&quot;,&quot;camera&quot;:&quot;GT-I9505&quot;,&quot;caption&quot;:&quot;&quot;,&quot;created_timestamp&quot;:&quot;1409230719&quot;,&quot;copyright&quot;:&quot;&quot;,&quot;focal_length&quot;:&quot;4.2&quot;,&quot;iso&quot;:&quot;50&quot;,&quot;shutter_speed&quot;:&quot;0.00056179775280899&quot;,&quot;title&quot;:&quot;&quot;,&quot;orientation&quot;:&quot;1&quot;}\" data-image-title=\"20140828_125840\" data-image-description=\"\" data-image-caption=\"\" data-large-file=\"https:\/\/i0.wp.com\/pfc-eu.com\/wp-content\/uploads\/2020\/10\/20140828_125840.jpg?fit=750%2C563&amp;ssl=1\" src=\"https:\/\/i0.wp.com\/pfc-eu.com\/wp-content\/uploads\/2020\/10\/20140828_125840.jpg?resize=750%2C563&#038;ssl=1\" alt=\"\" class=\"wp-image-1191 size-full\"\/><\/figure><div class=\"wp-block-media-text__content\">\n<p class=\"has-large-font-size wp-block-paragraph\">V\u00e5tbalsmark\u00f6ren framh\u00e4ver en bal med en r\u00f6d eller bl\u00e5 f\u00e4rg. V\u00e5tbalsmark\u00f6ren \u00e4r direkt kopplad till fuktsensorn eller det automatiska applikatorsystemet. Munstycken f\u00f6r balmark\u00f6ren kan monteras p\u00e5 olika platser beroende p\u00e5 balpressens specifikationer. <\/p>\n\n\n\n<p class=\"has-large-font-size wp-block-paragraph\">Att lyfta fram balar med h\u00f6g fuktighet g\u00f6r det m\u00f6jligt f\u00f6r operat\u00f6ren att endast sortera och lagra balar inom sitt f\u00f6redragna fuktomr\u00e5de. Alla de m\u00e4rkta balarna kan f\u00f6rvaras separat eftersom kvaliteten p\u00e5 dessa m\u00e4rkta f\u00f6rs\u00e4mras. Att f\u00f6rvara markerade balar separat kommer att f\u00f6rhindra att dessa balar skadar de nedre fuktgruppsbalarna.<\/p>\n<\/div><\/div>\n\n\n\n<div class=\"wp-block-media-text alignwide is-image-fill is-stacked-on-mobile\"><figure class=\"wp-block-media-text__media\" style=\"background-image:url(https:\/\/pfc-eu.com\/wp-content\/uploads\/2020\/10\/h2o.jpg?w=348);background-position:50% 50%\"><img data-recalc-dims=\"1\" loading=\"lazy\" decoding=\"async\" width=\"348\" height=\"265\" data-attachment-id=\"1196\" data-permalink=\"https:\/\/pfc-eu.com\/sv\/h2o\/\" data-orig-file=\"https:\/\/i0.wp.com\/pfc-eu.com\/wp-content\/uploads\/2020\/10\/h2o.jpg?fit=348%2C265&amp;ssl=1\" data-orig-size=\"348,265\" data-comments-opened=\"1\" data-image-meta=\"{&quot;aperture&quot;:&quot;0&quot;,&quot;credit&quot;:&quot;&quot;,&quot;camera&quot;:&quot;&quot;,&quot;caption&quot;:&quot;&quot;,&quot;created_timestamp&quot;:&quot;0&quot;,&quot;copyright&quot;:&quot;&quot;,&quot;focal_length&quot;:&quot;0&quot;,&quot;iso&quot;:&quot;0&quot;,&quot;shutter_speed&quot;:&quot;0&quot;,&quot;title&quot;:&quot;&quot;,&quot;orientation&quot;:&quot;0&quot;}\" data-image-title=\"h2o\" data-image-description=\"\" data-image-caption=\"\" data-large-file=\"https:\/\/i0.wp.com\/pfc-eu.com\/wp-content\/uploads\/2020\/10\/h2o.jpg?fit=348%2C265&amp;ssl=1\" src=\"https:\/\/i0.wp.com\/pfc-eu.com\/wp-content\/uploads\/2020\/10\/h2o.jpg?resize=348%2C265&#038;ssl=1\" alt=\"\" class=\"wp-image-1196 size-full\"\/><\/figure><div class=\"wp-block-media-text__content\">\n<p class=\"has-large-font-size wp-block-paragraph\">Om obehandlade h\u00f6gfuktiga balar f\u00f6rvaras med torra balar som normalt skulle anses s\u00e4kra kommer de att g\u00f6ra att de f\u00f6redragna fuktbalarna ocks\u00e5 f\u00f6rst\u00f6rs, p\u00e5 grund av att fukten utj\u00e4mnas i stapeln. Balmark\u00f6ren \u00e4r ett enkelt s\u00e4tt att h\u00e5lla o\u00f6nskad, obehandlad fukt fr\u00e5n stapeln och hj\u00e4lper operat\u00f6ren att maximera avkastningen fr\u00e5n foder- och halmbalar av god kvalitet. Munstycken f\u00f6r balmark\u00f6ren kan monteras p\u00e5 olika platser beroende p\u00e5 balpressens specifikationer<\/p>\n<\/div><\/div>\n\n\n\n<figure class=\"wp-block-image size-large is-resized\"><a href=\"\/sv\/select-mf-machine\/\"><img data-recalc-dims=\"1\" loading=\"lazy\" decoding=\"async\" width=\"336\" height=\"338\" data-attachment-id=\"1340\" data-permalink=\"https:\/\/pfc-eu.com\/sv\/moisture-nozzle-icon-button-3\/\" data-orig-file=\"https:\/\/i0.wp.com\/pfc-eu.com\/wp-content\/uploads\/2020\/10\/moisture-nozzle-icon-button.png?fit=336%2C338&amp;ssl=1\" data-orig-size=\"336,338\" data-comments-opened=\"1\" data-image-meta=\"{&quot;aperture&quot;:&quot;0&quot;,&quot;credit&quot;:&quot;&quot;,&quot;camera&quot;:&quot;&quot;,&quot;caption&quot;:&quot;&quot;,&quot;created_timestamp&quot;:&quot;0&quot;,&quot;copyright&quot;:&quot;&quot;,&quot;focal_length&quot;:&quot;0&quot;,&quot;iso&quot;:&quot;0&quot;,&quot;shutter_speed&quot;:&quot;0&quot;,&quot;title&quot;:&quot;&quot;,&quot;orientation&quot;:&quot;0&quot;}\" data-image-title=\"moisture-nozzle-icon-button\" data-image-description=\"\" data-image-caption=\"\" data-large-file=\"https:\/\/i0.wp.com\/pfc-eu.com\/wp-content\/uploads\/2020\/10\/moisture-nozzle-icon-button.png?fit=336%2C338&amp;ssl=1\" src=\"https:\/\/i0.wp.com\/pfc-eu.com\/wp-content\/uploads\/2020\/10\/moisture-nozzle-icon-button.png?resize=336%2C338&#038;ssl=1\" alt=\"\" class=\"wp-image-1340\"\/><\/a><figcaption class=\"wp-element-caption\">Val av balpress<\/figcaption><\/figure>\n\n\n\n<p class=\"wp-block-paragraph\"><\/p>","protected":false},"excerpt":{"rendered":"<p>V\u00e5tbalsmark\u00f6ren markerar en bal med en r\u00f6d eller bl\u00e5 f\u00e4rg. V\u00e5tbalsmark\u00f6ren \u00e4r direkt kopplad till fuktsensorn eller det automatiska applikatorsystemet. Munstycken f\u00f6r balmark\u00f6ren kan monteras p\u00e5 olika platser beroende p\u00e5 balpressens specifikation. Genom att markera balar med h\u00f6g fukthalt kan f\u00f6raren sortera och lagra endast<a class=\"more-link\" href=\"https:\/\/pfc-eu.com\/sv\/hayboss-mf-bale-management\/\">Forts\u00e4tt l\u00e4sa <span class=\"screen-reader-text\">&#8220;PFC Agri Solutions MF Bale Management&#8221;<\/span><\/a><\/p>","protected":false},"author":192351622,"featured_media":0,"parent":0,"menu_order":0,"comment_status":"closed","ping_status":"closed","template":"","meta":{"_coblocks_attr":"","_coblocks_dimensions":"","_coblocks_responsive_height":"","_coblocks_accordion_ie_support":"","_crdt_document":"","_uag_custom_page_level_css":"","footnotes":""},"class_list":["post-1592","page","type-page","status-publish","hentry","entry"],"yoast_head":"<!-- This site is optimized with the Yoast SEO plugin v27.5 - https:\/\/yoast.com\/product\/yoast-seo-wordpress\/ -->\n<title>PFC Agri Solutions MF Bale Management - PFC Ltd<\/title>\n<meta name=\"description\" content=\"high moisture hay\" \/>\n<meta name=\"robots\" content=\"index, follow, max-snippet:-1, max-image-preview:large, max-video-preview:-1\" \/>\n<link rel=\"canonical\" href=\"https:\/\/pfc-eu.com\/sv\/hayboss-mf-bale-management\/\" \/>\n<meta property=\"og:locale\" content=\"sv_SE\" \/>\n<meta property=\"og:type\" content=\"article\" \/>\n<meta property=\"og:title\" content=\"PFC Agri Solutions MF Bale Management - PFC Ltd\" \/>\n<meta property=\"og:description\" content=\"high moisture hay\" \/>\n<meta property=\"og:url\" content=\"https:\/\/pfc-eu.com\/sv\/hayboss-mf-bale-management\/\" \/>\n<meta property=\"og:site_name\" content=\"PFC Ltd\" \/>\n<meta property=\"article:modified_time\" content=\"2024-03-15T12:23:39+00:00\" \/>\n<meta property=\"og:image\" content=\"https:\/\/pfc-eu.com\/wp-content\/uploads\/2020\/10\/20140828_125840.jpg?w=1024\" \/>\n<meta name=\"twitter:card\" content=\"summary_large_image\" \/>\n<meta name=\"twitter:label1\" content=\"Ber\u00e4knad l\u00e4stid\" \/>\n\t<meta name=\"twitter:data1\" content=\"2 minuter\" \/>\n<script type=\"application\/ld+json\" class=\"yoast-schema-graph\">{\"@context\":\"https:\\\/\\\/schema.org\",\"@graph\":[{\"@type\":\"WebPage\",\"@id\":\"https:\\\/\\\/pfc-eu.com\\\/hayboss-mf-bale-management\\\/\",\"url\":\"https:\\\/\\\/pfc-eu.com\\\/hayboss-mf-bale-management\\\/\",\"name\":\"PFC Agri Solutions MF Bale Management - PFC Ltd\",\"isPartOf\":{\"@id\":\"https:\\\/\\\/pfc-eu.com\\\/#website\"},\"primaryImageOfPage\":{\"@id\":\"https:\\\/\\\/pfc-eu.com\\\/hayboss-mf-bale-management\\\/#primaryimage\"},\"image\":{\"@id\":\"https:\\\/\\\/pfc-eu.com\\\/hayboss-mf-bale-management\\\/#primaryimage\"},\"thumbnailUrl\":\"https:\\\/\\\/pfc-eu.com\\\/wp-content\\\/uploads\\\/2020\\\/10\\\/20140828_125840.jpg?w=1024\",\"datePublished\":\"2020-10-08T07:26:37+00:00\",\"dateModified\":\"2024-03-15T12:23:39+00:00\",\"description\":\"high moisture hay\",\"breadcrumb\":{\"@id\":\"https:\\\/\\\/pfc-eu.com\\\/hayboss-mf-bale-management\\\/#breadcrumb\"},\"inLanguage\":\"sv-SE\",\"potentialAction\":[{\"@type\":\"ReadAction\",\"target\":[\"https:\\\/\\\/pfc-eu.com\\\/hayboss-mf-bale-management\\\/\"]}]},{\"@type\":\"ImageObject\",\"inLanguage\":\"sv-SE\",\"@id\":\"https:\\\/\\\/pfc-eu.com\\\/hayboss-mf-bale-management\\\/#primaryimage\",\"url\":\"https:\\\/\\\/pfc-eu.com\\\/wp-content\\\/uploads\\\/2020\\\/10\\\/20140828_125840.jpg?w=1024\",\"contentUrl\":\"https:\\\/\\\/pfc-eu.com\\\/wp-content\\\/uploads\\\/2020\\\/10\\\/20140828_125840.jpg?w=1024\"},{\"@type\":\"BreadcrumbList\",\"@id\":\"https:\\\/\\\/pfc-eu.com\\\/hayboss-mf-bale-management\\\/#breadcrumb\",\"itemListElement\":[{\"@type\":\"ListItem\",\"position\":1,\"name\":\"Home\",\"item\":\"https:\\\/\\\/pfc-eu.com\\\/\"},{\"@type\":\"ListItem\",\"position\":2,\"name\":\"PFC Agri Solutions MF Bale Management\"}]},{\"@type\":\"WebSite\",\"@id\":\"https:\\\/\\\/pfc-eu.com\\\/#website\",\"url\":\"https:\\\/\\\/pfc-eu.com\\\/\",\"name\":\"PFC Ltd\",\"description\":\"Precision, Quality, Service\",\"publisher\":{\"@id\":\"https:\\\/\\\/pfc-eu.com\\\/#organization\"},\"potentialAction\":[{\"@type\":\"SearchAction\",\"target\":{\"@type\":\"EntryPoint\",\"urlTemplate\":\"https:\\\/\\\/pfc-eu.com\\\/?s={search_term_string}\"},\"query-input\":{\"@type\":\"PropertyValueSpecification\",\"valueRequired\":true,\"valueName\":\"search_term_string\"}}],\"inLanguage\":\"sv-SE\"},{\"@type\":\"Organization\",\"@id\":\"https:\\\/\\\/pfc-eu.com\\\/#organization\",\"name\":\"PFC Ltd\",\"url\":\"https:\\\/\\\/pfc-eu.com\\\/\",\"logo\":{\"@type\":\"ImageObject\",\"inLanguage\":\"sv-SE\",\"@id\":\"https:\\\/\\\/pfc-eu.com\\\/#\\\/schema\\\/logo\\\/image\\\/\",\"url\":\"https:\\\/\\\/i0.wp.com\\\/pfc-eu.com\\\/wp-content\\\/uploads\\\/2022\\\/09\\\/cropped-cropped-pfc-agri-solutions-no-background-resized.png?fit=500%2C95&ssl=1\",\"contentUrl\":\"https:\\\/\\\/i0.wp.com\\\/pfc-eu.com\\\/wp-content\\\/uploads\\\/2022\\\/09\\\/cropped-cropped-pfc-agri-solutions-no-background-resized.png?fit=500%2C95&ssl=1\",\"width\":500,\"height\":95,\"caption\":\"PFC Ltd\"},\"image\":{\"@id\":\"https:\\\/\\\/pfc-eu.com\\\/#\\\/schema\\\/logo\\\/image\\\/\"}}]}<\/script>\n<!-- \/ Yoast SEO plugin. -->","yoast_head_json":{"title":"PFC Agri Solutions MF Bale Management - PFC Ltd","description":"high moisture hay","robots":{"index":"index","follow":"follow","max-snippet":"max-snippet:-1","max-image-preview":"max-image-preview:large","max-video-preview":"max-video-preview:-1"},"canonical":"https:\/\/pfc-eu.com\/sv\/hayboss-mf-bale-management\/","og_locale":"sv_SE","og_type":"article","og_title":"PFC Agri Solutions MF Bale Management - PFC Ltd","og_description":"high moisture hay","og_url":"https:\/\/pfc-eu.com\/sv\/hayboss-mf-bale-management\/","og_site_name":"PFC Ltd","article_modified_time":"2024-03-15T12:23:39+00:00","og_image":[{"url":"https:\/\/pfc-eu.com\/wp-content\/uploads\/2020\/10\/20140828_125840.jpg?w=1024","type":"","width":"","height":""}],"twitter_card":"summary_large_image","twitter_misc":{"Ber\u00e4knad l\u00e4stid":"2 minuter"},"schema":{"@context":"https:\/\/schema.org","@graph":[{"@type":"WebPage","@id":"https:\/\/pfc-eu.com\/hayboss-mf-bale-management\/","url":"https:\/\/pfc-eu.com\/hayboss-mf-bale-management\/","name":"PFC Agri Solutions MF Bale Management - PFC Ltd","isPartOf":{"@id":"https:\/\/pfc-eu.com\/#website"},"primaryImageOfPage":{"@id":"https:\/\/pfc-eu.com\/hayboss-mf-bale-management\/#primaryimage"},"image":{"@id":"https:\/\/pfc-eu.com\/hayboss-mf-bale-management\/#primaryimage"},"thumbnailUrl":"https:\/\/pfc-eu.com\/wp-content\/uploads\/2020\/10\/20140828_125840.jpg?w=1024","datePublished":"2020-10-08T07:26:37+00:00","dateModified":"2024-03-15T12:23:39+00:00","description":"high moisture hay","breadcrumb":{"@id":"https:\/\/pfc-eu.com\/hayboss-mf-bale-management\/#breadcrumb"},"inLanguage":"sv-SE","potentialAction":[{"@type":"ReadAction","target":["https:\/\/pfc-eu.com\/hayboss-mf-bale-management\/"]}]},{"@type":"ImageObject","inLanguage":"sv-SE","@id":"https:\/\/pfc-eu.com\/hayboss-mf-bale-management\/#primaryimage","url":"https:\/\/pfc-eu.com\/wp-content\/uploads\/2020\/10\/20140828_125840.jpg?w=1024","contentUrl":"https:\/\/pfc-eu.com\/wp-content\/uploads\/2020\/10\/20140828_125840.jpg?w=1024"},{"@type":"BreadcrumbList","@id":"https:\/\/pfc-eu.com\/hayboss-mf-bale-management\/#breadcrumb","itemListElement":[{"@type":"ListItem","position":1,"name":"Home","item":"https:\/\/pfc-eu.com\/"},{"@type":"ListItem","position":2,"name":"PFC Agri Solutions MF Bale Management"}]},{"@type":"WebSite","@id":"https:\/\/pfc-eu.com\/#website","url":"https:\/\/pfc-eu.com\/","name":"PFC Ltd","description":"Precision, kvalitet, service","publisher":{"@id":"https:\/\/pfc-eu.com\/#organization"},"potentialAction":[{"@type":"SearchAction","target":{"@type":"EntryPoint","urlTemplate":"https:\/\/pfc-eu.com\/?s={search_term_string}"},"query-input":{"@type":"PropertyValueSpecification","valueRequired":true,"valueName":"search_term_string"}}],"inLanguage":"sv-SE"},{"@type":"Organization","@id":"https:\/\/pfc-eu.com\/#organization","name":"PFC Ltd","url":"https:\/\/pfc-eu.com\/","logo":{"@type":"ImageObject","inLanguage":"sv-SE","@id":"https:\/\/pfc-eu.com\/#\/schema\/logo\/image\/","url":"https:\/\/i0.wp.com\/pfc-eu.com\/wp-content\/uploads\/2022\/09\/cropped-cropped-pfc-agri-solutions-no-background-resized.png?fit=500%2C95&ssl=1","contentUrl":"https:\/\/i0.wp.com\/pfc-eu.com\/wp-content\/uploads\/2022\/09\/cropped-cropped-pfc-agri-solutions-no-background-resized.png?fit=500%2C95&ssl=1","width":500,"height":95,"caption":"PFC Ltd"},"image":{"@id":"https:\/\/pfc-eu.com\/#\/schema\/logo\/image\/"}}]}},"uagb_featured_image_src":{"full":false,"thumbnail":false,"medium":false,"medium_large":false,"large":false,"1536x1536":false,"2048x2048":false,"trp-custom-language-flag":false,"newspack-article-block-landscape-large":false,"newspack-article-block-portrait-large":false,"newspack-article-block-square-large":false,"newspack-article-block-landscape-medium":false,"newspack-article-block-portrait-medium":false,"newspack-article-block-square-medium":false,"newspack-article-block-landscape-intermediate":false,"newspack-article-block-portrait-intermediate":false,"newspack-article-block-square-intermediate":false,"newspack-article-block-landscape-small":false,"newspack-article-block-portrait-small":false,"newspack-article-block-square-small":false,"newspack-article-block-landscape-tiny":false,"newspack-article-block-portrait-tiny":false,"newspack-article-block-square-tiny":false,"newspack-article-block-uncropped":false,"post-thumbnail":false},"uagb_author_info":{"display_name":"richard","author_link":"https:\/\/pfc-eu.com\/sv\/author\/richard\/"},"uagb_comment_info":0,"uagb_excerpt":"The Wet bale marker highlights a bale with a red or blue colour. The wet bale marker is directly linked to the moisture sensor or automatic applicator system. Nozzles for the bale marker can be mounted in various locations depending on baler specification. Highlighting high moisture bales allows the operator to sort and store onlyForts\u00e4tt&hellip;","jetpack_likes_enabled":true,"jetpack_sharing_enabled":true,"jetpack_shortlink":"https:\/\/wp.me\/Pck1DT-pG","jetpack-related-posts":[],"_links":{"self":[{"href":"https:\/\/pfc-eu.com\/sv\/wp-json\/wp\/v2\/pages\/1592","targetHints":{"allow":["GET"]}}],"collection":[{"href":"https:\/\/pfc-eu.com\/sv\/wp-json\/wp\/v2\/pages"}],"about":[{"href":"https:\/\/pfc-eu.com\/sv\/wp-json\/wp\/v2\/types\/page"}],"author":[{"embeddable":true,"href":"https:\/\/pfc-eu.com\/sv\/wp-json\/wp\/v2\/users\/192351622"}],"replies":[{"embeddable":true,"href":"https:\/\/pfc-eu.com\/sv\/wp-json\/wp\/v2\/comments?post=1592"}],"version-history":[{"count":4,"href":"https:\/\/pfc-eu.com\/sv\/wp-json\/wp\/v2\/pages\/1592\/revisions"}],"predecessor-version":[{"id":3573,"href":"https:\/\/pfc-eu.com\/sv\/wp-json\/wp\/v2\/pages\/1592\/revisions\/3573"}],"wp:attachment":[{"href":"https:\/\/pfc-eu.com\/sv\/wp-json\/wp\/v2\/media?parent=1592"}],"curies":[{"name":"wp","href":"https:\/\/api.w.org\/{rel}","templated":true}]}}