{"id":1559,"date":"2020-10-07T17:59:36","date_gmt":"2020-10-07T16:59:36","guid":{"rendered":"https:\/\/pfc-eu.com\/?page_id=1559"},"modified":"2024-03-13T15:59:11","modified_gmt":"2024-03-13T15:59:11","slug":"hayboss-massey-ferguson-h2o-moisture-sensor","status":"publish","type":"page","link":"https:\/\/pfc-eu.com\/sv\/hayboss-massey-ferguson-h2o-moisture-sensor\/","title":{"rendered":"PFC Agri Solutions MF RB H2O fuktsensor"},"content":{"rendered":"<div class=\"wp-block-media-text alignwide is-stacked-on-mobile is-image-fill\"><figure class=\"wp-block-media-text__media\" style=\"background-image:url(https:\/\/pfc-eu.com\/wp-content\/uploads\/2020\/10\/moisture-discs.jpg?w=750);background-position:50% 50%\"><img data-recalc-dims=\"1\" loading=\"lazy\" decoding=\"async\" width=\"750\" height=\"422\" data-attachment-id=\"1350\" data-permalink=\"https:\/\/pfc-eu.com\/sv\/moisture-discs\/\" data-orig-file=\"https:\/\/i0.wp.com\/pfc-eu.com\/wp-content\/uploads\/2020\/10\/moisture-discs.jpg?fit=4032%2C2268&amp;ssl=1\" data-orig-size=\"4032,2268\" data-comments-opened=\"1\" data-image-meta=\"{&quot;aperture&quot;:&quot;0&quot;,&quot;credit&quot;:&quot;&quot;,&quot;camera&quot;:&quot;&quot;,&quot;caption&quot;:&quot;&quot;,&quot;created_timestamp&quot;:&quot;0&quot;,&quot;copyright&quot;:&quot;&quot;,&quot;focal_length&quot;:&quot;0&quot;,&quot;iso&quot;:&quot;0&quot;,&quot;shutter_speed&quot;:&quot;0&quot;,&quot;title&quot;:&quot;&quot;,&quot;orientation&quot;:&quot;0&quot;}\" data-image-title=\"moisture-discs\" data-image-description=\"\" data-image-caption=\"\" data-medium-file=\"https:\/\/i0.wp.com\/pfc-eu.com\/wp-content\/uploads\/2020\/10\/moisture-discs.jpg?fit=300%2C169&amp;ssl=1\" data-large-file=\"https:\/\/i0.wp.com\/pfc-eu.com\/wp-content\/uploads\/2020\/10\/moisture-discs.jpg?fit=750%2C422&amp;ssl=1\" src=\"https:\/\/i0.wp.com\/pfc-eu.com\/wp-content\/uploads\/2020\/10\/moisture-discs.jpg?resize=750%2C422&#038;ssl=1\" alt=\"\" class=\"wp-image-1350 size-full\"\/><\/figure><div class=\"wp-block-media-text__content\">\n<p class=\"wp-block-paragraph\">H2O anv\u00e4nder patenterad tvillingskivateknologi fr\u00e5n v\u00e5rt automatiska applikatorsystem med hj\u00e4lp av en elektrisk puls som trycks fem g\u00e5nger per sekund genom hela bredden av de yttre 150 mm av balen n\u00e4r den formas. intervallet \u00e4r fr\u00e5n 5-60% fukt och en noggrannhet p\u00e5 +\/-1%. Sensorn kommer att visa en levande avl\u00e4sning och medelfuktigheten f\u00f6r den f\u00f6reg\u00e5ende balen. fuktavl\u00e4sningen uppdateras varje sekund med det rullande 3-sekunders genomsnittet. H2O-sensorn anv\u00e4nder en app som \u00e4r kompatibel med de senaste Apple iOS- och Android-enheterna <\/p>\n<\/div><\/div>\n\n\n\n<div class=\"wp-block-media-text alignwide has-media-on-the-right is-stacked-on-mobile is-image-fill\" style=\"grid-template-columns:auto 24%\"><div class=\"wp-block-media-text__content\">\n<p class=\"wp-block-paragraph\">Genom att anv\u00e4nda dubbla sensorer och m\u00e4ta sp\u00e4nningsresistansen mellan dem m\u00e4ter systemet noggrant fukt l\u00e5st inuti skaftet som \u00e4r dolt fr\u00e5n pad- och handsondssystem. Att anv\u00e4nda de dubbla tallrikarna ger o\u00f6vertr\u00e4ffad noggrannhet p\u00e5 grund av dess h\u00f6geffektiva el\u00f6verf\u00f6ring genom balen, detta system \u00e4r sj\u00e4lvkalibrerande och kr\u00e4ver ingen justering av operat\u00f6ren eftersom gr\u00f6dansitet eller typbyte. Fuktsystem kan uppgraderas f\u00f6r att driva applicerings- och balhanteringsutrustning<\/p>\n<\/div><figure class=\"wp-block-media-text__media\" style=\"background-image:url(https:\/\/pfc-eu.com\/wp-content\/uploads\/2020\/10\/20190606_100055.jpg?w=750);background-position:50% 50%\"><img data-recalc-dims=\"1\" loading=\"lazy\" decoding=\"async\" width=\"750\" height=\"1000\" data-attachment-id=\"1351\" data-permalink=\"https:\/\/pfc-eu.com\/sv\/20190606_100055\/\" data-orig-file=\"https:\/\/i0.wp.com\/pfc-eu.com\/wp-content\/uploads\/2020\/10\/20190606_100055.jpg?fit=3024%2C4032&amp;ssl=1\" data-orig-size=\"3024,4032\" data-comments-opened=\"1\" data-image-meta=\"{&quot;aperture&quot;:&quot;1.5&quot;,&quot;credit&quot;:&quot;&quot;,&quot;camera&quot;:&quot;SM-G960F&quot;,&quot;caption&quot;:&quot;&quot;,&quot;created_timestamp&quot;:&quot;1559815255&quot;,&quot;copyright&quot;:&quot;&quot;,&quot;focal_length&quot;:&quot;4.3&quot;,&quot;iso&quot;:&quot;80&quot;,&quot;shutter_speed&quot;:&quot;0.03448275862069&quot;,&quot;title&quot;:&quot;&quot;,&quot;orientation&quot;:&quot;1&quot;}\" data-image-title=\"20190606_100055\" data-image-description=\"\" data-image-caption=\"\" data-medium-file=\"https:\/\/i0.wp.com\/pfc-eu.com\/wp-content\/uploads\/2020\/10\/20190606_100055.jpg?fit=225%2C300&amp;ssl=1\" data-large-file=\"https:\/\/i0.wp.com\/pfc-eu.com\/wp-content\/uploads\/2020\/10\/20190606_100055.jpg?fit=750%2C1000&amp;ssl=1\" src=\"https:\/\/i0.wp.com\/pfc-eu.com\/wp-content\/uploads\/2020\/10\/20190606_100055.jpg?resize=750%2C1000&#038;ssl=1\" alt=\"\" class=\"wp-image-1351 size-full\"\/><\/figure><\/div>\n\n\n\n<figure class=\"wp-block-image size-large is-resized is-style-default\"><img data-recalc-dims=\"1\" loading=\"lazy\" decoding=\"async\" data-attachment-id=\"400\" data-permalink=\"https:\/\/pfc-eu.com\/sv\/moisture-meter-accuracy-comparision\/\" data-orig-file=\"https:\/\/i0.wp.com\/pfc-eu.com\/wp-content\/uploads\/2020\/09\/moisture-meter-accuracy-comparision.jpg?fit=1280%2C720&amp;ssl=1\" data-orig-size=\"1280,720\" data-comments-opened=\"1\" data-image-meta=\"{&quot;aperture&quot;:&quot;0&quot;,&quot;credit&quot;:&quot;&quot;,&quot;camera&quot;:&quot;&quot;,&quot;caption&quot;:&quot;&quot;,&quot;created_timestamp&quot;:&quot;0&quot;,&quot;copyright&quot;:&quot;&quot;,&quot;focal_length&quot;:&quot;0&quot;,&quot;iso&quot;:&quot;0&quot;,&quot;shutter_speed&quot;:&quot;0&quot;,&quot;title&quot;:&quot;&quot;,&quot;orientation&quot;:&quot;0&quot;}\" data-image-title=\"moisture-meter-accuracy-comparision\" data-image-description=\"\" data-image-caption=\"\" data-medium-file=\"https:\/\/i0.wp.com\/pfc-eu.com\/wp-content\/uploads\/2020\/09\/moisture-meter-accuracy-comparision.jpg?fit=300%2C169&amp;ssl=1\" data-large-file=\"https:\/\/i0.wp.com\/pfc-eu.com\/wp-content\/uploads\/2020\/09\/moisture-meter-accuracy-comparision.jpg?fit=750%2C422&amp;ssl=1\" src=\"https:\/\/i0.wp.com\/pfc-eu.com\/wp-content\/uploads\/2020\/09\/moisture-meter-accuracy-comparision.jpg?resize=750%2C422&#038;ssl=1\" alt=\"\" class=\"wp-image-400\" width=\"750\" height=\"422\"\/><figcaption class=\"wp-element-caption\">Stj\u00e4rnhjulsnoggrannhet +\/-1% i det kritiska omr\u00e5det f\u00f6r h\u00f6- och halmbalning.<\/figcaption><\/figure>\n\n\n<div class=\"wp-block-image\">\n<figure class=\"alignleft size-large is-resized\"><a href=\"https:\/\/pfc-eu.com\/sv\/hayboss-mf-series-automatic-applicator-2\/\"><img data-recalc-dims=\"1\" loading=\"lazy\" decoding=\"async\" data-attachment-id=\"1330\" data-permalink=\"https:\/\/pfc-eu.com\/sv\/nozzle-icon-button-1-2-2\/\" data-orig-file=\"https:\/\/i0.wp.com\/pfc-eu.com\/wp-content\/uploads\/2020\/10\/nozzle-icon-button-1-2.png?fit=218%2C216&amp;ssl=1\" data-orig-size=\"218,216\" data-comments-opened=\"1\" data-image-meta=\"{&quot;aperture&quot;:&quot;0&quot;,&quot;credit&quot;:&quot;&quot;,&quot;camera&quot;:&quot;&quot;,&quot;caption&quot;:&quot;&quot;,&quot;created_timestamp&quot;:&quot;0&quot;,&quot;copyright&quot;:&quot;&quot;,&quot;focal_length&quot;:&quot;0&quot;,&quot;iso&quot;:&quot;0&quot;,&quot;shutter_speed&quot;:&quot;0&quot;,&quot;title&quot;:&quot;&quot;,&quot;orientation&quot;:&quot;0&quot;}\" data-image-title=\"nozzle-icon-button-1-2\" data-image-description=\"\" data-image-caption=\"\" data-medium-file=\"https:\/\/i0.wp.com\/pfc-eu.com\/wp-content\/uploads\/2020\/10\/nozzle-icon-button-1-2.png?fit=218%2C216&amp;ssl=1\" data-large-file=\"https:\/\/i0.wp.com\/pfc-eu.com\/wp-content\/uploads\/2020\/10\/nozzle-icon-button-1-2.png?fit=218%2C216&amp;ssl=1\" src=\"https:\/\/i0.wp.com\/pfc-eu.com\/wp-content\/uploads\/2020\/10\/nozzle-icon-button-1-2.png?resize=200%2C200&#038;ssl=1\" alt=\"\" class=\"wp-image-1330\" width=\"200\" height=\"200\"\/><\/a><figcaption class=\"wp-element-caption\">Applikationsutrustning<\/figcaption><\/figure>\n<\/div>\n\n<div class=\"wp-block-image\">\n<figure class=\"alignleft size-large is-resized\"><a href=\"\/sv\/hayboss-bale-management\/\"><img data-recalc-dims=\"1\" loading=\"lazy\" decoding=\"async\" data-attachment-id=\"1285\" data-permalink=\"https:\/\/pfc-eu.com\/sv\/bale-manegmant-icon-round-button\/\" data-orig-file=\"https:\/\/i0.wp.com\/pfc-eu.com\/wp-content\/uploads\/2020\/10\/bale-manegmant-icon-round-button.png?fit=341%2C340&amp;ssl=1\" data-orig-size=\"341,340\" data-comments-opened=\"1\" data-image-meta=\"{&quot;aperture&quot;:&quot;0&quot;,&quot;credit&quot;:&quot;&quot;,&quot;camera&quot;:&quot;&quot;,&quot;caption&quot;:&quot;&quot;,&quot;created_timestamp&quot;:&quot;0&quot;,&quot;copyright&quot;:&quot;&quot;,&quot;focal_length&quot;:&quot;0&quot;,&quot;iso&quot;:&quot;0&quot;,&quot;shutter_speed&quot;:&quot;0&quot;,&quot;title&quot;:&quot;&quot;,&quot;orientation&quot;:&quot;0&quot;}\" data-image-title=\"bale-manegmant-icon-round-button\" data-image-description=\"\" data-image-caption=\"\" data-medium-file=\"https:\/\/i0.wp.com\/pfc-eu.com\/wp-content\/uploads\/2020\/10\/bale-manegmant-icon-round-button.png?fit=300%2C300&amp;ssl=1\" data-large-file=\"https:\/\/i0.wp.com\/pfc-eu.com\/wp-content\/uploads\/2020\/10\/bale-manegmant-icon-round-button.png?fit=341%2C340&amp;ssl=1\" src=\"https:\/\/i0.wp.com\/pfc-eu.com\/wp-content\/uploads\/2020\/10\/bale-manegmant-icon-round-button.png?resize=200%2C200&#038;ssl=1\" alt=\"\" class=\"wp-image-1285\" width=\"200\" height=\"200\"\/><\/a><figcaption class=\"wp-element-caption\">Balhantering<\/figcaption><\/figure>\n<\/div>\n\n<div class=\"wp-block-image\">\n<figure class=\"alignleft size-large is-resized\"><a href=\"\/sv\/balers-choice-preservative\/\"><img data-recalc-dims=\"1\" loading=\"lazy\" decoding=\"async\" data-attachment-id=\"1333\" data-permalink=\"https:\/\/pfc-eu.com\/sv\/preservative-icon-1-button-3\/\" data-orig-file=\"https:\/\/i0.wp.com\/pfc-eu.com\/wp-content\/uploads\/2020\/10\/preservative-icon-1-button.png?fit=340%2C340&amp;ssl=1\" data-orig-size=\"340,340\" data-comments-opened=\"1\" data-image-meta=\"{&quot;aperture&quot;:&quot;0&quot;,&quot;credit&quot;:&quot;&quot;,&quot;camera&quot;:&quot;&quot;,&quot;caption&quot;:&quot;&quot;,&quot;created_timestamp&quot;:&quot;0&quot;,&quot;copyright&quot;:&quot;&quot;,&quot;focal_length&quot;:&quot;0&quot;,&quot;iso&quot;:&quot;0&quot;,&quot;shutter_speed&quot;:&quot;0&quot;,&quot;title&quot;:&quot;&quot;,&quot;orientation&quot;:&quot;0&quot;}\" data-image-title=\"preservative-icon-1-button\" data-image-description=\"\" data-image-caption=\"\" data-medium-file=\"https:\/\/i0.wp.com\/pfc-eu.com\/wp-content\/uploads\/2020\/10\/preservative-icon-1-button.png?fit=300%2C300&amp;ssl=1\" data-large-file=\"https:\/\/i0.wp.com\/pfc-eu.com\/wp-content\/uploads\/2020\/10\/preservative-icon-1-button.png?fit=340%2C340&amp;ssl=1\" src=\"https:\/\/i0.wp.com\/pfc-eu.com\/wp-content\/uploads\/2020\/10\/preservative-icon-1-button.png?resize=200%2C200&#038;ssl=1\" alt=\"\" class=\"wp-image-1333\" width=\"200\" height=\"200\"\/><\/a><figcaption class=\"wp-element-caption\">Konserveringsmedel<\/figcaption><\/figure>\n<\/div>\n\n<div class=\"wp-block-image\">\n<figure class=\"alignleft size-large is-resized\"><a href=\"\/sv\/\"><img data-recalc-dims=\"1\" loading=\"lazy\" decoding=\"async\" data-attachment-id=\"1335\" data-permalink=\"https:\/\/pfc-eu.com\/sv\/media-icon-button-1-2\/\" data-orig-file=\"https:\/\/i0.wp.com\/pfc-eu.com\/wp-content\/uploads\/2020\/10\/media-icon-button-1.png?fit=341%2C356&amp;ssl=1\" data-orig-size=\"341,356\" data-comments-opened=\"1\" data-image-meta=\"{&quot;aperture&quot;:&quot;0&quot;,&quot;credit&quot;:&quot;&quot;,&quot;camera&quot;:&quot;&quot;,&quot;caption&quot;:&quot;&quot;,&quot;created_timestamp&quot;:&quot;0&quot;,&quot;copyright&quot;:&quot;&quot;,&quot;focal_length&quot;:&quot;0&quot;,&quot;iso&quot;:&quot;0&quot;,&quot;shutter_speed&quot;:&quot;0&quot;,&quot;title&quot;:&quot;&quot;,&quot;orientation&quot;:&quot;0&quot;}\" data-image-title=\"media-icon-button-1\" data-image-description=\"\" data-image-caption=\"\" data-medium-file=\"https:\/\/i0.wp.com\/pfc-eu.com\/wp-content\/uploads\/2020\/10\/media-icon-button-1.png?fit=287%2C300&amp;ssl=1\" data-large-file=\"https:\/\/i0.wp.com\/pfc-eu.com\/wp-content\/uploads\/2020\/10\/media-icon-button-1.png?fit=341%2C356&amp;ssl=1\" src=\"https:\/\/i0.wp.com\/pfc-eu.com\/wp-content\/uploads\/2020\/10\/media-icon-button-1.png?resize=200%2C200&#038;ssl=1\" alt=\"\" class=\"wp-image-1335\" width=\"200\" height=\"200\"\/><\/a><figcaption class=\"wp-element-caption\">Media Center<\/figcaption><\/figure>\n<\/div>","protected":false},"excerpt":{"rendered":"<p>H2O anv\u00e4nder patenterad tvillingskivateknik fr\u00e5n v\u00e5rt automatiska applikatorsystem med hj\u00e4lp av en elektrisk puls som trycks fem g\u00e5nger per sekund genom hela bredden av de yttre 150 mm av balen n\u00e4r den formas. intervallet \u00e4r fr\u00e5n 5-60% fukt och en noggrannhet p\u00e5 +\/-1%. Sensorn kommer att visa en liveavl\u00e4sning och<a class=\"more-link\" href=\"https:\/\/pfc-eu.com\/sv\/hayboss-massey-ferguson-h2o-moisture-sensor\/\">Forts\u00e4tt l\u00e4sa <span class=\"screen-reader-text\">&#8220;PFC Agri Solutions MF RB H2O Moisture Sensor&#8221;<\/span><\/a><\/p>","protected":false},"author":192351622,"featured_media":0,"parent":0,"menu_order":0,"comment_status":"closed","ping_status":"closed","template":"","meta":{"_coblocks_attr":"","_coblocks_dimensions":"","_coblocks_responsive_height":"","_coblocks_accordion_ie_support":"","_crdt_document":"","_uag_custom_page_level_css":"","jetpack_post_was_ever_published":false,"footnotes":""},"class_list":["post-1559","page","type-page","status-publish","hentry","entry"],"yoast_head":"<!-- This site is optimized with the Yoast SEO plugin v27.3 - https:\/\/yoast.com\/product\/yoast-seo-wordpress\/ -->\n<title>PFC Agri Solutions MF RB H2O Moisture Sensor - PFC Ltd<\/title>\n<meta name=\"description\" content=\"round baler moisture meter\" \/>\n<meta name=\"robots\" content=\"index, follow, max-snippet:-1, max-image-preview:large, max-video-preview:-1\" \/>\n<link rel=\"canonical\" href=\"https:\/\/pfc-eu.com\/sv\/hayboss-massey-ferguson-h2o-moisture-sensor\/\" \/>\n<meta property=\"og:locale\" content=\"sv_SE\" \/>\n<meta property=\"og:type\" content=\"article\" \/>\n<meta property=\"og:title\" content=\"PFC Agri Solutions MF RB H2O Moisture Sensor - PFC Ltd\" \/>\n<meta property=\"og:description\" content=\"round baler moisture meter\" \/>\n<meta property=\"og:url\" content=\"https:\/\/pfc-eu.com\/sv\/hayboss-massey-ferguson-h2o-moisture-sensor\/\" \/>\n<meta property=\"og:site_name\" content=\"PFC Ltd\" \/>\n<meta property=\"article:modified_time\" content=\"2024-03-13T15:59:11+00:00\" \/>\n<meta property=\"og:image\" content=\"https:\/\/pfc-eu.com\/wp-content\/uploads\/2020\/10\/moisture-discs.jpg?w=750\" \/>\n<meta name=\"twitter:card\" content=\"summary_large_image\" \/>\n<meta name=\"twitter:label1\" content=\"Ber\u00e4knad l\u00e4stid\" \/>\n\t<meta name=\"twitter:data1\" content=\"3 minuter\" \/>\n<script type=\"application\/ld+json\" class=\"yoast-schema-graph\">{\"@context\":\"https:\\\/\\\/schema.org\",\"@graph\":[{\"@type\":\"WebPage\",\"@id\":\"https:\\\/\\\/pfc-eu.com\\\/hayboss-massey-ferguson-h2o-moisture-sensor\\\/\",\"url\":\"https:\\\/\\\/pfc-eu.com\\\/hayboss-massey-ferguson-h2o-moisture-sensor\\\/\",\"name\":\"PFC Agri Solutions MF RB H2O Moisture Sensor - PFC Ltd\",\"isPartOf\":{\"@id\":\"https:\\\/\\\/pfc-eu.com\\\/#website\"},\"primaryImageOfPage\":{\"@id\":\"https:\\\/\\\/pfc-eu.com\\\/hayboss-massey-ferguson-h2o-moisture-sensor\\\/#primaryimage\"},\"image\":{\"@id\":\"https:\\\/\\\/pfc-eu.com\\\/hayboss-massey-ferguson-h2o-moisture-sensor\\\/#primaryimage\"},\"thumbnailUrl\":\"https:\\\/\\\/pfc-eu.com\\\/wp-content\\\/uploads\\\/2020\\\/10\\\/moisture-discs.jpg?w=750\",\"datePublished\":\"2020-10-07T16:59:36+00:00\",\"dateModified\":\"2024-03-13T15:59:11+00:00\",\"description\":\"round baler moisture meter\",\"breadcrumb\":{\"@id\":\"https:\\\/\\\/pfc-eu.com\\\/hayboss-massey-ferguson-h2o-moisture-sensor\\\/#breadcrumb\"},\"inLanguage\":\"sv-SE\",\"potentialAction\":[{\"@type\":\"ReadAction\",\"target\":[\"https:\\\/\\\/pfc-eu.com\\\/hayboss-massey-ferguson-h2o-moisture-sensor\\\/\"]}]},{\"@type\":\"ImageObject\",\"inLanguage\":\"sv-SE\",\"@id\":\"https:\\\/\\\/pfc-eu.com\\\/hayboss-massey-ferguson-h2o-moisture-sensor\\\/#primaryimage\",\"url\":\"https:\\\/\\\/pfc-eu.com\\\/wp-content\\\/uploads\\\/2020\\\/10\\\/moisture-discs.jpg?w=750\",\"contentUrl\":\"https:\\\/\\\/pfc-eu.com\\\/wp-content\\\/uploads\\\/2020\\\/10\\\/moisture-discs.jpg?w=750\"},{\"@type\":\"BreadcrumbList\",\"@id\":\"https:\\\/\\\/pfc-eu.com\\\/hayboss-massey-ferguson-h2o-moisture-sensor\\\/#breadcrumb\",\"itemListElement\":[{\"@type\":\"ListItem\",\"position\":1,\"name\":\"Home\",\"item\":\"https:\\\/\\\/pfc-eu.com\\\/\"},{\"@type\":\"ListItem\",\"position\":2,\"name\":\"PFC Agri Solutions MF RB H2O Moisture Sensor\"}]},{\"@type\":\"WebSite\",\"@id\":\"https:\\\/\\\/pfc-eu.com\\\/#website\",\"url\":\"https:\\\/\\\/pfc-eu.com\\\/\",\"name\":\"PFC Ltd\",\"description\":\"Precision, Quality, Service\",\"publisher\":{\"@id\":\"https:\\\/\\\/pfc-eu.com\\\/#organization\"},\"potentialAction\":[{\"@type\":\"SearchAction\",\"target\":{\"@type\":\"EntryPoint\",\"urlTemplate\":\"https:\\\/\\\/pfc-eu.com\\\/?s={search_term_string}\"},\"query-input\":{\"@type\":\"PropertyValueSpecification\",\"valueRequired\":true,\"valueName\":\"search_term_string\"}}],\"inLanguage\":\"sv-SE\"},{\"@type\":\"Organization\",\"@id\":\"https:\\\/\\\/pfc-eu.com\\\/#organization\",\"name\":\"PFC Ltd\",\"url\":\"https:\\\/\\\/pfc-eu.com\\\/\",\"logo\":{\"@type\":\"ImageObject\",\"inLanguage\":\"sv-SE\",\"@id\":\"https:\\\/\\\/pfc-eu.com\\\/#\\\/schema\\\/logo\\\/image\\\/\",\"url\":\"https:\\\/\\\/i0.wp.com\\\/pfc-eu.com\\\/wp-content\\\/uploads\\\/2022\\\/09\\\/cropped-cropped-pfc-agri-solutions-no-background-resized.png?fit=500%2C95&ssl=1\",\"contentUrl\":\"https:\\\/\\\/i0.wp.com\\\/pfc-eu.com\\\/wp-content\\\/uploads\\\/2022\\\/09\\\/cropped-cropped-pfc-agri-solutions-no-background-resized.png?fit=500%2C95&ssl=1\",\"width\":500,\"height\":95,\"caption\":\"PFC Ltd\"},\"image\":{\"@id\":\"https:\\\/\\\/pfc-eu.com\\\/#\\\/schema\\\/logo\\\/image\\\/\"}}]}<\/script>\n<!-- \/ Yoast SEO plugin. -->","yoast_head_json":{"title":"PFC Agri Solutions MF RB H2O Moisture Sensor - PFC Ltd","description":"round baler moisture meter","robots":{"index":"index","follow":"follow","max-snippet":"max-snippet:-1","max-image-preview":"max-image-preview:large","max-video-preview":"max-video-preview:-1"},"canonical":"https:\/\/pfc-eu.com\/sv\/hayboss-massey-ferguson-h2o-moisture-sensor\/","og_locale":"sv_SE","og_type":"article","og_title":"PFC Agri Solutions MF RB H2O Moisture Sensor - PFC Ltd","og_description":"round baler moisture meter","og_url":"https:\/\/pfc-eu.com\/sv\/hayboss-massey-ferguson-h2o-moisture-sensor\/","og_site_name":"PFC Ltd","article_modified_time":"2024-03-13T15:59:11+00:00","og_image":[{"url":"https:\/\/pfc-eu.com\/wp-content\/uploads\/2020\/10\/moisture-discs.jpg?w=750","type":"","width":"","height":""}],"twitter_card":"summary_large_image","twitter_misc":{"Ber\u00e4knad l\u00e4stid":"3 minuter"},"schema":{"@context":"https:\/\/schema.org","@graph":[{"@type":"WebPage","@id":"https:\/\/pfc-eu.com\/hayboss-massey-ferguson-h2o-moisture-sensor\/","url":"https:\/\/pfc-eu.com\/hayboss-massey-ferguson-h2o-moisture-sensor\/","name":"PFC Agri Solutions MF RB H2O Moisture Sensor - PFC Ltd","isPartOf":{"@id":"https:\/\/pfc-eu.com\/#website"},"primaryImageOfPage":{"@id":"https:\/\/pfc-eu.com\/hayboss-massey-ferguson-h2o-moisture-sensor\/#primaryimage"},"image":{"@id":"https:\/\/pfc-eu.com\/hayboss-massey-ferguson-h2o-moisture-sensor\/#primaryimage"},"thumbnailUrl":"https:\/\/pfc-eu.com\/wp-content\/uploads\/2020\/10\/moisture-discs.jpg?w=750","datePublished":"2020-10-07T16:59:36+00:00","dateModified":"2024-03-13T15:59:11+00:00","description":"round baler moisture meter","breadcrumb":{"@id":"https:\/\/pfc-eu.com\/hayboss-massey-ferguson-h2o-moisture-sensor\/#breadcrumb"},"inLanguage":"sv-SE","potentialAction":[{"@type":"ReadAction","target":["https:\/\/pfc-eu.com\/hayboss-massey-ferguson-h2o-moisture-sensor\/"]}]},{"@type":"ImageObject","inLanguage":"sv-SE","@id":"https:\/\/pfc-eu.com\/hayboss-massey-ferguson-h2o-moisture-sensor\/#primaryimage","url":"https:\/\/pfc-eu.com\/wp-content\/uploads\/2020\/10\/moisture-discs.jpg?w=750","contentUrl":"https:\/\/pfc-eu.com\/wp-content\/uploads\/2020\/10\/moisture-discs.jpg?w=750"},{"@type":"BreadcrumbList","@id":"https:\/\/pfc-eu.com\/hayboss-massey-ferguson-h2o-moisture-sensor\/#breadcrumb","itemListElement":[{"@type":"ListItem","position":1,"name":"Home","item":"https:\/\/pfc-eu.com\/"},{"@type":"ListItem","position":2,"name":"PFC Agri Solutions MF RB H2O Moisture Sensor"}]},{"@type":"WebSite","@id":"https:\/\/pfc-eu.com\/#website","url":"https:\/\/pfc-eu.com\/","name":"PFC Ltd","description":"Precision, kvalitet, service","publisher":{"@id":"https:\/\/pfc-eu.com\/#organization"},"potentialAction":[{"@type":"SearchAction","target":{"@type":"EntryPoint","urlTemplate":"https:\/\/pfc-eu.com\/?s={search_term_string}"},"query-input":{"@type":"PropertyValueSpecification","valueRequired":true,"valueName":"search_term_string"}}],"inLanguage":"sv-SE"},{"@type":"Organization","@id":"https:\/\/pfc-eu.com\/#organization","name":"PFC Ltd","url":"https:\/\/pfc-eu.com\/","logo":{"@type":"ImageObject","inLanguage":"sv-SE","@id":"https:\/\/pfc-eu.com\/#\/schema\/logo\/image\/","url":"https:\/\/i0.wp.com\/pfc-eu.com\/wp-content\/uploads\/2022\/09\/cropped-cropped-pfc-agri-solutions-no-background-resized.png?fit=500%2C95&ssl=1","contentUrl":"https:\/\/i0.wp.com\/pfc-eu.com\/wp-content\/uploads\/2022\/09\/cropped-cropped-pfc-agri-solutions-no-background-resized.png?fit=500%2C95&ssl=1","width":500,"height":95,"caption":"PFC Ltd"},"image":{"@id":"https:\/\/pfc-eu.com\/#\/schema\/logo\/image\/"}}]}},"uagb_featured_image_src":{"full":false,"thumbnail":false,"medium":false,"medium_large":false,"large":false,"1536x1536":false,"2048x2048":false,"trp-custom-language-flag":false,"newspack-article-block-landscape-large":false,"newspack-article-block-portrait-large":false,"newspack-article-block-square-large":false,"newspack-article-block-landscape-medium":false,"newspack-article-block-portrait-medium":false,"newspack-article-block-square-medium":false,"newspack-article-block-landscape-intermediate":false,"newspack-article-block-portrait-intermediate":false,"newspack-article-block-square-intermediate":false,"newspack-article-block-landscape-small":false,"newspack-article-block-portrait-small":false,"newspack-article-block-square-small":false,"newspack-article-block-landscape-tiny":false,"newspack-article-block-portrait-tiny":false,"newspack-article-block-square-tiny":false,"newspack-article-block-uncropped":false,"post-thumbnail":false},"uagb_author_info":{"display_name":"richard","author_link":"https:\/\/pfc-eu.com\/sv\/author\/richard\/"},"uagb_comment_info":0,"uagb_excerpt":"H2O utilises patented twin disc technology from our automatic applicator system using an electrical pulse which is pushed five times per second through the full width of the outer 150mm of the bale as it forms. the range is from 5-60% moisture and an accuracy of +\/-1%. The sensor will display a live reading andForts\u00e4tt&hellip;","jetpack_likes_enabled":true,"jetpack_sharing_enabled":true,"jetpack_shortlink":"https:\/\/wp.me\/Pck1DT-p9","jetpack-related-posts":[],"_links":{"self":[{"href":"https:\/\/pfc-eu.com\/sv\/wp-json\/wp\/v2\/pages\/1559","targetHints":{"allow":["GET"]}}],"collection":[{"href":"https:\/\/pfc-eu.com\/sv\/wp-json\/wp\/v2\/pages"}],"about":[{"href":"https:\/\/pfc-eu.com\/sv\/wp-json\/wp\/v2\/types\/page"}],"author":[{"embeddable":true,"href":"https:\/\/pfc-eu.com\/sv\/wp-json\/wp\/v2\/users\/192351622"}],"replies":[{"embeddable":true,"href":"https:\/\/pfc-eu.com\/sv\/wp-json\/wp\/v2\/comments?post=1559"}],"version-history":[{"count":4,"href":"https:\/\/pfc-eu.com\/sv\/wp-json\/wp\/v2\/pages\/1559\/revisions"}],"predecessor-version":[{"id":3377,"href":"https:\/\/pfc-eu.com\/sv\/wp-json\/wp\/v2\/pages\/1559\/revisions\/3377"}],"wp:attachment":[{"href":"https:\/\/pfc-eu.com\/sv\/wp-json\/wp\/v2\/media?parent=1559"}],"curies":[{"name":"wp","href":"https:\/\/api.w.org\/{rel}","templated":true}]}}