{"id":1556,"date":"2020-10-07T17:57:50","date_gmt":"2020-10-07T16:57:50","guid":{"rendered":"https:\/\/pfc-eu.com\/?page_id=1556"},"modified":"2024-12-17T11:56:50","modified_gmt":"2024-12-17T11:56:50","slug":"mf-buffered-acid-balers-choice-preservative","status":"publish","type":"page","link":"https:\/\/pfc-eu.com\/sv\/mf-buffered-acid-balers-choice-preservative\/","title":{"rendered":"PFC Agri Solutions HarvestPro buffrat surt h\u00f6konserveringsmedel"},"content":{"rendered":"<p class=\"has-large-font-size wp-block-paragraph\">Balning av h\u00f6 eller halm \u00e4r extremt v\u00e4derberoende. Om du l\u00e4mnar h\u00f6 f\u00f6r l\u00e4nge innan balning kommer det att f\u00f6rlora kvalitet och avkastning. Balar f\u00f6r tidigt och vid fuktniv\u00e5er \u00f6ver 15% riskerar du att balarna v\u00e4rms upp och i v\u00e4rsta fall sj\u00e4lvant\u00e4nds. Utan konserveringsmedel kommer m\u00f6gelsvampar ocks\u00e5 att utvecklas vilket resulterar i damm och f\u00f6rs\u00e4mrad balkvalitet, vilket resulterar i att boskapen blir mer mottaglig f\u00f6r andningsproblem och fodrets n\u00e4ringsv\u00e4rde kommer att minska avsev\u00e4rt. H\u00f6 behandlat med PFC Agri Solutions HarvestPro konserveringsmedel har mycket h\u00f6gre foderv\u00e4rde, damm- och m\u00f6gelfritt. Det viktiga \u00e4r att applicera exakt p\u00e5 fuktf\u00f6r\u00e4ndringarna och de variabla ton per timme vid balning, med en PFC Agri Solutions automatisk applikator eller DigiTec manuell applikator uppn\u00e5s detta.<\/p>\n\n\n\n<p class=\"has-large-font-size wp-block-paragraph\">De senaste PFC Agri Solutions applikationssystem l\u00e5ter dig sl\u00e5 v\u00e4dret och genom att anv\u00e4nda PFC Agri Solutions HarvestPro h\u00f6konserveringsmedel, balar du s\u00e4kert vid fuktniv\u00e5er mellan 15% och 30% fukt.<\/p>\n\n\n\n<p class=\"wp-block-paragraph\">Observera att HarvestPro inte \u00e4r ADR f\u00f6r transport och inte kr\u00e4ver specialist ADR-godk\u00e4nda f\u00f6rare f\u00f6r transporter som kan orsaka f\u00f6rseningar med transport, det finns inga restriktioner f\u00f6r v\u00e4g- eller sj\u00f6transporter som det \u00e4r med andra h\u00f6konserveringsmedel.<\/p>\n\n\n\n<figure class=\"wp-block-image size-large\"><img data-recalc-dims=\"1\" loading=\"lazy\" decoding=\"async\" width=\"750\" height=\"250\" data-attachment-id=\"1557\" data-permalink=\"https:\/\/pfc-eu.com\/sv\/mf-app-chart\/\" data-orig-file=\"https:\/\/i0.wp.com\/pfc-eu.com\/wp-content\/uploads\/2020\/10\/mf-app-chart.png?fit=1337%2C445&amp;ssl=1\" data-orig-size=\"1337,445\" data-comments-opened=\"1\" data-image-meta=\"{&quot;aperture&quot;:&quot;0&quot;,&quot;credit&quot;:&quot;&quot;,&quot;camera&quot;:&quot;&quot;,&quot;caption&quot;:&quot;&quot;,&quot;created_timestamp&quot;:&quot;0&quot;,&quot;copyright&quot;:&quot;&quot;,&quot;focal_length&quot;:&quot;0&quot;,&quot;iso&quot;:&quot;0&quot;,&quot;shutter_speed&quot;:&quot;0&quot;,&quot;title&quot;:&quot;&quot;,&quot;orientation&quot;:&quot;0&quot;}\" data-image-title=\"mf-app-chart\" data-image-description=\"\" data-image-caption=\"\" data-medium-file=\"https:\/\/i0.wp.com\/pfc-eu.com\/wp-content\/uploads\/2020\/10\/mf-app-chart.png?fit=300%2C100&amp;ssl=1\" data-large-file=\"https:\/\/i0.wp.com\/pfc-eu.com\/wp-content\/uploads\/2020\/10\/mf-app-chart.png?fit=750%2C250&amp;ssl=1\" src=\"https:\/\/i0.wp.com\/pfc-eu.com\/wp-content\/uploads\/2020\/10\/mf-app-chart.png?resize=750%2C250&#038;ssl=1\" alt=\"\" class=\"wp-image-1557\"\/><\/figure>\n\n\n\n<p class=\"has-large-font-size wp-block-paragraph\">Att kunna bala s\u00e4kert vid h\u00f6gre fuktniv\u00e5er har m\u00e5nga f\u00f6rdelar:<\/p>\n\n\n\n<p class=\"has-large-font-size wp-block-paragraph\">Gr\u00f6nare h\u00f6 kommer i allm\u00e4nhet att ha ett h\u00f6gre foderv\u00e4rde, meravkastningen som erh\u00e5lls fr\u00e5n balning tidigare kommer mer \u00e4n betala f\u00f6r det HarvestPro-konserveringsmedel som anv\u00e4nds f\u00f6r att skydda h\u00f6et.<\/p>\n\n\n\n<p class=\"has-large-font-size wp-block-paragraph\">G\u00f6r att du kan bala snabbare j\u00e4mf\u00f6rt med obehandlat foder<\/p>\n\n\n\n<div class=\"wp-block-media-text alignwide is-stacked-on-mobile\"><figure class=\"wp-block-media-text__media\"><img data-recalc-dims=\"1\" loading=\"lazy\" decoding=\"async\" width=\"750\" height=\"648\" data-attachment-id=\"1116\" data-permalink=\"https:\/\/pfc-eu.com\/sv\/balers-choice-side-by-side-no-bg\/\" data-orig-file=\"https:\/\/i0.wp.com\/pfc-eu.com\/wp-content\/uploads\/2020\/10\/balers-choice-side-by-side-no-bg.png?fit=2135%2C1844&amp;ssl=1\" data-orig-size=\"2135,1844\" data-comments-opened=\"1\" data-image-meta=\"{&quot;aperture&quot;:&quot;0&quot;,&quot;credit&quot;:&quot;&quot;,&quot;camera&quot;:&quot;&quot;,&quot;caption&quot;:&quot;&quot;,&quot;created_timestamp&quot;:&quot;0&quot;,&quot;copyright&quot;:&quot;&quot;,&quot;focal_length&quot;:&quot;0&quot;,&quot;iso&quot;:&quot;0&quot;,&quot;shutter_speed&quot;:&quot;0&quot;,&quot;title&quot;:&quot;&quot;,&quot;orientation&quot;:&quot;0&quot;}\" data-image-title=\"balers-choice-side-by-side-no-bg\" data-image-description=\"\" data-image-caption=\"\" data-medium-file=\"https:\/\/i0.wp.com\/pfc-eu.com\/wp-content\/uploads\/2020\/10\/balers-choice-side-by-side-no-bg.png?fit=300%2C259&amp;ssl=1\" data-large-file=\"https:\/\/i0.wp.com\/pfc-eu.com\/wp-content\/uploads\/2020\/10\/balers-choice-side-by-side-no-bg.png?fit=750%2C648&amp;ssl=1\" src=\"https:\/\/i0.wp.com\/pfc-eu.com\/wp-content\/uploads\/2020\/10\/balers-choice-side-by-side-no-bg.png?resize=750%2C648&#038;ssl=1\" alt=\"\" class=\"wp-image-1116 size-full\"\/><\/figure><div class=\"wp-block-media-text__content\">\n<p class=\"has-large-font-size wp-block-paragraph\">PFC Agri Solutions HarvestPro konserveringsmedel \u00e4r l\u00e4mpligt f\u00f6r alla typer av fodersilage, h\u00f6silage, h\u00f6, halm och h\u00f6silage\/ensilagebal och kl\u00e4mma. Med sin unika formel och sin unika tillverkningsprocess \u00e4r den icke korrosiv f\u00f6r balpressen och mycket s\u00e4krare att hantera f\u00f6r balpressoperat\u00f6rer. Appliceringsm\u00e4ngder b\u00f6rjar vid l\u00e5ga liter per ton. Dess unika formel ger den en h\u00f6g niv\u00e5 av propionsyra, h\u00f6g specifik vikt och ett n\u00e4ra neutralt pH. HarvestPro har en bl\u00f6tare f\u00f6r att minska vindavdriften och stoppar avdunstning vid tidpunkten f\u00f6r sprutning och avdunstning i den lagrade stapeln. Konkurrenskraftiga produkter kommer att vara mycket svagare liter till liter, kommer att avdunsta och ha mycket h\u00f6gre appliceringsm\u00e4ngder och kommer alltid att kosta mer per ton behandlad gr\u00f6da eller vid reparationer av maskiner.<\/p>\n<\/div><\/div>\n\n\n\n<figure class=\"wp-block-image size-large is-resized\"><img data-recalc-dims=\"1\" loading=\"lazy\" decoding=\"async\" width=\"552\" height=\"218\" data-attachment-id=\"1118\" data-permalink=\"https:\/\/pfc-eu.com\/sv\/cropsaver-app-graph\/\" data-orig-file=\"https:\/\/i0.wp.com\/pfc-eu.com\/wp-content\/uploads\/2020\/10\/cropsaver-app-graph.png?fit=552%2C218&amp;ssl=1\" data-orig-size=\"552,218\" data-comments-opened=\"1\" data-image-meta=\"{&quot;aperture&quot;:&quot;0&quot;,&quot;credit&quot;:&quot;&quot;,&quot;camera&quot;:&quot;&quot;,&quot;caption&quot;:&quot;&quot;,&quot;created_timestamp&quot;:&quot;0&quot;,&quot;copyright&quot;:&quot;&quot;,&quot;focal_length&quot;:&quot;0&quot;,&quot;iso&quot;:&quot;0&quot;,&quot;shutter_speed&quot;:&quot;0&quot;,&quot;title&quot;:&quot;&quot;,&quot;orientation&quot;:&quot;0&quot;}\" data-image-title=\"cropsaver-app-graph\" data-image-description=\"\" data-image-caption=\"\" data-medium-file=\"https:\/\/i0.wp.com\/pfc-eu.com\/wp-content\/uploads\/2020\/10\/cropsaver-app-graph.png?fit=300%2C118&amp;ssl=1\" data-large-file=\"https:\/\/i0.wp.com\/pfc-eu.com\/wp-content\/uploads\/2020\/10\/cropsaver-app-graph.png?fit=552%2C218&amp;ssl=1\" src=\"https:\/\/i0.wp.com\/pfc-eu.com\/wp-content\/uploads\/2020\/10\/cropsaver-app-graph.png?resize=552%2C218&#038;ssl=1\" alt=\"\" class=\"wp-image-1118\" style=\"width:777px;height:auto\"\/><\/figure>\n\n\n<div class=\"wp-block-image is-resized\">\n<figure class=\"alignleft size-large\"><a href=\"https:\/\/pfc-eu.com\/sv\/select-mf-machine\/\"><img data-recalc-dims=\"1\" loading=\"lazy\" decoding=\"async\" width=\"340\" height=\"338\" data-attachment-id=\"1124\" data-permalink=\"https:\/\/pfc-eu.com\/sv\/moisture-icon-button-4\/\" data-orig-file=\"https:\/\/i0.wp.com\/pfc-eu.com\/wp-content\/uploads\/2020\/10\/moisture-icon-button.png?fit=340%2C338&amp;ssl=1\" data-orig-size=\"340,338\" data-comments-opened=\"1\" data-image-meta=\"{&quot;aperture&quot;:&quot;0&quot;,&quot;credit&quot;:&quot;&quot;,&quot;camera&quot;:&quot;&quot;,&quot;caption&quot;:&quot;&quot;,&quot;created_timestamp&quot;:&quot;0&quot;,&quot;copyright&quot;:&quot;&quot;,&quot;focal_length&quot;:&quot;0&quot;,&quot;iso&quot;:&quot;0&quot;,&quot;shutter_speed&quot;:&quot;0&quot;,&quot;title&quot;:&quot;&quot;,&quot;orientation&quot;:&quot;0&quot;}\" data-image-title=\"moisture-icon-button\" data-image-description=\"\" data-image-caption=\"\" data-medium-file=\"https:\/\/i0.wp.com\/pfc-eu.com\/wp-content\/uploads\/2020\/10\/moisture-icon-button.png?fit=300%2C298&amp;ssl=1\" data-large-file=\"https:\/\/i0.wp.com\/pfc-eu.com\/wp-content\/uploads\/2020\/10\/moisture-icon-button.png?fit=340%2C338&amp;ssl=1\" src=\"https:\/\/i0.wp.com\/pfc-eu.com\/wp-content\/uploads\/2020\/10\/moisture-icon-button.png?resize=340%2C338&#038;ssl=1\" alt=\"\" class=\"wp-image-1124\" style=\"width:333px;height:auto\"\/><\/a><figcaption class=\"wp-element-caption\">Fuktsensor<\/figcaption><\/figure>\n<\/div>\n\n<div class=\"wp-block-image is-resized\">\n<figure class=\"alignleft size-large\"><a href=\"https:\/\/pfc-eu.com\/sv\/select-mf-machine\/\"><img data-recalc-dims=\"1\" loading=\"lazy\" decoding=\"async\" width=\"218\" height=\"216\" data-attachment-id=\"1126\" data-permalink=\"https:\/\/pfc-eu.com\/sv\/nozzle-icon-button-1-3\/\" data-orig-file=\"https:\/\/i0.wp.com\/pfc-eu.com\/wp-content\/uploads\/2020\/10\/nozzle-icon-button-1.png?fit=218%2C216&amp;ssl=1\" data-orig-size=\"218,216\" data-comments-opened=\"1\" data-image-meta=\"{&quot;aperture&quot;:&quot;0&quot;,&quot;credit&quot;:&quot;&quot;,&quot;camera&quot;:&quot;&quot;,&quot;caption&quot;:&quot;&quot;,&quot;created_timestamp&quot;:&quot;0&quot;,&quot;copyright&quot;:&quot;&quot;,&quot;focal_length&quot;:&quot;0&quot;,&quot;iso&quot;:&quot;0&quot;,&quot;shutter_speed&quot;:&quot;0&quot;,&quot;title&quot;:&quot;&quot;,&quot;orientation&quot;:&quot;0&quot;}\" data-image-title=\"nozzle-icon-button-1\" data-image-description=\"\" data-image-caption=\"\" data-medium-file=\"https:\/\/i0.wp.com\/pfc-eu.com\/wp-content\/uploads\/2020\/10\/nozzle-icon-button-1.png?fit=218%2C216&amp;ssl=1\" data-large-file=\"https:\/\/i0.wp.com\/pfc-eu.com\/wp-content\/uploads\/2020\/10\/nozzle-icon-button-1.png?fit=218%2C216&amp;ssl=1\" src=\"https:\/\/i0.wp.com\/pfc-eu.com\/wp-content\/uploads\/2020\/10\/nozzle-icon-button-1.png?resize=218%2C216&#038;ssl=1\" alt=\"\" class=\"wp-image-1126\" style=\"width:337px;height:auto\"\/><\/a><figcaption class=\"wp-element-caption\">Applikationsutrustning<\/figcaption><\/figure>\n<\/div>\n\n<div class=\"wp-block-image is-resized\">\n<figure class=\"alignleft size-large\"><a href=\"https:\/\/pfc-eu.com\/sv\/hayboss-2200-2300-series-automatic-applicator\/#jp-carousel-532\"><img data-recalc-dims=\"1\" loading=\"lazy\" decoding=\"async\" width=\"341\" height=\"356\" data-attachment-id=\"1123\" data-permalink=\"https:\/\/pfc-eu.com\/sv\/media-icon-button-12\/\" data-orig-file=\"https:\/\/i0.wp.com\/pfc-eu.com\/wp-content\/uploads\/2020\/10\/media-icon-button.png?fit=341%2C356&amp;ssl=1\" data-orig-size=\"341,356\" data-comments-opened=\"1\" data-image-meta=\"{&quot;aperture&quot;:&quot;0&quot;,&quot;credit&quot;:&quot;&quot;,&quot;camera&quot;:&quot;&quot;,&quot;caption&quot;:&quot;&quot;,&quot;created_timestamp&quot;:&quot;0&quot;,&quot;copyright&quot;:&quot;&quot;,&quot;focal_length&quot;:&quot;0&quot;,&quot;iso&quot;:&quot;0&quot;,&quot;shutter_speed&quot;:&quot;0&quot;,&quot;title&quot;:&quot;&quot;,&quot;orientation&quot;:&quot;0&quot;}\" data-image-title=\"media-icon-button\" data-image-description=\"\" data-image-caption=\"\" data-medium-file=\"https:\/\/i0.wp.com\/pfc-eu.com\/wp-content\/uploads\/2020\/10\/media-icon-button.png?fit=287%2C300&amp;ssl=1\" data-large-file=\"https:\/\/i0.wp.com\/pfc-eu.com\/wp-content\/uploads\/2020\/10\/media-icon-button.png?fit=341%2C356&amp;ssl=1\" src=\"https:\/\/i0.wp.com\/pfc-eu.com\/wp-content\/uploads\/2020\/10\/media-icon-button.png?resize=341%2C356&#038;ssl=1\" alt=\"\" class=\"wp-image-1123\"\/><\/a><figcaption class=\"wp-element-caption\">Media Center<\/figcaption><\/figure>\n<\/div>","protected":false},"excerpt":{"rendered":"<p>Balning av h\u00f6 eller halm \u00e4r extremt v\u00e4derberoende. Om du l\u00e4mnar h\u00f6 f\u00f6r l\u00e4nge innan balning kommer det att f\u00f6rlora kvalitet och avkastning. Balar f\u00f6r tidigt och vid fuktniv\u00e5er \u00f6ver 15% riskerar du att balarna v\u00e4rms upp och i v\u00e4rsta fall sj\u00e4lvant\u00e4nds. Utan konserveringsmedel kommer m\u00f6gel ocks\u00e5 att utvecklas vilket resulterar i damm och f\u00f6rlust av bal<a class=\"more-link\" href=\"https:\/\/pfc-eu.com\/sv\/mf-buffered-acid-balers-choice-preservative\/\">Forts\u00e4tt l\u00e4sa <span class=\"screen-reader-text\">\u201cPFC Agri Solutions HarvestPro buffrat surt h\u00f6konserveringsmedel\u201d<\/span><\/a><\/p>","protected":false},"author":192351622,"featured_media":0,"parent":0,"menu_order":0,"comment_status":"closed","ping_status":"closed","template":"","meta":{"_coblocks_attr":"","_coblocks_dimensions":"","_coblocks_responsive_height":"","_coblocks_accordion_ie_support":"","_crdt_document":"","_uag_custom_page_level_css":"","jetpack_post_was_ever_published":false,"footnotes":""},"class_list":["post-1556","page","type-page","status-publish","hentry","entry"],"yoast_head":"<!-- This site is optimized with the Yoast SEO plugin v27.3 - https:\/\/yoast.com\/product\/yoast-seo-wordpress\/ -->\n<title>PFC Agri Solutions HarvestPro Buffered Acid Hay Preservative - PFC Ltd<\/title>\n<meta name=\"description\" content=\"Baler&#039;s Choice hay preservative\" \/>\n<meta name=\"robots\" content=\"index, follow, max-snippet:-1, max-image-preview:large, max-video-preview:-1\" \/>\n<link rel=\"canonical\" href=\"https:\/\/pfc-eu.com\/sv\/mf-buffered-acid-balers-choice-preservative\/\" \/>\n<meta property=\"og:locale\" content=\"sv_SE\" \/>\n<meta property=\"og:type\" content=\"article\" \/>\n<meta property=\"og:title\" content=\"PFC Agri Solutions HarvestPro Buffered Acid Hay Preservative - PFC Ltd\" \/>\n<meta property=\"og:description\" content=\"Baler&#039;s Choice hay preservative\" \/>\n<meta property=\"og:url\" content=\"https:\/\/pfc-eu.com\/sv\/mf-buffered-acid-balers-choice-preservative\/\" \/>\n<meta property=\"og:site_name\" content=\"PFC Ltd\" \/>\n<meta property=\"article:modified_time\" content=\"2024-12-17T11:56:50+00:00\" \/>\n<meta property=\"og:image\" content=\"https:\/\/pfc-eu.com\/wp-content\/uploads\/2020\/10\/mf-app-chart.png?w=1024\" \/>\n<meta name=\"twitter:card\" content=\"summary_large_image\" \/>\n<meta name=\"twitter:label1\" content=\"Ber\u00e4knad l\u00e4stid\" \/>\n\t<meta name=\"twitter:data1\" content=\"3 minuter\" \/>\n<script type=\"application\/ld+json\" class=\"yoast-schema-graph\">{\"@context\":\"https:\\\/\\\/schema.org\",\"@graph\":[{\"@type\":\"WebPage\",\"@id\":\"https:\\\/\\\/pfc-eu.com\\\/mf-buffered-acid-balers-choice-preservative\\\/\",\"url\":\"https:\\\/\\\/pfc-eu.com\\\/mf-buffered-acid-balers-choice-preservative\\\/\",\"name\":\"PFC Agri Solutions HarvestPro Buffered Acid Hay Preservative - PFC Ltd\",\"isPartOf\":{\"@id\":\"https:\\\/\\\/pfc-eu.com\\\/#website\"},\"primaryImageOfPage\":{\"@id\":\"https:\\\/\\\/pfc-eu.com\\\/mf-buffered-acid-balers-choice-preservative\\\/#primaryimage\"},\"image\":{\"@id\":\"https:\\\/\\\/pfc-eu.com\\\/mf-buffered-acid-balers-choice-preservative\\\/#primaryimage\"},\"thumbnailUrl\":\"https:\\\/\\\/pfc-eu.com\\\/wp-content\\\/uploads\\\/2020\\\/10\\\/mf-app-chart.png?w=1024\",\"datePublished\":\"2020-10-07T16:57:50+00:00\",\"dateModified\":\"2024-12-17T11:56:50+00:00\",\"description\":\"Baler's Choice hay preservative\",\"breadcrumb\":{\"@id\":\"https:\\\/\\\/pfc-eu.com\\\/mf-buffered-acid-balers-choice-preservative\\\/#breadcrumb\"},\"inLanguage\":\"sv-SE\",\"potentialAction\":[{\"@type\":\"ReadAction\",\"target\":[\"https:\\\/\\\/pfc-eu.com\\\/mf-buffered-acid-balers-choice-preservative\\\/\"]}]},{\"@type\":\"ImageObject\",\"inLanguage\":\"sv-SE\",\"@id\":\"https:\\\/\\\/pfc-eu.com\\\/mf-buffered-acid-balers-choice-preservative\\\/#primaryimage\",\"url\":\"https:\\\/\\\/pfc-eu.com\\\/wp-content\\\/uploads\\\/2020\\\/10\\\/mf-app-chart.png?w=1024\",\"contentUrl\":\"https:\\\/\\\/pfc-eu.com\\\/wp-content\\\/uploads\\\/2020\\\/10\\\/mf-app-chart.png?w=1024\"},{\"@type\":\"BreadcrumbList\",\"@id\":\"https:\\\/\\\/pfc-eu.com\\\/mf-buffered-acid-balers-choice-preservative\\\/#breadcrumb\",\"itemListElement\":[{\"@type\":\"ListItem\",\"position\":1,\"name\":\"Home\",\"item\":\"https:\\\/\\\/pfc-eu.com\\\/\"},{\"@type\":\"ListItem\",\"position\":2,\"name\":\"PFC Agri Solutions HarvestPro Buffered Acid Hay Preservative\"}]},{\"@type\":\"WebSite\",\"@id\":\"https:\\\/\\\/pfc-eu.com\\\/#website\",\"url\":\"https:\\\/\\\/pfc-eu.com\\\/\",\"name\":\"PFC Ltd\",\"description\":\"Precision, Quality, Service\",\"publisher\":{\"@id\":\"https:\\\/\\\/pfc-eu.com\\\/#organization\"},\"potentialAction\":[{\"@type\":\"SearchAction\",\"target\":{\"@type\":\"EntryPoint\",\"urlTemplate\":\"https:\\\/\\\/pfc-eu.com\\\/?s={search_term_string}\"},\"query-input\":{\"@type\":\"PropertyValueSpecification\",\"valueRequired\":true,\"valueName\":\"search_term_string\"}}],\"inLanguage\":\"sv-SE\"},{\"@type\":\"Organization\",\"@id\":\"https:\\\/\\\/pfc-eu.com\\\/#organization\",\"name\":\"PFC Ltd\",\"url\":\"https:\\\/\\\/pfc-eu.com\\\/\",\"logo\":{\"@type\":\"ImageObject\",\"inLanguage\":\"sv-SE\",\"@id\":\"https:\\\/\\\/pfc-eu.com\\\/#\\\/schema\\\/logo\\\/image\\\/\",\"url\":\"https:\\\/\\\/i0.wp.com\\\/pfc-eu.com\\\/wp-content\\\/uploads\\\/2022\\\/09\\\/cropped-cropped-pfc-agri-solutions-no-background-resized.png?fit=500%2C95&ssl=1\",\"contentUrl\":\"https:\\\/\\\/i0.wp.com\\\/pfc-eu.com\\\/wp-content\\\/uploads\\\/2022\\\/09\\\/cropped-cropped-pfc-agri-solutions-no-background-resized.png?fit=500%2C95&ssl=1\",\"width\":500,\"height\":95,\"caption\":\"PFC Ltd\"},\"image\":{\"@id\":\"https:\\\/\\\/pfc-eu.com\\\/#\\\/schema\\\/logo\\\/image\\\/\"}}]}<\/script>\n<!-- \/ Yoast SEO plugin. -->","yoast_head_json":{"title":"PFC Agri Solutions HarvestPro Buffered Acid Hay Preservative - PFC Ltd","description":"Baler's Choice hay preservative","robots":{"index":"index","follow":"follow","max-snippet":"max-snippet:-1","max-image-preview":"max-image-preview:large","max-video-preview":"max-video-preview:-1"},"canonical":"https:\/\/pfc-eu.com\/sv\/mf-buffered-acid-balers-choice-preservative\/","og_locale":"sv_SE","og_type":"article","og_title":"PFC Agri Solutions HarvestPro Buffered Acid Hay Preservative - PFC Ltd","og_description":"Baler's Choice hay preservative","og_url":"https:\/\/pfc-eu.com\/sv\/mf-buffered-acid-balers-choice-preservative\/","og_site_name":"PFC Ltd","article_modified_time":"2024-12-17T11:56:50+00:00","og_image":[{"url":"https:\/\/pfc-eu.com\/wp-content\/uploads\/2020\/10\/mf-app-chart.png?w=1024","type":"","width":"","height":""}],"twitter_card":"summary_large_image","twitter_misc":{"Ber\u00e4knad l\u00e4stid":"3 minuter"},"schema":{"@context":"https:\/\/schema.org","@graph":[{"@type":"WebPage","@id":"https:\/\/pfc-eu.com\/mf-buffered-acid-balers-choice-preservative\/","url":"https:\/\/pfc-eu.com\/mf-buffered-acid-balers-choice-preservative\/","name":"PFC Agri Solutions HarvestPro Buffered Acid Hay Preservative - PFC Ltd","isPartOf":{"@id":"https:\/\/pfc-eu.com\/#website"},"primaryImageOfPage":{"@id":"https:\/\/pfc-eu.com\/mf-buffered-acid-balers-choice-preservative\/#primaryimage"},"image":{"@id":"https:\/\/pfc-eu.com\/mf-buffered-acid-balers-choice-preservative\/#primaryimage"},"thumbnailUrl":"https:\/\/pfc-eu.com\/wp-content\/uploads\/2020\/10\/mf-app-chart.png?w=1024","datePublished":"2020-10-07T16:57:50+00:00","dateModified":"2024-12-17T11:56:50+00:00","description":"Baler's Choice hay preservative","breadcrumb":{"@id":"https:\/\/pfc-eu.com\/mf-buffered-acid-balers-choice-preservative\/#breadcrumb"},"inLanguage":"sv-SE","potentialAction":[{"@type":"ReadAction","target":["https:\/\/pfc-eu.com\/mf-buffered-acid-balers-choice-preservative\/"]}]},{"@type":"ImageObject","inLanguage":"sv-SE","@id":"https:\/\/pfc-eu.com\/mf-buffered-acid-balers-choice-preservative\/#primaryimage","url":"https:\/\/pfc-eu.com\/wp-content\/uploads\/2020\/10\/mf-app-chart.png?w=1024","contentUrl":"https:\/\/pfc-eu.com\/wp-content\/uploads\/2020\/10\/mf-app-chart.png?w=1024"},{"@type":"BreadcrumbList","@id":"https:\/\/pfc-eu.com\/mf-buffered-acid-balers-choice-preservative\/#breadcrumb","itemListElement":[{"@type":"ListItem","position":1,"name":"Home","item":"https:\/\/pfc-eu.com\/"},{"@type":"ListItem","position":2,"name":"PFC Agri Solutions HarvestPro Buffered Acid Hay Preservative"}]},{"@type":"WebSite","@id":"https:\/\/pfc-eu.com\/#website","url":"https:\/\/pfc-eu.com\/","name":"PFC Ltd","description":"Precision, kvalitet, service","publisher":{"@id":"https:\/\/pfc-eu.com\/#organization"},"potentialAction":[{"@type":"SearchAction","target":{"@type":"EntryPoint","urlTemplate":"https:\/\/pfc-eu.com\/?s={search_term_string}"},"query-input":{"@type":"PropertyValueSpecification","valueRequired":true,"valueName":"search_term_string"}}],"inLanguage":"sv-SE"},{"@type":"Organization","@id":"https:\/\/pfc-eu.com\/#organization","name":"PFC Ltd","url":"https:\/\/pfc-eu.com\/","logo":{"@type":"ImageObject","inLanguage":"sv-SE","@id":"https:\/\/pfc-eu.com\/#\/schema\/logo\/image\/","url":"https:\/\/i0.wp.com\/pfc-eu.com\/wp-content\/uploads\/2022\/09\/cropped-cropped-pfc-agri-solutions-no-background-resized.png?fit=500%2C95&ssl=1","contentUrl":"https:\/\/i0.wp.com\/pfc-eu.com\/wp-content\/uploads\/2022\/09\/cropped-cropped-pfc-agri-solutions-no-background-resized.png?fit=500%2C95&ssl=1","width":500,"height":95,"caption":"PFC Ltd"},"image":{"@id":"https:\/\/pfc-eu.com\/#\/schema\/logo\/image\/"}}]}},"uagb_featured_image_src":{"full":false,"thumbnail":false,"medium":false,"medium_large":false,"large":false,"1536x1536":false,"2048x2048":false,"trp-custom-language-flag":false,"newspack-article-block-landscape-large":false,"newspack-article-block-portrait-large":false,"newspack-article-block-square-large":false,"newspack-article-block-landscape-medium":false,"newspack-article-block-portrait-medium":false,"newspack-article-block-square-medium":false,"newspack-article-block-landscape-intermediate":false,"newspack-article-block-portrait-intermediate":false,"newspack-article-block-square-intermediate":false,"newspack-article-block-landscape-small":false,"newspack-article-block-portrait-small":false,"newspack-article-block-square-small":false,"newspack-article-block-landscape-tiny":false,"newspack-article-block-portrait-tiny":false,"newspack-article-block-square-tiny":false,"newspack-article-block-uncropped":false,"post-thumbnail":false},"uagb_author_info":{"display_name":"richard","author_link":"https:\/\/pfc-eu.com\/sv\/author\/richard\/"},"uagb_comment_info":0,"uagb_excerpt":"Baling hay or straw is extremely weather dependent. If you leave hay too long before baling, it will lose quality and yield. Baled too early and at moisture levels above 15%, you risk bales heating up and at worst spontaneously combusting. Without preservative, moulds will also develop resulting in dust and a loss of baleForts\u00e4tt&hellip;","jetpack_likes_enabled":true,"jetpack_sharing_enabled":true,"jetpack_shortlink":"https:\/\/wp.me\/Pck1DT-p6","jetpack-related-posts":[],"_links":{"self":[{"href":"https:\/\/pfc-eu.com\/sv\/wp-json\/wp\/v2\/pages\/1556","targetHints":{"allow":["GET"]}}],"collection":[{"href":"https:\/\/pfc-eu.com\/sv\/wp-json\/wp\/v2\/pages"}],"about":[{"href":"https:\/\/pfc-eu.com\/sv\/wp-json\/wp\/v2\/types\/page"}],"author":[{"embeddable":true,"href":"https:\/\/pfc-eu.com\/sv\/wp-json\/wp\/v2\/users\/192351622"}],"replies":[{"embeddable":true,"href":"https:\/\/pfc-eu.com\/sv\/wp-json\/wp\/v2\/comments?post=1556"}],"version-history":[{"count":18,"href":"https:\/\/pfc-eu.com\/sv\/wp-json\/wp\/v2\/pages\/1556\/revisions"}],"predecessor-version":[{"id":4022,"href":"https:\/\/pfc-eu.com\/sv\/wp-json\/wp\/v2\/pages\/1556\/revisions\/4022"}],"wp:attachment":[{"href":"https:\/\/pfc-eu.com\/sv\/wp-json\/wp\/v2\/media?parent=1556"}],"curies":[{"name":"wp","href":"https:\/\/api.w.org\/{rel}","templated":true}]}}