{"id":406,"date":"2020-10-06T18:42:29","date_gmt":"2020-10-06T17:42:29","guid":{"rendered":"https:\/\/pfc-eu.com\/?page_id=406"},"modified":"2024-03-13T16:48:23","modified_gmt":"2024-03-13T16:48:23","slug":"thirtyplus-moisture-sensor","status":"publish","type":"page","link":"https:\/\/pfc-eu.com\/ro\/thirtyplus-moisture-sensor\/","title":{"rendered":"Senzor de umiditate PFC Agri Solutions LB"},"content":{"rendered":"<div class=\"wp-block-media-text alignwide is-stacked-on-mobile\"><figure class=\"wp-block-media-text__media\"><img data-recalc-dims=\"1\" loading=\"lazy\" decoding=\"async\" width=\"446\" height=\"455\" data-attachment-id=\"402\" data-permalink=\"https:\/\/pfc-eu.com\/ro\/cgi-star-wheels\/\" data-orig-file=\"https:\/\/i0.wp.com\/pfc-eu.com\/wp-content\/uploads\/2020\/09\/cgi-star-wheels.png?fit=446%2C455&amp;ssl=1\" data-orig-size=\"446,455\" data-comments-opened=\"1\" data-image-meta=\"{&quot;aperture&quot;:&quot;0&quot;,&quot;credit&quot;:&quot;&quot;,&quot;camera&quot;:&quot;&quot;,&quot;caption&quot;:&quot;&quot;,&quot;created_timestamp&quot;:&quot;0&quot;,&quot;copyright&quot;:&quot;&quot;,&quot;focal_length&quot;:&quot;0&quot;,&quot;iso&quot;:&quot;0&quot;,&quot;shutter_speed&quot;:&quot;0&quot;,&quot;title&quot;:&quot;&quot;,&quot;orientation&quot;:&quot;0&quot;}\" data-image-title=\"cgi-star-wheels\" data-image-description=\"\" data-image-caption=\"\" data-medium-file=\"https:\/\/i0.wp.com\/pfc-eu.com\/wp-content\/uploads\/2020\/09\/cgi-star-wheels.png?fit=294%2C300&amp;ssl=1\" data-large-file=\"https:\/\/i0.wp.com\/pfc-eu.com\/wp-content\/uploads\/2020\/09\/cgi-star-wheels.png?fit=446%2C455&amp;ssl=1\" src=\"https:\/\/i0.wp.com\/pfc-eu.com\/wp-content\/uploads\/2020\/09\/cgi-star-wheels.png?resize=446%2C455&#038;ssl=1\" alt=\"\" class=\"wp-image-402 size-full\"\/><\/figure><div class=\"wp-block-media-text__content\">\n<p class=\"wp-block-paragraph\">Senzorul de umiditate PFC Agri Solutions este complet integrat \u00een sistemul LB. Umiditatea balotului este m\u0103surat\u0103 automat prin intermediul ro\u021bilor duble cu conductivitate, oferind operatorului o citire \u00een timp real a recoltei care contacteaz\u0103 senzorul \u0219i umiditatea medie a balotului precedent prin terminalul presei.<\/p>\n\n\n\n<p class=\"wp-block-paragraph\">Sistemul func\u021bioneaz\u0103 prin transmiterea unui semnal electric de mai multe ori pe secund\u0103 prin balot, acest semnal alternativ nu este afectat de uscarea inconsecvent\u0103 a brazdei cauzat\u0103 de direc\u021bia v\u00e2ntului<\/p>\n<\/div><\/div>\n\n\n\n<div class=\"wp-block-media-text alignwide has-media-on-the-right is-image-fill is-stacked-on-mobile\" style=\"grid-template-columns:auto 24%\"><div class=\"wp-block-media-text__content\">\n<p class=\"wp-block-paragraph\">Folosind senzori gemeni \u0219i m\u0103sur\u00e2nd rezisten\u021ba de tensiune dintre ace\u0219tia, sistemul m\u0103soar\u0103 cu precizie umiditatea blocat\u0103 \u00een interiorul tijei, care este ascuns\u0103 de sistemele de tampon \u0219i de sond\u0103 manual\u0103.<\/p>\n\n\n\n<p class=\"wp-block-paragraph\">Folosirea ro\u021bii duble cu stea ofer\u0103 o precizie de neegalat datorit\u0103 transferului s\u0103u extrem de eficient de energie electric\u0103 prin balot, acest sistem se auto-calibreaz\u0103 \u0219i nu necesit\u0103 ajustare de c\u0103tre operator pe m\u0103sur\u0103 ce densitatea balotului se modific\u0103, are o gam\u0103 de lucru \u00eentre 8-70%<\/p>\n\n\n\n<p class=\"wp-block-paragraph\">Sistemele de umiditate pot fi modernizate pentru a opera echipamente automate de aplicare \u0219i de urm\u0103rire a baloturilor<\/p>\n<\/div><figure class=\"wp-block-media-text__media\" style=\"background-image:url(https:\/\/pfc-eu.com\/wp-content\/uploads\/2020\/09\/20150505_085009.jpg?w=576);background-position:50% 50%\"><img data-recalc-dims=\"1\" loading=\"lazy\" decoding=\"async\" width=\"750\" height=\"1334\" data-attachment-id=\"398\" data-permalink=\"https:\/\/pfc-eu.com\/ro\/20150505_085009\/\" data-orig-file=\"https:\/\/i0.wp.com\/pfc-eu.com\/wp-content\/uploads\/2020\/09\/20150505_085009.jpg?fit=2320%2C4128&amp;ssl=1\" data-orig-size=\"2320,4128\" data-comments-opened=\"1\" data-image-meta=\"{&quot;aperture&quot;:&quot;2.2&quot;,&quot;credit&quot;:&quot;&quot;,&quot;camera&quot;:&quot;GT-I9505&quot;,&quot;caption&quot;:&quot;&quot;,&quot;created_timestamp&quot;:&quot;1430815809&quot;,&quot;copyright&quot;:&quot;&quot;,&quot;focal_length&quot;:&quot;4.2&quot;,&quot;iso&quot;:&quot;200&quot;,&quot;shutter_speed&quot;:&quot;0.058823529411765&quot;,&quot;title&quot;:&quot;&quot;,&quot;orientation&quot;:&quot;1&quot;}\" data-image-title=\"20150505_085009\" data-image-description=\"\" data-image-caption=\"\" data-medium-file=\"https:\/\/i0.wp.com\/pfc-eu.com\/wp-content\/uploads\/2020\/09\/20150505_085009.jpg?fit=169%2C300&amp;ssl=1\" data-large-file=\"https:\/\/i0.wp.com\/pfc-eu.com\/wp-content\/uploads\/2020\/09\/20150505_085009.jpg?fit=576%2C1024&amp;ssl=1\" src=\"https:\/\/i0.wp.com\/pfc-eu.com\/wp-content\/uploads\/2020\/09\/20150505_085009.jpg?resize=750%2C1334&#038;ssl=1\" alt=\"\" class=\"wp-image-398 size-full\"\/><\/figure><\/div>\n\n\n\n<figure class=\"wp-block-image size-large is-resized is-style-default\"><img data-recalc-dims=\"1\" loading=\"lazy\" decoding=\"async\" width=\"750\" height=\"422\" data-attachment-id=\"400\" data-permalink=\"https:\/\/pfc-eu.com\/ro\/moisture-meter-accuracy-comparision\/\" data-orig-file=\"https:\/\/i0.wp.com\/pfc-eu.com\/wp-content\/uploads\/2020\/09\/moisture-meter-accuracy-comparision.jpg?fit=1280%2C720&amp;ssl=1\" data-orig-size=\"1280,720\" data-comments-opened=\"1\" data-image-meta=\"{&quot;aperture&quot;:&quot;0&quot;,&quot;credit&quot;:&quot;&quot;,&quot;camera&quot;:&quot;&quot;,&quot;caption&quot;:&quot;&quot;,&quot;created_timestamp&quot;:&quot;0&quot;,&quot;copyright&quot;:&quot;&quot;,&quot;focal_length&quot;:&quot;0&quot;,&quot;iso&quot;:&quot;0&quot;,&quot;shutter_speed&quot;:&quot;0&quot;,&quot;title&quot;:&quot;&quot;,&quot;orientation&quot;:&quot;0&quot;}\" data-image-title=\"moisture-meter-accuracy-comparision\" data-image-description=\"\" data-image-caption=\"\" data-medium-file=\"https:\/\/i0.wp.com\/pfc-eu.com\/wp-content\/uploads\/2020\/09\/moisture-meter-accuracy-comparision.jpg?fit=300%2C169&amp;ssl=1\" data-large-file=\"https:\/\/i0.wp.com\/pfc-eu.com\/wp-content\/uploads\/2020\/09\/moisture-meter-accuracy-comparision.jpg?fit=750%2C422&amp;ssl=1\" src=\"https:\/\/i0.wp.com\/pfc-eu.com\/wp-content\/uploads\/2020\/09\/moisture-meter-accuracy-comparision.jpg?resize=750%2C422&#038;ssl=1\" alt=\"\" class=\"wp-image-400\" style=\"width:1450px;height:815px\"\/><figcaption class=\"wp-element-caption\">Precizia ro\u021bii cu stea +\/-1% \u00een domeniul critic de balotat f\u00e2n \u0219i paie.<\/figcaption><\/figure>\n\n\n<div class=\"wp-block-image\">\n<figure class=\"alignleft size-large is-resized\"><a href=\"\/ro\/thirtyplus-lb-series-automatic-applicator\/\"><img data-recalc-dims=\"1\" loading=\"lazy\" decoding=\"async\" width=\"218\" height=\"216\" data-attachment-id=\"1330\" data-permalink=\"https:\/\/pfc-eu.com\/ro\/nozzle-icon-button-1-2-2\/\" data-orig-file=\"https:\/\/i0.wp.com\/pfc-eu.com\/wp-content\/uploads\/2020\/10\/nozzle-icon-button-1-2.png?fit=218%2C216&amp;ssl=1\" data-orig-size=\"218,216\" data-comments-opened=\"1\" data-image-meta=\"{&quot;aperture&quot;:&quot;0&quot;,&quot;credit&quot;:&quot;&quot;,&quot;camera&quot;:&quot;&quot;,&quot;caption&quot;:&quot;&quot;,&quot;created_timestamp&quot;:&quot;0&quot;,&quot;copyright&quot;:&quot;&quot;,&quot;focal_length&quot;:&quot;0&quot;,&quot;iso&quot;:&quot;0&quot;,&quot;shutter_speed&quot;:&quot;0&quot;,&quot;title&quot;:&quot;&quot;,&quot;orientation&quot;:&quot;0&quot;}\" data-image-title=\"nozzle-icon-button-1-2\" data-image-description=\"\" data-image-caption=\"\" data-medium-file=\"https:\/\/i0.wp.com\/pfc-eu.com\/wp-content\/uploads\/2020\/10\/nozzle-icon-button-1-2.png?fit=218%2C216&amp;ssl=1\" data-large-file=\"https:\/\/i0.wp.com\/pfc-eu.com\/wp-content\/uploads\/2020\/10\/nozzle-icon-button-1-2.png?fit=218%2C216&amp;ssl=1\" src=\"https:\/\/i0.wp.com\/pfc-eu.com\/wp-content\/uploads\/2020\/10\/nozzle-icon-button-1-2.png?resize=218%2C216&#038;ssl=1\" alt=\"\" class=\"wp-image-1330\" style=\"width:200px;height:200px\"\/><\/a><figcaption class=\"wp-element-caption\">Echipamente de aplicare<\/figcaption><\/figure>\n<\/div>\n\n<div class=\"wp-block-image\">\n<figure class=\"alignleft size-large is-resized\"><a href=\"\/ro\/thirtyplus-bale-management\/\"><img data-recalc-dims=\"1\" loading=\"lazy\" decoding=\"async\" width=\"341\" height=\"337\" data-attachment-id=\"1328\" data-permalink=\"https:\/\/pfc-eu.com\/ro\/bale-manegmant-icon-sqaure-button\/\" data-orig-file=\"https:\/\/i0.wp.com\/pfc-eu.com\/wp-content\/uploads\/2020\/10\/bale-manegmant-icon-sqaure-button.png?fit=341%2C337&amp;ssl=1\" data-orig-size=\"341,337\" data-comments-opened=\"1\" data-image-meta=\"{&quot;aperture&quot;:&quot;0&quot;,&quot;credit&quot;:&quot;&quot;,&quot;camera&quot;:&quot;&quot;,&quot;caption&quot;:&quot;&quot;,&quot;created_timestamp&quot;:&quot;0&quot;,&quot;copyright&quot;:&quot;&quot;,&quot;focal_length&quot;:&quot;0&quot;,&quot;iso&quot;:&quot;0&quot;,&quot;shutter_speed&quot;:&quot;0&quot;,&quot;title&quot;:&quot;&quot;,&quot;orientation&quot;:&quot;0&quot;}\" data-image-title=\"bale-manegmant-icon-sqaure-button\" data-image-description=\"\" data-image-caption=\"\" data-medium-file=\"https:\/\/i0.wp.com\/pfc-eu.com\/wp-content\/uploads\/2020\/10\/bale-manegmant-icon-sqaure-button.png?fit=300%2C296&amp;ssl=1\" data-large-file=\"https:\/\/i0.wp.com\/pfc-eu.com\/wp-content\/uploads\/2020\/10\/bale-manegmant-icon-sqaure-button.png?fit=341%2C337&amp;ssl=1\" src=\"https:\/\/i0.wp.com\/pfc-eu.com\/wp-content\/uploads\/2020\/10\/bale-manegmant-icon-sqaure-button.png?resize=341%2C337&#038;ssl=1\" alt=\"\" class=\"wp-image-1328\" style=\"width:200px;height:200px\"\/><\/a><figcaption class=\"wp-element-caption\">Managementul baloturilor<\/figcaption><\/figure>\n<\/div>\n\n<div class=\"wp-block-image\">\n<figure class=\"alignleft size-large is-resized\"><a href=\"\/ro\/thirtyplus-preservative\/\"><img data-recalc-dims=\"1\" loading=\"lazy\" decoding=\"async\" width=\"340\" height=\"340\" data-attachment-id=\"1333\" data-permalink=\"https:\/\/pfc-eu.com\/ro\/preservative-icon-1-button-3\/\" data-orig-file=\"https:\/\/i0.wp.com\/pfc-eu.com\/wp-content\/uploads\/2020\/10\/preservative-icon-1-button.png?fit=340%2C340&amp;ssl=1\" data-orig-size=\"340,340\" data-comments-opened=\"1\" data-image-meta=\"{&quot;aperture&quot;:&quot;0&quot;,&quot;credit&quot;:&quot;&quot;,&quot;camera&quot;:&quot;&quot;,&quot;caption&quot;:&quot;&quot;,&quot;created_timestamp&quot;:&quot;0&quot;,&quot;copyright&quot;:&quot;&quot;,&quot;focal_length&quot;:&quot;0&quot;,&quot;iso&quot;:&quot;0&quot;,&quot;shutter_speed&quot;:&quot;0&quot;,&quot;title&quot;:&quot;&quot;,&quot;orientation&quot;:&quot;0&quot;}\" data-image-title=\"preservative-icon-1-button\" data-image-description=\"\" data-image-caption=\"\" data-medium-file=\"https:\/\/i0.wp.com\/pfc-eu.com\/wp-content\/uploads\/2020\/10\/preservative-icon-1-button.png?fit=300%2C300&amp;ssl=1\" data-large-file=\"https:\/\/i0.wp.com\/pfc-eu.com\/wp-content\/uploads\/2020\/10\/preservative-icon-1-button.png?fit=340%2C340&amp;ssl=1\" src=\"https:\/\/i0.wp.com\/pfc-eu.com\/wp-content\/uploads\/2020\/10\/preservative-icon-1-button.png?resize=340%2C340&#038;ssl=1\" alt=\"\" class=\"wp-image-1333\" style=\"width:200px;height:200px\"\/><\/a><figcaption class=\"wp-element-caption\">Conservant<\/figcaption><\/figure>\n<\/div>\n\n<div class=\"wp-block-image\">\n<figure class=\"alignleft size-large is-resized\"><a href=\"\/ro\/thirtyplus-media-centre\/\"><img data-recalc-dims=\"1\" loading=\"lazy\" decoding=\"async\" width=\"341\" height=\"356\" data-attachment-id=\"1335\" data-permalink=\"https:\/\/pfc-eu.com\/ro\/media-icon-button-1-2\/\" data-orig-file=\"https:\/\/i0.wp.com\/pfc-eu.com\/wp-content\/uploads\/2020\/10\/media-icon-button-1.png?fit=341%2C356&amp;ssl=1\" data-orig-size=\"341,356\" data-comments-opened=\"1\" data-image-meta=\"{&quot;aperture&quot;:&quot;0&quot;,&quot;credit&quot;:&quot;&quot;,&quot;camera&quot;:&quot;&quot;,&quot;caption&quot;:&quot;&quot;,&quot;created_timestamp&quot;:&quot;0&quot;,&quot;copyright&quot;:&quot;&quot;,&quot;focal_length&quot;:&quot;0&quot;,&quot;iso&quot;:&quot;0&quot;,&quot;shutter_speed&quot;:&quot;0&quot;,&quot;title&quot;:&quot;&quot;,&quot;orientation&quot;:&quot;0&quot;}\" data-image-title=\"media-icon-button-1\" data-image-description=\"\" data-image-caption=\"\" data-medium-file=\"https:\/\/i0.wp.com\/pfc-eu.com\/wp-content\/uploads\/2020\/10\/media-icon-button-1.png?fit=287%2C300&amp;ssl=1\" data-large-file=\"https:\/\/i0.wp.com\/pfc-eu.com\/wp-content\/uploads\/2020\/10\/media-icon-button-1.png?fit=341%2C356&amp;ssl=1\" src=\"https:\/\/i0.wp.com\/pfc-eu.com\/wp-content\/uploads\/2020\/10\/media-icon-button-1.png?resize=341%2C356&#038;ssl=1\" alt=\"\" class=\"wp-image-1335\" style=\"width:200px;height:200px\"\/><\/a><figcaption class=\"wp-element-caption\">Media Center<\/figcaption><\/figure>\n<\/div>","protected":false},"excerpt":{"rendered":"<p>Senzorul de umiditate PFC Agri Solutions este complet integrat \u00een sistemul LB. Umiditatea balo\u021bilor este m\u0103surat\u0103 automat prin intermediul unor ro\u021bi duble cu conductivitate \u00een stea, oferind operatorului o citire \u00een timp real a culturii care intr\u0103 \u00een contact cu senzorul \u0219i umiditatea medie a balotului precedent prin intermediul terminalului presei de balotat. Sistemul func\u021bioneaz\u0103 prin transmiterea unui semnal electric de mai multe ori.<a class=\"more-link\" href=\"https:\/\/pfc-eu.com\/ro\/thirtyplus-moisture-sensor\/\">Continu\u0103 lectura <span class=\"screen-reader-text\">\u201eSenzor de umiditate PFC Agri Solutions LB\u201d<\/span><\/a><\/p>","protected":false},"author":192351622,"featured_media":0,"parent":0,"menu_order":0,"comment_status":"closed","ping_status":"closed","template":"","meta":{"_coblocks_attr":"","_coblocks_dimensions":"","_coblocks_responsive_height":"","_coblocks_accordion_ie_support":"","_crdt_document":"","_uag_custom_page_level_css":"","jetpack_post_was_ever_published":false,"footnotes":""},"class_list":["post-406","page","type-page","status-publish","hentry","entry"],"yoast_head":"<!-- This site is optimized with the Yoast SEO plugin v27.3 - https:\/\/yoast.com\/product\/yoast-seo-wordpress\/ -->\n<title>PFC Agri Solutions LB Moisture Sensor - PFC Ltd<\/title>\n<meta name=\"description\" content=\"Case moisture meter\" \/>\n<meta name=\"robots\" content=\"index, follow, max-snippet:-1, max-image-preview:large, max-video-preview:-1\" \/>\n<link rel=\"canonical\" href=\"https:\/\/pfc-eu.com\/ro\/thirtyplus-moisture-sensor\/\" \/>\n<meta property=\"og:locale\" content=\"ro_RO\" \/>\n<meta property=\"og:type\" content=\"article\" \/>\n<meta property=\"og:title\" content=\"PFC Agri Solutions LB Moisture Sensor - PFC Ltd\" \/>\n<meta property=\"og:description\" content=\"Case moisture meter\" \/>\n<meta property=\"og:url\" content=\"https:\/\/pfc-eu.com\/ro\/thirtyplus-moisture-sensor\/\" \/>\n<meta property=\"og:site_name\" content=\"PFC Ltd\" \/>\n<meta property=\"article:modified_time\" content=\"2024-03-13T16:48:23+00:00\" \/>\n<meta property=\"og:image\" content=\"https:\/\/pfc-eu.com\/wp-content\/uploads\/2020\/09\/cgi-star-wheels.png?w=446\" \/>\n<meta name=\"twitter:card\" content=\"summary_large_image\" \/>\n<meta name=\"twitter:label1\" content=\"Timp estimat pentru citire\" \/>\n\t<meta name=\"twitter:data1\" content=\"3 minute\" \/>\n<script type=\"application\/ld+json\" class=\"yoast-schema-graph\">{\"@context\":\"https:\\\/\\\/schema.org\",\"@graph\":[{\"@type\":\"WebPage\",\"@id\":\"https:\\\/\\\/pfc-eu.com\\\/thirtyplus-moisture-sensor\\\/\",\"url\":\"https:\\\/\\\/pfc-eu.com\\\/thirtyplus-moisture-sensor\\\/\",\"name\":\"PFC Agri Solutions LB Moisture Sensor - PFC Ltd\",\"isPartOf\":{\"@id\":\"https:\\\/\\\/pfc-eu.com\\\/#website\"},\"primaryImageOfPage\":{\"@id\":\"https:\\\/\\\/pfc-eu.com\\\/thirtyplus-moisture-sensor\\\/#primaryimage\"},\"image\":{\"@id\":\"https:\\\/\\\/pfc-eu.com\\\/thirtyplus-moisture-sensor\\\/#primaryimage\"},\"thumbnailUrl\":\"https:\\\/\\\/pfc-eu.com\\\/wp-content\\\/uploads\\\/2020\\\/09\\\/cgi-star-wheels.png?w=446\",\"datePublished\":\"2020-10-06T17:42:29+00:00\",\"dateModified\":\"2024-03-13T16:48:23+00:00\",\"description\":\"Case moisture meter\",\"breadcrumb\":{\"@id\":\"https:\\\/\\\/pfc-eu.com\\\/thirtyplus-moisture-sensor\\\/#breadcrumb\"},\"inLanguage\":\"ro-RO\",\"potentialAction\":[{\"@type\":\"ReadAction\",\"target\":[\"https:\\\/\\\/pfc-eu.com\\\/thirtyplus-moisture-sensor\\\/\"]}]},{\"@type\":\"ImageObject\",\"inLanguage\":\"ro-RO\",\"@id\":\"https:\\\/\\\/pfc-eu.com\\\/thirtyplus-moisture-sensor\\\/#primaryimage\",\"url\":\"https:\\\/\\\/pfc-eu.com\\\/wp-content\\\/uploads\\\/2020\\\/09\\\/cgi-star-wheels.png?w=446\",\"contentUrl\":\"https:\\\/\\\/pfc-eu.com\\\/wp-content\\\/uploads\\\/2020\\\/09\\\/cgi-star-wheels.png?w=446\"},{\"@type\":\"BreadcrumbList\",\"@id\":\"https:\\\/\\\/pfc-eu.com\\\/thirtyplus-moisture-sensor\\\/#breadcrumb\",\"itemListElement\":[{\"@type\":\"ListItem\",\"position\":1,\"name\":\"Home\",\"item\":\"https:\\\/\\\/pfc-eu.com\\\/\"},{\"@type\":\"ListItem\",\"position\":2,\"name\":\"PFC Agri Solutions LB Moisture Sensor\"}]},{\"@type\":\"WebSite\",\"@id\":\"https:\\\/\\\/pfc-eu.com\\\/#website\",\"url\":\"https:\\\/\\\/pfc-eu.com\\\/\",\"name\":\"PFC Ltd\",\"description\":\"Precision, Quality, Service\",\"publisher\":{\"@id\":\"https:\\\/\\\/pfc-eu.com\\\/#organization\"},\"potentialAction\":[{\"@type\":\"SearchAction\",\"target\":{\"@type\":\"EntryPoint\",\"urlTemplate\":\"https:\\\/\\\/pfc-eu.com\\\/?s={search_term_string}\"},\"query-input\":{\"@type\":\"PropertyValueSpecification\",\"valueRequired\":true,\"valueName\":\"search_term_string\"}}],\"inLanguage\":\"ro-RO\"},{\"@type\":\"Organization\",\"@id\":\"https:\\\/\\\/pfc-eu.com\\\/#organization\",\"name\":\"PFC Ltd\",\"url\":\"https:\\\/\\\/pfc-eu.com\\\/\",\"logo\":{\"@type\":\"ImageObject\",\"inLanguage\":\"ro-RO\",\"@id\":\"https:\\\/\\\/pfc-eu.com\\\/#\\\/schema\\\/logo\\\/image\\\/\",\"url\":\"https:\\\/\\\/i0.wp.com\\\/pfc-eu.com\\\/wp-content\\\/uploads\\\/2022\\\/09\\\/cropped-cropped-pfc-agri-solutions-no-background-resized.png?fit=500%2C95&ssl=1\",\"contentUrl\":\"https:\\\/\\\/i0.wp.com\\\/pfc-eu.com\\\/wp-content\\\/uploads\\\/2022\\\/09\\\/cropped-cropped-pfc-agri-solutions-no-background-resized.png?fit=500%2C95&ssl=1\",\"width\":500,\"height\":95,\"caption\":\"PFC Ltd\"},\"image\":{\"@id\":\"https:\\\/\\\/pfc-eu.com\\\/#\\\/schema\\\/logo\\\/image\\\/\"}}]}<\/script>\n<!-- \/ Yoast SEO plugin. -->","yoast_head_json":{"title":"PFC Agri Solutions LB Moisture Sensor - PFC Ltd","description":"Case moisture meter","robots":{"index":"index","follow":"follow","max-snippet":"max-snippet:-1","max-image-preview":"max-image-preview:large","max-video-preview":"max-video-preview:-1"},"canonical":"https:\/\/pfc-eu.com\/ro\/thirtyplus-moisture-sensor\/","og_locale":"ro_RO","og_type":"article","og_title":"PFC Agri Solutions LB Moisture Sensor - PFC Ltd","og_description":"Case moisture meter","og_url":"https:\/\/pfc-eu.com\/ro\/thirtyplus-moisture-sensor\/","og_site_name":"PFC Ltd","article_modified_time":"2024-03-13T16:48:23+00:00","og_image":[{"url":"https:\/\/pfc-eu.com\/wp-content\/uploads\/2020\/09\/cgi-star-wheels.png?w=446","type":"","width":"","height":""}],"twitter_card":"summary_large_image","twitter_misc":{"Timp estimat pentru citire":"3 minute"},"schema":{"@context":"https:\/\/schema.org","@graph":[{"@type":"WebPage","@id":"https:\/\/pfc-eu.com\/thirtyplus-moisture-sensor\/","url":"https:\/\/pfc-eu.com\/thirtyplus-moisture-sensor\/","name":"PFC Agri Solutions LB Moisture Sensor - PFC Ltd","isPartOf":{"@id":"https:\/\/pfc-eu.com\/#website"},"primaryImageOfPage":{"@id":"https:\/\/pfc-eu.com\/thirtyplus-moisture-sensor\/#primaryimage"},"image":{"@id":"https:\/\/pfc-eu.com\/thirtyplus-moisture-sensor\/#primaryimage"},"thumbnailUrl":"https:\/\/pfc-eu.com\/wp-content\/uploads\/2020\/09\/cgi-star-wheels.png?w=446","datePublished":"2020-10-06T17:42:29+00:00","dateModified":"2024-03-13T16:48:23+00:00","description":"Case moisture meter","breadcrumb":{"@id":"https:\/\/pfc-eu.com\/thirtyplus-moisture-sensor\/#breadcrumb"},"inLanguage":"ro-RO","potentialAction":[{"@type":"ReadAction","target":["https:\/\/pfc-eu.com\/thirtyplus-moisture-sensor\/"]}]},{"@type":"ImageObject","inLanguage":"ro-RO","@id":"https:\/\/pfc-eu.com\/thirtyplus-moisture-sensor\/#primaryimage","url":"https:\/\/pfc-eu.com\/wp-content\/uploads\/2020\/09\/cgi-star-wheels.png?w=446","contentUrl":"https:\/\/pfc-eu.com\/wp-content\/uploads\/2020\/09\/cgi-star-wheels.png?w=446"},{"@type":"BreadcrumbList","@id":"https:\/\/pfc-eu.com\/thirtyplus-moisture-sensor\/#breadcrumb","itemListElement":[{"@type":"ListItem","position":1,"name":"Home","item":"https:\/\/pfc-eu.com\/"},{"@type":"ListItem","position":2,"name":"PFC Agri Solutions LB Moisture Sensor"}]},{"@type":"WebSite","@id":"https:\/\/pfc-eu.com\/#website","url":"https:\/\/pfc-eu.com\/","name":"PFC Ltd","description":"Precizie, Calitate, Serviciu","publisher":{"@id":"https:\/\/pfc-eu.com\/#organization"},"potentialAction":[{"@type":"SearchAction","target":{"@type":"EntryPoint","urlTemplate":"https:\/\/pfc-eu.com\/?s={search_term_string}"},"query-input":{"@type":"PropertyValueSpecification","valueRequired":true,"valueName":"search_term_string"}}],"inLanguage":"ro-RO"},{"@type":"Organization","@id":"https:\/\/pfc-eu.com\/#organization","name":"PFC Ltd","url":"https:\/\/pfc-eu.com\/","logo":{"@type":"ImageObject","inLanguage":"ro-RO","@id":"https:\/\/pfc-eu.com\/#\/schema\/logo\/image\/","url":"https:\/\/i0.wp.com\/pfc-eu.com\/wp-content\/uploads\/2022\/09\/cropped-cropped-pfc-agri-solutions-no-background-resized.png?fit=500%2C95&ssl=1","contentUrl":"https:\/\/i0.wp.com\/pfc-eu.com\/wp-content\/uploads\/2022\/09\/cropped-cropped-pfc-agri-solutions-no-background-resized.png?fit=500%2C95&ssl=1","width":500,"height":95,"caption":"PFC Ltd"},"image":{"@id":"https:\/\/pfc-eu.com\/#\/schema\/logo\/image\/"}}]}},"uagb_featured_image_src":{"full":false,"thumbnail":false,"medium":false,"medium_large":false,"large":false,"1536x1536":false,"2048x2048":false,"trp-custom-language-flag":false,"newspack-article-block-landscape-large":false,"newspack-article-block-portrait-large":false,"newspack-article-block-square-large":false,"newspack-article-block-landscape-medium":false,"newspack-article-block-portrait-medium":false,"newspack-article-block-square-medium":false,"newspack-article-block-landscape-intermediate":false,"newspack-article-block-portrait-intermediate":false,"newspack-article-block-square-intermediate":false,"newspack-article-block-landscape-small":false,"newspack-article-block-portrait-small":false,"newspack-article-block-square-small":false,"newspack-article-block-landscape-tiny":false,"newspack-article-block-portrait-tiny":false,"newspack-article-block-square-tiny":false,"newspack-article-block-uncropped":false,"post-thumbnail":false},"uagb_author_info":{"display_name":"richard","author_link":"https:\/\/pfc-eu.com\/ro\/author\/richard\/"},"uagb_comment_info":0,"uagb_excerpt":"PFC Agri Solutions moisture sensor is fully integrated into the LB system. Bale moisture is automatically measured via twin conductivity star wheels giving the operator a live reading of the crop contacting the sensor and average moisture of the preceding bale via the baler terminal The system functions by transmitting an electrical signal multiple timesContinu\u0103&hellip;","jetpack_likes_enabled":true,"jetpack_sharing_enabled":true,"jetpack_shortlink":"https:\/\/wp.me\/Pck1DT-6y","jetpack-related-posts":[],"_links":{"self":[{"href":"https:\/\/pfc-eu.com\/ro\/wp-json\/wp\/v2\/pages\/406","targetHints":{"allow":["GET"]}}],"collection":[{"href":"https:\/\/pfc-eu.com\/ro\/wp-json\/wp\/v2\/pages"}],"about":[{"href":"https:\/\/pfc-eu.com\/ro\/wp-json\/wp\/v2\/types\/page"}],"author":[{"embeddable":true,"href":"https:\/\/pfc-eu.com\/ro\/wp-json\/wp\/v2\/users\/192351622"}],"replies":[{"embeddable":true,"href":"https:\/\/pfc-eu.com\/ro\/wp-json\/wp\/v2\/comments?post=406"}],"version-history":[{"count":12,"href":"https:\/\/pfc-eu.com\/ro\/wp-json\/wp\/v2\/pages\/406\/revisions"}],"predecessor-version":[{"id":3408,"href":"https:\/\/pfc-eu.com\/ro\/wp-json\/wp\/v2\/pages\/406\/revisions\/3408"}],"wp:attachment":[{"href":"https:\/\/pfc-eu.com\/ro\/wp-json\/wp\/v2\/media?parent=406"}],"curies":[{"name":"wp","href":"https:\/\/api.w.org\/{rel}","templated":true}]}}