{"id":1449,"date":"2020-10-07T15:03:14","date_gmt":"2020-10-07T14:03:14","guid":{"rendered":"https:\/\/pfc-eu.com\/?page_id=1449"},"modified":"2024-03-13T16:24:39","modified_gmt":"2024-03-13T16:24:39","slug":"cropsaver-rb-h2o-moisture-sensor","status":"publish","type":"page","link":"https:\/\/pfc-eu.com\/ro\/cropsaver-rb-h2o-moisture-sensor\/","title":{"rendered":"Senzor de umiditate PFC Agri Solutions RB H2O"},"content":{"rendered":"<div class=\"wp-block-media-text alignwide is-image-fill is-stacked-on-mobile\"><figure class=\"wp-block-media-text__media\" style=\"background-image:url(https:\/\/pfc-eu.com\/wp-content\/uploads\/2020\/10\/moisture-discs.jpg?w=750);background-position:50% 50%\"><img data-recalc-dims=\"1\" loading=\"lazy\" decoding=\"async\" width=\"750\" height=\"422\" data-attachment-id=\"1350\" data-permalink=\"https:\/\/pfc-eu.com\/ro\/moisture-discs\/\" data-orig-file=\"https:\/\/i0.wp.com\/pfc-eu.com\/wp-content\/uploads\/2020\/10\/moisture-discs.jpg?fit=4032%2C2268&amp;ssl=1\" data-orig-size=\"4032,2268\" data-comments-opened=\"1\" data-image-meta=\"{&quot;aperture&quot;:&quot;0&quot;,&quot;credit&quot;:&quot;&quot;,&quot;camera&quot;:&quot;&quot;,&quot;caption&quot;:&quot;&quot;,&quot;created_timestamp&quot;:&quot;0&quot;,&quot;copyright&quot;:&quot;&quot;,&quot;focal_length&quot;:&quot;0&quot;,&quot;iso&quot;:&quot;0&quot;,&quot;shutter_speed&quot;:&quot;0&quot;,&quot;title&quot;:&quot;&quot;,&quot;orientation&quot;:&quot;0&quot;}\" data-image-title=\"moisture-discs\" data-image-description=\"\" data-image-caption=\"\" data-large-file=\"https:\/\/i0.wp.com\/pfc-eu.com\/wp-content\/uploads\/2020\/10\/moisture-discs.jpg?fit=750%2C422&amp;ssl=1\" src=\"https:\/\/i0.wp.com\/pfc-eu.com\/wp-content\/uploads\/2020\/10\/moisture-discs.jpg?resize=750%2C422&#038;ssl=1\" alt=\"\" class=\"wp-image-1350 size-full\"\/><\/figure><div class=\"wp-block-media-text__content\">\n<p class=\"wp-block-paragraph\">H2O utilizeaz\u0103 tehnologia patentat\u0103 cu dou\u0103 discuri din sistemul nostru automat de aplicare, folosind un impuls electric care este \u00eempins de cinci ori pe secund\u0103 pe toat\u0103 l\u0103\u021bimea celor 150 mm exterioare a balotului pe m\u0103sur\u0103 ce se formeaz\u0103. intervalul este de la 5-60% umiditate \u0219i o precizie de +\/-1%. Senzorul va afi\u0219a o citire \u00een timp real \u0219i umiditatea medie a balotului precedent. citirea umidit\u0103\u021bii se va actualiza \u00een fiecare secund\u0103 cu media de 3 secunde. Senzorul H2O folose\u0219te o aplica\u021bie compatibil\u0103 cu cele mai recente dispozitive Apple iOS \u0219i Android <\/p>\n<\/div><\/div>\n\n\n\n<div class=\"wp-block-media-text alignwide has-media-on-the-right is-image-fill is-stacked-on-mobile\" style=\"grid-template-columns:auto 24%\"><div class=\"wp-block-media-text__content\">\n<p class=\"wp-block-paragraph\">Folosind senzori gemeni \u0219i m\u0103sur\u00e2nd rezisten\u021ba de tensiune dintre ace\u0219tia, sistemul m\u0103soar\u0103 cu precizie umiditatea blocat\u0103 \u00een interiorul tijei, care este ascuns\u0103 de sistemele de tampon \u0219i de sond\u0103 manual\u0103. Folosirea discurilor duble ofer\u0103 o precizie de neegalat datorit\u0103 transferului s\u0103u extrem de eficient de energie electric\u0103 prin balot, acest sistem se auto-calibreaz\u0103, nefiind nevoie de ajustare de c\u0103tre operator ca densitatea recoltei sau schimbarea tipului. Sistemele de umiditate pot fi modernizate pentru a opera echipamente de aplicare \u0219i de gestionare a baloturilor<\/p>\n<\/div><figure class=\"wp-block-media-text__media\" style=\"background-image:url(https:\/\/pfc-eu.com\/wp-content\/uploads\/2020\/10\/20190606_100055.jpg?w=750);background-position:50% 50%\"><img data-recalc-dims=\"1\" loading=\"lazy\" decoding=\"async\" width=\"750\" height=\"1000\" data-attachment-id=\"1351\" data-permalink=\"https:\/\/pfc-eu.com\/ro\/20190606_100055\/\" data-orig-file=\"https:\/\/i0.wp.com\/pfc-eu.com\/wp-content\/uploads\/2020\/10\/20190606_100055.jpg?fit=3024%2C4032&amp;ssl=1\" data-orig-size=\"3024,4032\" data-comments-opened=\"1\" data-image-meta=\"{&quot;aperture&quot;:&quot;1.5&quot;,&quot;credit&quot;:&quot;&quot;,&quot;camera&quot;:&quot;SM-G960F&quot;,&quot;caption&quot;:&quot;&quot;,&quot;created_timestamp&quot;:&quot;1559815255&quot;,&quot;copyright&quot;:&quot;&quot;,&quot;focal_length&quot;:&quot;4.3&quot;,&quot;iso&quot;:&quot;80&quot;,&quot;shutter_speed&quot;:&quot;0.03448275862069&quot;,&quot;title&quot;:&quot;&quot;,&quot;orientation&quot;:&quot;1&quot;}\" data-image-title=\"20190606_100055\" data-image-description=\"\" data-image-caption=\"\" data-large-file=\"https:\/\/i0.wp.com\/pfc-eu.com\/wp-content\/uploads\/2020\/10\/20190606_100055.jpg?fit=750%2C1000&amp;ssl=1\" src=\"https:\/\/i0.wp.com\/pfc-eu.com\/wp-content\/uploads\/2020\/10\/20190606_100055.jpg?resize=750%2C1000&#038;ssl=1\" alt=\"\" class=\"wp-image-1351 size-full\"\/><\/figure><\/div>\n\n\n\n<figure class=\"wp-block-image size-large is-resized is-style-default\"><img data-recalc-dims=\"1\" loading=\"lazy\" decoding=\"async\" width=\"750\" height=\"422\" data-attachment-id=\"400\" data-permalink=\"https:\/\/pfc-eu.com\/ro\/moisture-meter-accuracy-comparision\/\" data-orig-file=\"https:\/\/i0.wp.com\/pfc-eu.com\/wp-content\/uploads\/2020\/09\/moisture-meter-accuracy-comparision.jpg?fit=1280%2C720&amp;ssl=1\" data-orig-size=\"1280,720\" data-comments-opened=\"1\" data-image-meta=\"{&quot;aperture&quot;:&quot;0&quot;,&quot;credit&quot;:&quot;&quot;,&quot;camera&quot;:&quot;&quot;,&quot;caption&quot;:&quot;&quot;,&quot;created_timestamp&quot;:&quot;0&quot;,&quot;copyright&quot;:&quot;&quot;,&quot;focal_length&quot;:&quot;0&quot;,&quot;iso&quot;:&quot;0&quot;,&quot;shutter_speed&quot;:&quot;0&quot;,&quot;title&quot;:&quot;&quot;,&quot;orientation&quot;:&quot;0&quot;}\" data-image-title=\"moisture-meter-accuracy-comparision\" data-image-description=\"\" data-image-caption=\"\" data-large-file=\"https:\/\/i0.wp.com\/pfc-eu.com\/wp-content\/uploads\/2020\/09\/moisture-meter-accuracy-comparision.jpg?fit=750%2C422&amp;ssl=1\" src=\"https:\/\/i0.wp.com\/pfc-eu.com\/wp-content\/uploads\/2020\/09\/moisture-meter-accuracy-comparision.jpg?resize=750%2C422&#038;ssl=1\" alt=\"\" class=\"wp-image-400\" style=\"width:1450px;height:815px\"\/><figcaption class=\"wp-element-caption\">Precizia ro\u021bii cu stea +\/-1% \u00een domeniul critic de balotat f\u00e2n \u0219i paie.<\/figcaption><\/figure>\n\n\n<div class=\"wp-block-image\">\n<figure class=\"alignleft size-large is-resized\"><a href=\"\/ro\/thirtyplus-rb-series-automatic-applicator\/\"><img data-recalc-dims=\"1\" loading=\"lazy\" decoding=\"async\" width=\"218\" height=\"216\" data-attachment-id=\"1330\" data-permalink=\"https:\/\/pfc-eu.com\/ro\/nozzle-icon-button-1-2-2\/\" data-orig-file=\"https:\/\/i0.wp.com\/pfc-eu.com\/wp-content\/uploads\/2020\/10\/nozzle-icon-button-1-2.png?fit=218%2C216&amp;ssl=1\" data-orig-size=\"218,216\" data-comments-opened=\"1\" data-image-meta=\"{&quot;aperture&quot;:&quot;0&quot;,&quot;credit&quot;:&quot;&quot;,&quot;camera&quot;:&quot;&quot;,&quot;caption&quot;:&quot;&quot;,&quot;created_timestamp&quot;:&quot;0&quot;,&quot;copyright&quot;:&quot;&quot;,&quot;focal_length&quot;:&quot;0&quot;,&quot;iso&quot;:&quot;0&quot;,&quot;shutter_speed&quot;:&quot;0&quot;,&quot;title&quot;:&quot;&quot;,&quot;orientation&quot;:&quot;0&quot;}\" data-image-title=\"nozzle-icon-button-1-2\" data-image-description=\"\" data-image-caption=\"\" data-large-file=\"https:\/\/i0.wp.com\/pfc-eu.com\/wp-content\/uploads\/2020\/10\/nozzle-icon-button-1-2.png?fit=218%2C216&amp;ssl=1\" src=\"https:\/\/i0.wp.com\/pfc-eu.com\/wp-content\/uploads\/2020\/10\/nozzle-icon-button-1-2.png?resize=218%2C216&#038;ssl=1\" alt=\"\" class=\"wp-image-1330\" style=\"width:200px;height:200px\"\/><\/a><figcaption class=\"wp-element-caption\">Echipamente de aplicare<\/figcaption><\/figure>\n<\/div>\n\n<div class=\"wp-block-image\">\n<figure class=\"alignleft size-large is-resized\"><a href=\"\/ro\/cropsaver-bale-management\/\"><img data-recalc-dims=\"1\" loading=\"lazy\" decoding=\"async\" width=\"341\" height=\"340\" data-attachment-id=\"1285\" data-permalink=\"https:\/\/pfc-eu.com\/ro\/bale-manegmant-icon-round-button\/\" data-orig-file=\"https:\/\/i0.wp.com\/pfc-eu.com\/wp-content\/uploads\/2020\/10\/bale-manegmant-icon-round-button.png?fit=341%2C340&amp;ssl=1\" data-orig-size=\"341,340\" data-comments-opened=\"1\" data-image-meta=\"{&quot;aperture&quot;:&quot;0&quot;,&quot;credit&quot;:&quot;&quot;,&quot;camera&quot;:&quot;&quot;,&quot;caption&quot;:&quot;&quot;,&quot;created_timestamp&quot;:&quot;0&quot;,&quot;copyright&quot;:&quot;&quot;,&quot;focal_length&quot;:&quot;0&quot;,&quot;iso&quot;:&quot;0&quot;,&quot;shutter_speed&quot;:&quot;0&quot;,&quot;title&quot;:&quot;&quot;,&quot;orientation&quot;:&quot;0&quot;}\" data-image-title=\"bale-manegmant-icon-round-button\" data-image-description=\"\" data-image-caption=\"\" data-large-file=\"https:\/\/i0.wp.com\/pfc-eu.com\/wp-content\/uploads\/2020\/10\/bale-manegmant-icon-round-button.png?fit=341%2C340&amp;ssl=1\" src=\"https:\/\/i0.wp.com\/pfc-eu.com\/wp-content\/uploads\/2020\/10\/bale-manegmant-icon-round-button.png?resize=341%2C340&#038;ssl=1\" alt=\"\" class=\"wp-image-1285\" style=\"width:200px;height:200px\"\/><\/a><figcaption class=\"wp-element-caption\">Managementul baloturilor<\/figcaption><\/figure>\n<\/div>\n\n<div class=\"wp-block-image\">\n<figure class=\"alignleft size-large is-resized\"><a href=\"\/ro\/cropsaver-preservative\/\"><img data-recalc-dims=\"1\" loading=\"lazy\" decoding=\"async\" width=\"340\" height=\"340\" data-attachment-id=\"1333\" data-permalink=\"https:\/\/pfc-eu.com\/ro\/preservative-icon-1-button-3\/\" data-orig-file=\"https:\/\/i0.wp.com\/pfc-eu.com\/wp-content\/uploads\/2020\/10\/preservative-icon-1-button.png?fit=340%2C340&amp;ssl=1\" data-orig-size=\"340,340\" data-comments-opened=\"1\" data-image-meta=\"{&quot;aperture&quot;:&quot;0&quot;,&quot;credit&quot;:&quot;&quot;,&quot;camera&quot;:&quot;&quot;,&quot;caption&quot;:&quot;&quot;,&quot;created_timestamp&quot;:&quot;0&quot;,&quot;copyright&quot;:&quot;&quot;,&quot;focal_length&quot;:&quot;0&quot;,&quot;iso&quot;:&quot;0&quot;,&quot;shutter_speed&quot;:&quot;0&quot;,&quot;title&quot;:&quot;&quot;,&quot;orientation&quot;:&quot;0&quot;}\" data-image-title=\"preservative-icon-1-button\" data-image-description=\"\" data-image-caption=\"\" data-large-file=\"https:\/\/i0.wp.com\/pfc-eu.com\/wp-content\/uploads\/2020\/10\/preservative-icon-1-button.png?fit=340%2C340&amp;ssl=1\" src=\"https:\/\/i0.wp.com\/pfc-eu.com\/wp-content\/uploads\/2020\/10\/preservative-icon-1-button.png?resize=340%2C340&#038;ssl=1\" alt=\"\" class=\"wp-image-1333\" style=\"width:200px;height:200px\"\/><\/a><figcaption class=\"wp-element-caption\">Conservant<\/figcaption><\/figure>\n<\/div>\n\n<div class=\"wp-block-image\">\n<figure class=\"alignleft size-large is-resized\"><a href=\"\/ro\/cropsaver-media-centre\/\"><img data-recalc-dims=\"1\" loading=\"lazy\" decoding=\"async\" width=\"341\" height=\"356\" data-attachment-id=\"1335\" data-permalink=\"https:\/\/pfc-eu.com\/ro\/media-icon-button-1-2\/\" data-orig-file=\"https:\/\/i0.wp.com\/pfc-eu.com\/wp-content\/uploads\/2020\/10\/media-icon-button-1.png?fit=341%2C356&amp;ssl=1\" data-orig-size=\"341,356\" data-comments-opened=\"1\" data-image-meta=\"{&quot;aperture&quot;:&quot;0&quot;,&quot;credit&quot;:&quot;&quot;,&quot;camera&quot;:&quot;&quot;,&quot;caption&quot;:&quot;&quot;,&quot;created_timestamp&quot;:&quot;0&quot;,&quot;copyright&quot;:&quot;&quot;,&quot;focal_length&quot;:&quot;0&quot;,&quot;iso&quot;:&quot;0&quot;,&quot;shutter_speed&quot;:&quot;0&quot;,&quot;title&quot;:&quot;&quot;,&quot;orientation&quot;:&quot;0&quot;}\" data-image-title=\"media-icon-button-1\" data-image-description=\"\" data-image-caption=\"\" data-large-file=\"https:\/\/i0.wp.com\/pfc-eu.com\/wp-content\/uploads\/2020\/10\/media-icon-button-1.png?fit=341%2C356&amp;ssl=1\" src=\"https:\/\/i0.wp.com\/pfc-eu.com\/wp-content\/uploads\/2020\/10\/media-icon-button-1.png?resize=341%2C356&#038;ssl=1\" alt=\"\" class=\"wp-image-1335\" style=\"width:200px;height:200px\"\/><\/a><figcaption class=\"wp-element-caption\">Media Center<\/figcaption><\/figure>\n<\/div>","protected":false},"excerpt":{"rendered":"<p>H2O utilizeaz\u0103 tehnologia patentat\u0103 cu dou\u0103 discuri din sistemul nostru automat de aplicare, folosind un impuls electric care este \u00eempins de cinci ori pe secund\u0103 pe toat\u0103 l\u0103\u021bimea celor 150 mm exterioare a balotului pe m\u0103sur\u0103 ce se formeaz\u0103. intervalul este de la 5-60% umiditate \u0219i o precizie de +\/-1%. Senzorul va afi\u0219a o citire live \u0219i<a class=\"more-link\" href=\"https:\/\/pfc-eu.com\/ro\/cropsaver-rb-h2o-moisture-sensor\/\">Continu\u0103 lectura <span class=\"screen-reader-text\">\u201eSenzor de umiditate PFC Agri Solutions RB H2O\u201d<\/span><\/a><\/p>","protected":false},"author":192351622,"featured_media":0,"parent":0,"menu_order":0,"comment_status":"closed","ping_status":"closed","template":"","meta":{"_coblocks_attr":"","_coblocks_dimensions":"","_coblocks_responsive_height":"","_coblocks_accordion_ie_support":"","_crdt_document":"","_uag_custom_page_level_css":"","jetpack_post_was_ever_published":false,"footnotes":""},"class_list":["post-1449","page","type-page","status-publish","hentry","entry"],"yoast_head":"<!-- This site is optimized with the Yoast SEO plugin v27.3 - https:\/\/yoast.com\/product\/yoast-seo-wordpress\/ -->\n<title>PFC Agri Solutions RB H2O Moisture Sensor - PFC Ltd<\/title>\n<meta name=\"description\" content=\"H20 Moisture meter\" \/>\n<meta name=\"robots\" content=\"index, follow, max-snippet:-1, max-image-preview:large, max-video-preview:-1\" \/>\n<link rel=\"canonical\" href=\"https:\/\/pfc-eu.com\/ro\/cropsaver-rb-h2o-moisture-sensor\/\" \/>\n<meta property=\"og:locale\" content=\"ro_RO\" \/>\n<meta property=\"og:type\" content=\"article\" \/>\n<meta property=\"og:title\" content=\"PFC Agri Solutions RB H2O Moisture Sensor - PFC Ltd\" \/>\n<meta property=\"og:description\" content=\"H20 Moisture meter\" \/>\n<meta property=\"og:url\" content=\"https:\/\/pfc-eu.com\/ro\/cropsaver-rb-h2o-moisture-sensor\/\" \/>\n<meta property=\"og:site_name\" content=\"PFC Ltd\" \/>\n<meta property=\"article:modified_time\" content=\"2024-03-13T16:24:39+00:00\" \/>\n<meta property=\"og:image\" content=\"https:\/\/pfc-eu.com\/wp-content\/uploads\/2020\/10\/moisture-discs.jpg?w=750\" \/>\n<meta name=\"twitter:card\" content=\"summary_large_image\" \/>\n<meta name=\"twitter:label1\" content=\"Timp estimat pentru citire\" \/>\n\t<meta name=\"twitter:data1\" content=\"3 minute\" \/>\n<script type=\"application\/ld+json\" class=\"yoast-schema-graph\">{\"@context\":\"https:\\\/\\\/schema.org\",\"@graph\":[{\"@type\":\"WebPage\",\"@id\":\"https:\\\/\\\/pfc-eu.com\\\/cropsaver-rb-h2o-moisture-sensor\\\/\",\"url\":\"https:\\\/\\\/pfc-eu.com\\\/cropsaver-rb-h2o-moisture-sensor\\\/\",\"name\":\"PFC Agri Solutions RB H2O Moisture Sensor - PFC Ltd\",\"isPartOf\":{\"@id\":\"https:\\\/\\\/pfc-eu.com\\\/#website\"},\"primaryImageOfPage\":{\"@id\":\"https:\\\/\\\/pfc-eu.com\\\/cropsaver-rb-h2o-moisture-sensor\\\/#primaryimage\"},\"image\":{\"@id\":\"https:\\\/\\\/pfc-eu.com\\\/cropsaver-rb-h2o-moisture-sensor\\\/#primaryimage\"},\"thumbnailUrl\":\"https:\\\/\\\/pfc-eu.com\\\/wp-content\\\/uploads\\\/2020\\\/10\\\/moisture-discs.jpg?w=750\",\"datePublished\":\"2020-10-07T14:03:14+00:00\",\"dateModified\":\"2024-03-13T16:24:39+00:00\",\"description\":\"H20 Moisture meter\",\"breadcrumb\":{\"@id\":\"https:\\\/\\\/pfc-eu.com\\\/cropsaver-rb-h2o-moisture-sensor\\\/#breadcrumb\"},\"inLanguage\":\"ro-RO\",\"potentialAction\":[{\"@type\":\"ReadAction\",\"target\":[\"https:\\\/\\\/pfc-eu.com\\\/cropsaver-rb-h2o-moisture-sensor\\\/\"]}]},{\"@type\":\"ImageObject\",\"inLanguage\":\"ro-RO\",\"@id\":\"https:\\\/\\\/pfc-eu.com\\\/cropsaver-rb-h2o-moisture-sensor\\\/#primaryimage\",\"url\":\"https:\\\/\\\/pfc-eu.com\\\/wp-content\\\/uploads\\\/2020\\\/10\\\/moisture-discs.jpg?w=750\",\"contentUrl\":\"https:\\\/\\\/pfc-eu.com\\\/wp-content\\\/uploads\\\/2020\\\/10\\\/moisture-discs.jpg?w=750\"},{\"@type\":\"BreadcrumbList\",\"@id\":\"https:\\\/\\\/pfc-eu.com\\\/cropsaver-rb-h2o-moisture-sensor\\\/#breadcrumb\",\"itemListElement\":[{\"@type\":\"ListItem\",\"position\":1,\"name\":\"Home\",\"item\":\"https:\\\/\\\/pfc-eu.com\\\/\"},{\"@type\":\"ListItem\",\"position\":2,\"name\":\"PFC Agri Solutions RB H2O Moisture Sensor\"}]},{\"@type\":\"WebSite\",\"@id\":\"https:\\\/\\\/pfc-eu.com\\\/#website\",\"url\":\"https:\\\/\\\/pfc-eu.com\\\/\",\"name\":\"PFC Ltd\",\"description\":\"Precision, Quality, Service\",\"publisher\":{\"@id\":\"https:\\\/\\\/pfc-eu.com\\\/#organization\"},\"potentialAction\":[{\"@type\":\"SearchAction\",\"target\":{\"@type\":\"EntryPoint\",\"urlTemplate\":\"https:\\\/\\\/pfc-eu.com\\\/?s={search_term_string}\"},\"query-input\":{\"@type\":\"PropertyValueSpecification\",\"valueRequired\":true,\"valueName\":\"search_term_string\"}}],\"inLanguage\":\"ro-RO\"},{\"@type\":\"Organization\",\"@id\":\"https:\\\/\\\/pfc-eu.com\\\/#organization\",\"name\":\"PFC Ltd\",\"url\":\"https:\\\/\\\/pfc-eu.com\\\/\",\"logo\":{\"@type\":\"ImageObject\",\"inLanguage\":\"ro-RO\",\"@id\":\"https:\\\/\\\/pfc-eu.com\\\/#\\\/schema\\\/logo\\\/image\\\/\",\"url\":\"https:\\\/\\\/i0.wp.com\\\/pfc-eu.com\\\/wp-content\\\/uploads\\\/2022\\\/09\\\/cropped-cropped-pfc-agri-solutions-no-background-resized.png?fit=500%2C95&ssl=1\",\"contentUrl\":\"https:\\\/\\\/i0.wp.com\\\/pfc-eu.com\\\/wp-content\\\/uploads\\\/2022\\\/09\\\/cropped-cropped-pfc-agri-solutions-no-background-resized.png?fit=500%2C95&ssl=1\",\"width\":500,\"height\":95,\"caption\":\"PFC Ltd\"},\"image\":{\"@id\":\"https:\\\/\\\/pfc-eu.com\\\/#\\\/schema\\\/logo\\\/image\\\/\"}}]}<\/script>\n<!-- \/ Yoast SEO plugin. -->","yoast_head_json":{"title":"PFC Agri Solutions RB H2O Moisture Sensor - PFC Ltd","description":"H20 Moisture meter","robots":{"index":"index","follow":"follow","max-snippet":"max-snippet:-1","max-image-preview":"max-image-preview:large","max-video-preview":"max-video-preview:-1"},"canonical":"https:\/\/pfc-eu.com\/ro\/cropsaver-rb-h2o-moisture-sensor\/","og_locale":"ro_RO","og_type":"article","og_title":"PFC Agri Solutions RB H2O Moisture Sensor - PFC Ltd","og_description":"H20 Moisture meter","og_url":"https:\/\/pfc-eu.com\/ro\/cropsaver-rb-h2o-moisture-sensor\/","og_site_name":"PFC Ltd","article_modified_time":"2024-03-13T16:24:39+00:00","og_image":[{"url":"https:\/\/pfc-eu.com\/wp-content\/uploads\/2020\/10\/moisture-discs.jpg?w=750","type":"","width":"","height":""}],"twitter_card":"summary_large_image","twitter_misc":{"Timp estimat pentru citire":"3 minute"},"schema":{"@context":"https:\/\/schema.org","@graph":[{"@type":"WebPage","@id":"https:\/\/pfc-eu.com\/cropsaver-rb-h2o-moisture-sensor\/","url":"https:\/\/pfc-eu.com\/cropsaver-rb-h2o-moisture-sensor\/","name":"PFC Agri Solutions RB H2O Moisture Sensor - PFC Ltd","isPartOf":{"@id":"https:\/\/pfc-eu.com\/#website"},"primaryImageOfPage":{"@id":"https:\/\/pfc-eu.com\/cropsaver-rb-h2o-moisture-sensor\/#primaryimage"},"image":{"@id":"https:\/\/pfc-eu.com\/cropsaver-rb-h2o-moisture-sensor\/#primaryimage"},"thumbnailUrl":"https:\/\/pfc-eu.com\/wp-content\/uploads\/2020\/10\/moisture-discs.jpg?w=750","datePublished":"2020-10-07T14:03:14+00:00","dateModified":"2024-03-13T16:24:39+00:00","description":"H20 Moisture meter","breadcrumb":{"@id":"https:\/\/pfc-eu.com\/cropsaver-rb-h2o-moisture-sensor\/#breadcrumb"},"inLanguage":"ro-RO","potentialAction":[{"@type":"ReadAction","target":["https:\/\/pfc-eu.com\/cropsaver-rb-h2o-moisture-sensor\/"]}]},{"@type":"ImageObject","inLanguage":"ro-RO","@id":"https:\/\/pfc-eu.com\/cropsaver-rb-h2o-moisture-sensor\/#primaryimage","url":"https:\/\/pfc-eu.com\/wp-content\/uploads\/2020\/10\/moisture-discs.jpg?w=750","contentUrl":"https:\/\/pfc-eu.com\/wp-content\/uploads\/2020\/10\/moisture-discs.jpg?w=750"},{"@type":"BreadcrumbList","@id":"https:\/\/pfc-eu.com\/cropsaver-rb-h2o-moisture-sensor\/#breadcrumb","itemListElement":[{"@type":"ListItem","position":1,"name":"Home","item":"https:\/\/pfc-eu.com\/"},{"@type":"ListItem","position":2,"name":"PFC Agri Solutions RB H2O Moisture Sensor"}]},{"@type":"WebSite","@id":"https:\/\/pfc-eu.com\/#website","url":"https:\/\/pfc-eu.com\/","name":"PFC Ltd","description":"Precizie, Calitate, Serviciu","publisher":{"@id":"https:\/\/pfc-eu.com\/#organization"},"potentialAction":[{"@type":"SearchAction","target":{"@type":"EntryPoint","urlTemplate":"https:\/\/pfc-eu.com\/?s={search_term_string}"},"query-input":{"@type":"PropertyValueSpecification","valueRequired":true,"valueName":"search_term_string"}}],"inLanguage":"ro-RO"},{"@type":"Organization","@id":"https:\/\/pfc-eu.com\/#organization","name":"PFC Ltd","url":"https:\/\/pfc-eu.com\/","logo":{"@type":"ImageObject","inLanguage":"ro-RO","@id":"https:\/\/pfc-eu.com\/#\/schema\/logo\/image\/","url":"https:\/\/i0.wp.com\/pfc-eu.com\/wp-content\/uploads\/2022\/09\/cropped-cropped-pfc-agri-solutions-no-background-resized.png?fit=500%2C95&ssl=1","contentUrl":"https:\/\/i0.wp.com\/pfc-eu.com\/wp-content\/uploads\/2022\/09\/cropped-cropped-pfc-agri-solutions-no-background-resized.png?fit=500%2C95&ssl=1","width":500,"height":95,"caption":"PFC Ltd"},"image":{"@id":"https:\/\/pfc-eu.com\/#\/schema\/logo\/image\/"}}]}},"uagb_featured_image_src":{"full":false,"thumbnail":false,"medium":false,"medium_large":false,"large":false,"1536x1536":false,"2048x2048":false,"trp-custom-language-flag":false,"newspack-article-block-landscape-large":false,"newspack-article-block-portrait-large":false,"newspack-article-block-square-large":false,"newspack-article-block-landscape-medium":false,"newspack-article-block-portrait-medium":false,"newspack-article-block-square-medium":false,"newspack-article-block-landscape-intermediate":false,"newspack-article-block-portrait-intermediate":false,"newspack-article-block-square-intermediate":false,"newspack-article-block-landscape-small":false,"newspack-article-block-portrait-small":false,"newspack-article-block-square-small":false,"newspack-article-block-landscape-tiny":false,"newspack-article-block-portrait-tiny":false,"newspack-article-block-square-tiny":false,"newspack-article-block-uncropped":false,"post-thumbnail":false},"uagb_author_info":{"display_name":"richard","author_link":"https:\/\/pfc-eu.com\/ro\/author\/richard\/"},"uagb_comment_info":0,"uagb_excerpt":"H2O utilises patented twin disc technology from our automatic applicator system using an electrical pulse which is pushed five times per second through the full width of the outer 150mm of the bale as it forms. the range is from 5-60% moisture and an accuracy of +\/-1%. The sensor will display a live reading andContinu\u0103&hellip;","jetpack_likes_enabled":true,"jetpack_sharing_enabled":true,"jetpack_shortlink":"https:\/\/wp.me\/Pck1DT-nn","jetpack-related-posts":[],"_links":{"self":[{"href":"https:\/\/pfc-eu.com\/ro\/wp-json\/wp\/v2\/pages\/1449","targetHints":{"allow":["GET"]}}],"collection":[{"href":"https:\/\/pfc-eu.com\/ro\/wp-json\/wp\/v2\/pages"}],"about":[{"href":"https:\/\/pfc-eu.com\/ro\/wp-json\/wp\/v2\/types\/page"}],"author":[{"embeddable":true,"href":"https:\/\/pfc-eu.com\/ro\/wp-json\/wp\/v2\/users\/192351622"}],"replies":[{"embeddable":true,"href":"https:\/\/pfc-eu.com\/ro\/wp-json\/wp\/v2\/comments?post=1449"}],"version-history":[{"count":4,"href":"https:\/\/pfc-eu.com\/ro\/wp-json\/wp\/v2\/pages\/1449\/revisions"}],"predecessor-version":[{"id":3393,"href":"https:\/\/pfc-eu.com\/ro\/wp-json\/wp\/v2\/pages\/1449\/revisions\/3393"}],"wp:attachment":[{"href":"https:\/\/pfc-eu.com\/ro\/wp-json\/wp\/v2\/media?parent=1449"}],"curies":[{"name":"wp","href":"https:\/\/api.w.org\/{rel}","templated":true}]}}