{"id":1711,"date":"2020-10-08T14:15:54","date_gmt":"2020-10-08T13:15:54","guid":{"rendered":"https:\/\/pfc-eu.com\/?page_id=1711"},"modified":"2024-03-13T15:32:39","modified_gmt":"2024-03-13T15:32:39","slug":"harvest-tec-bale-management","status":"publish","type":"page","link":"https:\/\/pfc-eu.com\/pt\/harvest-tec-bale-management\/","title":{"rendered":"PFC Agri Solutions Gerenciamento de fardos"},"content":{"rendered":"<div class=\"wp-block-media-text alignwide is-stacked-on-mobile is-image-fill\"><figure class=\"wp-block-media-text__media\" style=\"background-image:url(https:\/\/pfc-eu.com\/wp-content\/uploads\/2020\/10\/20140828_125840.jpg?w=1024);background-position:50% 50%\"><img data-recalc-dims=\"1\" loading=\"lazy\" decoding=\"async\" width=\"750\" height=\"563\" data-attachment-id=\"1191\" data-permalink=\"https:\/\/pfc-eu.com\/pt\/20140828_125840-2\/\" data-orig-file=\"https:\/\/i0.wp.com\/pfc-eu.com\/wp-content\/uploads\/2020\/10\/20140828_125840.jpg?fit=4128%2C3096&amp;ssl=1\" data-orig-size=\"4128,3096\" data-comments-opened=\"1\" data-image-meta=\"{&quot;aperture&quot;:&quot;2.2&quot;,&quot;credit&quot;:&quot;&quot;,&quot;camera&quot;:&quot;GT-I9505&quot;,&quot;caption&quot;:&quot;&quot;,&quot;created_timestamp&quot;:&quot;1409230719&quot;,&quot;copyright&quot;:&quot;&quot;,&quot;focal_length&quot;:&quot;4.2&quot;,&quot;iso&quot;:&quot;50&quot;,&quot;shutter_speed&quot;:&quot;0.00056179775280899&quot;,&quot;title&quot;:&quot;&quot;,&quot;orientation&quot;:&quot;1&quot;}\" data-image-title=\"20140828_125840\" data-image-description=\"\" data-image-caption=\"\" data-medium-file=\"https:\/\/i0.wp.com\/pfc-eu.com\/wp-content\/uploads\/2020\/10\/20140828_125840.jpg?fit=300%2C225&amp;ssl=1\" data-large-file=\"https:\/\/i0.wp.com\/pfc-eu.com\/wp-content\/uploads\/2020\/10\/20140828_125840.jpg?fit=750%2C563&amp;ssl=1\" src=\"https:\/\/i0.wp.com\/pfc-eu.com\/wp-content\/uploads\/2020\/10\/20140828_125840.jpg?resize=750%2C563&#038;ssl=1\" alt=\"\" class=\"wp-image-1191 size-full\"\/><\/figure><div class=\"wp-block-media-text__content\">\n<p class=\"has-large-font-size wp-block-paragraph\">O marcador de fardo molhado destaca um fardo com uma cor vermelha ou azul. O marcador de fardos \u00famidos est\u00e1 diretamente ligado ao sensor de umidade ou ao sistema aplicador autom\u00e1tico. Os bocais para o marcador de fardos podem ser montados em v\u00e1rios locais, dependendo da especifica\u00e7\u00e3o da enfardadeira. <\/p>\n\n\n\n<p class=\"has-large-font-size wp-block-paragraph\">Destacar fardos de alta umidade permite que o operador classifique e armazene apenas fardos dentro de sua faixa de umidade preferida. Todos os fardos marcados podem ser armazenados separadamente, pois a qualidade desses fardos marcados pode ser reduzida. Armazenar os fardos marcados separadamente evitar\u00e1 que esses fardos danifiquem os fardos do grupo de umidade inferior.<\/p>\n<\/div><\/div>\n\n\n\n<div class=\"wp-block-media-text alignwide is-stacked-on-mobile is-image-fill\"><figure class=\"wp-block-media-text__media\" style=\"background-image:url(https:\/\/pfc-eu.com\/wp-content\/uploads\/2020\/10\/h2o.jpg?w=348);background-position:50% 50%\"><img data-recalc-dims=\"1\" loading=\"lazy\" decoding=\"async\" width=\"348\" height=\"265\" data-attachment-id=\"1196\" data-permalink=\"https:\/\/pfc-eu.com\/pt\/h2o\/\" data-orig-file=\"https:\/\/i0.wp.com\/pfc-eu.com\/wp-content\/uploads\/2020\/10\/h2o.jpg?fit=348%2C265&amp;ssl=1\" data-orig-size=\"348,265\" data-comments-opened=\"1\" data-image-meta=\"{&quot;aperture&quot;:&quot;0&quot;,&quot;credit&quot;:&quot;&quot;,&quot;camera&quot;:&quot;&quot;,&quot;caption&quot;:&quot;&quot;,&quot;created_timestamp&quot;:&quot;0&quot;,&quot;copyright&quot;:&quot;&quot;,&quot;focal_length&quot;:&quot;0&quot;,&quot;iso&quot;:&quot;0&quot;,&quot;shutter_speed&quot;:&quot;0&quot;,&quot;title&quot;:&quot;&quot;,&quot;orientation&quot;:&quot;0&quot;}\" data-image-title=\"h2o\" data-image-description=\"\" data-image-caption=\"\" data-medium-file=\"https:\/\/i0.wp.com\/pfc-eu.com\/wp-content\/uploads\/2020\/10\/h2o.jpg?fit=300%2C228&amp;ssl=1\" data-large-file=\"https:\/\/i0.wp.com\/pfc-eu.com\/wp-content\/uploads\/2020\/10\/h2o.jpg?fit=348%2C265&amp;ssl=1\" src=\"https:\/\/i0.wp.com\/pfc-eu.com\/wp-content\/uploads\/2020\/10\/h2o.jpg?resize=348%2C265&#038;ssl=1\" alt=\"\" class=\"wp-image-1196 size-full\"\/><\/figure><div class=\"wp-block-media-text__content\">\n<p class=\"has-large-font-size wp-block-paragraph\">Se os fardos de alta umidade n\u00e3o tratados forem armazenados com fardos secos que normalmente seriam considerados seguros, eles tamb\u00e9m causar\u00e3o a deteriora\u00e7\u00e3o dos fardos de umidade preferidos, devido \u00e0 equaliza\u00e7\u00e3o da umidade na pilha. O marcador de fardos \u00e9 uma maneira simples de manter a umidade indesejada e n\u00e3o tratada da pilha, ajudando o operador a maximizar o retorno de fardos de palha e forragem de boa qualidade. Os bicos para o marcador de fardos podem ser montados em v\u00e1rios locais, dependendo da especifica\u00e7\u00e3o da enfardadeira<\/p>\n<\/div><\/div>\n\n\n\n<div class=\"wp-block-media-text alignwide is-stacked-on-mobile\"><figure class=\"wp-block-media-text__media\"><img data-recalc-dims=\"1\" loading=\"lazy\" decoding=\"async\" width=\"750\" height=\"563\" data-attachment-id=\"1217\" data-permalink=\"https:\/\/pfc-eu.com\/pt\/baler-apps-tagger-040\/\" data-orig-file=\"https:\/\/i0.wp.com\/pfc-eu.com\/wp-content\/uploads\/2020\/10\/baler-apps-tagger-040.jpg?fit=1280%2C960&amp;ssl=1\" data-orig-size=\"1280,960\" data-comments-opened=\"1\" data-image-meta=\"{&quot;aperture&quot;:&quot;2.9&quot;,&quot;credit&quot;:&quot;&quot;,&quot;camera&quot;:&quot;FinePix F610&quot;,&quot;caption&quot;:&quot;&quot;,&quot;created_timestamp&quot;:&quot;1257237247&quot;,&quot;copyright&quot;:&quot;&quot;,&quot;focal_length&quot;:&quot;8.5&quot;,&quot;iso&quot;:&quot;125&quot;,&quot;shutter_speed&quot;:&quot;0.0020833333333333&quot;,&quot;title&quot;:&quot;&quot;,&quot;orientation&quot;:&quot;1&quot;}\" data-image-title=\"baler-apps-tagger-040\" data-image-description=\"\" data-image-caption=\"\" data-medium-file=\"https:\/\/i0.wp.com\/pfc-eu.com\/wp-content\/uploads\/2020\/10\/baler-apps-tagger-040.jpg?fit=300%2C225&amp;ssl=1\" data-large-file=\"https:\/\/i0.wp.com\/pfc-eu.com\/wp-content\/uploads\/2020\/10\/baler-apps-tagger-040.jpg?fit=750%2C563&amp;ssl=1\" src=\"https:\/\/i0.wp.com\/pfc-eu.com\/wp-content\/uploads\/2020\/10\/baler-apps-tagger-040.jpg?resize=750%2C563&#038;ssl=1\" alt=\"\" class=\"wp-image-1217 size-full\"\/><\/figure><div class=\"wp-block-media-text__content\">\n<p class=\"has-large-font-size wp-block-paragraph\">O Tagger de especifica\u00e7\u00e3o da UE n\u00e3o est\u00e1 dispon\u00edvel no momento. observe este espa\u00e7o para atualiza\u00e7\u00f5es futuras para as datas de lan\u00e7amento da 2\u00aa gera\u00e7\u00e3o.<\/p>\n<\/div><\/div>\n\n\n\n<figure class=\"wp-block-image size-large is-resized\"><a href=\"https:\/\/pfc-eu.com\/pt\/select-baler-type\/\"><img data-recalc-dims=\"1\" loading=\"lazy\" decoding=\"async\" width=\"336\" height=\"338\" data-attachment-id=\"1340\" data-permalink=\"https:\/\/pfc-eu.com\/pt\/moisture-nozzle-icon-button-3\/\" data-orig-file=\"https:\/\/i0.wp.com\/pfc-eu.com\/wp-content\/uploads\/2020\/10\/moisture-nozzle-icon-button.png?fit=336%2C338&amp;ssl=1\" data-orig-size=\"336,338\" data-comments-opened=\"1\" data-image-meta=\"{&quot;aperture&quot;:&quot;0&quot;,&quot;credit&quot;:&quot;&quot;,&quot;camera&quot;:&quot;&quot;,&quot;caption&quot;:&quot;&quot;,&quot;created_timestamp&quot;:&quot;0&quot;,&quot;copyright&quot;:&quot;&quot;,&quot;focal_length&quot;:&quot;0&quot;,&quot;iso&quot;:&quot;0&quot;,&quot;shutter_speed&quot;:&quot;0&quot;,&quot;title&quot;:&quot;&quot;,&quot;orientation&quot;:&quot;0&quot;}\" data-image-title=\"moisture-nozzle-icon-button\" data-image-description=\"\" data-image-caption=\"\" data-medium-file=\"https:\/\/i0.wp.com\/pfc-eu.com\/wp-content\/uploads\/2020\/10\/moisture-nozzle-icon-button.png?fit=298%2C300&amp;ssl=1\" data-large-file=\"https:\/\/i0.wp.com\/pfc-eu.com\/wp-content\/uploads\/2020\/10\/moisture-nozzle-icon-button.png?fit=336%2C338&amp;ssl=1\" src=\"https:\/\/i0.wp.com\/pfc-eu.com\/wp-content\/uploads\/2020\/10\/moisture-nozzle-icon-button.png?resize=336%2C338&#038;ssl=1\" alt=\"\" class=\"wp-image-1340\"\/><\/a><figcaption class=\"wp-element-caption\">Sele\u00e7\u00e3o de enfardadeira<\/figcaption><\/figure>\n\n\n\n<p class=\"wp-block-paragraph\"><\/p>","protected":false},"excerpt":{"rendered":"<p>O marcador de fardo molhado destaca um fardo com uma cor vermelha ou azul. O marcador de fardos \u00famidos est\u00e1 diretamente ligado ao sensor de umidade ou ao sistema aplicador autom\u00e1tico. Os bicos para o marcador de fardos podem ser montados em v\u00e1rios locais, dependendo da especifica\u00e7\u00e3o da enfardadeira. O destaque de fardos de alta umidade permite que o operador classifique e armazene apenas<a class=\"more-link\" href=\"https:\/\/pfc-eu.com\/pt\/harvest-tec-bale-management\/\">continue lendo <span class=\"screen-reader-text\">\u201cGerenciamento de fardos PFC Agri Solutions\u201d<\/span><\/a><\/p>","protected":false},"author":192351622,"featured_media":0,"parent":0,"menu_order":0,"comment_status":"closed","ping_status":"closed","template":"","meta":{"_coblocks_attr":"","_coblocks_dimensions":"","_coblocks_responsive_height":"","_coblocks_accordion_ie_support":"","_crdt_document":"","_uag_custom_page_level_css":"","jetpack_post_was_ever_published":false,"footnotes":""},"class_list":["post-1711","page","type-page","status-publish","hentry","entry"],"yoast_head":"<!-- This site is optimized with the Yoast SEO plugin v27.3 - https:\/\/yoast.com\/product\/yoast-seo-wordpress\/ -->\n<title>PFC Agri Solutions Bale Management - PFC Ltd<\/title>\n<meta name=\"description\" content=\"wet bale marking\" \/>\n<meta name=\"robots\" content=\"index, follow, max-snippet:-1, max-image-preview:large, max-video-preview:-1\" \/>\n<link rel=\"canonical\" href=\"https:\/\/pfc-eu.com\/pt\/harvest-tec-bale-management\/\" \/>\n<meta property=\"og:locale\" content=\"pt_PT\" \/>\n<meta property=\"og:type\" content=\"article\" \/>\n<meta property=\"og:title\" content=\"PFC Agri Solutions Bale Management - PFC Ltd\" \/>\n<meta property=\"og:description\" content=\"wet bale marking\" \/>\n<meta property=\"og:url\" content=\"https:\/\/pfc-eu.com\/pt\/harvest-tec-bale-management\/\" \/>\n<meta property=\"og:site_name\" content=\"PFC Ltd\" \/>\n<meta property=\"article:modified_time\" content=\"2024-03-13T15:32:39+00:00\" \/>\n<meta property=\"og:image\" content=\"https:\/\/pfc-eu.com\/wp-content\/uploads\/2020\/10\/20140828_125840.jpg?w=1024\" \/>\n<meta name=\"twitter:card\" content=\"summary_large_image\" \/>\n<meta name=\"twitter:label1\" content=\"Tempo estimado de leitura\" \/>\n\t<meta name=\"twitter:data1\" content=\"2 minutos\" \/>\n<script type=\"application\/ld+json\" class=\"yoast-schema-graph\">{\"@context\":\"https:\\\/\\\/schema.org\",\"@graph\":[{\"@type\":\"WebPage\",\"@id\":\"https:\\\/\\\/pfc-eu.com\\\/harvest-tec-bale-management\\\/\",\"url\":\"https:\\\/\\\/pfc-eu.com\\\/harvest-tec-bale-management\\\/\",\"name\":\"PFC Agri Solutions Bale Management - PFC Ltd\",\"isPartOf\":{\"@id\":\"https:\\\/\\\/pfc-eu.com\\\/#website\"},\"primaryImageOfPage\":{\"@id\":\"https:\\\/\\\/pfc-eu.com\\\/harvest-tec-bale-management\\\/#primaryimage\"},\"image\":{\"@id\":\"https:\\\/\\\/pfc-eu.com\\\/harvest-tec-bale-management\\\/#primaryimage\"},\"thumbnailUrl\":\"https:\\\/\\\/pfc-eu.com\\\/wp-content\\\/uploads\\\/2020\\\/10\\\/20140828_125840.jpg?w=1024\",\"datePublished\":\"2020-10-08T13:15:54+00:00\",\"dateModified\":\"2024-03-13T15:32:39+00:00\",\"description\":\"wet bale marking\",\"breadcrumb\":{\"@id\":\"https:\\\/\\\/pfc-eu.com\\\/harvest-tec-bale-management\\\/#breadcrumb\"},\"inLanguage\":\"pt-PT\",\"potentialAction\":[{\"@type\":\"ReadAction\",\"target\":[\"https:\\\/\\\/pfc-eu.com\\\/harvest-tec-bale-management\\\/\"]}]},{\"@type\":\"ImageObject\",\"inLanguage\":\"pt-PT\",\"@id\":\"https:\\\/\\\/pfc-eu.com\\\/harvest-tec-bale-management\\\/#primaryimage\",\"url\":\"https:\\\/\\\/pfc-eu.com\\\/wp-content\\\/uploads\\\/2020\\\/10\\\/20140828_125840.jpg?w=1024\",\"contentUrl\":\"https:\\\/\\\/pfc-eu.com\\\/wp-content\\\/uploads\\\/2020\\\/10\\\/20140828_125840.jpg?w=1024\"},{\"@type\":\"BreadcrumbList\",\"@id\":\"https:\\\/\\\/pfc-eu.com\\\/harvest-tec-bale-management\\\/#breadcrumb\",\"itemListElement\":[{\"@type\":\"ListItem\",\"position\":1,\"name\":\"Home\",\"item\":\"https:\\\/\\\/pfc-eu.com\\\/\"},{\"@type\":\"ListItem\",\"position\":2,\"name\":\"PFC Agri Solutions Bale Management\"}]},{\"@type\":\"WebSite\",\"@id\":\"https:\\\/\\\/pfc-eu.com\\\/#website\",\"url\":\"https:\\\/\\\/pfc-eu.com\\\/\",\"name\":\"PFC Ltd\",\"description\":\"Precision, Quality, Service\",\"publisher\":{\"@id\":\"https:\\\/\\\/pfc-eu.com\\\/#organization\"},\"potentialAction\":[{\"@type\":\"SearchAction\",\"target\":{\"@type\":\"EntryPoint\",\"urlTemplate\":\"https:\\\/\\\/pfc-eu.com\\\/?s={search_term_string}\"},\"query-input\":{\"@type\":\"PropertyValueSpecification\",\"valueRequired\":true,\"valueName\":\"search_term_string\"}}],\"inLanguage\":\"pt-PT\"},{\"@type\":\"Organization\",\"@id\":\"https:\\\/\\\/pfc-eu.com\\\/#organization\",\"name\":\"PFC Ltd\",\"url\":\"https:\\\/\\\/pfc-eu.com\\\/\",\"logo\":{\"@type\":\"ImageObject\",\"inLanguage\":\"pt-PT\",\"@id\":\"https:\\\/\\\/pfc-eu.com\\\/#\\\/schema\\\/logo\\\/image\\\/\",\"url\":\"https:\\\/\\\/i0.wp.com\\\/pfc-eu.com\\\/wp-content\\\/uploads\\\/2022\\\/09\\\/cropped-cropped-pfc-agri-solutions-no-background-resized.png?fit=500%2C95&ssl=1\",\"contentUrl\":\"https:\\\/\\\/i0.wp.com\\\/pfc-eu.com\\\/wp-content\\\/uploads\\\/2022\\\/09\\\/cropped-cropped-pfc-agri-solutions-no-background-resized.png?fit=500%2C95&ssl=1\",\"width\":500,\"height\":95,\"caption\":\"PFC Ltd\"},\"image\":{\"@id\":\"https:\\\/\\\/pfc-eu.com\\\/#\\\/schema\\\/logo\\\/image\\\/\"}}]}<\/script>\n<!-- \/ Yoast SEO plugin. -->","yoast_head_json":{"title":"PFC Agri Solutions Bale Management - PFC Ltd","description":"wet bale marking","robots":{"index":"index","follow":"follow","max-snippet":"max-snippet:-1","max-image-preview":"max-image-preview:large","max-video-preview":"max-video-preview:-1"},"canonical":"https:\/\/pfc-eu.com\/pt\/harvest-tec-bale-management\/","og_locale":"pt_PT","og_type":"article","og_title":"PFC Agri Solutions Bale Management - PFC Ltd","og_description":"wet bale marking","og_url":"https:\/\/pfc-eu.com\/pt\/harvest-tec-bale-management\/","og_site_name":"PFC Ltd","article_modified_time":"2024-03-13T15:32:39+00:00","og_image":[{"url":"https:\/\/pfc-eu.com\/wp-content\/uploads\/2020\/10\/20140828_125840.jpg?w=1024","type":"","width":"","height":""}],"twitter_card":"summary_large_image","twitter_misc":{"Tempo estimado de leitura":"2 minutos"},"schema":{"@context":"https:\/\/schema.org","@graph":[{"@type":"WebPage","@id":"https:\/\/pfc-eu.com\/harvest-tec-bale-management\/","url":"https:\/\/pfc-eu.com\/harvest-tec-bale-management\/","name":"PFC Agri Solutions Bale Management - PFC Ltd","isPartOf":{"@id":"https:\/\/pfc-eu.com\/#website"},"primaryImageOfPage":{"@id":"https:\/\/pfc-eu.com\/harvest-tec-bale-management\/#primaryimage"},"image":{"@id":"https:\/\/pfc-eu.com\/harvest-tec-bale-management\/#primaryimage"},"thumbnailUrl":"https:\/\/pfc-eu.com\/wp-content\/uploads\/2020\/10\/20140828_125840.jpg?w=1024","datePublished":"2020-10-08T13:15:54+00:00","dateModified":"2024-03-13T15:32:39+00:00","description":"wet bale marking","breadcrumb":{"@id":"https:\/\/pfc-eu.com\/harvest-tec-bale-management\/#breadcrumb"},"inLanguage":"pt-PT","potentialAction":[{"@type":"ReadAction","target":["https:\/\/pfc-eu.com\/harvest-tec-bale-management\/"]}]},{"@type":"ImageObject","inLanguage":"pt-PT","@id":"https:\/\/pfc-eu.com\/harvest-tec-bale-management\/#primaryimage","url":"https:\/\/pfc-eu.com\/wp-content\/uploads\/2020\/10\/20140828_125840.jpg?w=1024","contentUrl":"https:\/\/pfc-eu.com\/wp-content\/uploads\/2020\/10\/20140828_125840.jpg?w=1024"},{"@type":"BreadcrumbList","@id":"https:\/\/pfc-eu.com\/harvest-tec-bale-management\/#breadcrumb","itemListElement":[{"@type":"ListItem","position":1,"name":"Home","item":"https:\/\/pfc-eu.com\/"},{"@type":"ListItem","position":2,"name":"PFC Agri Solutions Bale Management"}]},{"@type":"WebSite","@id":"https:\/\/pfc-eu.com\/#website","url":"https:\/\/pfc-eu.com\/","name":"PFC Ltda.","description":"Precis\u00e3o, Qualidade, Servi\u00e7o","publisher":{"@id":"https:\/\/pfc-eu.com\/#organization"},"potentialAction":[{"@type":"SearchAction","target":{"@type":"EntryPoint","urlTemplate":"https:\/\/pfc-eu.com\/?s={search_term_string}"},"query-input":{"@type":"PropertyValueSpecification","valueRequired":true,"valueName":"search_term_string"}}],"inLanguage":"pt-PT"},{"@type":"Organization","@id":"https:\/\/pfc-eu.com\/#organization","name":"PFC Ltda.","url":"https:\/\/pfc-eu.com\/","logo":{"@type":"ImageObject","inLanguage":"pt-PT","@id":"https:\/\/pfc-eu.com\/#\/schema\/logo\/image\/","url":"https:\/\/i0.wp.com\/pfc-eu.com\/wp-content\/uploads\/2022\/09\/cropped-cropped-pfc-agri-solutions-no-background-resized.png?fit=500%2C95&ssl=1","contentUrl":"https:\/\/i0.wp.com\/pfc-eu.com\/wp-content\/uploads\/2022\/09\/cropped-cropped-pfc-agri-solutions-no-background-resized.png?fit=500%2C95&ssl=1","width":500,"height":95,"caption":"PFC Ltd"},"image":{"@id":"https:\/\/pfc-eu.com\/#\/schema\/logo\/image\/"}}]}},"uagb_featured_image_src":{"full":false,"thumbnail":false,"medium":false,"medium_large":false,"large":false,"1536x1536":false,"2048x2048":false,"trp-custom-language-flag":false,"newspack-article-block-landscape-large":false,"newspack-article-block-portrait-large":false,"newspack-article-block-square-large":false,"newspack-article-block-landscape-medium":false,"newspack-article-block-portrait-medium":false,"newspack-article-block-square-medium":false,"newspack-article-block-landscape-intermediate":false,"newspack-article-block-portrait-intermediate":false,"newspack-article-block-square-intermediate":false,"newspack-article-block-landscape-small":false,"newspack-article-block-portrait-small":false,"newspack-article-block-square-small":false,"newspack-article-block-landscape-tiny":false,"newspack-article-block-portrait-tiny":false,"newspack-article-block-square-tiny":false,"newspack-article-block-uncropped":false,"post-thumbnail":false},"uagb_author_info":{"display_name":"richard","author_link":"https:\/\/pfc-eu.com\/pt\/author\/richard\/"},"uagb_comment_info":0,"uagb_excerpt":"The Wet bale marker highlights a bale with a red or blue colour. The wet bale marker is directly linked to the moisture sensor or automatic applicator system. Nozzles for the bale marker can be mounted in various locations depending on baler specification. Highlighting high moisture bales allows the operator to sort and store onlyContinue&hellip;","jetpack_likes_enabled":true,"jetpack_sharing_enabled":true,"jetpack_shortlink":"https:\/\/wp.me\/Pck1DT-rB","jetpack-related-posts":[],"_links":{"self":[{"href":"https:\/\/pfc-eu.com\/pt\/wp-json\/wp\/v2\/pages\/1711","targetHints":{"allow":["GET"]}}],"collection":[{"href":"https:\/\/pfc-eu.com\/pt\/wp-json\/wp\/v2\/pages"}],"about":[{"href":"https:\/\/pfc-eu.com\/pt\/wp-json\/wp\/v2\/types\/page"}],"author":[{"embeddable":true,"href":"https:\/\/pfc-eu.com\/pt\/wp-json\/wp\/v2\/users\/192351622"}],"replies":[{"embeddable":true,"href":"https:\/\/pfc-eu.com\/pt\/wp-json\/wp\/v2\/comments?post=1711"}],"version-history":[{"count":7,"href":"https:\/\/pfc-eu.com\/pt\/wp-json\/wp\/v2\/pages\/1711\/revisions"}],"predecessor-version":[{"id":3356,"href":"https:\/\/pfc-eu.com\/pt\/wp-json\/wp\/v2\/pages\/1711\/revisions\/3356"}],"wp:attachment":[{"href":"https:\/\/pfc-eu.com\/pt\/wp-json\/wp\/v2\/media?parent=1711"}],"curies":[{"name":"wp","href":"https:\/\/api.w.org\/{rel}","templated":true}]}}