{"id":1436,"date":"2020-10-07T14:45:01","date_gmt":"2020-10-07T13:45:01","guid":{"rendered":"https:\/\/pfc-eu.com\/?page_id=1436"},"modified":"2024-03-13T16:26:48","modified_gmt":"2024-03-13T16:26:48","slug":"cropsaver-bc-h2o-moisture-sensor","status":"publish","type":"page","link":"https:\/\/pfc-eu.com\/pt\/cropsaver-bc-h2o-moisture-sensor\/","title":{"rendered":"Sensor de umidade PFC Agri Solutions RB H2O"},"content":{"rendered":"<div class=\"wp-block-media-text alignwide is-stacked-on-mobile\"><figure class=\"wp-block-media-text__media\"><img data-recalc-dims=\"1\" loading=\"lazy\" decoding=\"async\" width=\"750\" height=\"1000\" data-attachment-id=\"1442\" data-permalink=\"https:\/\/pfc-eu.com\/pt\/20190618_144932\/\" data-orig-file=\"https:\/\/i0.wp.com\/pfc-eu.com\/wp-content\/uploads\/2020\/10\/20190618_144932.jpg?fit=3024%2C4032&amp;ssl=1\" data-orig-size=\"3024,4032\" data-comments-opened=\"1\" data-image-meta=\"{&quot;aperture&quot;:&quot;2.4&quot;,&quot;credit&quot;:&quot;&quot;,&quot;camera&quot;:&quot;SM-G960F&quot;,&quot;caption&quot;:&quot;&quot;,&quot;created_timestamp&quot;:&quot;1560869371&quot;,&quot;copyright&quot;:&quot;&quot;,&quot;focal_length&quot;:&quot;4.3&quot;,&quot;iso&quot;:&quot;50&quot;,&quot;shutter_speed&quot;:&quot;0.0088495575221239&quot;,&quot;title&quot;:&quot;&quot;,&quot;orientation&quot;:&quot;1&quot;}\" data-image-title=\"20190618_144932\" data-image-description=\"\" data-image-caption=\"\" data-medium-file=\"https:\/\/i0.wp.com\/pfc-eu.com\/wp-content\/uploads\/2020\/10\/20190618_144932.jpg?fit=225%2C300&amp;ssl=1\" data-large-file=\"https:\/\/i0.wp.com\/pfc-eu.com\/wp-content\/uploads\/2020\/10\/20190618_144932.jpg?fit=750%2C1000&amp;ssl=1\" src=\"https:\/\/i0.wp.com\/pfc-eu.com\/wp-content\/uploads\/2020\/10\/20190618_144932.jpg?resize=750%2C1000&#038;ssl=1\" alt=\"\" class=\"wp-image-1442\" \/><\/figure><div class=\"wp-block-media-text__content\">\n<p class=\"wp-block-paragraph\">O H2O utiliza a tecnologia patenteada de roda em estrela g\u00eamea de nosso sistema de aplicador autom\u00e1tico usando um pulso el\u00e9trico que \u00e9 empurrado cinco vezes por segundo em toda a largura do fardo. A faixa \u00e9 de 5-32% de umidade e uma precis\u00e3o de +\/-1%. O sensor exibir\u00e1 uma leitura ao vivo e a umidade m\u00e9dia do fardo anterior. a leitura de umidade ser\u00e1 atualizada a cada segundo com a m\u00e9dia cont\u00ednua de 3 segundos. O sensor H2O usa um aplicativo compat\u00edvel com os mais recentes dispositivos Apple iOS e Android <\/p>\n<\/div><\/div>\n\n\n\n<div class=\"wp-block-media-text alignwide has-media-on-the-right is-stacked-on-mobile is-image-fill\" style=\"grid-template-columns:auto 24%;\"><figure class=\"wp-block-media-text__media\" style=\"background-image:url('https:\/\/pfc-eu.com\/wp-content\/uploads\/2020\/10\/20190618_144916-3.jpg?w=1024');background-position:50% 50%;\"><img data-recalc-dims=\"1\" loading=\"lazy\" decoding=\"async\" width=\"750\" height=\"563\" data-attachment-id=\"1443\" data-permalink=\"https:\/\/pfc-eu.com\/pt\/20190618_144916-3\/\" data-orig-file=\"https:\/\/i0.wp.com\/pfc-eu.com\/wp-content\/uploads\/2020\/10\/20190618_144916-3.jpg?fit=4032%2C3024&amp;ssl=1\" data-orig-size=\"4032,3024\" data-comments-opened=\"1\" data-image-meta=\"{&quot;aperture&quot;:&quot;2.4&quot;,&quot;credit&quot;:&quot;&quot;,&quot;camera&quot;:&quot;SM-G960F&quot;,&quot;caption&quot;:&quot;&quot;,&quot;created_timestamp&quot;:&quot;1560869355&quot;,&quot;copyright&quot;:&quot;&quot;,&quot;focal_length&quot;:&quot;4.3&quot;,&quot;iso&quot;:&quot;50&quot;,&quot;shutter_speed&quot;:&quot;0.0082644628099174&quot;,&quot;title&quot;:&quot;&quot;,&quot;orientation&quot;:&quot;1&quot;}\" data-image-title=\"20190618_144916-3\" data-image-description=\"\" data-image-caption=\"\" data-medium-file=\"https:\/\/i0.wp.com\/pfc-eu.com\/wp-content\/uploads\/2020\/10\/20190618_144916-3.jpg?fit=300%2C225&amp;ssl=1\" data-large-file=\"https:\/\/i0.wp.com\/pfc-eu.com\/wp-content\/uploads\/2020\/10\/20190618_144916-3.jpg?fit=750%2C563&amp;ssl=1\" src=\"https:\/\/i0.wp.com\/pfc-eu.com\/wp-content\/uploads\/2020\/10\/20190618_144916-3.jpg?resize=750%2C563&#038;ssl=1\" alt=\"\" class=\"wp-image-1443\" \/><\/figure><div class=\"wp-block-media-text__content\">\n<p class=\"wp-block-paragraph\">Usando sensores duplos e medindo a resist\u00eancia de voltagem entre eles, o sistema mede com precis\u00e3o a umidade retida dentro da haste que est\u00e1 escondida dos sistemas de almofada e sonda manual. O uso das rodas duplas em estrela proporciona uma precis\u00e3o inigual\u00e1vel devido \u00e0 sua transfer\u00eancia de eletricidade altamente eficiente atrav\u00e9s do fardo. Este sistema \u00e9 autocalibr\u00e1vel e n\u00e3o requer nenhum ajuste do operador como densidade de colheita ou mudan\u00e7a de tipo. Os sistemas de umidade podem ser atualizados para operar equipamentos de aplica\u00e7\u00e3o e gerenciamento de fardos<\/p>\n<\/div><\/div>\n\n\n\n<figure class=\"wp-block-image size-large is-resized is-style-default\"><img data-recalc-dims=\"1\" loading=\"lazy\" decoding=\"async\" data-attachment-id=\"400\" data-permalink=\"https:\/\/pfc-eu.com\/pt\/moisture-meter-accuracy-comparision\/\" data-orig-file=\"https:\/\/i0.wp.com\/pfc-eu.com\/wp-content\/uploads\/2020\/09\/moisture-meter-accuracy-comparision.jpg?fit=1280%2C720&amp;ssl=1\" data-orig-size=\"1280,720\" data-comments-opened=\"1\" data-image-meta=\"{&quot;aperture&quot;:&quot;0&quot;,&quot;credit&quot;:&quot;&quot;,&quot;camera&quot;:&quot;&quot;,&quot;caption&quot;:&quot;&quot;,&quot;created_timestamp&quot;:&quot;0&quot;,&quot;copyright&quot;:&quot;&quot;,&quot;focal_length&quot;:&quot;0&quot;,&quot;iso&quot;:&quot;0&quot;,&quot;shutter_speed&quot;:&quot;0&quot;,&quot;title&quot;:&quot;&quot;,&quot;orientation&quot;:&quot;0&quot;}\" data-image-title=\"moisture-meter-accuracy-comparision\" data-image-description=\"\" data-image-caption=\"\" data-medium-file=\"https:\/\/i0.wp.com\/pfc-eu.com\/wp-content\/uploads\/2020\/09\/moisture-meter-accuracy-comparision.jpg?fit=300%2C169&amp;ssl=1\" data-large-file=\"https:\/\/i0.wp.com\/pfc-eu.com\/wp-content\/uploads\/2020\/09\/moisture-meter-accuracy-comparision.jpg?fit=750%2C422&amp;ssl=1\" src=\"https:\/\/i0.wp.com\/pfc-eu.com\/wp-content\/uploads\/2020\/09\/moisture-meter-accuracy-comparision.jpg?resize=750%2C422&#038;ssl=1\" alt=\"\" class=\"wp-image-400\" width=\"750\" height=\"422\" \/><figcaption>Precis\u00e3o da roda estrela +\/-1% na faixa cr\u00edtica de enfardamento de feno e palha.<\/figcaption><\/figure>\n\n\n\n<div class=\"wp-block-image\"><figure class=\"alignleft size-large is-resized\"><a href=\"\/pt\/cropsaver-bc-series-automatic-applicator\/\"><img data-recalc-dims=\"1\" loading=\"lazy\" decoding=\"async\" data-attachment-id=\"1330\" data-permalink=\"https:\/\/pfc-eu.com\/pt\/nozzle-icon-button-1-2-2\/\" data-orig-file=\"https:\/\/i0.wp.com\/pfc-eu.com\/wp-content\/uploads\/2020\/10\/nozzle-icon-button-1-2.png?fit=218%2C216&amp;ssl=1\" data-orig-size=\"218,216\" data-comments-opened=\"1\" data-image-meta=\"{&quot;aperture&quot;:&quot;0&quot;,&quot;credit&quot;:&quot;&quot;,&quot;camera&quot;:&quot;&quot;,&quot;caption&quot;:&quot;&quot;,&quot;created_timestamp&quot;:&quot;0&quot;,&quot;copyright&quot;:&quot;&quot;,&quot;focal_length&quot;:&quot;0&quot;,&quot;iso&quot;:&quot;0&quot;,&quot;shutter_speed&quot;:&quot;0&quot;,&quot;title&quot;:&quot;&quot;,&quot;orientation&quot;:&quot;0&quot;}\" data-image-title=\"nozzle-icon-button-1-2\" data-image-description=\"\" data-image-caption=\"\" data-medium-file=\"https:\/\/i0.wp.com\/pfc-eu.com\/wp-content\/uploads\/2020\/10\/nozzle-icon-button-1-2.png?fit=218%2C216&amp;ssl=1\" data-large-file=\"https:\/\/i0.wp.com\/pfc-eu.com\/wp-content\/uploads\/2020\/10\/nozzle-icon-button-1-2.png?fit=218%2C216&amp;ssl=1\" src=\"https:\/\/i0.wp.com\/pfc-eu.com\/wp-content\/uploads\/2020\/10\/nozzle-icon-button-1-2.png?resize=200%2C200&#038;ssl=1\" alt=\"\" class=\"wp-image-1330\" width=\"200\" height=\"200\" \/><\/a><figcaption>Equipamento de Aplica\u00e7\u00e3o<\/figcaption><\/figure><\/div>\n\n\n\n<div class=\"wp-block-image\"><figure class=\"alignleft size-large is-resized\"><a href=\"\/pt\/cropsaver-bale-management\/\"><img data-recalc-dims=\"1\" loading=\"lazy\" decoding=\"async\" data-attachment-id=\"1285\" data-permalink=\"https:\/\/pfc-eu.com\/pt\/bale-manegmant-icon-round-button\/\" data-orig-file=\"https:\/\/i0.wp.com\/pfc-eu.com\/wp-content\/uploads\/2020\/10\/bale-manegmant-icon-round-button.png?fit=341%2C340&amp;ssl=1\" data-orig-size=\"341,340\" data-comments-opened=\"1\" data-image-meta=\"{&quot;aperture&quot;:&quot;0&quot;,&quot;credit&quot;:&quot;&quot;,&quot;camera&quot;:&quot;&quot;,&quot;caption&quot;:&quot;&quot;,&quot;created_timestamp&quot;:&quot;0&quot;,&quot;copyright&quot;:&quot;&quot;,&quot;focal_length&quot;:&quot;0&quot;,&quot;iso&quot;:&quot;0&quot;,&quot;shutter_speed&quot;:&quot;0&quot;,&quot;title&quot;:&quot;&quot;,&quot;orientation&quot;:&quot;0&quot;}\" data-image-title=\"bale-manegmant-icon-round-button\" data-image-description=\"\" data-image-caption=\"\" data-medium-file=\"https:\/\/i0.wp.com\/pfc-eu.com\/wp-content\/uploads\/2020\/10\/bale-manegmant-icon-round-button.png?fit=300%2C300&amp;ssl=1\" data-large-file=\"https:\/\/i0.wp.com\/pfc-eu.com\/wp-content\/uploads\/2020\/10\/bale-manegmant-icon-round-button.png?fit=341%2C340&amp;ssl=1\" src=\"https:\/\/i0.wp.com\/pfc-eu.com\/wp-content\/uploads\/2020\/10\/bale-manegmant-icon-round-button.png?resize=200%2C200&#038;ssl=1\" alt=\"\" class=\"wp-image-1285\" width=\"200\" height=\"200\" \/><\/a><figcaption>Gerenciamento de fardos<\/figcaption><\/figure><\/div>\n\n\n\n<div class=\"wp-block-image\"><figure class=\"alignleft size-large is-resized\"><a href=\"\/pt\/cropsaver-preservative\/\"><img data-recalc-dims=\"1\" loading=\"lazy\" decoding=\"async\" data-attachment-id=\"1333\" data-permalink=\"https:\/\/pfc-eu.com\/pt\/preservative-icon-1-button-3\/\" data-orig-file=\"https:\/\/i0.wp.com\/pfc-eu.com\/wp-content\/uploads\/2020\/10\/preservative-icon-1-button.png?fit=340%2C340&amp;ssl=1\" data-orig-size=\"340,340\" data-comments-opened=\"1\" data-image-meta=\"{&quot;aperture&quot;:&quot;0&quot;,&quot;credit&quot;:&quot;&quot;,&quot;camera&quot;:&quot;&quot;,&quot;caption&quot;:&quot;&quot;,&quot;created_timestamp&quot;:&quot;0&quot;,&quot;copyright&quot;:&quot;&quot;,&quot;focal_length&quot;:&quot;0&quot;,&quot;iso&quot;:&quot;0&quot;,&quot;shutter_speed&quot;:&quot;0&quot;,&quot;title&quot;:&quot;&quot;,&quot;orientation&quot;:&quot;0&quot;}\" data-image-title=\"preservative-icon-1-button\" data-image-description=\"\" data-image-caption=\"\" data-medium-file=\"https:\/\/i0.wp.com\/pfc-eu.com\/wp-content\/uploads\/2020\/10\/preservative-icon-1-button.png?fit=300%2C300&amp;ssl=1\" data-large-file=\"https:\/\/i0.wp.com\/pfc-eu.com\/wp-content\/uploads\/2020\/10\/preservative-icon-1-button.png?fit=340%2C340&amp;ssl=1\" src=\"https:\/\/i0.wp.com\/pfc-eu.com\/wp-content\/uploads\/2020\/10\/preservative-icon-1-button.png?resize=200%2C200&#038;ssl=1\" alt=\"\" class=\"wp-image-1333\" width=\"200\" height=\"200\" \/><\/a><figcaption>Conservante<\/figcaption><\/figure><\/div>\n\n\n\n<div class=\"wp-block-image\"><figure class=\"alignleft size-large is-resized\"><a href=\"\/pt\/cropsaver-media-centre\/\"><img data-recalc-dims=\"1\" loading=\"lazy\" decoding=\"async\" data-attachment-id=\"1335\" data-permalink=\"https:\/\/pfc-eu.com\/pt\/media-icon-button-1-2\/\" data-orig-file=\"https:\/\/i0.wp.com\/pfc-eu.com\/wp-content\/uploads\/2020\/10\/media-icon-button-1.png?fit=341%2C356&amp;ssl=1\" data-orig-size=\"341,356\" data-comments-opened=\"1\" data-image-meta=\"{&quot;aperture&quot;:&quot;0&quot;,&quot;credit&quot;:&quot;&quot;,&quot;camera&quot;:&quot;&quot;,&quot;caption&quot;:&quot;&quot;,&quot;created_timestamp&quot;:&quot;0&quot;,&quot;copyright&quot;:&quot;&quot;,&quot;focal_length&quot;:&quot;0&quot;,&quot;iso&quot;:&quot;0&quot;,&quot;shutter_speed&quot;:&quot;0&quot;,&quot;title&quot;:&quot;&quot;,&quot;orientation&quot;:&quot;0&quot;}\" data-image-title=\"media-icon-button-1\" data-image-description=\"\" data-image-caption=\"\" data-medium-file=\"https:\/\/i0.wp.com\/pfc-eu.com\/wp-content\/uploads\/2020\/10\/media-icon-button-1.png?fit=287%2C300&amp;ssl=1\" data-large-file=\"https:\/\/i0.wp.com\/pfc-eu.com\/wp-content\/uploads\/2020\/10\/media-icon-button-1.png?fit=341%2C356&amp;ssl=1\" src=\"https:\/\/i0.wp.com\/pfc-eu.com\/wp-content\/uploads\/2020\/10\/media-icon-button-1.png?resize=200%2C200&#038;ssl=1\" alt=\"\" class=\"wp-image-1335\" width=\"200\" height=\"200\" \/><\/a><figcaption>Central de M\u00eddia<\/figcaption><\/figure><\/div>","protected":false},"excerpt":{"rendered":"<p>O H2O utiliza a tecnologia patenteada de roda estrela dupla do nosso sistema aplicador autom\u00e1tico usando um pulso el\u00e9trico que \u00e9 empurrado cinco vezes por segundo atrav\u00e9s de toda a largura do fardo. O intervalo \u00e9 de 5-32% de umidade e uma precis\u00e3o de +\/-1%. O sensor exibir\u00e1 uma leitura ao vivo e a umidade m\u00e9dia<a class=\"more-link\" href=\"https:\/\/pfc-eu.com\/pt\/cropsaver-bc-h2o-moisture-sensor\/\">continue lendo <span class=\"screen-reader-text\">\u201cSensor de umidade PFC Agri Solutions RB H2O\u201d<\/span><\/a><\/p>","protected":false},"author":192351622,"featured_media":0,"parent":0,"menu_order":0,"comment_status":"closed","ping_status":"closed","template":"","meta":{"_coblocks_attr":"","_coblocks_dimensions":"","_coblocks_responsive_height":"","_coblocks_accordion_ie_support":"","_crdt_document":"","_uag_custom_page_level_css":"","jetpack_post_was_ever_published":false,"footnotes":""},"class_list":["post-1436","page","type-page","status-publish","hentry","entry"],"yoast_head":"<!-- This site is optimized with the Yoast SEO plugin v27.3 - https:\/\/yoast.com\/product\/yoast-seo-wordpress\/ -->\n<title>PFC Agri Solutions RB H2O Moisture Sensor - PFC Ltd<\/title>\n<meta name=\"description\" content=\"agriculture baler moisture sensor\" \/>\n<meta name=\"robots\" content=\"index, follow, max-snippet:-1, max-image-preview:large, max-video-preview:-1\" \/>\n<link rel=\"canonical\" href=\"https:\/\/pfc-eu.com\/pt\/cropsaver-bc-h2o-moisture-sensor\/\" \/>\n<meta property=\"og:locale\" content=\"pt_PT\" \/>\n<meta property=\"og:type\" content=\"article\" \/>\n<meta property=\"og:title\" content=\"PFC Agri Solutions RB H2O Moisture Sensor - PFC Ltd\" \/>\n<meta property=\"og:description\" content=\"agriculture baler moisture sensor\" \/>\n<meta property=\"og:url\" content=\"https:\/\/pfc-eu.com\/pt\/cropsaver-bc-h2o-moisture-sensor\/\" \/>\n<meta property=\"og:site_name\" content=\"PFC Ltd\" \/>\n<meta property=\"article:modified_time\" content=\"2024-03-13T16:26:48+00:00\" \/>\n<meta property=\"og:image\" content=\"https:\/\/pfc-eu.com\/wp-content\/uploads\/2020\/10\/20190618_144932.jpg?w=768\" \/>\n<meta name=\"twitter:card\" content=\"summary_large_image\" \/>\n<meta name=\"twitter:label1\" content=\"Tempo estimado de leitura\" \/>\n\t<meta name=\"twitter:data1\" content=\"3 minutos\" \/>\n<script type=\"application\/ld+json\" class=\"yoast-schema-graph\">{\"@context\":\"https:\\\/\\\/schema.org\",\"@graph\":[{\"@type\":\"WebPage\",\"@id\":\"https:\\\/\\\/pfc-eu.com\\\/cropsaver-bc-h2o-moisture-sensor\\\/\",\"url\":\"https:\\\/\\\/pfc-eu.com\\\/cropsaver-bc-h2o-moisture-sensor\\\/\",\"name\":\"PFC Agri Solutions RB H2O Moisture Sensor - PFC Ltd\",\"isPartOf\":{\"@id\":\"https:\\\/\\\/pfc-eu.com\\\/#website\"},\"primaryImageOfPage\":{\"@id\":\"https:\\\/\\\/pfc-eu.com\\\/cropsaver-bc-h2o-moisture-sensor\\\/#primaryimage\"},\"image\":{\"@id\":\"https:\\\/\\\/pfc-eu.com\\\/cropsaver-bc-h2o-moisture-sensor\\\/#primaryimage\"},\"thumbnailUrl\":\"https:\\\/\\\/pfc-eu.com\\\/wp-content\\\/uploads\\\/2020\\\/10\\\/20190618_144932.jpg?w=768\",\"datePublished\":\"2020-10-07T13:45:01+00:00\",\"dateModified\":\"2024-03-13T16:26:48+00:00\",\"description\":\"agriculture baler moisture sensor\",\"breadcrumb\":{\"@id\":\"https:\\\/\\\/pfc-eu.com\\\/cropsaver-bc-h2o-moisture-sensor\\\/#breadcrumb\"},\"inLanguage\":\"pt-PT\",\"potentialAction\":[{\"@type\":\"ReadAction\",\"target\":[\"https:\\\/\\\/pfc-eu.com\\\/cropsaver-bc-h2o-moisture-sensor\\\/\"]}]},{\"@type\":\"ImageObject\",\"inLanguage\":\"pt-PT\",\"@id\":\"https:\\\/\\\/pfc-eu.com\\\/cropsaver-bc-h2o-moisture-sensor\\\/#primaryimage\",\"url\":\"https:\\\/\\\/pfc-eu.com\\\/wp-content\\\/uploads\\\/2020\\\/10\\\/20190618_144932.jpg?w=768\",\"contentUrl\":\"https:\\\/\\\/pfc-eu.com\\\/wp-content\\\/uploads\\\/2020\\\/10\\\/20190618_144932.jpg?w=768\"},{\"@type\":\"BreadcrumbList\",\"@id\":\"https:\\\/\\\/pfc-eu.com\\\/cropsaver-bc-h2o-moisture-sensor\\\/#breadcrumb\",\"itemListElement\":[{\"@type\":\"ListItem\",\"position\":1,\"name\":\"Home\",\"item\":\"https:\\\/\\\/pfc-eu.com\\\/\"},{\"@type\":\"ListItem\",\"position\":2,\"name\":\"PFC Agri Solutions RB H2O Moisture Sensor\"}]},{\"@type\":\"WebSite\",\"@id\":\"https:\\\/\\\/pfc-eu.com\\\/#website\",\"url\":\"https:\\\/\\\/pfc-eu.com\\\/\",\"name\":\"PFC Ltd\",\"description\":\"Precision, Quality, Service\",\"publisher\":{\"@id\":\"https:\\\/\\\/pfc-eu.com\\\/#organization\"},\"potentialAction\":[{\"@type\":\"SearchAction\",\"target\":{\"@type\":\"EntryPoint\",\"urlTemplate\":\"https:\\\/\\\/pfc-eu.com\\\/?s={search_term_string}\"},\"query-input\":{\"@type\":\"PropertyValueSpecification\",\"valueRequired\":true,\"valueName\":\"search_term_string\"}}],\"inLanguage\":\"pt-PT\"},{\"@type\":\"Organization\",\"@id\":\"https:\\\/\\\/pfc-eu.com\\\/#organization\",\"name\":\"PFC Ltd\",\"url\":\"https:\\\/\\\/pfc-eu.com\\\/\",\"logo\":{\"@type\":\"ImageObject\",\"inLanguage\":\"pt-PT\",\"@id\":\"https:\\\/\\\/pfc-eu.com\\\/#\\\/schema\\\/logo\\\/image\\\/\",\"url\":\"https:\\\/\\\/i0.wp.com\\\/pfc-eu.com\\\/wp-content\\\/uploads\\\/2022\\\/09\\\/cropped-cropped-pfc-agri-solutions-no-background-resized.png?fit=500%2C95&ssl=1\",\"contentUrl\":\"https:\\\/\\\/i0.wp.com\\\/pfc-eu.com\\\/wp-content\\\/uploads\\\/2022\\\/09\\\/cropped-cropped-pfc-agri-solutions-no-background-resized.png?fit=500%2C95&ssl=1\",\"width\":500,\"height\":95,\"caption\":\"PFC Ltd\"},\"image\":{\"@id\":\"https:\\\/\\\/pfc-eu.com\\\/#\\\/schema\\\/logo\\\/image\\\/\"}}]}<\/script>\n<!-- \/ Yoast SEO plugin. -->","yoast_head_json":{"title":"Sensor de Umidade PFC Agri Solutions RB H2O - PFC Ltd","description":"agriculture baler moisture sensor","robots":{"index":"index","follow":"follow","max-snippet":"max-snippet:-1","max-image-preview":"max-image-preview:large","max-video-preview":"max-video-preview:-1"},"canonical":"https:\/\/pfc-eu.com\/pt\/cropsaver-bc-h2o-moisture-sensor\/","og_locale":"pt_PT","og_type":"article","og_title":"PFC Agri Solutions RB H2O Moisture Sensor - PFC Ltd","og_description":"agriculture baler moisture sensor","og_url":"https:\/\/pfc-eu.com\/pt\/cropsaver-bc-h2o-moisture-sensor\/","og_site_name":"PFC Ltd","article_modified_time":"2024-03-13T16:26:48+00:00","og_image":[{"url":"https:\/\/pfc-eu.com\/wp-content\/uploads\/2020\/10\/20190618_144932.jpg?w=768","type":"","width":"","height":""}],"twitter_card":"summary_large_image","twitter_misc":{"Tempo estimado de leitura":"3 minutos"},"schema":{"@context":"https:\/\/schema.org","@graph":[{"@type":"WebPage","@id":"https:\/\/pfc-eu.com\/cropsaver-bc-h2o-moisture-sensor\/","url":"https:\/\/pfc-eu.com\/cropsaver-bc-h2o-moisture-sensor\/","name":"Sensor de Umidade PFC Agri Solutions RB H2O - PFC Ltd","isPartOf":{"@id":"https:\/\/pfc-eu.com\/#website"},"primaryImageOfPage":{"@id":"https:\/\/pfc-eu.com\/cropsaver-bc-h2o-moisture-sensor\/#primaryimage"},"image":{"@id":"https:\/\/pfc-eu.com\/cropsaver-bc-h2o-moisture-sensor\/#primaryimage"},"thumbnailUrl":"https:\/\/pfc-eu.com\/wp-content\/uploads\/2020\/10\/20190618_144932.jpg?w=768","datePublished":"2020-10-07T13:45:01+00:00","dateModified":"2024-03-13T16:26:48+00:00","description":"agriculture baler moisture sensor","breadcrumb":{"@id":"https:\/\/pfc-eu.com\/cropsaver-bc-h2o-moisture-sensor\/#breadcrumb"},"inLanguage":"pt-PT","potentialAction":[{"@type":"ReadAction","target":["https:\/\/pfc-eu.com\/cropsaver-bc-h2o-moisture-sensor\/"]}]},{"@type":"ImageObject","inLanguage":"pt-PT","@id":"https:\/\/pfc-eu.com\/cropsaver-bc-h2o-moisture-sensor\/#primaryimage","url":"https:\/\/pfc-eu.com\/wp-content\/uploads\/2020\/10\/20190618_144932.jpg?w=768","contentUrl":"https:\/\/pfc-eu.com\/wp-content\/uploads\/2020\/10\/20190618_144932.jpg?w=768"},{"@type":"BreadcrumbList","@id":"https:\/\/pfc-eu.com\/cropsaver-bc-h2o-moisture-sensor\/#breadcrumb","itemListElement":[{"@type":"ListItem","position":1,"name":"Home","item":"https:\/\/pfc-eu.com\/"},{"@type":"ListItem","position":2,"name":"PFC Agri Solutions RB H2O Moisture Sensor"}]},{"@type":"WebSite","@id":"https:\/\/pfc-eu.com\/#website","url":"https:\/\/pfc-eu.com\/","name":"PFC Ltda.","description":"Precis\u00e3o, Qualidade, Servi\u00e7o","publisher":{"@id":"https:\/\/pfc-eu.com\/#organization"},"potentialAction":[{"@type":"SearchAction","target":{"@type":"EntryPoint","urlTemplate":"https:\/\/pfc-eu.com\/?s={search_term_string}"},"query-input":{"@type":"PropertyValueSpecification","valueRequired":true,"valueName":"search_term_string"}}],"inLanguage":"pt-PT"},{"@type":"Organization","@id":"https:\/\/pfc-eu.com\/#organization","name":"PFC Ltda.","url":"https:\/\/pfc-eu.com\/","logo":{"@type":"ImageObject","inLanguage":"pt-PT","@id":"https:\/\/pfc-eu.com\/#\/schema\/logo\/image\/","url":"https:\/\/i0.wp.com\/pfc-eu.com\/wp-content\/uploads\/2022\/09\/cropped-cropped-pfc-agri-solutions-no-background-resized.png?fit=500%2C95&ssl=1","contentUrl":"https:\/\/i0.wp.com\/pfc-eu.com\/wp-content\/uploads\/2022\/09\/cropped-cropped-pfc-agri-solutions-no-background-resized.png?fit=500%2C95&ssl=1","width":500,"height":95,"caption":"PFC Ltd"},"image":{"@id":"https:\/\/pfc-eu.com\/#\/schema\/logo\/image\/"}}]}},"uagb_featured_image_src":{"full":false,"thumbnail":false,"medium":false,"medium_large":false,"large":false,"1536x1536":false,"2048x2048":false,"trp-custom-language-flag":false,"newspack-article-block-landscape-large":false,"newspack-article-block-portrait-large":false,"newspack-article-block-square-large":false,"newspack-article-block-landscape-medium":false,"newspack-article-block-portrait-medium":false,"newspack-article-block-square-medium":false,"newspack-article-block-landscape-intermediate":false,"newspack-article-block-portrait-intermediate":false,"newspack-article-block-square-intermediate":false,"newspack-article-block-landscape-small":false,"newspack-article-block-portrait-small":false,"newspack-article-block-square-small":false,"newspack-article-block-landscape-tiny":false,"newspack-article-block-portrait-tiny":false,"newspack-article-block-square-tiny":false,"newspack-article-block-uncropped":false,"post-thumbnail":false},"uagb_author_info":{"display_name":"richard","author_link":"https:\/\/pfc-eu.com\/pt\/author\/richard\/"},"uagb_comment_info":0,"uagb_excerpt":"H2O utilises patented twin star wheel technology from our automatic applicator system using an electrical pulse which is pushed five times per second through the full width of the bale of the bale. The range is from 5-32% moisture and an accuracy of +\/-1%. The sensor will display a live reading and the average moistureContinue&hellip;","jetpack_likes_enabled":true,"jetpack_sharing_enabled":true,"jetpack_shortlink":"https:\/\/wp.me\/Pck1DT-na","jetpack-related-posts":[],"_links":{"self":[{"href":"https:\/\/pfc-eu.com\/pt\/wp-json\/wp\/v2\/pages\/1436","targetHints":{"allow":["GET"]}}],"collection":[{"href":"https:\/\/pfc-eu.com\/pt\/wp-json\/wp\/v2\/pages"}],"about":[{"href":"https:\/\/pfc-eu.com\/pt\/wp-json\/wp\/v2\/types\/page"}],"author":[{"embeddable":true,"href":"https:\/\/pfc-eu.com\/pt\/wp-json\/wp\/v2\/users\/192351622"}],"replies":[{"embeddable":true,"href":"https:\/\/pfc-eu.com\/pt\/wp-json\/wp\/v2\/comments?post=1436"}],"version-history":[{"count":6,"href":"https:\/\/pfc-eu.com\/pt\/wp-json\/wp\/v2\/pages\/1436\/revisions"}],"predecessor-version":[{"id":3394,"href":"https:\/\/pfc-eu.com\/pt\/wp-json\/wp\/v2\/pages\/1436\/revisions\/3394"}],"wp:attachment":[{"href":"https:\/\/pfc-eu.com\/pt\/wp-json\/wp\/v2\/media?parent=1436"}],"curies":[{"name":"wp","href":"https:\/\/api.w.org\/{rel}","templated":true}]}}