{"id":1114,"date":"2020-10-06T16:26:32","date_gmt":"2020-10-06T15:26:32","guid":{"rendered":"https:\/\/pfc-eu.com\/?page_id=1114"},"modified":"2024-12-17T11:52:48","modified_gmt":"2024-12-17T11:52:48","slug":"cropsaver-preservative","status":"publish","type":"page","link":"https:\/\/pfc-eu.com\/pl\/cropsaver-preservative\/","title":{"rendered":"PFC Agri Solutions HarvestPro Buforowany Kwas Konserwuj\u0105cy"},"content":{"rendered":"<p class=\"has-large-font-size wp-block-paragraph\">Belowanie siana lub s\u0142omy jest bardzo zale\u017cne od pogody. Je\u015bli pozostawisz siano zbyt d\u0142ugo przed belowaniem, straci ono jako\u015b\u0107 i plon. Belowanie zbyt wcze\u015bnie i przy poziomie wilgotno\u015bci powy\u017cej 15%, ryzykujesz, \u017ce bele si\u0119 nagrzej\u0105, a w najgorszym przypadku samozap\u0142on. Bez konserwant\u00f3w rozwin\u0105 si\u0119 r\u00f3wnie\u017c ple\u015bnie, co spowoduje kurz i utrat\u0119 jako\u015bci beli, w wyniku czego zwierz\u0119ta gospodarskie b\u0119d\u0105 bardziej podatne na problemy z oddychaniem, a warto\u015b\u0107 od\u017cywcza paszy zostanie znacznie zmniejszona. Siano poddane dzia\u0142aniu PFC Agri Solutions HarvestPro ma znacznie wy\u017csz\u0105 warto\u015b\u0107 paszow\u0105, jest wolne od kurzu i ple\u015bni. Wa\u017cnym elementem jest dok\u0142adne nak\u0142adanie do zmian wilgotno\u015bci i zmiennej liczby ton na godzin\u0119 podczas belowania, a osi\u0105ga si\u0119 to za pomoc\u0105 automatycznego aplikatora PFC Agri Solutions lub r\u0119cznego aplikatora DigiTec.<\/p>\n\n\n\n<p class=\"has-large-font-size wp-block-paragraph\">Najnowsze systemy aplikacji PFC Agri Solution pozwalaj\u0105 pokona\u0107 niepogod\u0119 i dzi\u0119ki zastosowaniu \u015brodka konserwuj\u0105cego siano HarvestPro firmy PFC Agri Solutions bezpiecznie prasowa\u0107 bele przy poziomie wilgotno\u015bci od 15% do 30%.<\/p>\n\n\n\n<p class=\"wp-block-paragraph\">Nale\u017cy pami\u0119ta\u0107, \u017ce HarvestPro nie jest \u015brodkiem ADR do transportu i nie wymaga specjalistycznych kierowc\u00f3w posiadaj\u0105cych certyfikat ADR, kt\u00f3rzy mogliby powodowa\u0107 op\u00f3\u017anienia w transporcie. Nie ma \u017cadnych ogranicze\u0144 w transporcie drogowym lub morskim, jak w przypadku innych \u015brodk\u00f3w konserwuj\u0105cych siano.<\/p>\n\n\n\n<figure class=\"wp-block-image size-large\"><img data-recalc-dims=\"1\" loading=\"lazy\" decoding=\"async\" width=\"750\" height=\"249\" data-attachment-id=\"1129\" data-permalink=\"https:\/\/pfc-eu.com\/pl\/cropsaver-app-chart\/\" data-orig-file=\"https:\/\/i0.wp.com\/pfc-eu.com\/wp-content\/uploads\/2020\/10\/cropsaver-app-chart.png?fit=1340%2C445&amp;ssl=1\" data-orig-size=\"1340,445\" data-comments-opened=\"1\" data-image-meta=\"{&quot;aperture&quot;:&quot;0&quot;,&quot;credit&quot;:&quot;&quot;,&quot;camera&quot;:&quot;&quot;,&quot;caption&quot;:&quot;&quot;,&quot;created_timestamp&quot;:&quot;0&quot;,&quot;copyright&quot;:&quot;&quot;,&quot;focal_length&quot;:&quot;0&quot;,&quot;iso&quot;:&quot;0&quot;,&quot;shutter_speed&quot;:&quot;0&quot;,&quot;title&quot;:&quot;&quot;,&quot;orientation&quot;:&quot;0&quot;}\" data-image-title=\"cropsaver-app-chart\" data-image-description=\"\" data-image-caption=\"\" data-medium-file=\"https:\/\/i0.wp.com\/pfc-eu.com\/wp-content\/uploads\/2020\/10\/cropsaver-app-chart.png?fit=300%2C100&amp;ssl=1\" data-large-file=\"https:\/\/i0.wp.com\/pfc-eu.com\/wp-content\/uploads\/2020\/10\/cropsaver-app-chart.png?fit=750%2C249&amp;ssl=1\" src=\"https:\/\/i0.wp.com\/pfc-eu.com\/wp-content\/uploads\/2020\/10\/cropsaver-app-chart.png?resize=750%2C249&#038;ssl=1\" alt=\"\" class=\"wp-image-1129\"\/><\/figure>\n\n\n\n<p class=\"has-large-font-size wp-block-paragraph\">Mo\u017cliwo\u015b\u0107 bezpiecznego belowania przy wy\u017cszym poziomie wilgotno\u015bci ma wiele zalet:<\/p>\n\n\n\n<p class=\"has-large-font-size wp-block-paragraph\">Bardziej zielone siano ma zazwyczaj wy\u017csz\u0105 warto\u015b\u0107 paszow\u0105, a dodatkowy plon uzyskany dzi\u0119ki wcze\u015bniejszemu belowaniu z nawi\u0105zk\u0105 pokryje koszt \u015brodka konserwuj\u0105cego Agri Solutions HarvestPro stosowanego do ochrony siana.<\/p>\n\n\n\n<p class=\"has-large-font-size wp-block-paragraph\">Umo\u017cliwia szybsze belowanie w por\u00f3wnaniu z pasz\u0105 nieprzetworzon\u0105<\/p>\n\n\n\n<div class=\"wp-block-media-text alignwide is-stacked-on-mobile\"><figure class=\"wp-block-media-text__media\"><img data-recalc-dims=\"1\" loading=\"lazy\" decoding=\"async\" width=\"750\" height=\"648\" data-attachment-id=\"1116\" data-permalink=\"https:\/\/pfc-eu.com\/pl\/balers-choice-side-by-side-no-bg\/\" data-orig-file=\"https:\/\/i0.wp.com\/pfc-eu.com\/wp-content\/uploads\/2020\/10\/balers-choice-side-by-side-no-bg.png?fit=2135%2C1844&amp;ssl=1\" data-orig-size=\"2135,1844\" data-comments-opened=\"1\" data-image-meta=\"{&quot;aperture&quot;:&quot;0&quot;,&quot;credit&quot;:&quot;&quot;,&quot;camera&quot;:&quot;&quot;,&quot;caption&quot;:&quot;&quot;,&quot;created_timestamp&quot;:&quot;0&quot;,&quot;copyright&quot;:&quot;&quot;,&quot;focal_length&quot;:&quot;0&quot;,&quot;iso&quot;:&quot;0&quot;,&quot;shutter_speed&quot;:&quot;0&quot;,&quot;title&quot;:&quot;&quot;,&quot;orientation&quot;:&quot;0&quot;}\" data-image-title=\"balers-choice-side-by-side-no-bg\" data-image-description=\"\" data-image-caption=\"\" data-medium-file=\"https:\/\/i0.wp.com\/pfc-eu.com\/wp-content\/uploads\/2020\/10\/balers-choice-side-by-side-no-bg.png?fit=300%2C259&amp;ssl=1\" data-large-file=\"https:\/\/i0.wp.com\/pfc-eu.com\/wp-content\/uploads\/2020\/10\/balers-choice-side-by-side-no-bg.png?fit=750%2C648&amp;ssl=1\" src=\"https:\/\/i0.wp.com\/pfc-eu.com\/wp-content\/uploads\/2020\/10\/balers-choice-side-by-side-no-bg.png?resize=750%2C648&#038;ssl=1\" alt=\"\" class=\"wp-image-1116 size-full\"\/><\/figure><div class=\"wp-block-media-text__content\">\n<p class=\"has-large-font-size wp-block-paragraph\">\u015arodek konserwuj\u0105cy HarvestPro firmy PFC Agri Solutions nadaje si\u0119 do wszystkich rodzaj\u00f3w kiszonki paszowej, siana, s\u0142omy, sianokiszonki, bel kiszonki i kiszonki w pryzmach. Dzi\u0119ki unikalnej formule i procesowi produkcji nie powoduje korozji prasy, ma pH zbli\u017cone do neutralnego i jest znacznie bezpieczniejszy w obs\u0142udze dla operator\u00f3w pras. Dawki aplikacji zaczynaj\u0105 si\u0119 od niskich dawek. Jego unikalna formu\u0142a zapewnia wysoki poziom kwasu propionowego, wysoki ci\u0119\u017car w\u0142a\u015bciwy i pH zbli\u017cone do neutralnego. HarvestPro ma \u015brodek zwil\u017caj\u0105cy, kt\u00f3ry zmniejsza znoszenie przez wiatr i zatrzymuje parowanie w czasie opryskiwania i parowania w przechowywanym stosie. Konkurencyjne produkty b\u0119d\u0105 znacznie s\u0142absze litr po litrze, b\u0119d\u0105 odparowywa\u0107 i b\u0119d\u0105 mia\u0142y znacznie wy\u017csze dawki aplikacji i niezmiennie b\u0119d\u0105 kosztowa\u0107 wi\u0119cej za ton\u0119 poddanego obr\u00f3bce plonu lub w naprawach serwisowych maszyn<\/p>\n<\/div><\/div>\n\n\n\n<figure class=\"wp-block-image size-large is-resized\"><img data-recalc-dims=\"1\" loading=\"lazy\" decoding=\"async\" width=\"552\" height=\"218\" data-attachment-id=\"1118\" data-permalink=\"https:\/\/pfc-eu.com\/pl\/cropsaver-app-graph\/\" data-orig-file=\"https:\/\/i0.wp.com\/pfc-eu.com\/wp-content\/uploads\/2020\/10\/cropsaver-app-graph.png?fit=552%2C218&amp;ssl=1\" data-orig-size=\"552,218\" data-comments-opened=\"1\" data-image-meta=\"{&quot;aperture&quot;:&quot;0&quot;,&quot;credit&quot;:&quot;&quot;,&quot;camera&quot;:&quot;&quot;,&quot;caption&quot;:&quot;&quot;,&quot;created_timestamp&quot;:&quot;0&quot;,&quot;copyright&quot;:&quot;&quot;,&quot;focal_length&quot;:&quot;0&quot;,&quot;iso&quot;:&quot;0&quot;,&quot;shutter_speed&quot;:&quot;0&quot;,&quot;title&quot;:&quot;&quot;,&quot;orientation&quot;:&quot;0&quot;}\" data-image-title=\"cropsaver-app-graph\" data-image-description=\"\" data-image-caption=\"\" data-medium-file=\"https:\/\/i0.wp.com\/pfc-eu.com\/wp-content\/uploads\/2020\/10\/cropsaver-app-graph.png?fit=300%2C118&amp;ssl=1\" data-large-file=\"https:\/\/i0.wp.com\/pfc-eu.com\/wp-content\/uploads\/2020\/10\/cropsaver-app-graph.png?fit=552%2C218&amp;ssl=1\" src=\"https:\/\/i0.wp.com\/pfc-eu.com\/wp-content\/uploads\/2020\/10\/cropsaver-app-graph.png?resize=552%2C218&#038;ssl=1\" alt=\"\" class=\"wp-image-1118\" style=\"width:809px;height:auto\"\/><\/figure>\n\n\n<div class=\"wp-block-image is-resized\">\n<figure class=\"alignleft size-large\"><a href=\"\/pl\/select-nh-machine\/\"><img data-recalc-dims=\"1\" loading=\"lazy\" decoding=\"async\" width=\"340\" height=\"338\" data-attachment-id=\"1124\" data-permalink=\"https:\/\/pfc-eu.com\/pl\/moisture-icon-button-4\/\" data-orig-file=\"https:\/\/i0.wp.com\/pfc-eu.com\/wp-content\/uploads\/2020\/10\/moisture-icon-button.png?fit=340%2C338&amp;ssl=1\" data-orig-size=\"340,338\" data-comments-opened=\"1\" data-image-meta=\"{&quot;aperture&quot;:&quot;0&quot;,&quot;credit&quot;:&quot;&quot;,&quot;camera&quot;:&quot;&quot;,&quot;caption&quot;:&quot;&quot;,&quot;created_timestamp&quot;:&quot;0&quot;,&quot;copyright&quot;:&quot;&quot;,&quot;focal_length&quot;:&quot;0&quot;,&quot;iso&quot;:&quot;0&quot;,&quot;shutter_speed&quot;:&quot;0&quot;,&quot;title&quot;:&quot;&quot;,&quot;orientation&quot;:&quot;0&quot;}\" data-image-title=\"moisture-icon-button\" data-image-description=\"\" data-image-caption=\"\" data-medium-file=\"https:\/\/i0.wp.com\/pfc-eu.com\/wp-content\/uploads\/2020\/10\/moisture-icon-button.png?fit=300%2C298&amp;ssl=1\" data-large-file=\"https:\/\/i0.wp.com\/pfc-eu.com\/wp-content\/uploads\/2020\/10\/moisture-icon-button.png?fit=340%2C338&amp;ssl=1\" src=\"https:\/\/i0.wp.com\/pfc-eu.com\/wp-content\/uploads\/2020\/10\/moisture-icon-button.png?resize=340%2C338&#038;ssl=1\" alt=\"\" class=\"wp-image-1124\"\/><\/a><figcaption class=\"wp-element-caption\">Czujnik wilgoci<\/figcaption><\/figure>\n<\/div>\n\n<div class=\"wp-block-image is-resized\">\n<figure class=\"alignleft size-large\"><a href=\"\/pl\/select-nh-machine\/\"><img data-recalc-dims=\"1\" loading=\"lazy\" decoding=\"async\" width=\"218\" height=\"216\" data-attachment-id=\"1126\" data-permalink=\"https:\/\/pfc-eu.com\/pl\/nozzle-icon-button-1-3\/\" data-orig-file=\"https:\/\/i0.wp.com\/pfc-eu.com\/wp-content\/uploads\/2020\/10\/nozzle-icon-button-1.png?fit=218%2C216&amp;ssl=1\" data-orig-size=\"218,216\" data-comments-opened=\"1\" data-image-meta=\"{&quot;aperture&quot;:&quot;0&quot;,&quot;credit&quot;:&quot;&quot;,&quot;camera&quot;:&quot;&quot;,&quot;caption&quot;:&quot;&quot;,&quot;created_timestamp&quot;:&quot;0&quot;,&quot;copyright&quot;:&quot;&quot;,&quot;focal_length&quot;:&quot;0&quot;,&quot;iso&quot;:&quot;0&quot;,&quot;shutter_speed&quot;:&quot;0&quot;,&quot;title&quot;:&quot;&quot;,&quot;orientation&quot;:&quot;0&quot;}\" data-image-title=\"nozzle-icon-button-1\" data-image-description=\"\" data-image-caption=\"\" data-medium-file=\"https:\/\/i0.wp.com\/pfc-eu.com\/wp-content\/uploads\/2020\/10\/nozzle-icon-button-1.png?fit=218%2C216&amp;ssl=1\" data-large-file=\"https:\/\/i0.wp.com\/pfc-eu.com\/wp-content\/uploads\/2020\/10\/nozzle-icon-button-1.png?fit=218%2C216&amp;ssl=1\" src=\"https:\/\/i0.wp.com\/pfc-eu.com\/wp-content\/uploads\/2020\/10\/nozzle-icon-button-1.png?resize=218%2C216&#038;ssl=1\" alt=\"\" class=\"wp-image-1126\" style=\"width:343px;height:auto\"\/><\/a><figcaption class=\"wp-element-caption\">Sprz\u0119t do aplikacji<\/figcaption><\/figure>\n<\/div>\n\n<div class=\"wp-block-image is-resized\">\n<figure class=\"alignleft size-large\"><a href=\"\/pl\/cropsaver-media-centre\/\"><img data-recalc-dims=\"1\" loading=\"lazy\" decoding=\"async\" width=\"341\" height=\"356\" data-attachment-id=\"1123\" data-permalink=\"https:\/\/pfc-eu.com\/pl\/media-icon-button-12\/\" data-orig-file=\"https:\/\/i0.wp.com\/pfc-eu.com\/wp-content\/uploads\/2020\/10\/media-icon-button.png?fit=341%2C356&amp;ssl=1\" data-orig-size=\"341,356\" data-comments-opened=\"1\" data-image-meta=\"{&quot;aperture&quot;:&quot;0&quot;,&quot;credit&quot;:&quot;&quot;,&quot;camera&quot;:&quot;&quot;,&quot;caption&quot;:&quot;&quot;,&quot;created_timestamp&quot;:&quot;0&quot;,&quot;copyright&quot;:&quot;&quot;,&quot;focal_length&quot;:&quot;0&quot;,&quot;iso&quot;:&quot;0&quot;,&quot;shutter_speed&quot;:&quot;0&quot;,&quot;title&quot;:&quot;&quot;,&quot;orientation&quot;:&quot;0&quot;}\" data-image-title=\"media-icon-button\" data-image-description=\"\" data-image-caption=\"\" data-medium-file=\"https:\/\/i0.wp.com\/pfc-eu.com\/wp-content\/uploads\/2020\/10\/media-icon-button.png?fit=287%2C300&amp;ssl=1\" data-large-file=\"https:\/\/i0.wp.com\/pfc-eu.com\/wp-content\/uploads\/2020\/10\/media-icon-button.png?fit=341%2C356&amp;ssl=1\" src=\"https:\/\/i0.wp.com\/pfc-eu.com\/wp-content\/uploads\/2020\/10\/media-icon-button.png?resize=341%2C356&#038;ssl=1\" alt=\"\" class=\"wp-image-1123\"\/><\/a><figcaption class=\"wp-element-caption\">Centrum medialne<\/figcaption><\/figure>\n<\/div>","protected":false},"excerpt":{"rendered":"<p>Belowanie siana lub s\u0142omy jest bardzo zale\u017cne od pogody. Je\u015bli zostawisz siano zbyt d\u0142ugo przed belowaniem, straci ono jako\u015b\u0107 i plon. Belowanie zbyt wcze\u015bnie i przy poziomie wilgotno\u015bci powy\u017cej 15%, ryzykujesz, \u017ce bele si\u0119 nagrzej\u0105, a w najgorszym przypadku samozap\u0142on. Bez \u015brodka konserwuj\u0105cego rozwin\u0105 si\u0119 r\u00f3wnie\u017c ple\u015bnie, co spowoduje kurz i utrat\u0119 beli.<a class=\"more-link\" href=\"https:\/\/pfc-eu.com\/pl\/cropsaver-preservative\/\">Czytaj dalej <span class=\"screen-reader-text\">\u201eKonserwant buforowanego kwasu PFC Agri Solutions HarvestPro\u201d<\/span><\/a><\/p>","protected":false},"author":192351622,"featured_media":0,"parent":0,"menu_order":0,"comment_status":"closed","ping_status":"closed","template":"","meta":{"_coblocks_attr":"","_coblocks_dimensions":"","_coblocks_responsive_height":"","_coblocks_accordion_ie_support":"","_crdt_document":"","_uag_custom_page_level_css":"","jetpack_post_was_ever_published":false,"footnotes":""},"class_list":["post-1114","page","type-page","status-publish","hentry","entry"],"yoast_head":"<!-- This site is optimized with the Yoast SEO plugin v27.3 - https:\/\/yoast.com\/product\/yoast-seo-wordpress\/ -->\n<title>PFC Agri Solutions HarvestPro Buffered Acid Preservative - PFC Ltd<\/title>\n<meta name=\"description\" content=\"Crop Saver hay preservative\" \/>\n<meta name=\"robots\" content=\"index, follow, max-snippet:-1, max-image-preview:large, max-video-preview:-1\" \/>\n<link rel=\"canonical\" href=\"https:\/\/pfc-eu.com\/pl\/cropsaver-preservative\/\" \/>\n<meta property=\"og:locale\" content=\"pl_PL\" \/>\n<meta property=\"og:type\" content=\"article\" \/>\n<meta property=\"og:title\" content=\"PFC Agri Solutions HarvestPro Buffered Acid Preservative - PFC Ltd\" \/>\n<meta property=\"og:description\" content=\"Crop Saver hay preservative\" \/>\n<meta property=\"og:url\" content=\"https:\/\/pfc-eu.com\/pl\/cropsaver-preservative\/\" \/>\n<meta property=\"og:site_name\" content=\"PFC Ltd\" \/>\n<meta property=\"article:modified_time\" content=\"2024-12-17T11:52:48+00:00\" \/>\n<meta property=\"og:image\" content=\"https:\/\/pfc-eu.com\/wp-content\/uploads\/2020\/10\/cropsaver-app-chart.png?w=1024\" \/>\n<meta name=\"twitter:card\" content=\"summary_large_image\" \/>\n<meta name=\"twitter:label1\" content=\"Szacowany czas czytania\" \/>\n\t<meta name=\"twitter:data1\" content=\"3 minuty\" \/>\n<script type=\"application\/ld+json\" class=\"yoast-schema-graph\">{\"@context\":\"https:\\\/\\\/schema.org\",\"@graph\":[{\"@type\":\"WebPage\",\"@id\":\"https:\\\/\\\/pfc-eu.com\\\/cropsaver-preservative\\\/\",\"url\":\"https:\\\/\\\/pfc-eu.com\\\/cropsaver-preservative\\\/\",\"name\":\"PFC Agri Solutions HarvestPro Buffered Acid Preservative - PFC Ltd\",\"isPartOf\":{\"@id\":\"https:\\\/\\\/pfc-eu.com\\\/#website\"},\"primaryImageOfPage\":{\"@id\":\"https:\\\/\\\/pfc-eu.com\\\/cropsaver-preservative\\\/#primaryimage\"},\"image\":{\"@id\":\"https:\\\/\\\/pfc-eu.com\\\/cropsaver-preservative\\\/#primaryimage\"},\"thumbnailUrl\":\"https:\\\/\\\/pfc-eu.com\\\/wp-content\\\/uploads\\\/2020\\\/10\\\/cropsaver-app-chart.png?w=1024\",\"datePublished\":\"2020-10-06T15:26:32+00:00\",\"dateModified\":\"2024-12-17T11:52:48+00:00\",\"description\":\"Crop Saver hay preservative\",\"breadcrumb\":{\"@id\":\"https:\\\/\\\/pfc-eu.com\\\/cropsaver-preservative\\\/#breadcrumb\"},\"inLanguage\":\"pl-PL\",\"potentialAction\":[{\"@type\":\"ReadAction\",\"target\":[\"https:\\\/\\\/pfc-eu.com\\\/cropsaver-preservative\\\/\"]}]},{\"@type\":\"ImageObject\",\"inLanguage\":\"pl-PL\",\"@id\":\"https:\\\/\\\/pfc-eu.com\\\/cropsaver-preservative\\\/#primaryimage\",\"url\":\"https:\\\/\\\/pfc-eu.com\\\/wp-content\\\/uploads\\\/2020\\\/10\\\/cropsaver-app-chart.png?w=1024\",\"contentUrl\":\"https:\\\/\\\/pfc-eu.com\\\/wp-content\\\/uploads\\\/2020\\\/10\\\/cropsaver-app-chart.png?w=1024\"},{\"@type\":\"BreadcrumbList\",\"@id\":\"https:\\\/\\\/pfc-eu.com\\\/cropsaver-preservative\\\/#breadcrumb\",\"itemListElement\":[{\"@type\":\"ListItem\",\"position\":1,\"name\":\"Home\",\"item\":\"https:\\\/\\\/pfc-eu.com\\\/\"},{\"@type\":\"ListItem\",\"position\":2,\"name\":\"PFC Agri Solutions HarvestPro Buffered Acid Preservative\"}]},{\"@type\":\"WebSite\",\"@id\":\"https:\\\/\\\/pfc-eu.com\\\/#website\",\"url\":\"https:\\\/\\\/pfc-eu.com\\\/\",\"name\":\"PFC Ltd\",\"description\":\"Precision, Quality, Service\",\"publisher\":{\"@id\":\"https:\\\/\\\/pfc-eu.com\\\/#organization\"},\"potentialAction\":[{\"@type\":\"SearchAction\",\"target\":{\"@type\":\"EntryPoint\",\"urlTemplate\":\"https:\\\/\\\/pfc-eu.com\\\/?s={search_term_string}\"},\"query-input\":{\"@type\":\"PropertyValueSpecification\",\"valueRequired\":true,\"valueName\":\"search_term_string\"}}],\"inLanguage\":\"pl-PL\"},{\"@type\":\"Organization\",\"@id\":\"https:\\\/\\\/pfc-eu.com\\\/#organization\",\"name\":\"PFC Ltd\",\"url\":\"https:\\\/\\\/pfc-eu.com\\\/\",\"logo\":{\"@type\":\"ImageObject\",\"inLanguage\":\"pl-PL\",\"@id\":\"https:\\\/\\\/pfc-eu.com\\\/#\\\/schema\\\/logo\\\/image\\\/\",\"url\":\"https:\\\/\\\/i0.wp.com\\\/pfc-eu.com\\\/wp-content\\\/uploads\\\/2022\\\/09\\\/cropped-cropped-pfc-agri-solutions-no-background-resized.png?fit=500%2C95&ssl=1\",\"contentUrl\":\"https:\\\/\\\/i0.wp.com\\\/pfc-eu.com\\\/wp-content\\\/uploads\\\/2022\\\/09\\\/cropped-cropped-pfc-agri-solutions-no-background-resized.png?fit=500%2C95&ssl=1\",\"width\":500,\"height\":95,\"caption\":\"PFC Ltd\"},\"image\":{\"@id\":\"https:\\\/\\\/pfc-eu.com\\\/#\\\/schema\\\/logo\\\/image\\\/\"}}]}<\/script>\n<!-- \/ Yoast SEO plugin. -->","yoast_head_json":{"title":"PFC Agri Solutions HarvestPro Buffered Acid Preservative - PFC Ltd","description":"Crop Saver hay preservative","robots":{"index":"index","follow":"follow","max-snippet":"max-snippet:-1","max-image-preview":"max-image-preview:large","max-video-preview":"max-video-preview:-1"},"canonical":"https:\/\/pfc-eu.com\/pl\/cropsaver-preservative\/","og_locale":"pl_PL","og_type":"article","og_title":"PFC Agri Solutions HarvestPro Buffered Acid Preservative - PFC Ltd","og_description":"Crop Saver hay preservative","og_url":"https:\/\/pfc-eu.com\/pl\/cropsaver-preservative\/","og_site_name":"PFC Ltd","article_modified_time":"2024-12-17T11:52:48+00:00","og_image":[{"url":"https:\/\/pfc-eu.com\/wp-content\/uploads\/2020\/10\/cropsaver-app-chart.png?w=1024","type":"","width":"","height":""}],"twitter_card":"summary_large_image","twitter_misc":{"Szacowany czas czytania":"3 minuty"},"schema":{"@context":"https:\/\/schema.org","@graph":[{"@type":"WebPage","@id":"https:\/\/pfc-eu.com\/cropsaver-preservative\/","url":"https:\/\/pfc-eu.com\/cropsaver-preservative\/","name":"PFC Agri Solutions HarvestPro Buffered Acid Preservative - PFC Ltd","isPartOf":{"@id":"https:\/\/pfc-eu.com\/#website"},"primaryImageOfPage":{"@id":"https:\/\/pfc-eu.com\/cropsaver-preservative\/#primaryimage"},"image":{"@id":"https:\/\/pfc-eu.com\/cropsaver-preservative\/#primaryimage"},"thumbnailUrl":"https:\/\/pfc-eu.com\/wp-content\/uploads\/2020\/10\/cropsaver-app-chart.png?w=1024","datePublished":"2020-10-06T15:26:32+00:00","dateModified":"2024-12-17T11:52:48+00:00","description":"Crop Saver hay preservative","breadcrumb":{"@id":"https:\/\/pfc-eu.com\/cropsaver-preservative\/#breadcrumb"},"inLanguage":"pl-PL","potentialAction":[{"@type":"ReadAction","target":["https:\/\/pfc-eu.com\/cropsaver-preservative\/"]}]},{"@type":"ImageObject","inLanguage":"pl-PL","@id":"https:\/\/pfc-eu.com\/cropsaver-preservative\/#primaryimage","url":"https:\/\/pfc-eu.com\/wp-content\/uploads\/2020\/10\/cropsaver-app-chart.png?w=1024","contentUrl":"https:\/\/pfc-eu.com\/wp-content\/uploads\/2020\/10\/cropsaver-app-chart.png?w=1024"},{"@type":"BreadcrumbList","@id":"https:\/\/pfc-eu.com\/cropsaver-preservative\/#breadcrumb","itemListElement":[{"@type":"ListItem","position":1,"name":"Home","item":"https:\/\/pfc-eu.com\/"},{"@type":"ListItem","position":2,"name":"PFC Agri Solutions HarvestPro Buffered Acid Preservative"}]},{"@type":"WebSite","@id":"https:\/\/pfc-eu.com\/#website","url":"https:\/\/pfc-eu.com\/","name":"PFC Ltd","description":"Precyzja, jako\u015b\u0107, serwis","publisher":{"@id":"https:\/\/pfc-eu.com\/#organization"},"potentialAction":[{"@type":"SearchAction","target":{"@type":"EntryPoint","urlTemplate":"https:\/\/pfc-eu.com\/?s={search_term_string}"},"query-input":{"@type":"PropertyValueSpecification","valueRequired":true,"valueName":"search_term_string"}}],"inLanguage":"pl-PL"},{"@type":"Organization","@id":"https:\/\/pfc-eu.com\/#organization","name":"PFC Ltd","url":"https:\/\/pfc-eu.com\/","logo":{"@type":"ImageObject","inLanguage":"pl-PL","@id":"https:\/\/pfc-eu.com\/#\/schema\/logo\/image\/","url":"https:\/\/i0.wp.com\/pfc-eu.com\/wp-content\/uploads\/2022\/09\/cropped-cropped-pfc-agri-solutions-no-background-resized.png?fit=500%2C95&ssl=1","contentUrl":"https:\/\/i0.wp.com\/pfc-eu.com\/wp-content\/uploads\/2022\/09\/cropped-cropped-pfc-agri-solutions-no-background-resized.png?fit=500%2C95&ssl=1","width":500,"height":95,"caption":"PFC Ltd"},"image":{"@id":"https:\/\/pfc-eu.com\/#\/schema\/logo\/image\/"}}]}},"uagb_featured_image_src":{"full":false,"thumbnail":false,"medium":false,"medium_large":false,"large":false,"1536x1536":false,"2048x2048":false,"trp-custom-language-flag":false,"newspack-article-block-landscape-large":false,"newspack-article-block-portrait-large":false,"newspack-article-block-square-large":false,"newspack-article-block-landscape-medium":false,"newspack-article-block-portrait-medium":false,"newspack-article-block-square-medium":false,"newspack-article-block-landscape-intermediate":false,"newspack-article-block-portrait-intermediate":false,"newspack-article-block-square-intermediate":false,"newspack-article-block-landscape-small":false,"newspack-article-block-portrait-small":false,"newspack-article-block-square-small":false,"newspack-article-block-landscape-tiny":false,"newspack-article-block-portrait-tiny":false,"newspack-article-block-square-tiny":false,"newspack-article-block-uncropped":false,"post-thumbnail":false},"uagb_author_info":{"display_name":"richard","author_link":"https:\/\/pfc-eu.com\/pl\/author\/richard\/"},"uagb_comment_info":0,"uagb_excerpt":"Baling hay or straw is extremely weather dependent. If you leave hay too long before baling, it will lose quality and yield. Baled too early and at moisture levels above 15%, you risk bales heating up and at worst spontaneously combusting. Without preservative, moulds will also develop resulting in dust and a loss of baleCzytaj&hellip;","jetpack_likes_enabled":true,"jetpack_sharing_enabled":true,"jetpack_shortlink":"https:\/\/wp.me\/Pck1DT-hY","jetpack-related-posts":[],"_links":{"self":[{"href":"https:\/\/pfc-eu.com\/pl\/wp-json\/wp\/v2\/pages\/1114","targetHints":{"allow":["GET"]}}],"collection":[{"href":"https:\/\/pfc-eu.com\/pl\/wp-json\/wp\/v2\/pages"}],"about":[{"href":"https:\/\/pfc-eu.com\/pl\/wp-json\/wp\/v2\/types\/page"}],"author":[{"embeddable":true,"href":"https:\/\/pfc-eu.com\/pl\/wp-json\/wp\/v2\/users\/192351622"}],"replies":[{"embeddable":true,"href":"https:\/\/pfc-eu.com\/pl\/wp-json\/wp\/v2\/comments?post=1114"}],"version-history":[{"count":27,"href":"https:\/\/pfc-eu.com\/pl\/wp-json\/wp\/v2\/pages\/1114\/revisions"}],"predecessor-version":[{"id":4020,"href":"https:\/\/pfc-eu.com\/pl\/wp-json\/wp\/v2\/pages\/1114\/revisions\/4020"}],"wp:attachment":[{"href":"https:\/\/pfc-eu.com\/pl\/wp-json\/wp\/v2\/media?parent=1114"}],"curies":[{"name":"wp","href":"https:\/\/api.w.org\/{rel}","templated":true}]}}