{"id":789,"date":"2022-10-23T20:35:09","date_gmt":"2022-10-23T19:35:09","guid":{"rendered":"https:\/\/pfc-eu.com\/?page_id=789"},"modified":"2022-10-23T20:35:09","modified_gmt":"2022-10-23T19:35:09","slug":"ozyrys-mounted-disc-cultivator","status":"publish","type":"page","link":"https:\/\/pfc-eu.com\/nb\/ozyrys-mounted-disc-cultivator\/","title":{"rendered":"Ozyrys montert skivekultivator"},"content":{"rendered":"<div class=\"wp-block-jetpack-layout-grid alignfull column1-desktop-grid__span-6 column1-desktop-grid__row-1 column2-desktop-grid__span-6 column2-desktop-grid__start-7 column2-desktop-grid__row-1 column1-tablet-grid__span-4 column1-tablet-grid__row-1 column2-tablet-grid__span-4 column2-tablet-grid__start-5 column2-tablet-grid__row-1 column1-mobile-grid__span-4 column1-mobile-grid__row-1 column2-mobile-grid__span-4 column2-mobile-grid__row-2\">\n<div class=\"wp-block-jetpack-layout-grid-column wp-block-jetpack-layout-grid__padding-none\">\n<figure class=\"wp-block-image size-large is-resized\"><img data-recalc-dims=\"1\" loading=\"lazy\" decoding=\"async\" data-attachment-id=\"791\" data-permalink=\"https:\/\/pfc-eu.com\/nb\/img-20190927-wa0007-e28094-kopia\/\" data-orig-file=\"https:\/\/i0.wp.com\/pfc-eu.com\/wp-content\/uploads\/2020\/09\/img-20190927-wa0007-e28094-kopia.jpg?fit=557%2C379&amp;ssl=1\" data-orig-size=\"557,379\" data-comments-opened=\"1\" data-image-meta=\"{&quot;aperture&quot;:&quot;0&quot;,&quot;credit&quot;:&quot;&quot;,&quot;camera&quot;:&quot;&quot;,&quot;caption&quot;:&quot;&quot;,&quot;created_timestamp&quot;:&quot;0&quot;,&quot;copyright&quot;:&quot;&quot;,&quot;focal_length&quot;:&quot;0&quot;,&quot;iso&quot;:&quot;0&quot;,&quot;shutter_speed&quot;:&quot;0&quot;,&quot;title&quot;:&quot;&quot;,&quot;orientation&quot;:&quot;1&quot;}\" data-image-title=\"img-20190927-wa0007-e28094-kopia\" data-image-description=\"\" data-image-caption=\"\" data-medium-file=\"https:\/\/i0.wp.com\/pfc-eu.com\/wp-content\/uploads\/2020\/09\/img-20190927-wa0007-e28094-kopia.jpg?fit=300%2C204&amp;ssl=1\" data-large-file=\"https:\/\/i0.wp.com\/pfc-eu.com\/wp-content\/uploads\/2020\/09\/img-20190927-wa0007-e28094-kopia.jpg?fit=557%2C379&amp;ssl=1\" src=\"https:\/\/i0.wp.com\/pfc-eu.com\/wp-content\/uploads\/2020\/09\/img-20190927-wa0007-e28094-kopia.jpg?resize=750%2C511&#038;ssl=1\" alt=\"\" class=\"wp-image-791\" width=\"750\" height=\"511\" \/><\/figure>\n<\/div>\n\n\n\n<div class=\"wp-block-jetpack-layout-grid-column wp-block-jetpack-layout-grid__padding-none\">\n<figure class=\"wp-block-image size-large\"><img data-recalc-dims=\"1\" loading=\"lazy\" decoding=\"async\" width=\"750\" height=\"621\" data-attachment-id=\"819\" data-permalink=\"https:\/\/pfc-eu.com\/nb\/ozyrys-spec-1\/\" data-orig-file=\"https:\/\/i0.wp.com\/pfc-eu.com\/wp-content\/uploads\/2020\/09\/ozyrys-spec-1.png?fit=1286%2C1065&amp;ssl=1\" data-orig-size=\"1286,1065\" data-comments-opened=\"1\" data-image-meta=\"{&quot;aperture&quot;:&quot;0&quot;,&quot;credit&quot;:&quot;&quot;,&quot;camera&quot;:&quot;&quot;,&quot;caption&quot;:&quot;&quot;,&quot;created_timestamp&quot;:&quot;0&quot;,&quot;copyright&quot;:&quot;&quot;,&quot;focal_length&quot;:&quot;0&quot;,&quot;iso&quot;:&quot;0&quot;,&quot;shutter_speed&quot;:&quot;0&quot;,&quot;title&quot;:&quot;&quot;,&quot;orientation&quot;:&quot;0&quot;}\" data-image-title=\"ozyrys-spec-1\" data-image-description=\"\" data-image-caption=\"\" data-medium-file=\"https:\/\/i0.wp.com\/pfc-eu.com\/wp-content\/uploads\/2020\/09\/ozyrys-spec-1.png?fit=300%2C248&amp;ssl=1\" data-large-file=\"https:\/\/i0.wp.com\/pfc-eu.com\/wp-content\/uploads\/2020\/09\/ozyrys-spec-1.png?fit=750%2C621&amp;ssl=1\" src=\"https:\/\/i0.wp.com\/pfc-eu.com\/wp-content\/uploads\/2020\/09\/ozyrys-spec-1.png?resize=750%2C621&#038;ssl=1\" alt=\"\" class=\"wp-image-819\" \/><\/figure>\n\n\n\n<p class=\"wp-block-paragraph\"><\/p>\n<\/div>\n<\/div>\n\n\n\n<div class=\"wp-block-media-text alignwide has-media-on-the-right is-stacked-on-mobile\" style=\"grid-template-columns:auto 62%;\"><figure class=\"wp-block-media-text__media\"><img data-recalc-dims=\"1\" loading=\"lazy\" decoding=\"async\" width=\"750\" height=\"500\" data-attachment-id=\"751\" data-permalink=\"https:\/\/pfc-eu.com\/nb\/dsc01879-2\/\" data-orig-file=\"https:\/\/i0.wp.com\/pfc-eu.com\/wp-content\/uploads\/2020\/09\/dsc01879-2.jpg?fit=6000%2C4000&amp;ssl=1\" data-orig-size=\"6000,4000\" data-comments-opened=\"1\" data-image-meta=\"{&quot;aperture&quot;:&quot;4&quot;,&quot;credit&quot;:&quot;&quot;,&quot;camera&quot;:&quot;ILCE-7M3&quot;,&quot;caption&quot;:&quot;&quot;,&quot;created_timestamp&quot;:&quot;1566464375&quot;,&quot;copyright&quot;:&quot;&quot;,&quot;focal_length&quot;:&quot;45&quot;,&quot;iso&quot;:&quot;160&quot;,&quot;shutter_speed&quot;:&quot;0.005&quot;,&quot;title&quot;:&quot;&quot;,&quot;orientation&quot;:&quot;1&quot;}\" data-image-title=\"dsc01879-2\" data-image-description=\"\" data-image-caption=\"\" data-medium-file=\"https:\/\/i0.wp.com\/pfc-eu.com\/wp-content\/uploads\/2020\/09\/dsc01879-2.jpg?fit=300%2C200&amp;ssl=1\" data-large-file=\"https:\/\/i0.wp.com\/pfc-eu.com\/wp-content\/uploads\/2020\/09\/dsc01879-2.jpg?fit=750%2C500&amp;ssl=1\" src=\"https:\/\/i0.wp.com\/pfc-eu.com\/wp-content\/uploads\/2020\/09\/dsc01879-2.jpg?resize=750%2C500&#038;ssl=1\" alt=\"\" class=\"wp-image-751\" \/><\/figure><div class=\"wp-block-media-text__content\">\n<p class=\"wp-block-paragraph\">Ozyrys-monterte skivekultivator er den f\u00f8rste niv\u00e5et skivekultivator for de mindre enhetene. Den har mange av DNA-trekkene til storebroren Ares, men bruker en lettere ramme. dette gj\u00f8r at en mindre traktor kan bruke maskinen Med en Ozyrys er alle fordelene med stubbdyrking i din fav\u00f8r. Grunn til dyp stubbdyrking, nedgraving av store mengder rester og \u00f8deleggelse av plantedekket. Ozyrys kommer som standard som industrileder i spesifikasjoner og alternativer som standard. valg av type bakpakkealternativ er en av f\u00e5 avgj\u00f8relser som skal tas basert p\u00e5 dine individuelle krav. Knekkebrett og halmtinder er alle standard<\/p>\n<\/div><\/div>\n\n\n\n<div class=\"wp-block-jetpack-layout-grid alignfull column1-desktop-grid__span-6 column1-desktop-grid__row-1 column2-desktop-grid__span-6 column2-desktop-grid__start-7 column2-desktop-grid__row-1 column1-tablet-grid__span-4 column1-tablet-grid__row-1 column2-tablet-grid__span-4 column2-tablet-grid__start-5 column2-tablet-grid__row-1 column1-mobile-grid__span-4 column1-mobile-grid__row-1 column2-mobile-grid__span-4 column2-mobile-grid__row-2\">\n<div class=\"wp-block-jetpack-layout-grid-column wp-block-jetpack-layout-grid__padding-none\">\n<figure class=\"wp-block-image size-large is-resized\"><img data-recalc-dims=\"1\" decoding=\"async\" data-attachment-id=\"737\" data-permalink=\"https:\/\/pfc-eu.com\/nb\/cultivation-icon-button-6\/\" data-orig-file=\"https:\/\/i0.wp.com\/pfc-eu.com\/wp-content\/uploads\/2020\/09\/cultivation-icon-button-6.png?fit=342%2C351&amp;ssl=1\" data-orig-size=\"342,351\" data-comments-opened=\"1\" data-image-meta=\"{&quot;aperture&quot;:&quot;0&quot;,&quot;credit&quot;:&quot;&quot;,&quot;camera&quot;:&quot;&quot;,&quot;caption&quot;:&quot;&quot;,&quot;created_timestamp&quot;:&quot;0&quot;,&quot;copyright&quot;:&quot;&quot;,&quot;focal_length&quot;:&quot;0&quot;,&quot;iso&quot;:&quot;0&quot;,&quot;shutter_speed&quot;:&quot;0&quot;,&quot;title&quot;:&quot;&quot;,&quot;orientation&quot;:&quot;0&quot;}\" data-image-title=\"cultivation-icon-button-6\" data-image-description=\"\" data-image-caption=\"\" data-medium-file=\"https:\/\/i0.wp.com\/pfc-eu.com\/wp-content\/uploads\/2020\/09\/cultivation-icon-button-6.png?fit=292%2C300&amp;ssl=1\" data-large-file=\"https:\/\/i0.wp.com\/pfc-eu.com\/wp-content\/uploads\/2020\/09\/cultivation-icon-button-6.png?fit=342%2C351&amp;ssl=1\" src=\"https:\/\/i0.wp.com\/pfc-eu.com\/wp-content\/uploads\/2020\/09\/cultivation-icon-button-6.png?w=750&#038;ssl=1\" alt=\"\" class=\"wp-image-737\"   \/><figcaption>Kultiveringsutvalg<\/figcaption><\/figure>\n<\/div>\n\n\n\n<div class=\"wp-block-jetpack-layout-grid-column wp-block-jetpack-layout-grid__padding-none\">\n<figure class=\"wp-block-image size-large\"><img data-recalc-dims=\"1\" loading=\"lazy\" decoding=\"async\" width=\"341\" height=\"356\" data-attachment-id=\"738\" data-permalink=\"https:\/\/pfc-eu.com\/nb\/media-icon-button-8\/\" data-orig-file=\"https:\/\/i0.wp.com\/pfc-eu.com\/wp-content\/uploads\/2020\/09\/media-icon-button-8.png?fit=341%2C356&amp;ssl=1\" data-orig-size=\"341,356\" data-comments-opened=\"1\" data-image-meta=\"{&quot;aperture&quot;:&quot;0&quot;,&quot;credit&quot;:&quot;&quot;,&quot;camera&quot;:&quot;&quot;,&quot;caption&quot;:&quot;&quot;,&quot;created_timestamp&quot;:&quot;0&quot;,&quot;copyright&quot;:&quot;&quot;,&quot;focal_length&quot;:&quot;0&quot;,&quot;iso&quot;:&quot;0&quot;,&quot;shutter_speed&quot;:&quot;0&quot;,&quot;title&quot;:&quot;&quot;,&quot;orientation&quot;:&quot;0&quot;}\" data-image-title=\"media-icon-button-8\" data-image-description=\"\" data-image-caption=\"\" data-medium-file=\"https:\/\/i0.wp.com\/pfc-eu.com\/wp-content\/uploads\/2020\/09\/media-icon-button-8.png?fit=287%2C300&amp;ssl=1\" data-large-file=\"https:\/\/i0.wp.com\/pfc-eu.com\/wp-content\/uploads\/2020\/09\/media-icon-button-8.png?fit=341%2C356&amp;ssl=1\" src=\"https:\/\/i0.wp.com\/pfc-eu.com\/wp-content\/uploads\/2020\/09\/media-icon-button-8.png?resize=341%2C356&#038;ssl=1\" alt=\"\" class=\"wp-image-738\" \/><figcaption>Mediesenter<\/figcaption><\/figure>\n<\/div>\n<\/div>","protected":false},"excerpt":{"rendered":"<p>The Ozyrys mounted disc cultivator is the entry level disc cultivator for the smaller units. It has many of the DNA traits of its big brother the Ares but uses a lighter frame. this enables a smaller tractor to utilise the machine With an Ozyrys, all the advantages of stubble cultivation are in your favour.<a class=\"more-link\" href=\"https:\/\/pfc-eu.com\/nb\/ozyrys-mounted-disc-cultivator\/\">Fortsett \u00e5 lese <span class=\"screen-reader-text\">&#8220;Ozyrys Mounted Disc Cultivator&#8221;<\/span><\/a><\/p>","protected":false},"author":192351622,"featured_media":0,"parent":0,"menu_order":0,"comment_status":"closed","ping_status":"closed","template":"","meta":{"_coblocks_attr":"","_coblocks_dimensions":"","_coblocks_responsive_height":"","_coblocks_accordion_ie_support":"","_crdt_document":"","_uag_custom_page_level_css":"","jetpack_post_was_ever_published":false,"footnotes":""},"class_list":["post-789","page","type-page","status-publish","hentry","entry"],"yoast_head":"<!-- This site is optimized with the Yoast SEO plugin v27.3 - https:\/\/yoast.com\/product\/yoast-seo-wordpress\/ -->\n<title>Ozyrys Mounted Disc Cultivator - PFC Ltd<\/title>\n<meta name=\"robots\" content=\"index, follow, max-snippet:-1, max-image-preview:large, max-video-preview:-1\" \/>\n<link rel=\"canonical\" href=\"https:\/\/pfc-eu.com\/nb\/ozyrys-mounted-disc-cultivator\/\" \/>\n<meta property=\"og:locale\" content=\"nb_NO\" \/>\n<meta property=\"og:type\" content=\"article\" \/>\n<meta property=\"og:title\" content=\"Ozyrys Mounted Disc Cultivator - PFC Ltd\" \/>\n<meta property=\"og:description\" content=\"The Ozyrys mounted disc cultivator is the entry level disc cultivator for the smaller units. It has many of the DNA traits of its big brother the Ares but uses a lighter frame. this enables a smaller tractor to utilise the machine With an Ozyrys, all the advantages of stubble cultivation are in your favour.Fortsett \u00e5 lese &quot;Ozyrys Mounted Disc Cultivator&quot;\" \/>\n<meta property=\"og:url\" content=\"https:\/\/pfc-eu.com\/nb\/ozyrys-mounted-disc-cultivator\/\" \/>\n<meta property=\"og:site_name\" content=\"PFC Ltd\" \/>\n<meta property=\"og:image\" content=\"https:\/\/pfc-eu.com\/wp-content\/uploads\/2020\/09\/img-20190927-wa0007-e28094-kopia.jpg?w=557\" \/>\n<meta name=\"twitter:card\" content=\"summary_large_image\" \/>\n<meta name=\"twitter:label1\" content=\"Ansl. lesetid\" \/>\n\t<meta name=\"twitter:data1\" content=\"1 minutt\" \/>\n<script type=\"application\/ld+json\" class=\"yoast-schema-graph\">{\"@context\":\"https:\\\/\\\/schema.org\",\"@graph\":[{\"@type\":\"WebPage\",\"@id\":\"https:\\\/\\\/pfc-eu.com\\\/ozyrys-mounted-disc-cultivator\\\/\",\"url\":\"https:\\\/\\\/pfc-eu.com\\\/ozyrys-mounted-disc-cultivator\\\/\",\"name\":\"Ozyrys Mounted Disc Cultivator - PFC Ltd\",\"isPartOf\":{\"@id\":\"https:\\\/\\\/pfc-eu.com\\\/#website\"},\"primaryImageOfPage\":{\"@id\":\"https:\\\/\\\/pfc-eu.com\\\/ozyrys-mounted-disc-cultivator\\\/#primaryimage\"},\"image\":{\"@id\":\"https:\\\/\\\/pfc-eu.com\\\/ozyrys-mounted-disc-cultivator\\\/#primaryimage\"},\"thumbnailUrl\":\"https:\\\/\\\/pfc-eu.com\\\/wp-content\\\/uploads\\\/2020\\\/09\\\/img-20190927-wa0007-e28094-kopia.jpg?w=557\",\"datePublished\":\"2022-10-23T19:35:09+00:00\",\"breadcrumb\":{\"@id\":\"https:\\\/\\\/pfc-eu.com\\\/ozyrys-mounted-disc-cultivator\\\/#breadcrumb\"},\"inLanguage\":\"nb-NO\",\"potentialAction\":[{\"@type\":\"ReadAction\",\"target\":[\"https:\\\/\\\/pfc-eu.com\\\/ozyrys-mounted-disc-cultivator\\\/\"]}]},{\"@type\":\"ImageObject\",\"inLanguage\":\"nb-NO\",\"@id\":\"https:\\\/\\\/pfc-eu.com\\\/ozyrys-mounted-disc-cultivator\\\/#primaryimage\",\"url\":\"https:\\\/\\\/pfc-eu.com\\\/wp-content\\\/uploads\\\/2020\\\/09\\\/img-20190927-wa0007-e28094-kopia.jpg?w=557\",\"contentUrl\":\"https:\\\/\\\/pfc-eu.com\\\/wp-content\\\/uploads\\\/2020\\\/09\\\/img-20190927-wa0007-e28094-kopia.jpg?w=557\"},{\"@type\":\"BreadcrumbList\",\"@id\":\"https:\\\/\\\/pfc-eu.com\\\/ozyrys-mounted-disc-cultivator\\\/#breadcrumb\",\"itemListElement\":[{\"@type\":\"ListItem\",\"position\":1,\"name\":\"Home\",\"item\":\"https:\\\/\\\/pfc-eu.com\\\/\"},{\"@type\":\"ListItem\",\"position\":2,\"name\":\"Ozyrys Mounted Disc Cultivator\"}]},{\"@type\":\"WebSite\",\"@id\":\"https:\\\/\\\/pfc-eu.com\\\/#website\",\"url\":\"https:\\\/\\\/pfc-eu.com\\\/\",\"name\":\"PFC Ltd\",\"description\":\"Precision, Quality, Service\",\"publisher\":{\"@id\":\"https:\\\/\\\/pfc-eu.com\\\/#organization\"},\"potentialAction\":[{\"@type\":\"SearchAction\",\"target\":{\"@type\":\"EntryPoint\",\"urlTemplate\":\"https:\\\/\\\/pfc-eu.com\\\/?s={search_term_string}\"},\"query-input\":{\"@type\":\"PropertyValueSpecification\",\"valueRequired\":true,\"valueName\":\"search_term_string\"}}],\"inLanguage\":\"nb-NO\"},{\"@type\":\"Organization\",\"@id\":\"https:\\\/\\\/pfc-eu.com\\\/#organization\",\"name\":\"PFC Ltd\",\"url\":\"https:\\\/\\\/pfc-eu.com\\\/\",\"logo\":{\"@type\":\"ImageObject\",\"inLanguage\":\"nb-NO\",\"@id\":\"https:\\\/\\\/pfc-eu.com\\\/#\\\/schema\\\/logo\\\/image\\\/\",\"url\":\"https:\\\/\\\/i0.wp.com\\\/pfc-eu.com\\\/wp-content\\\/uploads\\\/2022\\\/09\\\/cropped-cropped-pfc-agri-solutions-no-background-resized.png?fit=500%2C95&ssl=1\",\"contentUrl\":\"https:\\\/\\\/i0.wp.com\\\/pfc-eu.com\\\/wp-content\\\/uploads\\\/2022\\\/09\\\/cropped-cropped-pfc-agri-solutions-no-background-resized.png?fit=500%2C95&ssl=1\",\"width\":500,\"height\":95,\"caption\":\"PFC Ltd\"},\"image\":{\"@id\":\"https:\\\/\\\/pfc-eu.com\\\/#\\\/schema\\\/logo\\\/image\\\/\"}}]}<\/script>\n<!-- \/ Yoast SEO plugin. -->","yoast_head_json":{"title":"Ozyrys Mounted Disc Cultivator - PFC Ltd","robots":{"index":"index","follow":"follow","max-snippet":"max-snippet:-1","max-image-preview":"max-image-preview:large","max-video-preview":"max-video-preview:-1"},"canonical":"https:\/\/pfc-eu.com\/nb\/ozyrys-mounted-disc-cultivator\/","og_locale":"nb_NO","og_type":"article","og_title":"Ozyrys Mounted Disc Cultivator - PFC Ltd","og_description":"The Ozyrys mounted disc cultivator is the entry level disc cultivator for the smaller units. It has many of the DNA traits of its big brother the Ares but uses a lighter frame. this enables a smaller tractor to utilise the machine With an Ozyrys, all the advantages of stubble cultivation are in your favour.Fortsett \u00e5 lese \"Ozyrys Mounted Disc Cultivator\"","og_url":"https:\/\/pfc-eu.com\/nb\/ozyrys-mounted-disc-cultivator\/","og_site_name":"PFC Ltd","og_image":[{"url":"https:\/\/pfc-eu.com\/wp-content\/uploads\/2020\/09\/img-20190927-wa0007-e28094-kopia.jpg?w=557","type":"","width":"","height":""}],"twitter_card":"summary_large_image","twitter_misc":{"Ansl. lesetid":"1 minutt"},"schema":{"@context":"https:\/\/schema.org","@graph":[{"@type":"WebPage","@id":"https:\/\/pfc-eu.com\/ozyrys-mounted-disc-cultivator\/","url":"https:\/\/pfc-eu.com\/ozyrys-mounted-disc-cultivator\/","name":"Ozyrys Mounted Disc Cultivator - PFC Ltd","isPartOf":{"@id":"https:\/\/pfc-eu.com\/#website"},"primaryImageOfPage":{"@id":"https:\/\/pfc-eu.com\/ozyrys-mounted-disc-cultivator\/#primaryimage"},"image":{"@id":"https:\/\/pfc-eu.com\/ozyrys-mounted-disc-cultivator\/#primaryimage"},"thumbnailUrl":"https:\/\/pfc-eu.com\/wp-content\/uploads\/2020\/09\/img-20190927-wa0007-e28094-kopia.jpg?w=557","datePublished":"2022-10-23T19:35:09+00:00","breadcrumb":{"@id":"https:\/\/pfc-eu.com\/ozyrys-mounted-disc-cultivator\/#breadcrumb"},"inLanguage":"nb-NO","potentialAction":[{"@type":"ReadAction","target":["https:\/\/pfc-eu.com\/ozyrys-mounted-disc-cultivator\/"]}]},{"@type":"ImageObject","inLanguage":"nb-NO","@id":"https:\/\/pfc-eu.com\/ozyrys-mounted-disc-cultivator\/#primaryimage","url":"https:\/\/pfc-eu.com\/wp-content\/uploads\/2020\/09\/img-20190927-wa0007-e28094-kopia.jpg?w=557","contentUrl":"https:\/\/pfc-eu.com\/wp-content\/uploads\/2020\/09\/img-20190927-wa0007-e28094-kopia.jpg?w=557"},{"@type":"BreadcrumbList","@id":"https:\/\/pfc-eu.com\/ozyrys-mounted-disc-cultivator\/#breadcrumb","itemListElement":[{"@type":"ListItem","position":1,"name":"Home","item":"https:\/\/pfc-eu.com\/"},{"@type":"ListItem","position":2,"name":"Ozyrys Mounted Disc Cultivator"}]},{"@type":"WebSite","@id":"https:\/\/pfc-eu.com\/#website","url":"https:\/\/pfc-eu.com\/","name":"PFC Ltd","description":"Presisjon, kvalitet, service","publisher":{"@id":"https:\/\/pfc-eu.com\/#organization"},"potentialAction":[{"@type":"SearchAction","target":{"@type":"EntryPoint","urlTemplate":"https:\/\/pfc-eu.com\/?s={search_term_string}"},"query-input":{"@type":"PropertyValueSpecification","valueRequired":true,"valueName":"search_term_string"}}],"inLanguage":"nb-NO"},{"@type":"Organization","@id":"https:\/\/pfc-eu.com\/#organization","name":"PFC Ltd","url":"https:\/\/pfc-eu.com\/","logo":{"@type":"ImageObject","inLanguage":"nb-NO","@id":"https:\/\/pfc-eu.com\/#\/schema\/logo\/image\/","url":"https:\/\/i0.wp.com\/pfc-eu.com\/wp-content\/uploads\/2022\/09\/cropped-cropped-pfc-agri-solutions-no-background-resized.png?fit=500%2C95&ssl=1","contentUrl":"https:\/\/i0.wp.com\/pfc-eu.com\/wp-content\/uploads\/2022\/09\/cropped-cropped-pfc-agri-solutions-no-background-resized.png?fit=500%2C95&ssl=1","width":500,"height":95,"caption":"PFC Ltd"},"image":{"@id":"https:\/\/pfc-eu.com\/#\/schema\/logo\/image\/"}}]}},"uagb_featured_image_src":{"full":false,"thumbnail":false,"medium":false,"medium_large":false,"large":false,"1536x1536":false,"2048x2048":false,"trp-custom-language-flag":false,"newspack-article-block-landscape-large":false,"newspack-article-block-portrait-large":false,"newspack-article-block-square-large":false,"newspack-article-block-landscape-medium":false,"newspack-article-block-portrait-medium":false,"newspack-article-block-square-medium":false,"newspack-article-block-landscape-intermediate":false,"newspack-article-block-portrait-intermediate":false,"newspack-article-block-square-intermediate":false,"newspack-article-block-landscape-small":false,"newspack-article-block-portrait-small":false,"newspack-article-block-square-small":false,"newspack-article-block-landscape-tiny":false,"newspack-article-block-portrait-tiny":false,"newspack-article-block-square-tiny":false,"newspack-article-block-uncropped":false,"post-thumbnail":false},"uagb_author_info":{"display_name":"richard","author_link":"https:\/\/pfc-eu.com\/nb\/author\/richard\/"},"uagb_comment_info":0,"uagb_excerpt":"The Ozyrys mounted disc cultivator is the entry level disc cultivator for the smaller units. It has many of the DNA traits of its big brother the Ares but uses a lighter frame. this enables a smaller tractor to utilise the machine With an Ozyrys, all the advantages of stubble cultivation are in your favour.Fortsett&hellip;","jetpack_likes_enabled":true,"jetpack_sharing_enabled":true,"jetpack_shortlink":"https:\/\/wp.me\/Pck1DT-cJ","jetpack-related-posts":[],"_links":{"self":[{"href":"https:\/\/pfc-eu.com\/nb\/wp-json\/wp\/v2\/pages\/789","targetHints":{"allow":["GET"]}}],"collection":[{"href":"https:\/\/pfc-eu.com\/nb\/wp-json\/wp\/v2\/pages"}],"about":[{"href":"https:\/\/pfc-eu.com\/nb\/wp-json\/wp\/v2\/types\/page"}],"author":[{"embeddable":true,"href":"https:\/\/pfc-eu.com\/nb\/wp-json\/wp\/v2\/users\/192351622"}],"replies":[{"embeddable":true,"href":"https:\/\/pfc-eu.com\/nb\/wp-json\/wp\/v2\/comments?post=789"}],"version-history":[{"count":4,"href":"https:\/\/pfc-eu.com\/nb\/wp-json\/wp\/v2\/pages\/789\/revisions"}],"predecessor-version":[{"id":821,"href":"https:\/\/pfc-eu.com\/nb\/wp-json\/wp\/v2\/pages\/789\/revisions\/821"}],"wp:attachment":[{"href":"https:\/\/pfc-eu.com\/nb\/wp-json\/wp\/v2\/media?parent=789"}],"curies":[{"name":"wp","href":"https:\/\/api.w.org\/{rel}","templated":true}]}}