{"id":3087,"date":"2023-10-26T15:52:42","date_gmt":"2023-10-26T14:52:42","guid":{"rendered":"https:\/\/pfc-eu.com\/?page_id=3087"},"modified":"2023-10-27T13:00:40","modified_gmt":"2023-10-27T12:00:40","slug":"harmak-green-forage-products","status":"publish","type":"page","link":"https:\/\/pfc-eu.com\/nb\/harmak-green-forage-products\/","title":{"rendered":"HARMAK Gr\u00f8nnf\u00f4rprodukter"},"content":{"rendered":"<p class=\"wp-block-paragraph\">112 balleakkumulator, klippere, river tvilling- og enkeltrotor, roterende toppere, konvensjonelle sm\u00e5 firkantballepresser<\/p>\n\n\n\n<p class=\"wp-block-paragraph\">PFC Agri Solutions tilbyr Harmak-produktutvalget \u2013 VENNLIGST VELG MASKINBILDE til Harmak-produktsiden<\/p>\n\n\n\n<div class=\"wp-block-coblocks-row coblocks-row-926145342252\" data-columns=\"3\" data-layout=\"33-33-33\"><div class=\"wp-block-coblocks-row__inner has-no-padding has-no-margin is-stacked-on-mobile has-medium-gutter\">\n<div class=\"wp-block-coblocks-column coblocks-column-926145348463\" style=\"width:33%\"><div class=\"wp-block-coblocks-column__inner has-no-padding has-no-margin\">\n<figure class=\"wp-block-image size-large\"><a href=\"https:\/\/www.harmak.com.tr\/en\/products\/bale-collection-trailer\/4\"><img data-recalc-dims=\"1\" loading=\"lazy\" decoding=\"async\" width=\"750\" height=\"659\" data-attachment-id=\"2806\" data-permalink=\"https:\/\/pfc-eu.com\/nb\/home\/112-bale-trailer-jpeg-2023-offer-1\/\" data-orig-file=\"https:\/\/i0.wp.com\/pfc-eu.com\/wp-content\/uploads\/2023\/10\/112-Bale-Trailer-JPEG-2023-Offer-1.jpg?fit=2816%2C2475&amp;ssl=1\" data-orig-size=\"2816,2475\" data-comments-opened=\"1\" data-image-meta=\"{&quot;aperture&quot;:&quot;0&quot;,&quot;credit&quot;:&quot;&quot;,&quot;camera&quot;:&quot;&quot;,&quot;caption&quot;:&quot;&quot;,&quot;created_timestamp&quot;:&quot;0&quot;,&quot;copyright&quot;:&quot;&quot;,&quot;focal_length&quot;:&quot;0&quot;,&quot;iso&quot;:&quot;0&quot;,&quot;shutter_speed&quot;:&quot;0&quot;,&quot;title&quot;:&quot;&quot;,&quot;orientation&quot;:&quot;0&quot;}\" data-image-title=\"112-Bale-Trailer-JPEG-2023-Offer-1\" data-image-description=\"\" data-image-caption=\"&lt;p&gt;112 Bale Accumulator&lt;\/p&gt;\" data-medium-file=\"https:\/\/i0.wp.com\/pfc-eu.com\/wp-content\/uploads\/2023\/10\/112-Bale-Trailer-JPEG-2023-Offer-1.jpg?fit=300%2C264&amp;ssl=1\" data-large-file=\"https:\/\/i0.wp.com\/pfc-eu.com\/wp-content\/uploads\/2023\/10\/112-Bale-Trailer-JPEG-2023-Offer-1.jpg?fit=750%2C659&amp;ssl=1\" src=\"https:\/\/i0.wp.com\/pfc-eu.com\/wp-content\/uploads\/2023\/10\/112-Bale-Trailer-JPEG-2023-Offer-1.jpg?resize=750%2C659&#038;ssl=1\" alt=\"\" class=\"wp-image-2806\" style=\"object-fit:cover\" srcset=\"https:\/\/i0.wp.com\/pfc-eu.com\/wp-content\/uploads\/2023\/10\/112-Bale-Trailer-JPEG-2023-Offer-1.jpg?resize=1024%2C900&amp;ssl=1 1024w, https:\/\/i0.wp.com\/pfc-eu.com\/wp-content\/uploads\/2023\/10\/112-Bale-Trailer-JPEG-2023-Offer-1.jpg?resize=300%2C264&amp;ssl=1 300w, https:\/\/i0.wp.com\/pfc-eu.com\/wp-content\/uploads\/2023\/10\/112-Bale-Trailer-JPEG-2023-Offer-1.jpg?resize=768%2C675&amp;ssl=1 768w, https:\/\/i0.wp.com\/pfc-eu.com\/wp-content\/uploads\/2023\/10\/112-Bale-Trailer-JPEG-2023-Offer-1.jpg?resize=1536%2C1350&amp;ssl=1 1536w, https:\/\/i0.wp.com\/pfc-eu.com\/wp-content\/uploads\/2023\/10\/112-Bale-Trailer-JPEG-2023-Offer-1.jpg?resize=2048%2C1800&amp;ssl=1 2048w, https:\/\/i0.wp.com\/pfc-eu.com\/wp-content\/uploads\/2023\/10\/112-Bale-Trailer-JPEG-2023-Offer-1.jpg?resize=14%2C12&amp;ssl=1 14w, https:\/\/i0.wp.com\/pfc-eu.com\/wp-content\/uploads\/2023\/10\/112-Bale-Trailer-JPEG-2023-Offer-1.jpg?resize=1200%2C1055&amp;ssl=1 1200w, https:\/\/i0.wp.com\/pfc-eu.com\/wp-content\/uploads\/2023\/10\/112-Bale-Trailer-JPEG-2023-Offer-1.jpg?resize=1568%2C1378&amp;ssl=1 1568w, https:\/\/i0.wp.com\/pfc-eu.com\/wp-content\/uploads\/2023\/10\/112-Bale-Trailer-JPEG-2023-Offer-1.jpg?w=2250&amp;ssl=1 2250w\" sizes=\"auto, (max-width: 750px) 100vw, 750px\" \/><\/a><figcaption class=\"wp-element-caption\">112 balleakkumulator<\/figcaption><\/figure>\n\n\n\n<figure class=\"wp-block-image size-full\"><a href=\"https:\/\/www.harmak.com.tr\/en\/products\/baler-machines\/1\"><img data-recalc-dims=\"1\" loading=\"lazy\" decoding=\"async\" width=\"750\" height=\"451\" data-attachment-id=\"3100\" data-permalink=\"https:\/\/pfc-eu.com\/nb\/harmak-green-forage-products\/baler-bly-02r-2-2\/\" data-orig-file=\"https:\/\/i0.wp.com\/pfc-eu.com\/wp-content\/uploads\/2023\/10\/BALER-BLY-02R-2.jpg?fit=800%2C481&amp;ssl=1\" data-orig-size=\"800,481\" data-comments-opened=\"1\" data-image-meta=\"{&quot;aperture&quot;:&quot;0&quot;,&quot;credit&quot;:&quot;&quot;,&quot;camera&quot;:&quot;&quot;,&quot;caption&quot;:&quot;&quot;,&quot;created_timestamp&quot;:&quot;0&quot;,&quot;copyright&quot;:&quot;&quot;,&quot;focal_length&quot;:&quot;0&quot;,&quot;iso&quot;:&quot;0&quot;,&quot;shutter_speed&quot;:&quot;0&quot;,&quot;title&quot;:&quot;&quot;,&quot;orientation&quot;:&quot;0&quot;}\" data-image-title=\"BALER-BLY-02R-2\" data-image-description=\"\" data-image-caption=\"\" data-medium-file=\"https:\/\/i0.wp.com\/pfc-eu.com\/wp-content\/uploads\/2023\/10\/BALER-BLY-02R-2.jpg?fit=300%2C180&amp;ssl=1\" data-large-file=\"https:\/\/i0.wp.com\/pfc-eu.com\/wp-content\/uploads\/2023\/10\/BALER-BLY-02R-2.jpg?fit=750%2C451&amp;ssl=1\" src=\"https:\/\/i0.wp.com\/pfc-eu.com\/wp-content\/uploads\/2023\/10\/BALER-BLY-02R-2.jpg?resize=750%2C451&#038;ssl=1\" alt=\"\" class=\"wp-image-3100\" srcset=\"https:\/\/i0.wp.com\/pfc-eu.com\/wp-content\/uploads\/2023\/10\/BALER-BLY-02R-2.jpg?w=800&amp;ssl=1 800w, https:\/\/i0.wp.com\/pfc-eu.com\/wp-content\/uploads\/2023\/10\/BALER-BLY-02R-2.jpg?resize=300%2C180&amp;ssl=1 300w, https:\/\/i0.wp.com\/pfc-eu.com\/wp-content\/uploads\/2023\/10\/BALER-BLY-02R-2.jpg?resize=768%2C462&amp;ssl=1 768w, https:\/\/i0.wp.com\/pfc-eu.com\/wp-content\/uploads\/2023\/10\/BALER-BLY-02R-2.jpg?resize=18%2C12&amp;ssl=1 18w\" sizes=\"auto, (max-width: 750px) 100vw, 750px\" \/><\/a><figcaption class=\"wp-element-caption\">Konvensjonell liten firkantballe<\/figcaption><\/figure>\n<\/div><\/div>\n\n\n\n<div class=\"wp-block-coblocks-column coblocks-column-926145348466\" style=\"width:33.94%\"><div class=\"wp-block-coblocks-column__inner has-no-padding has-no-margin\">\n<figure class=\"wp-block-image size-large\"><a href=\"https:\/\/www.harmak.com.tr\/en\/products\/hay-rakes\/3\"><img data-recalc-dims=\"1\" loading=\"lazy\" decoding=\"async\" width=\"750\" height=\"616\" data-attachment-id=\"3097\" data-permalink=\"https:\/\/pfc-eu.com\/nb\/harmak-green-forage-products\/hay-rake-ht-745-1-1\/\" data-orig-file=\"https:\/\/i0.wp.com\/pfc-eu.com\/wp-content\/uploads\/2023\/10\/HAY-RAKE-HT-745-1-1.jpg?fit=1139%2C936&amp;ssl=1\" data-orig-size=\"1139,936\" data-comments-opened=\"1\" data-image-meta=\"{&quot;aperture&quot;:&quot;0&quot;,&quot;credit&quot;:&quot;&quot;,&quot;camera&quot;:&quot;&quot;,&quot;caption&quot;:&quot;&quot;,&quot;created_timestamp&quot;:&quot;0&quot;,&quot;copyright&quot;:&quot;&quot;,&quot;focal_length&quot;:&quot;0&quot;,&quot;iso&quot;:&quot;0&quot;,&quot;shutter_speed&quot;:&quot;0&quot;,&quot;title&quot;:&quot;&quot;,&quot;orientation&quot;:&quot;0&quot;}\" data-image-title=\"HAY-RAKE-HT-745-1-1\" data-image-description=\"\" data-image-caption=\"\" data-medium-file=\"https:\/\/i0.wp.com\/pfc-eu.com\/wp-content\/uploads\/2023\/10\/HAY-RAKE-HT-745-1-1.jpg?fit=300%2C247&amp;ssl=1\" data-large-file=\"https:\/\/i0.wp.com\/pfc-eu.com\/wp-content\/uploads\/2023\/10\/HAY-RAKE-HT-745-1-1.jpg?fit=750%2C616&amp;ssl=1\" src=\"https:\/\/i0.wp.com\/pfc-eu.com\/wp-content\/uploads\/2023\/10\/HAY-RAKE-HT-745-1-1.jpg?resize=750%2C616&#038;ssl=1\" alt=\"\" class=\"wp-image-3097\" srcset=\"https:\/\/i0.wp.com\/pfc-eu.com\/wp-content\/uploads\/2023\/10\/HAY-RAKE-HT-745-1-1.jpg?resize=1024%2C841&amp;ssl=1 1024w, https:\/\/i0.wp.com\/pfc-eu.com\/wp-content\/uploads\/2023\/10\/HAY-RAKE-HT-745-1-1.jpg?resize=300%2C247&amp;ssl=1 300w, https:\/\/i0.wp.com\/pfc-eu.com\/wp-content\/uploads\/2023\/10\/HAY-RAKE-HT-745-1-1.jpg?resize=768%2C631&amp;ssl=1 768w, https:\/\/i0.wp.com\/pfc-eu.com\/wp-content\/uploads\/2023\/10\/HAY-RAKE-HT-745-1-1.jpg?resize=15%2C12&amp;ssl=1 15w, https:\/\/i0.wp.com\/pfc-eu.com\/wp-content\/uploads\/2023\/10\/HAY-RAKE-HT-745-1-1.jpg?w=1139&amp;ssl=1 1139w\" sizes=\"auto, (max-width: 750px) 100vw, 750px\" \/><\/a><figcaption class=\"wp-element-caption\">Roterende raker<\/figcaption><\/figure>\n\n\n\n<figure class=\"wp-block-image size-full\"><a href=\"https:\/\/pfc-eu.com\/nb\/harmak-topper\/\"><img data-recalc-dims=\"1\" loading=\"lazy\" decoding=\"async\" width=\"750\" height=\"383\" data-attachment-id=\"3079\" data-permalink=\"https:\/\/pfc-eu.com\/nb\/mulcher-machine-sp-3200-2\/\" data-orig-file=\"https:\/\/i0.wp.com\/pfc-eu.com\/wp-content\/uploads\/2023\/10\/MULCHER-MACHINE-SP-3200-1.jpg?fit=800%2C408&amp;ssl=1\" data-orig-size=\"800,408\" data-comments-opened=\"1\" data-image-meta=\"{&quot;aperture&quot;:&quot;0&quot;,&quot;credit&quot;:&quot;&quot;,&quot;camera&quot;:&quot;&quot;,&quot;caption&quot;:&quot;&quot;,&quot;created_timestamp&quot;:&quot;0&quot;,&quot;copyright&quot;:&quot;&quot;,&quot;focal_length&quot;:&quot;0&quot;,&quot;iso&quot;:&quot;0&quot;,&quot;shutter_speed&quot;:&quot;0&quot;,&quot;title&quot;:&quot;&quot;,&quot;orientation&quot;:&quot;0&quot;}\" data-image-title=\"MULCHER MACHINE SP-3200\" data-image-description=\"\" data-image-caption=\"\" data-medium-file=\"https:\/\/i0.wp.com\/pfc-eu.com\/wp-content\/uploads\/2023\/10\/MULCHER-MACHINE-SP-3200-1.jpg?fit=300%2C153&amp;ssl=1\" data-large-file=\"https:\/\/i0.wp.com\/pfc-eu.com\/wp-content\/uploads\/2023\/10\/MULCHER-MACHINE-SP-3200-1.jpg?fit=750%2C383&amp;ssl=1\" src=\"https:\/\/i0.wp.com\/pfc-eu.com\/wp-content\/uploads\/2023\/10\/MULCHER-MACHINE-SP-3200-1.jpg?resize=750%2C383&#038;ssl=1\" alt=\"\" class=\"wp-image-3079\" srcset=\"https:\/\/i0.wp.com\/pfc-eu.com\/wp-content\/uploads\/2023\/10\/MULCHER-MACHINE-SP-3200-1.jpg?w=800&amp;ssl=1 800w, https:\/\/i0.wp.com\/pfc-eu.com\/wp-content\/uploads\/2023\/10\/MULCHER-MACHINE-SP-3200-1.jpg?resize=300%2C153&amp;ssl=1 300w, https:\/\/i0.wp.com\/pfc-eu.com\/wp-content\/uploads\/2023\/10\/MULCHER-MACHINE-SP-3200-1.jpg?resize=768%2C392&amp;ssl=1 768w, https:\/\/i0.wp.com\/pfc-eu.com\/wp-content\/uploads\/2023\/10\/MULCHER-MACHINE-SP-3200-1.jpg?resize=18%2C9&amp;ssl=1 18w\" sizes=\"auto, (max-width: 750px) 100vw, 750px\" \/><\/a><figcaption class=\"wp-element-caption\">Rotary Toppers<\/figcaption><\/figure>\n<\/div><\/div>\n\n\n\n<div class=\"wp-block-coblocks-column coblocks-column-926145348468\" style=\"width:32.06%\"><div class=\"wp-block-coblocks-column__inner has-no-padding has-no-margin\">\n<figure class=\"wp-block-image size-full\"><a href=\"https:\/\/www.harmak.com.tr\/en\/products\/disc-mowers\/2\"><img data-recalc-dims=\"1\" loading=\"lazy\" decoding=\"async\" width=\"673\" height=\"600\" data-attachment-id=\"3070\" data-permalink=\"https:\/\/pfc-eu.com\/nb\/disc-mower-dmz-240-3\/\" data-orig-file=\"https:\/\/i0.wp.com\/pfc-eu.com\/wp-content\/uploads\/2023\/10\/DISC-MOWER-DMZ-240-2.jpg?fit=673%2C600&amp;ssl=1\" data-orig-size=\"673,600\" data-comments-opened=\"1\" data-image-meta=\"{&quot;aperture&quot;:&quot;0&quot;,&quot;credit&quot;:&quot;&quot;,&quot;camera&quot;:&quot;&quot;,&quot;caption&quot;:&quot;&quot;,&quot;created_timestamp&quot;:&quot;0&quot;,&quot;copyright&quot;:&quot;&quot;,&quot;focal_length&quot;:&quot;0&quot;,&quot;iso&quot;:&quot;0&quot;,&quot;shutter_speed&quot;:&quot;0&quot;,&quot;title&quot;:&quot;&quot;,&quot;orientation&quot;:&quot;0&quot;}\" data-image-title=\"DISC MOWER DMZ-240\" data-image-description=\"\" data-image-caption=\"\" data-medium-file=\"https:\/\/i0.wp.com\/pfc-eu.com\/wp-content\/uploads\/2023\/10\/DISC-MOWER-DMZ-240-2.jpg?fit=300%2C267&amp;ssl=1\" data-large-file=\"https:\/\/i0.wp.com\/pfc-eu.com\/wp-content\/uploads\/2023\/10\/DISC-MOWER-DMZ-240-2.jpg?fit=673%2C600&amp;ssl=1\" src=\"https:\/\/i0.wp.com\/pfc-eu.com\/wp-content\/uploads\/2023\/10\/DISC-MOWER-DMZ-240-2.jpg?resize=673%2C600&#038;ssl=1\" alt=\"\" class=\"wp-image-3070\" style=\"object-fit:cover\" srcset=\"https:\/\/i0.wp.com\/pfc-eu.com\/wp-content\/uploads\/2023\/10\/DISC-MOWER-DMZ-240-2.jpg?w=673&amp;ssl=1 673w, https:\/\/i0.wp.com\/pfc-eu.com\/wp-content\/uploads\/2023\/10\/DISC-MOWER-DMZ-240-2.jpg?resize=300%2C267&amp;ssl=1 300w, https:\/\/i0.wp.com\/pfc-eu.com\/wp-content\/uploads\/2023\/10\/DISC-MOWER-DMZ-240-2.jpg?resize=13%2C12&amp;ssl=1 13w\" sizes=\"auto, (max-width: 673px) 100vw, 673px\" \/><\/a><figcaption class=\"wp-element-caption\">Sl\u00e5maskiner<\/figcaption><\/figure>\n\n\n\n<figure class=\"wp-block-image size-full\"><a href=\"https:\/\/www.harmak.com.tr\/en\/products\/sugar-beet-harvester\/6\"><img data-recalc-dims=\"1\" loading=\"lazy\" decoding=\"async\" width=\"750\" height=\"455\" data-attachment-id=\"3108\" data-permalink=\"https:\/\/pfc-eu.com\/nb\/harmak-green-forage-products\/phm-2-2\/\" data-orig-file=\"https:\/\/i0.wp.com\/pfc-eu.com\/wp-content\/uploads\/2023\/10\/PHM-2.jpg?fit=800%2C485&amp;ssl=1\" data-orig-size=\"800,485\" data-comments-opened=\"1\" data-image-meta=\"{&quot;aperture&quot;:&quot;0&quot;,&quot;credit&quot;:&quot;&quot;,&quot;camera&quot;:&quot;&quot;,&quot;caption&quot;:&quot;&quot;,&quot;created_timestamp&quot;:&quot;0&quot;,&quot;copyright&quot;:&quot;&quot;,&quot;focal_length&quot;:&quot;0&quot;,&quot;iso&quot;:&quot;0&quot;,&quot;shutter_speed&quot;:&quot;0&quot;,&quot;title&quot;:&quot;&quot;,&quot;orientation&quot;:&quot;0&quot;}\" data-image-title=\"PHM-2\" data-image-description=\"\" data-image-caption=\"\" data-medium-file=\"https:\/\/i0.wp.com\/pfc-eu.com\/wp-content\/uploads\/2023\/10\/PHM-2.jpg?fit=300%2C182&amp;ssl=1\" data-large-file=\"https:\/\/i0.wp.com\/pfc-eu.com\/wp-content\/uploads\/2023\/10\/PHM-2.jpg?fit=750%2C455&amp;ssl=1\" src=\"https:\/\/i0.wp.com\/pfc-eu.com\/wp-content\/uploads\/2023\/10\/PHM-2.jpg?resize=750%2C455&#038;ssl=1\" alt=\"\" class=\"wp-image-3108\" style=\"object-fit:cover\" srcset=\"https:\/\/i0.wp.com\/pfc-eu.com\/wp-content\/uploads\/2023\/10\/PHM-2.jpg?w=800&amp;ssl=1 800w, https:\/\/i0.wp.com\/pfc-eu.com\/wp-content\/uploads\/2023\/10\/PHM-2.jpg?resize=300%2C182&amp;ssl=1 300w, https:\/\/i0.wp.com\/pfc-eu.com\/wp-content\/uploads\/2023\/10\/PHM-2.jpg?resize=768%2C466&amp;ssl=1 768w, https:\/\/i0.wp.com\/pfc-eu.com\/wp-content\/uploads\/2023\/10\/PHM-2.jpg?resize=18%2C12&amp;ssl=1 18w\" sizes=\"auto, (max-width: 750px) 100vw, 750px\" \/><\/a><figcaption class=\"wp-element-caption\">R\u00f8dbeteh\u00f8ster<\/figcaption><\/figure>\n<\/div><\/div>\n<\/div><\/div>","protected":false},"excerpt":{"rendered":"<p>112 balleakkumulator, klippere, river Tvilling- og enkeltrotor, roterende toppere, konvensjonelle sm\u00e5 firkantballepresser PFC Agri Solutions tilbyr Harmak-produktutvalget \u2013 VENNLIGST VELG MASKINBILDE til Harmak-produktsiden<\/p>","protected":false},"author":192351622,"featured_media":0,"parent":0,"menu_order":0,"comment_status":"closed","ping_status":"closed","template":"","meta":{"_coblocks_attr":"","_coblocks_dimensions":"","_coblocks_responsive_height":"","_coblocks_accordion_ie_support":"","_crdt_document":"","_uag_custom_page_level_css":"","jetpack_post_was_ever_published":false,"footnotes":""},"class_list":["post-3087","page","type-page","status-publish","hentry","entry"],"yoast_head":"<!-- This site is optimized with the Yoast SEO plugin v27.3 - https:\/\/yoast.com\/product\/yoast-seo-wordpress\/ -->\n<title>HARMAK Green Forage Products - PFC Ltd<\/title>\n<meta name=\"description\" content=\"HARMAK Green Forage Products\" \/>\n<meta name=\"robots\" content=\"index, follow, max-snippet:-1, max-image-preview:large, max-video-preview:-1\" \/>\n<link rel=\"canonical\" href=\"https:\/\/pfc-eu.com\/nb\/harmak-green-forage-products\/\" \/>\n<meta property=\"og:locale\" content=\"nb_NO\" \/>\n<meta property=\"og:type\" content=\"article\" \/>\n<meta property=\"og:title\" content=\"HARMAK Green Forage Products - PFC Ltd\" \/>\n<meta property=\"og:description\" content=\"HARMAK Green Forage Products\" \/>\n<meta property=\"og:url\" content=\"https:\/\/pfc-eu.com\/nb\/harmak-green-forage-products\/\" \/>\n<meta property=\"og:site_name\" content=\"PFC Ltd\" \/>\n<meta property=\"article:modified_time\" content=\"2023-10-27T12:00:40+00:00\" \/>\n<meta property=\"og:image\" content=\"https:\/\/pfc-eu.com\/wp-content\/uploads\/2023\/10\/112-Bale-Trailer-JPEG-2023-Offer-1-1024x900.jpg\" \/>\n<meta name=\"twitter:card\" content=\"summary_large_image\" \/>\n<meta name=\"twitter:label1\" content=\"Ansl. lesetid\" \/>\n\t<meta name=\"twitter:data1\" content=\"2 minutter\" \/>\n<script type=\"application\/ld+json\" class=\"yoast-schema-graph\">{\"@context\":\"https:\\\/\\\/schema.org\",\"@graph\":[{\"@type\":\"WebPage\",\"@id\":\"https:\\\/\\\/pfc-eu.com\\\/harmak-green-forage-products\\\/\",\"url\":\"https:\\\/\\\/pfc-eu.com\\\/harmak-green-forage-products\\\/\",\"name\":\"HARMAK Green Forage Products - PFC Ltd\",\"isPartOf\":{\"@id\":\"https:\\\/\\\/pfc-eu.com\\\/#website\"},\"primaryImageOfPage\":{\"@id\":\"https:\\\/\\\/pfc-eu.com\\\/harmak-green-forage-products\\\/#primaryimage\"},\"image\":{\"@id\":\"https:\\\/\\\/pfc-eu.com\\\/harmak-green-forage-products\\\/#primaryimage\"},\"thumbnailUrl\":\"https:\\\/\\\/pfc-eu.com\\\/wp-content\\\/uploads\\\/2023\\\/10\\\/112-Bale-Trailer-JPEG-2023-Offer-1-1024x900.jpg\",\"datePublished\":\"2023-10-26T14:52:42+00:00\",\"dateModified\":\"2023-10-27T12:00:40+00:00\",\"description\":\"HARMAK Green Forage Products\",\"breadcrumb\":{\"@id\":\"https:\\\/\\\/pfc-eu.com\\\/harmak-green-forage-products\\\/#breadcrumb\"},\"inLanguage\":\"nb-NO\",\"potentialAction\":[{\"@type\":\"ReadAction\",\"target\":[\"https:\\\/\\\/pfc-eu.com\\\/harmak-green-forage-products\\\/\"]}]},{\"@type\":\"ImageObject\",\"inLanguage\":\"nb-NO\",\"@id\":\"https:\\\/\\\/pfc-eu.com\\\/harmak-green-forage-products\\\/#primaryimage\",\"url\":\"https:\\\/\\\/pfc-eu.com\\\/wp-content\\\/uploads\\\/2023\\\/10\\\/112-Bale-Trailer-JPEG-2023-Offer-1-1024x900.jpg\",\"contentUrl\":\"https:\\\/\\\/pfc-eu.com\\\/wp-content\\\/uploads\\\/2023\\\/10\\\/112-Bale-Trailer-JPEG-2023-Offer-1-1024x900.jpg\"},{\"@type\":\"BreadcrumbList\",\"@id\":\"https:\\\/\\\/pfc-eu.com\\\/harmak-green-forage-products\\\/#breadcrumb\",\"itemListElement\":[{\"@type\":\"ListItem\",\"position\":1,\"name\":\"Home\",\"item\":\"https:\\\/\\\/pfc-eu.com\\\/\"},{\"@type\":\"ListItem\",\"position\":2,\"name\":\"HARMAK Green Forage Products\"}]},{\"@type\":\"WebSite\",\"@id\":\"https:\\\/\\\/pfc-eu.com\\\/#website\",\"url\":\"https:\\\/\\\/pfc-eu.com\\\/\",\"name\":\"PFC Ltd\",\"description\":\"Precision, Quality, Service\",\"publisher\":{\"@id\":\"https:\\\/\\\/pfc-eu.com\\\/#organization\"},\"potentialAction\":[{\"@type\":\"SearchAction\",\"target\":{\"@type\":\"EntryPoint\",\"urlTemplate\":\"https:\\\/\\\/pfc-eu.com\\\/?s={search_term_string}\"},\"query-input\":{\"@type\":\"PropertyValueSpecification\",\"valueRequired\":true,\"valueName\":\"search_term_string\"}}],\"inLanguage\":\"nb-NO\"},{\"@type\":\"Organization\",\"@id\":\"https:\\\/\\\/pfc-eu.com\\\/#organization\",\"name\":\"PFC Ltd\",\"url\":\"https:\\\/\\\/pfc-eu.com\\\/\",\"logo\":{\"@type\":\"ImageObject\",\"inLanguage\":\"nb-NO\",\"@id\":\"https:\\\/\\\/pfc-eu.com\\\/#\\\/schema\\\/logo\\\/image\\\/\",\"url\":\"https:\\\/\\\/i0.wp.com\\\/pfc-eu.com\\\/wp-content\\\/uploads\\\/2022\\\/09\\\/cropped-cropped-pfc-agri-solutions-no-background-resized.png?fit=500%2C95&ssl=1\",\"contentUrl\":\"https:\\\/\\\/i0.wp.com\\\/pfc-eu.com\\\/wp-content\\\/uploads\\\/2022\\\/09\\\/cropped-cropped-pfc-agri-solutions-no-background-resized.png?fit=500%2C95&ssl=1\",\"width\":500,\"height\":95,\"caption\":\"PFC Ltd\"},\"image\":{\"@id\":\"https:\\\/\\\/pfc-eu.com\\\/#\\\/schema\\\/logo\\\/image\\\/\"}}]}<\/script>\n<!-- \/ Yoast SEO plugin. -->","yoast_head_json":{"title":"HARMAK Gr\u00f8nne f\u00f4rprodukter - PFC Ltd","description":"HARMAK Gr\u00f8nnf\u00f4rprodukter","robots":{"index":"index","follow":"follow","max-snippet":"max-snippet:-1","max-image-preview":"max-image-preview:large","max-video-preview":"max-video-preview:-1"},"canonical":"https:\/\/pfc-eu.com\/nb\/harmak-green-forage-products\/","og_locale":"nb_NO","og_type":"article","og_title":"HARMAK Green Forage Products - PFC Ltd","og_description":"HARMAK Green Forage Products","og_url":"https:\/\/pfc-eu.com\/nb\/harmak-green-forage-products\/","og_site_name":"PFC Ltd","article_modified_time":"2023-10-27T12:00:40+00:00","og_image":[{"url":"https:\/\/pfc-eu.com\/wp-content\/uploads\/2023\/10\/112-Bale-Trailer-JPEG-2023-Offer-1-1024x900.jpg","type":"","width":"","height":""}],"twitter_card":"summary_large_image","twitter_misc":{"Ansl. lesetid":"2 minutter"},"schema":{"@context":"https:\/\/schema.org","@graph":[{"@type":"WebPage","@id":"https:\/\/pfc-eu.com\/harmak-green-forage-products\/","url":"https:\/\/pfc-eu.com\/harmak-green-forage-products\/","name":"HARMAK Gr\u00f8nne f\u00f4rprodukter - PFC Ltd","isPartOf":{"@id":"https:\/\/pfc-eu.com\/#website"},"primaryImageOfPage":{"@id":"https:\/\/pfc-eu.com\/harmak-green-forage-products\/#primaryimage"},"image":{"@id":"https:\/\/pfc-eu.com\/harmak-green-forage-products\/#primaryimage"},"thumbnailUrl":"https:\/\/pfc-eu.com\/wp-content\/uploads\/2023\/10\/112-Bale-Trailer-JPEG-2023-Offer-1-1024x900.jpg","datePublished":"2023-10-26T14:52:42+00:00","dateModified":"2023-10-27T12:00:40+00:00","description":"HARMAK Gr\u00f8nnf\u00f4rprodukter","breadcrumb":{"@id":"https:\/\/pfc-eu.com\/harmak-green-forage-products\/#breadcrumb"},"inLanguage":"nb-NO","potentialAction":[{"@type":"ReadAction","target":["https:\/\/pfc-eu.com\/harmak-green-forage-products\/"]}]},{"@type":"ImageObject","inLanguage":"nb-NO","@id":"https:\/\/pfc-eu.com\/harmak-green-forage-products\/#primaryimage","url":"https:\/\/pfc-eu.com\/wp-content\/uploads\/2023\/10\/112-Bale-Trailer-JPEG-2023-Offer-1-1024x900.jpg","contentUrl":"https:\/\/pfc-eu.com\/wp-content\/uploads\/2023\/10\/112-Bale-Trailer-JPEG-2023-Offer-1-1024x900.jpg"},{"@type":"BreadcrumbList","@id":"https:\/\/pfc-eu.com\/harmak-green-forage-products\/#breadcrumb","itemListElement":[{"@type":"ListItem","position":1,"name":"Home","item":"https:\/\/pfc-eu.com\/"},{"@type":"ListItem","position":2,"name":"HARMAK Green Forage Products"}]},{"@type":"WebSite","@id":"https:\/\/pfc-eu.com\/#website","url":"https:\/\/pfc-eu.com\/","name":"PFC Ltd","description":"Presisjon, kvalitet, service","publisher":{"@id":"https:\/\/pfc-eu.com\/#organization"},"potentialAction":[{"@type":"SearchAction","target":{"@type":"EntryPoint","urlTemplate":"https:\/\/pfc-eu.com\/?s={search_term_string}"},"query-input":{"@type":"PropertyValueSpecification","valueRequired":true,"valueName":"search_term_string"}}],"inLanguage":"nb-NO"},{"@type":"Organization","@id":"https:\/\/pfc-eu.com\/#organization","name":"PFC Ltd","url":"https:\/\/pfc-eu.com\/","logo":{"@type":"ImageObject","inLanguage":"nb-NO","@id":"https:\/\/pfc-eu.com\/#\/schema\/logo\/image\/","url":"https:\/\/i0.wp.com\/pfc-eu.com\/wp-content\/uploads\/2022\/09\/cropped-cropped-pfc-agri-solutions-no-background-resized.png?fit=500%2C95&ssl=1","contentUrl":"https:\/\/i0.wp.com\/pfc-eu.com\/wp-content\/uploads\/2022\/09\/cropped-cropped-pfc-agri-solutions-no-background-resized.png?fit=500%2C95&ssl=1","width":500,"height":95,"caption":"PFC Ltd"},"image":{"@id":"https:\/\/pfc-eu.com\/#\/schema\/logo\/image\/"}}]}},"uagb_featured_image_src":{"full":false,"thumbnail":false,"medium":false,"medium_large":false,"large":false,"1536x1536":false,"2048x2048":false,"trp-custom-language-flag":false,"newspack-article-block-landscape-large":false,"newspack-article-block-portrait-large":false,"newspack-article-block-square-large":false,"newspack-article-block-landscape-medium":false,"newspack-article-block-portrait-medium":false,"newspack-article-block-square-medium":false,"newspack-article-block-landscape-intermediate":false,"newspack-article-block-portrait-intermediate":false,"newspack-article-block-square-intermediate":false,"newspack-article-block-landscape-small":false,"newspack-article-block-portrait-small":false,"newspack-article-block-square-small":false,"newspack-article-block-landscape-tiny":false,"newspack-article-block-portrait-tiny":false,"newspack-article-block-square-tiny":false,"newspack-article-block-uncropped":false,"post-thumbnail":false},"uagb_author_info":{"display_name":"richard","author_link":"https:\/\/pfc-eu.com\/nb\/author\/richard\/"},"uagb_comment_info":0,"uagb_excerpt":"112 Bale Accumulator, Mowers, Rakes Twin &amp; Single Rotor, Rotary Toppers, Conventional Small Square Balers PFC Agri Solutions offering the Harmak product range &#8211; PLEASE SELECT MACHINE IMAGE to Harmak product page","jetpack_likes_enabled":true,"jetpack_sharing_enabled":true,"jetpack_shortlink":"https:\/\/wp.me\/Pck1DT-NN","jetpack-related-posts":[],"_links":{"self":[{"href":"https:\/\/pfc-eu.com\/nb\/wp-json\/wp\/v2\/pages\/3087","targetHints":{"allow":["GET"]}}],"collection":[{"href":"https:\/\/pfc-eu.com\/nb\/wp-json\/wp\/v2\/pages"}],"about":[{"href":"https:\/\/pfc-eu.com\/nb\/wp-json\/wp\/v2\/types\/page"}],"author":[{"embeddable":true,"href":"https:\/\/pfc-eu.com\/nb\/wp-json\/wp\/v2\/users\/192351622"}],"replies":[{"embeddable":true,"href":"https:\/\/pfc-eu.com\/nb\/wp-json\/wp\/v2\/comments?post=3087"}],"version-history":[{"count":40,"href":"https:\/\/pfc-eu.com\/nb\/wp-json\/wp\/v2\/pages\/3087\/revisions"}],"predecessor-version":[{"id":3169,"href":"https:\/\/pfc-eu.com\/nb\/wp-json\/wp\/v2\/pages\/3087\/revisions\/3169"}],"wp:attachment":[{"href":"https:\/\/pfc-eu.com\/nb\/wp-json\/wp\/v2\/media?parent=3087"}],"curies":[{"name":"wp","href":"https:\/\/api.w.org\/{rel}","templated":true}]}}