{"id":795,"date":"2022-10-23T20:35:12","date_gmt":"2022-10-23T19:35:12","guid":{"rendered":"https:\/\/pfc-eu.com\/?page_id=795"},"modified":"2022-10-23T22:00:42","modified_gmt":"2022-10-23T21:00:42","slug":"ozyrys-front-mounted-disc-cultivator","status":"publish","type":"page","link":"https:\/\/pfc-eu.com\/fr\/ozyrys-front-mounted-disc-cultivator\/","title":{"rendered":"Cultivateur \u00e0 disques mont\u00e9 \u00e0 l&#039;avant Ozyrys"},"content":{"rendered":"<div class=\"wp-block-jetpack-tiled-gallery aligncenter is-style-rectangular\"><div class=\"tiled-gallery__gallery\"><div class=\"tiled-gallery__row\"><div class=\"tiled-gallery__col\" style=\"flex-basis:57.09387%\"><figure class=\"tiled-gallery__item\"><img decoding=\"async\" data-attachment-id=\"2070\" data-permalink=\"https:\/\/pfc-eu.com\/fr\/ozyrys-front-mounted-disc-cultivator\/front-ozyrus-1\/\" data-orig-file=\"https:\/\/i0.wp.com\/pfc-eu.com\/wp-content\/uploads\/2022\/10\/Front-Ozyrus-1.jpg?fit=540%2C304&amp;ssl=1\" data-orig-size=\"540,304\" data-comments-opened=\"1\" data-image-meta=\"{&quot;aperture&quot;:&quot;0&quot;,&quot;credit&quot;:&quot;&quot;,&quot;camera&quot;:&quot;&quot;,&quot;caption&quot;:&quot;&quot;,&quot;created_timestamp&quot;:&quot;0&quot;,&quot;copyright&quot;:&quot;&quot;,&quot;focal_length&quot;:&quot;0&quot;,&quot;iso&quot;:&quot;0&quot;,&quot;shutter_speed&quot;:&quot;0&quot;,&quot;title&quot;:&quot;&quot;,&quot;orientation&quot;:&quot;0&quot;}\" data-image-title=\"Front-Ozyrus-1\" data-image-description=\"\" data-image-caption=\"\" data-large-file=\"https:\/\/i0.wp.com\/pfc-eu.com\/wp-content\/uploads\/2022\/10\/Front-Ozyrus-1.jpg?fit=540%2C304&amp;ssl=1\" role=\"button\" tabindex=\"0\" aria-label=\"Ouvrir l&#039;image 1 sur 2 en plein \u00e9cran\" srcset=\"https:\/\/i1.wp.com\/pfc-eu.com\/wp-content\/uploads\/2022\/10\/Front-Ozyrus-1.jpg?strip=info&#038;w=540&#038;ssl=1 540w\" alt=\"\" data-height=\"304\" data-id=\"2070\" data-link=\"https:\/\/pfc-eu.com\/ozyrys-front-mounted-disc-cultivator\/front-ozyrus-1\/\" data-url=\"https:\/\/pfc-eu.com\/wp-content\/uploads\/2022\/10\/Front-Ozyrus-1.jpg\" data-width=\"540\" src=\"https:\/\/i1.wp.com\/pfc-eu.com\/wp-content\/uploads\/2022\/10\/Front-Ozyrus-1.jpg?ssl=1\" data-amp-layout=\"responsive\"\/><\/figure><\/div><div class=\"tiled-gallery__col\" style=\"flex-basis:42.90613%\"><figure class=\"tiled-gallery__item\"><img decoding=\"async\" data-attachment-id=\"2072\" data-permalink=\"https:\/\/pfc-eu.com\/fr\/ozyrys-front-mounted-disc-cultivator\/20170615_075552-2\/\" data-orig-file=\"https:\/\/i0.wp.com\/pfc-eu.com\/wp-content\/uploads\/2022\/10\/20170615_075552.jpg?fit=4032%2C3024&amp;ssl=1\" data-orig-size=\"4032,3024\" data-comments-opened=\"1\" data-image-meta=\"{&quot;aperture&quot;:&quot;1.7&quot;,&quot;credit&quot;:&quot;&quot;,&quot;camera&quot;:&quot;SM-G930F&quot;,&quot;caption&quot;:&quot;&quot;,&quot;created_timestamp&quot;:&quot;1497513352&quot;,&quot;copyright&quot;:&quot;&quot;,&quot;focal_length&quot;:&quot;4.2&quot;,&quot;iso&quot;:&quot;40&quot;,&quot;shutter_speed&quot;:&quot;0.0013927576601671&quot;,&quot;title&quot;:&quot;&quot;,&quot;orientation&quot;:&quot;1&quot;}\" data-image-title=\"20170615_075552\" data-image-description=\"\" data-image-caption=\"\" data-large-file=\"https:\/\/i0.wp.com\/pfc-eu.com\/wp-content\/uploads\/2022\/10\/20170615_075552.jpg?fit=750%2C563&amp;ssl=1\" role=\"button\" tabindex=\"0\" aria-label=\"Ouvrir l&#039;image 2 sur 2 en plein \u00e9cran\" srcset=\"https:\/\/i1.wp.com\/pfc-eu.com\/wp-content\/uploads\/2022\/10\/20170615_075552-1024x768.jpg?strip=info&#038;w=600&#038;ssl=1 600w,https:\/\/i1.wp.com\/pfc-eu.com\/wp-content\/uploads\/2022\/10\/20170615_075552-1024x768.jpg?strip=info&#038;w=900&#038;ssl=1 900w,https:\/\/i1.wp.com\/pfc-eu.com\/wp-content\/uploads\/2022\/10\/20170615_075552-1024x768.jpg?strip=info&#038;w=1200&#038;ssl=1 1200w,https:\/\/i1.wp.com\/pfc-eu.com\/wp-content\/uploads\/2022\/10\/20170615_075552-1024x768.jpg?strip=info&#038;w=1500&#038;ssl=1 1500w,https:\/\/i1.wp.com\/pfc-eu.com\/wp-content\/uploads\/2022\/10\/20170615_075552-1024x768.jpg?strip=info&#038;w=1800&#038;ssl=1 1800w,https:\/\/i1.wp.com\/pfc-eu.com\/wp-content\/uploads\/2022\/10\/20170615_075552-1024x768.jpg?strip=info&#038;w=2000&#038;ssl=1 2000w\" alt=\"\" data-height=\"3024\" data-id=\"2072\" data-link=\"https:\/\/pfc-eu.com\/ozyrys-front-mounted-disc-cultivator\/20170615_075552-2\/\" data-url=\"https:\/\/pfc-eu.com\/wp-content\/uploads\/2022\/10\/20170615_075552-1024x768.jpg\" data-width=\"4032\" src=\"https:\/\/i1.wp.com\/pfc-eu.com\/wp-content\/uploads\/2022\/10\/20170615_075552-1024x768.jpg?ssl=1\" data-amp-layout=\"responsive\"\/><\/figure><\/div><\/div><\/div><\/div>\n\n\n\n<div class=\"wp-block-media-text alignwide has-media-on-the-right is-stacked-on-mobile\" style=\"grid-template-columns:auto 62%\"><div class=\"wp-block-media-text__content\">\n<p class=\"wp-block-paragraph\">Le cultivateur \u00e0 disques mont\u00e9 \u00e0 l&#039;avant Ozyrys fournit une pr\u00e9paration suppl\u00e9mentaire du sol en un seul passage lorsqu&#039;il est utilis\u00e9 avec une combinaison de cultivateur arri\u00e8re. L&#039;avantage suppl\u00e9mentaire est le temps et avec un Ozyrys, tous les avantages du d\u00e9chaumage sont en votre faveur. D\u00e9chaumage superficiel \u00e0 profond, enfouissement de grandes quantit\u00e9s de r\u00e9sidus et destruction du couvert v\u00e9g\u00e9tal. Lors de la culture d&#039;engrais verts ou d&#039;un couvert de gibier, la destruction initiale des cultures \u00e9limine pratiquement le risque de blocage lors de l&#039;utilisation de la combinaison Sherp et Ozyrus BTB \u00e0 l&#039;arri\u00e8re du tracteur. L&#039;Ozyrys est livr\u00e9 en standard en tant que leader de l&#039;industrie en termes de sp\u00e9cifications et d&#039;options en standard. Le choix du type d&#039;option de packer est l&#039;une des rares d\u00e9cisions \u00e0 prendre en fonction de vos besoins individuels. Des planches de rupture et des dents de paille sont \u00e9galement disponibles<\/p>\n<\/div><figure class=\"wp-block-media-text__media\"><img data-recalc-dims=\"1\" loading=\"lazy\" decoding=\"async\" width=\"251\" height=\"179\" data-attachment-id=\"800\" data-permalink=\"https:\/\/pfc-eu.com\/fr\/ozyrus-front-disc-1\/\" data-orig-file=\"https:\/\/i0.wp.com\/pfc-eu.com\/wp-content\/uploads\/2020\/09\/ozyrus-front-disc-1.png?fit=251%2C179&amp;ssl=1\" data-orig-size=\"251,179\" data-comments-opened=\"1\" data-image-meta=\"{&quot;aperture&quot;:&quot;0&quot;,&quot;credit&quot;:&quot;&quot;,&quot;camera&quot;:&quot;&quot;,&quot;caption&quot;:&quot;&quot;,&quot;created_timestamp&quot;:&quot;0&quot;,&quot;copyright&quot;:&quot;&quot;,&quot;focal_length&quot;:&quot;0&quot;,&quot;iso&quot;:&quot;0&quot;,&quot;shutter_speed&quot;:&quot;0&quot;,&quot;title&quot;:&quot;&quot;,&quot;orientation&quot;:&quot;0&quot;}\" data-image-title=\"ozyrus-front-disc-1\" data-image-description=\"\" data-image-caption=\"\" data-large-file=\"https:\/\/i0.wp.com\/pfc-eu.com\/wp-content\/uploads\/2020\/09\/ozyrus-front-disc-1.png?fit=251%2C179&amp;ssl=1\" src=\"https:\/\/i0.wp.com\/pfc-eu.com\/wp-content\/uploads\/2020\/09\/ozyrus-front-disc-1.png?resize=251%2C179&#038;ssl=1\" alt=\"\" class=\"wp-image-800 size-full\"\/><\/figure><\/div>\n\n\n\n<div class=\"wp-block-jetpack-layout-grid alignfull column1-desktop-grid__span-6 column1-desktop-grid__row-1 column2-desktop-grid__span-6 column2-desktop-grid__start-7 column2-desktop-grid__row-1 column1-tablet-grid__span-4 column1-tablet-grid__row-1 column2-tablet-grid__span-4 column2-tablet-grid__start-5 column2-tablet-grid__row-1 column1-mobile-grid__span-4 column1-mobile-grid__row-1 column2-mobile-grid__span-4 column2-mobile-grid__row-2\">\n<div class=\"wp-block-jetpack-layout-grid-column wp-block-jetpack-layout-grid__padding-none\">\n<figure class=\"wp-block-image size-large is-resized\"><img data-recalc-dims=\"1\" decoding=\"async\" data-attachment-id=\"737\" data-permalink=\"https:\/\/pfc-eu.com\/fr\/cultivation-icon-button-6\/\" data-orig-file=\"https:\/\/i0.wp.com\/pfc-eu.com\/wp-content\/uploads\/2020\/09\/cultivation-icon-button-6.png?fit=342%2C351&amp;ssl=1\" data-orig-size=\"342,351\" data-comments-opened=\"1\" data-image-meta=\"{&quot;aperture&quot;:&quot;0&quot;,&quot;credit&quot;:&quot;&quot;,&quot;camera&quot;:&quot;&quot;,&quot;caption&quot;:&quot;&quot;,&quot;created_timestamp&quot;:&quot;0&quot;,&quot;copyright&quot;:&quot;&quot;,&quot;focal_length&quot;:&quot;0&quot;,&quot;iso&quot;:&quot;0&quot;,&quot;shutter_speed&quot;:&quot;0&quot;,&quot;title&quot;:&quot;&quot;,&quot;orientation&quot;:&quot;0&quot;}\" data-image-title=\"cultivation-icon-button-6\" data-image-description=\"\" data-image-caption=\"\" data-large-file=\"https:\/\/i0.wp.com\/pfc-eu.com\/wp-content\/uploads\/2020\/09\/cultivation-icon-button-6.png?fit=342%2C351&amp;ssl=1\" src=\"https:\/\/i0.wp.com\/pfc-eu.com\/wp-content\/uploads\/2020\/09\/cultivation-icon-button-6.png?w=750&#038;ssl=1\" alt=\"\" class=\"wp-image-737\"  \/><figcaption class=\"wp-element-caption\">S\u00e9lection de culture<\/figcaption><\/figure>\n<\/div>\n\n\n\n<div class=\"wp-block-jetpack-layout-grid-column wp-block-jetpack-layout-grid__padding-none\">\n<figure class=\"wp-block-image size-large\"><img data-recalc-dims=\"1\" loading=\"lazy\" decoding=\"async\" width=\"341\" height=\"356\" data-attachment-id=\"738\" data-permalink=\"https:\/\/pfc-eu.com\/fr\/media-icon-button-8\/\" data-orig-file=\"https:\/\/i0.wp.com\/pfc-eu.com\/wp-content\/uploads\/2020\/09\/media-icon-button-8.png?fit=341%2C356&amp;ssl=1\" data-orig-size=\"341,356\" data-comments-opened=\"1\" data-image-meta=\"{&quot;aperture&quot;:&quot;0&quot;,&quot;credit&quot;:&quot;&quot;,&quot;camera&quot;:&quot;&quot;,&quot;caption&quot;:&quot;&quot;,&quot;created_timestamp&quot;:&quot;0&quot;,&quot;copyright&quot;:&quot;&quot;,&quot;focal_length&quot;:&quot;0&quot;,&quot;iso&quot;:&quot;0&quot;,&quot;shutter_speed&quot;:&quot;0&quot;,&quot;title&quot;:&quot;&quot;,&quot;orientation&quot;:&quot;0&quot;}\" data-image-title=\"media-icon-button-8\" data-image-description=\"\" data-image-caption=\"\" data-large-file=\"https:\/\/i0.wp.com\/pfc-eu.com\/wp-content\/uploads\/2020\/09\/media-icon-button-8.png?fit=341%2C356&amp;ssl=1\" src=\"https:\/\/i0.wp.com\/pfc-eu.com\/wp-content\/uploads\/2020\/09\/media-icon-button-8.png?resize=341%2C356&#038;ssl=1\" alt=\"\" class=\"wp-image-738\"\/><figcaption class=\"wp-element-caption\">Centre des m\u00e9dias<\/figcaption><\/figure>\n<\/div>\n<\/div>","protected":false},"excerpt":{"rendered":"<p>Le cultivateur \u00e0 disques mont\u00e9 \u00e0 l&#039;avant Ozyrys fournit une pr\u00e9paration suppl\u00e9mentaire du sol en un seul passage lorsqu&#039;il est utilis\u00e9 avec une combinaison de cultivateur arri\u00e8re. L&#039;avantage suppl\u00e9mentaire est le temps et avec un Ozyrys, tous les avantages du d\u00e9chaumage sont en votre faveur. D\u00e9chaumage superficiel \u00e0 profond, enfouissement de grandes quantit\u00e9s de r\u00e9sidus et destruction des<a class=\"more-link\" href=\"https:\/\/pfc-eu.com\/fr\/ozyrys-front-mounted-disc-cultivator\/\">Lire la suite <span class=\"screen-reader-text\">\u00ab Cultivateur \u00e0 disques mont\u00e9 \u00e0 l&#039;avant Ozyrys \u00bb<\/span><\/a><\/p>","protected":false},"author":192351622,"featured_media":0,"parent":0,"menu_order":0,"comment_status":"closed","ping_status":"closed","template":"","meta":{"_coblocks_attr":"","_coblocks_dimensions":"","_coblocks_responsive_height":"","_coblocks_accordion_ie_support":"","_crdt_document":"","_uag_custom_page_level_css":"","jetpack_post_was_ever_published":false,"footnotes":""},"class_list":["post-795","page","type-page","status-publish","hentry","entry"],"yoast_head":"<!-- This site is optimized with the Yoast SEO plugin v27.3 - https:\/\/yoast.com\/product\/yoast-seo-wordpress\/ -->\n<title>Ozyrys Front Mounted Disc Cultivator - PFC Ltd<\/title>\n<meta name=\"robots\" content=\"index, follow, max-snippet:-1, max-image-preview:large, max-video-preview:-1\" \/>\n<link rel=\"canonical\" href=\"https:\/\/pfc-eu.com\/fr\/ozyrys-front-mounted-disc-cultivator\/\" \/>\n<meta property=\"og:locale\" content=\"fr_FR\" \/>\n<meta property=\"og:type\" content=\"article\" \/>\n<meta property=\"og:title\" content=\"Ozyrys Front Mounted Disc Cultivator - PFC Ltd\" \/>\n<meta property=\"og:description\" content=\"The Ozyrys front mounted disc cultivator provides additional soil preparation in a single pass when used with a rear cultivator combination. The added advantage is time and With an Ozyrys, all the advantages of stubble cultivation are in your favour. Shallow to deep stubble cultivation, burial of large quantities of residue and the destruction ofLire la suite &quot;Ozyrys Front Mounted Disc Cultivator&quot;\" \/>\n<meta property=\"og:url\" content=\"https:\/\/pfc-eu.com\/fr\/ozyrys-front-mounted-disc-cultivator\/\" \/>\n<meta property=\"og:site_name\" content=\"PFC Ltd\" \/>\n<meta property=\"article:modified_time\" content=\"2022-10-23T21:00:42+00:00\" \/>\n<meta property=\"og:image\" content=\"https:\/\/i1.wp.com\/pfc-eu.com\/wp-content\/uploads\/2022\/10\/Front-Ozyrus-1.jpg?ssl=1\" \/>\n<meta name=\"twitter:card\" content=\"summary_large_image\" \/>\n<meta name=\"twitter:label1\" content=\"Dur\u00e9e de lecture estim\u00e9e\" \/>\n\t<meta name=\"twitter:data1\" content=\"2 minutes\" \/>\n<script type=\"application\/ld+json\" class=\"yoast-schema-graph\">{\"@context\":\"https:\\\/\\\/schema.org\",\"@graph\":[{\"@type\":\"WebPage\",\"@id\":\"https:\\\/\\\/pfc-eu.com\\\/ozyrys-front-mounted-disc-cultivator\\\/\",\"url\":\"https:\\\/\\\/pfc-eu.com\\\/ozyrys-front-mounted-disc-cultivator\\\/\",\"name\":\"Ozyrys Front Mounted Disc Cultivator - PFC Ltd\",\"isPartOf\":{\"@id\":\"https:\\\/\\\/pfc-eu.com\\\/#website\"},\"primaryImageOfPage\":{\"@id\":\"https:\\\/\\\/pfc-eu.com\\\/ozyrys-front-mounted-disc-cultivator\\\/#primaryimage\"},\"image\":{\"@id\":\"https:\\\/\\\/pfc-eu.com\\\/ozyrys-front-mounted-disc-cultivator\\\/#primaryimage\"},\"thumbnailUrl\":\"https:\\\/\\\/i1.wp.com\\\/pfc-eu.com\\\/wp-content\\\/uploads\\\/2022\\\/10\\\/Front-Ozyrus-1.jpg?ssl=1\",\"datePublished\":\"2022-10-23T19:35:12+00:00\",\"dateModified\":\"2022-10-23T21:00:42+00:00\",\"breadcrumb\":{\"@id\":\"https:\\\/\\\/pfc-eu.com\\\/ozyrys-front-mounted-disc-cultivator\\\/#breadcrumb\"},\"inLanguage\":\"fr-FR\",\"potentialAction\":[{\"@type\":\"ReadAction\",\"target\":[\"https:\\\/\\\/pfc-eu.com\\\/ozyrys-front-mounted-disc-cultivator\\\/\"]}]},{\"@type\":\"ImageObject\",\"inLanguage\":\"fr-FR\",\"@id\":\"https:\\\/\\\/pfc-eu.com\\\/ozyrys-front-mounted-disc-cultivator\\\/#primaryimage\",\"url\":\"https:\\\/\\\/i1.wp.com\\\/pfc-eu.com\\\/wp-content\\\/uploads\\\/2022\\\/10\\\/Front-Ozyrus-1.jpg?ssl=1\",\"contentUrl\":\"https:\\\/\\\/i1.wp.com\\\/pfc-eu.com\\\/wp-content\\\/uploads\\\/2022\\\/10\\\/Front-Ozyrus-1.jpg?ssl=1\"},{\"@type\":\"BreadcrumbList\",\"@id\":\"https:\\\/\\\/pfc-eu.com\\\/ozyrys-front-mounted-disc-cultivator\\\/#breadcrumb\",\"itemListElement\":[{\"@type\":\"ListItem\",\"position\":1,\"name\":\"Home\",\"item\":\"https:\\\/\\\/pfc-eu.com\\\/\"},{\"@type\":\"ListItem\",\"position\":2,\"name\":\"Ozyrys Front Mounted Disc Cultivator\"}]},{\"@type\":\"WebSite\",\"@id\":\"https:\\\/\\\/pfc-eu.com\\\/#website\",\"url\":\"https:\\\/\\\/pfc-eu.com\\\/\",\"name\":\"PFC Ltd\",\"description\":\"Precision, Quality, Service\",\"publisher\":{\"@id\":\"https:\\\/\\\/pfc-eu.com\\\/#organization\"},\"potentialAction\":[{\"@type\":\"SearchAction\",\"target\":{\"@type\":\"EntryPoint\",\"urlTemplate\":\"https:\\\/\\\/pfc-eu.com\\\/?s={search_term_string}\"},\"query-input\":{\"@type\":\"PropertyValueSpecification\",\"valueRequired\":true,\"valueName\":\"search_term_string\"}}],\"inLanguage\":\"fr-FR\"},{\"@type\":\"Organization\",\"@id\":\"https:\\\/\\\/pfc-eu.com\\\/#organization\",\"name\":\"PFC Ltd\",\"url\":\"https:\\\/\\\/pfc-eu.com\\\/\",\"logo\":{\"@type\":\"ImageObject\",\"inLanguage\":\"fr-FR\",\"@id\":\"https:\\\/\\\/pfc-eu.com\\\/#\\\/schema\\\/logo\\\/image\\\/\",\"url\":\"https:\\\/\\\/i0.wp.com\\\/pfc-eu.com\\\/wp-content\\\/uploads\\\/2022\\\/09\\\/cropped-cropped-pfc-agri-solutions-no-background-resized.png?fit=500%2C95&ssl=1\",\"contentUrl\":\"https:\\\/\\\/i0.wp.com\\\/pfc-eu.com\\\/wp-content\\\/uploads\\\/2022\\\/09\\\/cropped-cropped-pfc-agri-solutions-no-background-resized.png?fit=500%2C95&ssl=1\",\"width\":500,\"height\":95,\"caption\":\"PFC Ltd\"},\"image\":{\"@id\":\"https:\\\/\\\/pfc-eu.com\\\/#\\\/schema\\\/logo\\\/image\\\/\"}}]}<\/script>\n<!-- \/ Yoast SEO plugin. -->","yoast_head_json":{"title":"Ozyrys Front Mounted Disc Cultivator - PFC Ltd","robots":{"index":"index","follow":"follow","max-snippet":"max-snippet:-1","max-image-preview":"max-image-preview:large","max-video-preview":"max-video-preview:-1"},"canonical":"https:\/\/pfc-eu.com\/fr\/ozyrys-front-mounted-disc-cultivator\/","og_locale":"fr_FR","og_type":"article","og_title":"Ozyrys Front Mounted Disc Cultivator - PFC Ltd","og_description":"The Ozyrys front mounted disc cultivator provides additional soil preparation in a single pass when used with a rear cultivator combination. The added advantage is time and With an Ozyrys, all the advantages of stubble cultivation are in your favour. Shallow to deep stubble cultivation, burial of large quantities of residue and the destruction ofLire la suite \"Ozyrys Front Mounted Disc Cultivator\"","og_url":"https:\/\/pfc-eu.com\/fr\/ozyrys-front-mounted-disc-cultivator\/","og_site_name":"PFC Ltd","article_modified_time":"2022-10-23T21:00:42+00:00","og_image":[{"url":"https:\/\/i1.wp.com\/pfc-eu.com\/wp-content\/uploads\/2022\/10\/Front-Ozyrus-1.jpg?ssl=1","type":"","width":"","height":""}],"twitter_card":"summary_large_image","twitter_misc":{"Dur\u00e9e de lecture estim\u00e9e":"2 minutes"},"schema":{"@context":"https:\/\/schema.org","@graph":[{"@type":"WebPage","@id":"https:\/\/pfc-eu.com\/ozyrys-front-mounted-disc-cultivator\/","url":"https:\/\/pfc-eu.com\/ozyrys-front-mounted-disc-cultivator\/","name":"Ozyrys Front Mounted Disc Cultivator - PFC Ltd","isPartOf":{"@id":"https:\/\/pfc-eu.com\/#website"},"primaryImageOfPage":{"@id":"https:\/\/pfc-eu.com\/ozyrys-front-mounted-disc-cultivator\/#primaryimage"},"image":{"@id":"https:\/\/pfc-eu.com\/ozyrys-front-mounted-disc-cultivator\/#primaryimage"},"thumbnailUrl":"https:\/\/i1.wp.com\/pfc-eu.com\/wp-content\/uploads\/2022\/10\/Front-Ozyrus-1.jpg?ssl=1","datePublished":"2022-10-23T19:35:12+00:00","dateModified":"2022-10-23T21:00:42+00:00","breadcrumb":{"@id":"https:\/\/pfc-eu.com\/ozyrys-front-mounted-disc-cultivator\/#breadcrumb"},"inLanguage":"fr-FR","potentialAction":[{"@type":"ReadAction","target":["https:\/\/pfc-eu.com\/ozyrys-front-mounted-disc-cultivator\/"]}]},{"@type":"ImageObject","inLanguage":"fr-FR","@id":"https:\/\/pfc-eu.com\/ozyrys-front-mounted-disc-cultivator\/#primaryimage","url":"https:\/\/i1.wp.com\/pfc-eu.com\/wp-content\/uploads\/2022\/10\/Front-Ozyrus-1.jpg?ssl=1","contentUrl":"https:\/\/i1.wp.com\/pfc-eu.com\/wp-content\/uploads\/2022\/10\/Front-Ozyrus-1.jpg?ssl=1"},{"@type":"BreadcrumbList","@id":"https:\/\/pfc-eu.com\/ozyrys-front-mounted-disc-cultivator\/#breadcrumb","itemListElement":[{"@type":"ListItem","position":1,"name":"Home","item":"https:\/\/pfc-eu.com\/"},{"@type":"ListItem","position":2,"name":"Ozyrys Front Mounted Disc Cultivator"}]},{"@type":"WebSite","@id":"https:\/\/pfc-eu.com\/#website","url":"https:\/\/pfc-eu.com\/","name":"PFC Lt\u00e9e","description":"Pr\u00e9cision, Qualit\u00e9, Service","publisher":{"@id":"https:\/\/pfc-eu.com\/#organization"},"potentialAction":[{"@type":"SearchAction","target":{"@type":"EntryPoint","urlTemplate":"https:\/\/pfc-eu.com\/?s={search_term_string}"},"query-input":{"@type":"PropertyValueSpecification","valueRequired":true,"valueName":"search_term_string"}}],"inLanguage":"fr-FR"},{"@type":"Organization","@id":"https:\/\/pfc-eu.com\/#organization","name":"PFC Lt\u00e9e","url":"https:\/\/pfc-eu.com\/","logo":{"@type":"ImageObject","inLanguage":"fr-FR","@id":"https:\/\/pfc-eu.com\/#\/schema\/logo\/image\/","url":"https:\/\/i0.wp.com\/pfc-eu.com\/wp-content\/uploads\/2022\/09\/cropped-cropped-pfc-agri-solutions-no-background-resized.png?fit=500%2C95&ssl=1","contentUrl":"https:\/\/i0.wp.com\/pfc-eu.com\/wp-content\/uploads\/2022\/09\/cropped-cropped-pfc-agri-solutions-no-background-resized.png?fit=500%2C95&ssl=1","width":500,"height":95,"caption":"PFC Ltd"},"image":{"@id":"https:\/\/pfc-eu.com\/#\/schema\/logo\/image\/"}}]}},"uagb_featured_image_src":{"full":false,"thumbnail":false,"medium":false,"medium_large":false,"large":false,"1536x1536":false,"2048x2048":false,"trp-custom-language-flag":false,"newspack-article-block-landscape-large":false,"newspack-article-block-portrait-large":false,"newspack-article-block-square-large":false,"newspack-article-block-landscape-medium":false,"newspack-article-block-portrait-medium":false,"newspack-article-block-square-medium":false,"newspack-article-block-landscape-intermediate":false,"newspack-article-block-portrait-intermediate":false,"newspack-article-block-square-intermediate":false,"newspack-article-block-landscape-small":false,"newspack-article-block-portrait-small":false,"newspack-article-block-square-small":false,"newspack-article-block-landscape-tiny":false,"newspack-article-block-portrait-tiny":false,"newspack-article-block-square-tiny":false,"newspack-article-block-uncropped":false,"post-thumbnail":false},"uagb_author_info":{"display_name":"richard","author_link":"https:\/\/pfc-eu.com\/fr\/author\/richard\/"},"uagb_comment_info":0,"uagb_excerpt":"The Ozyrys front mounted disc cultivator provides additional soil preparation in a single pass when used with a rear cultivator combination. The added advantage is time and With an Ozyrys, all the advantages of stubble cultivation are in your favour. Shallow to deep stubble cultivation, burial of large quantities of residue and the destruction ofLire\u2026","jetpack_likes_enabled":true,"jetpack_sharing_enabled":true,"jetpack_shortlink":"https:\/\/wp.me\/Pck1DT-cP","jetpack-related-posts":[],"_links":{"self":[{"href":"https:\/\/pfc-eu.com\/fr\/wp-json\/wp\/v2\/pages\/795","targetHints":{"allow":["GET"]}}],"collection":[{"href":"https:\/\/pfc-eu.com\/fr\/wp-json\/wp\/v2\/pages"}],"about":[{"href":"https:\/\/pfc-eu.com\/fr\/wp-json\/wp\/v2\/types\/page"}],"author":[{"embeddable":true,"href":"https:\/\/pfc-eu.com\/fr\/wp-json\/wp\/v2\/users\/192351622"}],"replies":[{"embeddable":true,"href":"https:\/\/pfc-eu.com\/fr\/wp-json\/wp\/v2\/comments?post=795"}],"version-history":[{"count":6,"href":"https:\/\/pfc-eu.com\/fr\/wp-json\/wp\/v2\/pages\/795\/revisions"}],"predecessor-version":[{"id":2074,"href":"https:\/\/pfc-eu.com\/fr\/wp-json\/wp\/v2\/pages\/795\/revisions\/2074"}],"wp:attachment":[{"href":"https:\/\/pfc-eu.com\/fr\/wp-json\/wp\/v2\/media?parent=795"}],"curies":[{"name":"wp","href":"https:\/\/api.w.org\/{rel}","templated":true}]}}