{"id":762,"date":"2022-10-23T20:29:50","date_gmt":"2022-10-23T19:29:50","guid":{"rendered":"https:\/\/pfc-eu.com\/?page_id=762"},"modified":"2022-10-23T21:38:05","modified_gmt":"2022-10-23T20:38:05","slug":"mamut-gb-subsoiler-tool-carrier","status":"publish","type":"page","link":"https:\/\/pfc-eu.com\/fr\/mamut-gb-subsoiler-tool-carrier\/","title":{"rendered":"Sous-soleuse \/ porte-outils Mamut et Sherp"},"content":{"rendered":"<figure class=\"wp-block-gallery has-nested-images columns-default is-cropped wp-block-gallery-1 is-layout-flex wp-block-gallery-is-layout-flex\">\n<figure class=\"wp-block-image size-large\"><img data-recalc-dims=\"1\" loading=\"lazy\" decoding=\"async\" width=\"750\" height=\"422\" data-attachment-id=\"1763\" data-permalink=\"https:\/\/pfc-eu.com\/fr\/select-your-cultivator-type\/b23\/\" data-orig-file=\"https:\/\/i0.wp.com\/pfc-eu.com\/wp-content\/uploads\/2022\/09\/b23.jpg?fit=1920%2C1080&amp;ssl=1\" data-orig-size=\"1920,1080\" data-comments-opened=\"1\" data-image-meta=\"{&quot;aperture&quot;:&quot;0&quot;,&quot;credit&quot;:&quot;&quot;,&quot;camera&quot;:&quot;&quot;,&quot;caption&quot;:&quot;&quot;,&quot;created_timestamp&quot;:&quot;0&quot;,&quot;copyright&quot;:&quot;&quot;,&quot;focal_length&quot;:&quot;0&quot;,&quot;iso&quot;:&quot;0&quot;,&quot;shutter_speed&quot;:&quot;0&quot;,&quot;title&quot;:&quot;&quot;,&quot;orientation&quot;:&quot;0&quot;}\" data-image-title=\"Sherp\" data-image-description=\"\" data-image-caption=\"\" data-large-file=\"https:\/\/i0.wp.com\/pfc-eu.com\/wp-content\/uploads\/2022\/09\/b23.jpg?fit=750%2C422&amp;ssl=1\" data-id=\"1763\" src=\"https:\/\/i0.wp.com\/pfc-eu.com\/wp-content\/uploads\/2022\/09\/b23.jpg?resize=750%2C422&#038;ssl=1\" alt=\"\" class=\"wp-image-1763\" srcset=\"https:\/\/i0.wp.com\/pfc-eu.com\/wp-content\/uploads\/2022\/09\/b23.jpg?resize=1024%2C576&amp;ssl=1 1024w, https:\/\/i0.wp.com\/pfc-eu.com\/wp-content\/uploads\/2022\/09\/b23.jpg?resize=300%2C169&amp;ssl=1 300w, https:\/\/i0.wp.com\/pfc-eu.com\/wp-content\/uploads\/2022\/09\/b23.jpg?resize=768%2C432&amp;ssl=1 768w, https:\/\/i0.wp.com\/pfc-eu.com\/wp-content\/uploads\/2022\/09\/b23.jpg?resize=1536%2C864&amp;ssl=1 1536w, https:\/\/i0.wp.com\/pfc-eu.com\/wp-content\/uploads\/2022\/09\/b23.jpg?resize=1200%2C675&amp;ssl=1 1200w, https:\/\/i0.wp.com\/pfc-eu.com\/wp-content\/uploads\/2022\/09\/b23.jpg?resize=1568%2C882&amp;ssl=1 1568w, https:\/\/i0.wp.com\/pfc-eu.com\/wp-content\/uploads\/2022\/09\/b23.jpg?w=1920&amp;ssl=1 1920w\" sizes=\"auto, (max-width: 750px) 100vw, 750px\" \/><figcaption class=\"wp-element-caption\">Sherp<\/figcaption><\/figure>\n\n\n\n<figure class=\"wp-block-image size-large\"><img data-recalc-dims=\"1\" loading=\"lazy\" decoding=\"async\" width=\"750\" height=\"422\" data-attachment-id=\"1761\" data-permalink=\"https:\/\/pfc-eu.com\/fr\/select-your-cultivator-type\/zestaw-3-1\/\" data-orig-file=\"https:\/\/i0.wp.com\/pfc-eu.com\/wp-content\/uploads\/2022\/09\/zestaw-3-1.jpg?fit=1920%2C1080&amp;ssl=1\" data-orig-size=\"1920,1080\" data-comments-opened=\"1\" data-image-meta=\"{&quot;aperture&quot;:&quot;0&quot;,&quot;credit&quot;:&quot;&quot;,&quot;camera&quot;:&quot;&quot;,&quot;caption&quot;:&quot;&quot;,&quot;created_timestamp&quot;:&quot;0&quot;,&quot;copyright&quot;:&quot;&quot;,&quot;focal_length&quot;:&quot;0&quot;,&quot;iso&quot;:&quot;0&quot;,&quot;shutter_speed&quot;:&quot;0&quot;,&quot;title&quot;:&quot;&quot;,&quot;orientation&quot;:&quot;0&quot;}\" data-image-title=\"zestaw-3-1\" data-image-description=\"\" data-image-caption=\"\" data-large-file=\"https:\/\/i0.wp.com\/pfc-eu.com\/wp-content\/uploads\/2022\/09\/zestaw-3-1.jpg?fit=750%2C422&amp;ssl=1\" data-id=\"1761\" src=\"https:\/\/i0.wp.com\/pfc-eu.com\/wp-content\/uploads\/2022\/09\/zestaw-3-1.jpg?resize=750%2C422&#038;ssl=1\" alt=\"\" class=\"wp-image-1761\" srcset=\"https:\/\/i0.wp.com\/pfc-eu.com\/wp-content\/uploads\/2022\/09\/zestaw-3-1.jpg?resize=1024%2C576&amp;ssl=1 1024w, https:\/\/i0.wp.com\/pfc-eu.com\/wp-content\/uploads\/2022\/09\/zestaw-3-1.jpg?resize=300%2C169&amp;ssl=1 300w, https:\/\/i0.wp.com\/pfc-eu.com\/wp-content\/uploads\/2022\/09\/zestaw-3-1.jpg?resize=768%2C432&amp;ssl=1 768w, https:\/\/i0.wp.com\/pfc-eu.com\/wp-content\/uploads\/2022\/09\/zestaw-3-1.jpg?resize=1536%2C864&amp;ssl=1 1536w, https:\/\/i0.wp.com\/pfc-eu.com\/wp-content\/uploads\/2022\/09\/zestaw-3-1.jpg?resize=1200%2C675&amp;ssl=1 1200w, https:\/\/i0.wp.com\/pfc-eu.com\/wp-content\/uploads\/2022\/09\/zestaw-3-1.jpg?resize=1568%2C882&amp;ssl=1 1568w, https:\/\/i0.wp.com\/pfc-eu.com\/wp-content\/uploads\/2022\/09\/zestaw-3-1.jpg?w=1920&amp;ssl=1 1920w\" sizes=\"auto, (max-width: 750px) 100vw, 750px\" \/><figcaption class=\"wp-element-caption\">Sherp avec disques Ozyrus<\/figcaption><\/figure>\n\n\n\n<figure class=\"wp-block-image size-large\"><img data-recalc-dims=\"1\" loading=\"lazy\" decoding=\"async\" width=\"346\" height=\"345\" data-attachment-id=\"850\" data-permalink=\"https:\/\/pfc-eu.com\/fr\/subsoiler-button-1\/\" data-orig-file=\"https:\/\/i0.wp.com\/pfc-eu.com\/wp-content\/uploads\/2020\/09\/subsoiler-button-1.jpg?fit=346%2C345&amp;ssl=1\" data-orig-size=\"346,345\" data-comments-opened=\"1\" data-image-meta=\"{&quot;aperture&quot;:&quot;0&quot;,&quot;credit&quot;:&quot;&quot;,&quot;camera&quot;:&quot;&quot;,&quot;caption&quot;:&quot;&quot;,&quot;created_timestamp&quot;:&quot;0&quot;,&quot;copyright&quot;:&quot;&quot;,&quot;focal_length&quot;:&quot;0&quot;,&quot;iso&quot;:&quot;0&quot;,&quot;shutter_speed&quot;:&quot;0&quot;,&quot;title&quot;:&quot;&quot;,&quot;orientation&quot;:&quot;0&quot;}\" data-image-title=\"subsoiler-button-1\" data-image-description=\"\" data-image-caption=\"\" data-large-file=\"https:\/\/i0.wp.com\/pfc-eu.com\/wp-content\/uploads\/2020\/09\/subsoiler-button-1.jpg?fit=346%2C345&amp;ssl=1\" data-id=\"850\" src=\"https:\/\/i0.wp.com\/pfc-eu.com\/wp-content\/uploads\/2020\/09\/subsoiler-button-1.jpg?resize=346%2C345&#038;ssl=1\" alt=\"\" class=\"wp-image-850\"\/><figcaption class=\"wp-element-caption\">Mamut GB<\/figcaption><\/figure>\n<\/figure>\n\n\n\n<div class=\"wp-block-media-text alignwide has-media-on-the-right is-stacked-on-mobile\" style=\"grid-template-columns:auto 59%\"><div class=\"wp-block-media-text__content\">\n<p class=\"wp-block-paragraph\">Le Sherp est une barre d&#039;outils \u00e0 r\u00e9initialisation automatique \u00e0 ressort avec un choix de pieds pour r\u00e9pondre aux besoins. avec attelage hydraulique \u00e0 3 points pour r\u00e9gler la profondeur \u00e0 la vol\u00e9e avec le disque suivant ind\u00e9pendamment. Les largeurs de travail sont de 2,5 ou 3 m\u00e8tres. le m\u00e8tre 3, lorsqu&#039;il est coupl\u00e9 avec les disques Ozyrus et le sous-solage \u00e0 10 pouces (25 cm) et les disques fonctionnant \u00e0 4 pouces (10 cm), la puissance requise est aussi faible que 160 ch dans des d\u00e9monstrations r\u00e9elles r\u00e9alis\u00e9es avec un John Deere 6155R dans le nord du Devon .<\/p>\n\n\n\n<p class=\"wp-block-paragraph\">Le porte-outils Mamut est disponible en configuration \u00e0 4, 6 ou 8 pieds selon la largeur de travail. Le Mamut utilise la jambe prot\u00e9g\u00e9e par un boulon de cisaillement \u00e0 faible perturbation pour assurer l&#039;a\u00e9ration et le drainage du sol. L&#039;avantage suppl\u00e9mentaire de la jambe \u00e0 faible perturbation est la r\u00e9duction de la puissance requise tout en maintenant la puissance a au maximum. L&#039;Atom transportera n&#039;importe laquelle des machines Awemak de 3 ou 4 m\u00e8tres pour fournir une culture suppl\u00e9mentaire en un seul passage. Le r\u00e9glage de la hauteur du cultivateur Mamut au cultivateur arri\u00e8re se fait \u00e0 la vol\u00e9e gr\u00e2ce \u00e0 un r\u00e9glage hydraulique. Les points d&#039;usure sont en acier Hardox, ce qui augmente l&#039;hectare cultiv\u00e9 avant qu&#039;un temps d&#039;arr\u00eat de remplacement ne soit n\u00e9cessaire.<\/p>\n<\/div><figure class=\"wp-block-media-text__media\"><img data-recalc-dims=\"1\" loading=\"lazy\" decoding=\"async\" width=\"750\" height=\"500\" data-attachment-id=\"766\" data-permalink=\"https:\/\/pfc-eu.com\/fr\/img_4530\/\" data-orig-file=\"https:\/\/i0.wp.com\/pfc-eu.com\/wp-content\/uploads\/2020\/09\/img_4530.jpg?fit=6000%2C4000&amp;ssl=1\" data-orig-size=\"6000,4000\" data-comments-opened=\"1\" data-image-meta=\"{&quot;aperture&quot;:&quot;4.5&quot;,&quot;credit&quot;:&quot;&quot;,&quot;camera&quot;:&quot;Canon EOS 760D&quot;,&quot;caption&quot;:&quot;&quot;,&quot;created_timestamp&quot;:&quot;1461002225&quot;,&quot;copyright&quot;:&quot;&quot;,&quot;focal_length&quot;:&quot;22&quot;,&quot;iso&quot;:&quot;100&quot;,&quot;shutter_speed&quot;:&quot;0.02&quot;,&quot;title&quot;:&quot;&quot;,&quot;orientation&quot;:&quot;1&quot;}\" data-image-title=\"img_4530\" data-image-description=\"\" data-image-caption=\"\" data-large-file=\"https:\/\/i0.wp.com\/pfc-eu.com\/wp-content\/uploads\/2020\/09\/img_4530.jpg?fit=750%2C500&amp;ssl=1\" src=\"https:\/\/i0.wp.com\/pfc-eu.com\/wp-content\/uploads\/2020\/09\/img_4530.jpg?resize=750%2C500&#038;ssl=1\" alt=\"\" class=\"wp-image-766 size-full\"\/><\/figure><\/div>\n\n\n\n<div class=\"wp-block-jetpack-layout-grid alignfull column1-desktop-grid__span-6 column1-desktop-grid__row-1 column2-desktop-grid__span-6 column2-desktop-grid__start-7 column2-desktop-grid__row-1 column1-tablet-grid__span-4 column1-tablet-grid__row-1 column2-tablet-grid__span-4 column2-tablet-grid__start-5 column2-tablet-grid__row-1 column1-mobile-grid__span-4 column1-mobile-grid__row-1 column2-mobile-grid__span-4 column2-mobile-grid__row-2\">\n<div class=\"wp-block-jetpack-layout-grid-column wp-block-jetpack-layout-grid__padding-none\">\n<figure class=\"wp-block-image size-large is-resized\"><img data-recalc-dims=\"1\" decoding=\"async\" data-attachment-id=\"737\" data-permalink=\"https:\/\/pfc-eu.com\/fr\/cultivation-icon-button-6\/\" data-orig-file=\"https:\/\/i0.wp.com\/pfc-eu.com\/wp-content\/uploads\/2020\/09\/cultivation-icon-button-6.png?fit=342%2C351&amp;ssl=1\" data-orig-size=\"342,351\" data-comments-opened=\"1\" data-image-meta=\"{&quot;aperture&quot;:&quot;0&quot;,&quot;credit&quot;:&quot;&quot;,&quot;camera&quot;:&quot;&quot;,&quot;caption&quot;:&quot;&quot;,&quot;created_timestamp&quot;:&quot;0&quot;,&quot;copyright&quot;:&quot;&quot;,&quot;focal_length&quot;:&quot;0&quot;,&quot;iso&quot;:&quot;0&quot;,&quot;shutter_speed&quot;:&quot;0&quot;,&quot;title&quot;:&quot;&quot;,&quot;orientation&quot;:&quot;0&quot;}\" data-image-title=\"cultivation-icon-button-6\" data-image-description=\"\" data-image-caption=\"\" data-large-file=\"https:\/\/i0.wp.com\/pfc-eu.com\/wp-content\/uploads\/2020\/09\/cultivation-icon-button-6.png?fit=342%2C351&amp;ssl=1\" src=\"https:\/\/i0.wp.com\/pfc-eu.com\/wp-content\/uploads\/2020\/09\/cultivation-icon-button-6.png?w=750&#038;ssl=1\" alt=\"\" class=\"wp-image-737\"  \/><figcaption class=\"wp-element-caption\">S\u00e9lection de culture<\/figcaption><\/figure>\n<\/div>\n\n\n\n<div class=\"wp-block-jetpack-layout-grid-column wp-block-jetpack-layout-grid__padding-none\">\n<figure class=\"wp-block-image size-large\"><img data-recalc-dims=\"1\" loading=\"lazy\" decoding=\"async\" width=\"341\" height=\"356\" data-attachment-id=\"738\" data-permalink=\"https:\/\/pfc-eu.com\/fr\/media-icon-button-8\/\" data-orig-file=\"https:\/\/i0.wp.com\/pfc-eu.com\/wp-content\/uploads\/2020\/09\/media-icon-button-8.png?fit=341%2C356&amp;ssl=1\" data-orig-size=\"341,356\" data-comments-opened=\"1\" data-image-meta=\"{&quot;aperture&quot;:&quot;0&quot;,&quot;credit&quot;:&quot;&quot;,&quot;camera&quot;:&quot;&quot;,&quot;caption&quot;:&quot;&quot;,&quot;created_timestamp&quot;:&quot;0&quot;,&quot;copyright&quot;:&quot;&quot;,&quot;focal_length&quot;:&quot;0&quot;,&quot;iso&quot;:&quot;0&quot;,&quot;shutter_speed&quot;:&quot;0&quot;,&quot;title&quot;:&quot;&quot;,&quot;orientation&quot;:&quot;0&quot;}\" data-image-title=\"media-icon-button-8\" data-image-description=\"\" data-image-caption=\"\" data-large-file=\"https:\/\/i0.wp.com\/pfc-eu.com\/wp-content\/uploads\/2020\/09\/media-icon-button-8.png?fit=341%2C356&amp;ssl=1\" src=\"https:\/\/i0.wp.com\/pfc-eu.com\/wp-content\/uploads\/2020\/09\/media-icon-button-8.png?resize=341%2C356&#038;ssl=1\" alt=\"\" class=\"wp-image-738\"\/><figcaption class=\"wp-element-caption\">Centre des m\u00e9dias<\/figcaption><\/figure>\n<\/div>\n<\/div>","protected":false},"excerpt":{"rendered":"<p>Le Sherp est une barre d&#039;outils \u00e0 r\u00e9initialisation automatique \u00e0 ressort avec un choix de pieds pour r\u00e9pondre aux besoins. avec attelage hydraulique \u00e0 3 points pour r\u00e9gler la profondeur \u00e0 la vol\u00e9e avec le disque suivant ind\u00e9pendamment. Les largeurs de travail sont de 2,5 ou 3 m\u00e8tres. le m\u00e8tre 3, lorsqu&#039;il est coupl\u00e9 aux disques Ozyrus et sous-solage \u00e0 10<a class=\"more-link\" href=\"https:\/\/pfc-eu.com\/fr\/mamut-gb-subsoiler-tool-carrier\/\">Lire la suite <span class=\"screen-reader-text\">\u00ab Sous-soleuse \/ Porte-outils Mamut et Sherp \u00bb<\/span><\/a><\/p>","protected":false},"author":192351622,"featured_media":0,"parent":0,"menu_order":0,"comment_status":"closed","ping_status":"closed","template":"","meta":{"_coblocks_attr":"","_coblocks_dimensions":"","_coblocks_responsive_height":"","_coblocks_accordion_ie_support":"","_crdt_document":"","_uag_custom_page_level_css":"","jetpack_post_was_ever_published":false,"footnotes":""},"class_list":["post-762","page","type-page","status-publish","hentry","entry"],"yoast_head":"<!-- This site is optimized with the Yoast SEO plugin v27.3 - https:\/\/yoast.com\/product\/yoast-seo-wordpress\/ -->\n<title>Mamut and Sherp Subsoiler \/ Tool Carrier - PFC Ltd<\/title>\n<meta name=\"robots\" content=\"index, follow, max-snippet:-1, max-image-preview:large, max-video-preview:-1\" \/>\n<link rel=\"canonical\" href=\"https:\/\/pfc-eu.com\/fr\/mamut-gb-subsoiler-tool-carrier\/\" \/>\n<meta property=\"og:locale\" content=\"fr_FR\" \/>\n<meta property=\"og:type\" content=\"article\" \/>\n<meta property=\"og:title\" content=\"Mamut and Sherp Subsoiler \/ Tool Carrier - PFC Ltd\" \/>\n<meta property=\"og:description\" content=\"The Sherp is a sprung auto reset tool bar with a choice of legs to suit requirements. with hydraulic 3 point linkage to set the depth on the go with the following disc independently. The working widths are 2.5 or 3 meter. the 3 meter, when coupled with the Ozyrus discs and subsoiling at 10Lire la suite &quot;Mamut and Sherp Subsoiler \/ Tool Carrier&quot;\" \/>\n<meta property=\"og:url\" content=\"https:\/\/pfc-eu.com\/fr\/mamut-gb-subsoiler-tool-carrier\/\" \/>\n<meta property=\"og:site_name\" content=\"PFC Ltd\" \/>\n<meta property=\"article:modified_time\" content=\"2022-10-23T20:38:05+00:00\" \/>\n<meta property=\"og:image\" content=\"https:\/\/pfc-eu.com\/wp-content\/uploads\/2022\/09\/b23-1024x576.jpg\" \/>\n<meta name=\"twitter:card\" content=\"summary_large_image\" \/>\n<meta name=\"twitter:label1\" content=\"Dur\u00e9e de lecture estim\u00e9e\" \/>\n\t<meta name=\"twitter:data1\" content=\"3 minutes\" \/>\n<script type=\"application\/ld+json\" class=\"yoast-schema-graph\">{\"@context\":\"https:\\\/\\\/schema.org\",\"@graph\":[{\"@type\":\"WebPage\",\"@id\":\"https:\\\/\\\/pfc-eu.com\\\/mamut-gb-subsoiler-tool-carrier\\\/\",\"url\":\"https:\\\/\\\/pfc-eu.com\\\/mamut-gb-subsoiler-tool-carrier\\\/\",\"name\":\"Mamut and Sherp Subsoiler \\\/ Tool Carrier - PFC Ltd\",\"isPartOf\":{\"@id\":\"https:\\\/\\\/pfc-eu.com\\\/#website\"},\"primaryImageOfPage\":{\"@id\":\"https:\\\/\\\/pfc-eu.com\\\/mamut-gb-subsoiler-tool-carrier\\\/#primaryimage\"},\"image\":{\"@id\":\"https:\\\/\\\/pfc-eu.com\\\/mamut-gb-subsoiler-tool-carrier\\\/#primaryimage\"},\"thumbnailUrl\":\"https:\\\/\\\/pfc-eu.com\\\/wp-content\\\/uploads\\\/2022\\\/09\\\/b23-1024x576.jpg\",\"datePublished\":\"2022-10-23T19:29:50+00:00\",\"dateModified\":\"2022-10-23T20:38:05+00:00\",\"breadcrumb\":{\"@id\":\"https:\\\/\\\/pfc-eu.com\\\/mamut-gb-subsoiler-tool-carrier\\\/#breadcrumb\"},\"inLanguage\":\"fr-FR\",\"potentialAction\":[{\"@type\":\"ReadAction\",\"target\":[\"https:\\\/\\\/pfc-eu.com\\\/mamut-gb-subsoiler-tool-carrier\\\/\"]}]},{\"@type\":\"ImageObject\",\"inLanguage\":\"fr-FR\",\"@id\":\"https:\\\/\\\/pfc-eu.com\\\/mamut-gb-subsoiler-tool-carrier\\\/#primaryimage\",\"url\":\"https:\\\/\\\/pfc-eu.com\\\/wp-content\\\/uploads\\\/2022\\\/09\\\/b23-1024x576.jpg\",\"contentUrl\":\"https:\\\/\\\/pfc-eu.com\\\/wp-content\\\/uploads\\\/2022\\\/09\\\/b23-1024x576.jpg\"},{\"@type\":\"BreadcrumbList\",\"@id\":\"https:\\\/\\\/pfc-eu.com\\\/mamut-gb-subsoiler-tool-carrier\\\/#breadcrumb\",\"itemListElement\":[{\"@type\":\"ListItem\",\"position\":1,\"name\":\"Home\",\"item\":\"https:\\\/\\\/pfc-eu.com\\\/\"},{\"@type\":\"ListItem\",\"position\":2,\"name\":\"Mamut and Sherp Subsoiler \\\/ Tool Carrier\"}]},{\"@type\":\"WebSite\",\"@id\":\"https:\\\/\\\/pfc-eu.com\\\/#website\",\"url\":\"https:\\\/\\\/pfc-eu.com\\\/\",\"name\":\"PFC Ltd\",\"description\":\"Precision, Quality, Service\",\"publisher\":{\"@id\":\"https:\\\/\\\/pfc-eu.com\\\/#organization\"},\"potentialAction\":[{\"@type\":\"SearchAction\",\"target\":{\"@type\":\"EntryPoint\",\"urlTemplate\":\"https:\\\/\\\/pfc-eu.com\\\/?s={search_term_string}\"},\"query-input\":{\"@type\":\"PropertyValueSpecification\",\"valueRequired\":true,\"valueName\":\"search_term_string\"}}],\"inLanguage\":\"fr-FR\"},{\"@type\":\"Organization\",\"@id\":\"https:\\\/\\\/pfc-eu.com\\\/#organization\",\"name\":\"PFC Ltd\",\"url\":\"https:\\\/\\\/pfc-eu.com\\\/\",\"logo\":{\"@type\":\"ImageObject\",\"inLanguage\":\"fr-FR\",\"@id\":\"https:\\\/\\\/pfc-eu.com\\\/#\\\/schema\\\/logo\\\/image\\\/\",\"url\":\"https:\\\/\\\/i0.wp.com\\\/pfc-eu.com\\\/wp-content\\\/uploads\\\/2022\\\/09\\\/cropped-cropped-pfc-agri-solutions-no-background-resized.png?fit=500%2C95&ssl=1\",\"contentUrl\":\"https:\\\/\\\/i0.wp.com\\\/pfc-eu.com\\\/wp-content\\\/uploads\\\/2022\\\/09\\\/cropped-cropped-pfc-agri-solutions-no-background-resized.png?fit=500%2C95&ssl=1\",\"width\":500,\"height\":95,\"caption\":\"PFC Ltd\"},\"image\":{\"@id\":\"https:\\\/\\\/pfc-eu.com\\\/#\\\/schema\\\/logo\\\/image\\\/\"}}]}<\/script>\n<!-- \/ Yoast SEO plugin. -->","yoast_head_json":{"title":"Mamut and Sherp Subsoiler \/ Tool Carrier - PFC Ltd","robots":{"index":"index","follow":"follow","max-snippet":"max-snippet:-1","max-image-preview":"max-image-preview:large","max-video-preview":"max-video-preview:-1"},"canonical":"https:\/\/pfc-eu.com\/fr\/mamut-gb-subsoiler-tool-carrier\/","og_locale":"fr_FR","og_type":"article","og_title":"Mamut and Sherp Subsoiler \/ Tool Carrier - PFC Ltd","og_description":"The Sherp is a sprung auto reset tool bar with a choice of legs to suit requirements. with hydraulic 3 point linkage to set the depth on the go with the following disc independently. The working widths are 2.5 or 3 meter. the 3 meter, when coupled with the Ozyrus discs and subsoiling at 10Lire la suite \"Mamut and Sherp Subsoiler \/ Tool Carrier\"","og_url":"https:\/\/pfc-eu.com\/fr\/mamut-gb-subsoiler-tool-carrier\/","og_site_name":"PFC Ltd","article_modified_time":"2022-10-23T20:38:05+00:00","og_image":[{"url":"https:\/\/pfc-eu.com\/wp-content\/uploads\/2022\/09\/b23-1024x576.jpg","type":"","width":"","height":""}],"twitter_card":"summary_large_image","twitter_misc":{"Dur\u00e9e de lecture estim\u00e9e":"3 minutes"},"schema":{"@context":"https:\/\/schema.org","@graph":[{"@type":"WebPage","@id":"https:\/\/pfc-eu.com\/mamut-gb-subsoiler-tool-carrier\/","url":"https:\/\/pfc-eu.com\/mamut-gb-subsoiler-tool-carrier\/","name":"Mamut and Sherp Subsoiler \/ Tool Carrier - PFC Ltd","isPartOf":{"@id":"https:\/\/pfc-eu.com\/#website"},"primaryImageOfPage":{"@id":"https:\/\/pfc-eu.com\/mamut-gb-subsoiler-tool-carrier\/#primaryimage"},"image":{"@id":"https:\/\/pfc-eu.com\/mamut-gb-subsoiler-tool-carrier\/#primaryimage"},"thumbnailUrl":"https:\/\/pfc-eu.com\/wp-content\/uploads\/2022\/09\/b23-1024x576.jpg","datePublished":"2022-10-23T19:29:50+00:00","dateModified":"2022-10-23T20:38:05+00:00","breadcrumb":{"@id":"https:\/\/pfc-eu.com\/mamut-gb-subsoiler-tool-carrier\/#breadcrumb"},"inLanguage":"fr-FR","potentialAction":[{"@type":"ReadAction","target":["https:\/\/pfc-eu.com\/mamut-gb-subsoiler-tool-carrier\/"]}]},{"@type":"ImageObject","inLanguage":"fr-FR","@id":"https:\/\/pfc-eu.com\/mamut-gb-subsoiler-tool-carrier\/#primaryimage","url":"https:\/\/pfc-eu.com\/wp-content\/uploads\/2022\/09\/b23-1024x576.jpg","contentUrl":"https:\/\/pfc-eu.com\/wp-content\/uploads\/2022\/09\/b23-1024x576.jpg"},{"@type":"BreadcrumbList","@id":"https:\/\/pfc-eu.com\/mamut-gb-subsoiler-tool-carrier\/#breadcrumb","itemListElement":[{"@type":"ListItem","position":1,"name":"Home","item":"https:\/\/pfc-eu.com\/"},{"@type":"ListItem","position":2,"name":"Mamut and Sherp Subsoiler \/ Tool Carrier"}]},{"@type":"WebSite","@id":"https:\/\/pfc-eu.com\/#website","url":"https:\/\/pfc-eu.com\/","name":"PFC Lt\u00e9e","description":"Pr\u00e9cision, Qualit\u00e9, Service","publisher":{"@id":"https:\/\/pfc-eu.com\/#organization"},"potentialAction":[{"@type":"SearchAction","target":{"@type":"EntryPoint","urlTemplate":"https:\/\/pfc-eu.com\/?s={search_term_string}"},"query-input":{"@type":"PropertyValueSpecification","valueRequired":true,"valueName":"search_term_string"}}],"inLanguage":"fr-FR"},{"@type":"Organization","@id":"https:\/\/pfc-eu.com\/#organization","name":"PFC Lt\u00e9e","url":"https:\/\/pfc-eu.com\/","logo":{"@type":"ImageObject","inLanguage":"fr-FR","@id":"https:\/\/pfc-eu.com\/#\/schema\/logo\/image\/","url":"https:\/\/i0.wp.com\/pfc-eu.com\/wp-content\/uploads\/2022\/09\/cropped-cropped-pfc-agri-solutions-no-background-resized.png?fit=500%2C95&ssl=1","contentUrl":"https:\/\/i0.wp.com\/pfc-eu.com\/wp-content\/uploads\/2022\/09\/cropped-cropped-pfc-agri-solutions-no-background-resized.png?fit=500%2C95&ssl=1","width":500,"height":95,"caption":"PFC Ltd"},"image":{"@id":"https:\/\/pfc-eu.com\/#\/schema\/logo\/image\/"}}]}},"uagb_featured_image_src":{"full":false,"thumbnail":false,"medium":false,"medium_large":false,"large":false,"1536x1536":false,"2048x2048":false,"trp-custom-language-flag":false,"newspack-article-block-landscape-large":false,"newspack-article-block-portrait-large":false,"newspack-article-block-square-large":false,"newspack-article-block-landscape-medium":false,"newspack-article-block-portrait-medium":false,"newspack-article-block-square-medium":false,"newspack-article-block-landscape-intermediate":false,"newspack-article-block-portrait-intermediate":false,"newspack-article-block-square-intermediate":false,"newspack-article-block-landscape-small":false,"newspack-article-block-portrait-small":false,"newspack-article-block-square-small":false,"newspack-article-block-landscape-tiny":false,"newspack-article-block-portrait-tiny":false,"newspack-article-block-square-tiny":false,"newspack-article-block-uncropped":false,"post-thumbnail":false},"uagb_author_info":{"display_name":"richard","author_link":"https:\/\/pfc-eu.com\/fr\/author\/richard\/"},"uagb_comment_info":0,"uagb_excerpt":"The Sherp is a sprung auto reset tool bar with a choice of legs to suit requirements. with hydraulic 3 point linkage to set the depth on the go with the following disc independently. The working widths are 2.5 or 3 meter. the 3 meter, when coupled with the Ozyrus discs and subsoiling at 10Lire\u2026","jetpack_likes_enabled":true,"jetpack_sharing_enabled":true,"jetpack_shortlink":"https:\/\/wp.me\/Pck1DT-ci","jetpack-related-posts":[],"_links":{"self":[{"href":"https:\/\/pfc-eu.com\/fr\/wp-json\/wp\/v2\/pages\/762","targetHints":{"allow":["GET"]}}],"collection":[{"href":"https:\/\/pfc-eu.com\/fr\/wp-json\/wp\/v2\/pages"}],"about":[{"href":"https:\/\/pfc-eu.com\/fr\/wp-json\/wp\/v2\/types\/page"}],"author":[{"embeddable":true,"href":"https:\/\/pfc-eu.com\/fr\/wp-json\/wp\/v2\/users\/192351622"}],"replies":[{"embeddable":true,"href":"https:\/\/pfc-eu.com\/fr\/wp-json\/wp\/v2\/comments?post=762"}],"version-history":[{"count":10,"href":"https:\/\/pfc-eu.com\/fr\/wp-json\/wp\/v2\/pages\/762\/revisions"}],"predecessor-version":[{"id":2068,"href":"https:\/\/pfc-eu.com\/fr\/wp-json\/wp\/v2\/pages\/762\/revisions\/2068"}],"wp:attachment":[{"href":"https:\/\/pfc-eu.com\/fr\/wp-json\/wp\/v2\/media?parent=762"}],"curies":[{"name":"wp","href":"https:\/\/api.w.org\/{rel}","templated":true}]}}