{"id":175,"date":"2020-10-08T13:05:31","date_gmt":"2020-10-08T12:05:31","guid":{"rendered":"https:\/\/pfc-eu.com\/?page_id=175"},"modified":"2024-03-14T16:25:12","modified_gmt":"2024-03-14T16:25:12","slug":"select-baler-type","status":"publish","type":"page","link":"https:\/\/pfc-eu.com\/fr\/select-baler-type\/","title":{"rendered":"S\u00e9lectionnez le type de presse \u00e0 balles PFC Agri Solutions"},"content":{"rendered":"<p class=\"wp-block-paragraph\"><\/p>\n\n\n<div class=\"wp-block-image is-style-rounded\">\n<figure class=\"alignleft size-large is-resized\"><a href=\"https:\/\/pfc-eu.com\/fr\/harvest-tec-large-square-baler\/\"><img data-recalc-dims=\"1\" loading=\"lazy\" decoding=\"async\" width=\"750\" height=\"422\" data-attachment-id=\"178\" data-permalink=\"https:\/\/pfc-eu.com\/fr\/20180818_155711\/\" data-orig-file=\"https:\/\/i0.wp.com\/pfc-eu.com\/wp-content\/uploads\/2020\/08\/20180818_155711.jpg?fit=2560%2C1440&amp;ssl=1\" data-orig-size=\"2560,1440\" data-comments-opened=\"1\" data-image-meta=\"{&quot;aperture&quot;:&quot;1.7&quot;,&quot;credit&quot;:&quot;&quot;,&quot;camera&quot;:&quot;SM-G930F&quot;,&quot;caption&quot;:&quot;&quot;,&quot;created_timestamp&quot;:&quot;1534607831&quot;,&quot;copyright&quot;:&quot;&quot;,&quot;focal_length&quot;:&quot;4.2&quot;,&quot;iso&quot;:&quot;40&quot;,&quot;shutter_speed&quot;:&quot;0.00031806615776081&quot;,&quot;title&quot;:&quot;&quot;,&quot;orientation&quot;:&quot;1&quot;}\" data-image-title=\"20180818_155711\" data-image-description=\"\" data-image-caption=\"\" data-large-file=\"https:\/\/i0.wp.com\/pfc-eu.com\/wp-content\/uploads\/2020\/08\/20180818_155711.jpg?fit=750%2C422&amp;ssl=1\" src=\"https:\/\/i0.wp.com\/pfc-eu.com\/wp-content\/uploads\/2020\/08\/20180818_155711.jpg?resize=750%2C422&#038;ssl=1\" alt=\"\" class=\"wp-image-178\" style=\"object-fit:cover;width:200px;height:200px\"\/><\/a><figcaption class=\"wp-element-caption\">Grande presse \u00e0 balles carr\u00e9es<\/figcaption><\/figure>\n<\/div>\n\n<div class=\"wp-block-image is-style-rounded\">\n<figure class=\"alignleft size-large is-resized\"><a href=\"https:\/\/pfc-eu.com\/fr\/harvest-tec-round-baler\/\"><img data-recalc-dims=\"1\" loading=\"lazy\" decoding=\"async\" width=\"750\" height=\"563\" data-attachment-id=\"179\" data-permalink=\"https:\/\/pfc-eu.com\/fr\/dsc00235\/\" data-orig-file=\"https:\/\/i0.wp.com\/pfc-eu.com\/wp-content\/uploads\/2020\/08\/dsc00235.jpg?fit=2592%2C1944&amp;ssl=1\" data-orig-size=\"2592,1944\" data-comments-opened=\"1\" data-image-meta=\"{&quot;aperture&quot;:&quot;2.8&quot;,&quot;credit&quot;:&quot;&quot;,&quot;camera&quot;:&quot;DSC-P92&quot;,&quot;caption&quot;:&quot;&quot;,&quot;created_timestamp&quot;:&quot;1308762398&quot;,&quot;copyright&quot;:&quot;&quot;,&quot;focal_length&quot;:&quot;8&quot;,&quot;iso&quot;:&quot;100&quot;,&quot;shutter_speed&quot;:&quot;0.025&quot;,&quot;title&quot;:&quot;&quot;,&quot;orientation&quot;:&quot;1&quot;}\" data-image-title=\"dsc00235\" data-image-description=\"\" data-image-caption=\"\" data-large-file=\"https:\/\/i0.wp.com\/pfc-eu.com\/wp-content\/uploads\/2020\/08\/dsc00235.jpg?fit=750%2C563&amp;ssl=1\" src=\"https:\/\/i0.wp.com\/pfc-eu.com\/wp-content\/uploads\/2020\/08\/dsc00235.jpg?resize=750%2C563&#038;ssl=1\" alt=\"\" class=\"wp-image-179\" style=\"object-fit:cover;width:200px;height:200px\"\/><\/a><figcaption class=\"wp-element-caption\">Presse \u00e0 balles rondes<\/figcaption><\/figure>\n<\/div>\n\n<div class=\"wp-block-image is-style-rounded\">\n<figure class=\"alignleft size-large is-resized\"><a href=\"https:\/\/pfc-eu.com\/fr\/harvest-tec-small-square-baler\/\"><img data-recalc-dims=\"1\" loading=\"lazy\" decoding=\"async\" width=\"750\" height=\"563\" data-attachment-id=\"181\" data-permalink=\"https:\/\/pfc-eu.com\/fr\/crimper-042\/\" data-orig-file=\"https:\/\/i0.wp.com\/pfc-eu.com\/wp-content\/uploads\/2020\/08\/crimper-042.jpg?fit=4048%2C3040&amp;ssl=1\" data-orig-size=\"4048,3040\" data-comments-opened=\"1\" data-image-meta=\"{&quot;aperture&quot;:&quot;4.5&quot;,&quot;credit&quot;:&quot;&quot;,&quot;camera&quot;:&quot;FinePix F610&quot;,&quot;caption&quot;:&quot;&quot;,&quot;created_timestamp&quot;:&quot;1118128133&quot;,&quot;copyright&quot;:&quot;&quot;,&quot;focal_length&quot;:&quot;9.5&quot;,&quot;iso&quot;:&quot;200&quot;,&quot;shutter_speed&quot;:&quot;0.003125&quot;,&quot;title&quot;:&quot;&quot;,&quot;orientation&quot;:&quot;1&quot;}\" data-image-title=\"crimper-042\" data-image-description=\"\" data-image-caption=\"\" data-large-file=\"https:\/\/i0.wp.com\/pfc-eu.com\/wp-content\/uploads\/2020\/08\/crimper-042.jpg?fit=750%2C563&amp;ssl=1\" src=\"https:\/\/i0.wp.com\/pfc-eu.com\/wp-content\/uploads\/2020\/08\/crimper-042.jpg?resize=750%2C563&#038;ssl=1\" alt=\"\" class=\"wp-image-181\" style=\"object-fit:cover;width:200px;height:200px\"\/><\/a><figcaption class=\"wp-element-caption\">Presse \u00e0 balles carr\u00e9es conventionnelles<\/figcaption><\/figure>\n<\/div>\n\n<div class=\"wp-block-image is-style-rounded\">\n<figure class=\"alignleft size-large is-resized\"><a href=\"https:\/\/pfc-eu.com\/fr\/buffered-acid-balers-choice-preservative\/\"><img data-recalc-dims=\"1\" loading=\"lazy\" decoding=\"async\" width=\"750\" height=\"596\" data-attachment-id=\"184\" data-permalink=\"https:\/\/pfc-eu.com\/fr\/img_1074-copy-2\/\" data-orig-file=\"https:\/\/i0.wp.com\/pfc-eu.com\/wp-content\/uploads\/2020\/08\/img_1074-copy-2.jpg?fit=3150%2C2502&amp;ssl=1\" data-orig-size=\"3150,2502\" data-comments-opened=\"1\" data-image-meta=\"{&quot;aperture&quot;:&quot;2.8&quot;,&quot;credit&quot;:&quot;&quot;,&quot;camera&quot;:&quot;Canon PowerShot G9&quot;,&quot;caption&quot;:&quot;&quot;,&quot;created_timestamp&quot;:&quot;1256829172&quot;,&quot;copyright&quot;:&quot;&quot;,&quot;focal_length&quot;:&quot;7.4&quot;,&quot;iso&quot;:&quot;200&quot;,&quot;shutter_speed&quot;:&quot;0.066666666666667&quot;,&quot;title&quot;:&quot;&quot;,&quot;orientation&quot;:&quot;1&quot;}\" data-image-title=\"img_1074-copy-2\" data-image-description=\"\" data-image-caption=\"\" data-large-file=\"https:\/\/i0.wp.com\/pfc-eu.com\/wp-content\/uploads\/2020\/08\/img_1074-copy-2.jpg?fit=750%2C596&amp;ssl=1\" src=\"https:\/\/i0.wp.com\/pfc-eu.com\/wp-content\/uploads\/2020\/08\/img_1074-copy-2.jpg?resize=750%2C596&#038;ssl=1\" alt=\"\" class=\"wp-image-184\" style=\"object-fit:cover;width:200px;height:200px\"\/><\/a><figcaption class=\"wp-element-caption\">Conservateur<\/figcaption><\/figure>\n<\/div>\n\n<div class=\"wp-block-image\">\n<figure class=\"alignleft size-large is-resized\"><a href=\"https:\/\/youtu.be\/FwGF8N57Tzc\"><img data-recalc-dims=\"1\" loading=\"lazy\" decoding=\"async\" width=\"265\" height=\"265\" data-attachment-id=\"183\" data-permalink=\"https:\/\/pfc-eu.com\/fr\/media-icon-6\/\" data-orig-file=\"https:\/\/i0.wp.com\/pfc-eu.com\/wp-content\/uploads\/2020\/08\/media-icon-6.png?fit=265%2C265&amp;ssl=1\" data-orig-size=\"265,265\" data-comments-opened=\"1\" data-image-meta=\"{&quot;aperture&quot;:&quot;0&quot;,&quot;credit&quot;:&quot;&quot;,&quot;camera&quot;:&quot;&quot;,&quot;caption&quot;:&quot;&quot;,&quot;created_timestamp&quot;:&quot;0&quot;,&quot;copyright&quot;:&quot;&quot;,&quot;focal_length&quot;:&quot;0&quot;,&quot;iso&quot;:&quot;0&quot;,&quot;shutter_speed&quot;:&quot;0&quot;,&quot;title&quot;:&quot;&quot;,&quot;orientation&quot;:&quot;0&quot;}\" data-image-title=\"media-icon-6\" data-image-description=\"\" data-image-caption=\"\" data-large-file=\"https:\/\/i0.wp.com\/pfc-eu.com\/wp-content\/uploads\/2020\/08\/media-icon-6.png?fit=265%2C265&amp;ssl=1\" src=\"https:\/\/i0.wp.com\/pfc-eu.com\/wp-content\/uploads\/2020\/08\/media-icon-6.png?resize=265%2C265&#038;ssl=1\" alt=\"\" class=\"wp-image-183\" style=\"object-fit:cover;width:200px;height:200px\"\/><\/a><figcaption class=\"wp-element-caption\">Centre des m\u00e9dias<\/figcaption><\/figure>\n<\/div>","protected":false},"excerpt":{"rendered":"","protected":false},"author":192351622,"featured_media":0,"parent":0,"menu_order":0,"comment_status":"closed","ping_status":"closed","template":"","meta":{"_coblocks_attr":"","_coblocks_dimensions":"","_coblocks_responsive_height":"","_coblocks_accordion_ie_support":"","_crdt_document":"","_uag_custom_page_level_css":"","jetpack_post_was_ever_published":false,"footnotes":""},"class_list":["post-175","page","type-page","status-publish","hentry","entry"],"yoast_head":"<!-- This site is optimized with the Yoast SEO plugin v27.3 - https:\/\/yoast.com\/product\/yoast-seo-wordpress\/ -->\n<title>Select PFC Agri Solutions Baler Type - PFC Ltd<\/title>\n<meta name=\"description\" content=\"agricultural baler\" \/>\n<meta name=\"robots\" content=\"index, follow, max-snippet:-1, max-image-preview:large, max-video-preview:-1\" \/>\n<link rel=\"canonical\" href=\"https:\/\/pfc-eu.com\/fr\/select-baler-type\/\" \/>\n<meta property=\"og:locale\" content=\"fr_FR\" \/>\n<meta property=\"og:type\" content=\"article\" \/>\n<meta property=\"og:title\" content=\"Select PFC Agri Solutions Baler Type - PFC Ltd\" \/>\n<meta property=\"og:description\" content=\"agricultural baler\" \/>\n<meta property=\"og:url\" content=\"https:\/\/pfc-eu.com\/fr\/select-baler-type\/\" \/>\n<meta property=\"og:site_name\" content=\"PFC Ltd\" \/>\n<meta property=\"article:modified_time\" content=\"2024-03-14T16:25:12+00:00\" \/>\n<meta property=\"og:image\" content=\"https:\/\/pfc-eu.com\/wp-content\/uploads\/2020\/08\/20180818_155711.jpg?w=1024\" \/>\n<meta name=\"twitter:card\" content=\"summary_large_image\" \/>\n<meta name=\"twitter:label1\" content=\"Dur\u00e9e de lecture estim\u00e9e\" \/>\n\t<meta name=\"twitter:data1\" content=\"2 minutes\" \/>\n<script type=\"application\/ld+json\" class=\"yoast-schema-graph\">{\"@context\":\"https:\\\/\\\/schema.org\",\"@graph\":[{\"@type\":\"WebPage\",\"@id\":\"https:\\\/\\\/pfc-eu.com\\\/select-baler-type\\\/\",\"url\":\"https:\\\/\\\/pfc-eu.com\\\/select-baler-type\\\/\",\"name\":\"Select PFC Agri Solutions Baler Type - PFC Ltd\",\"isPartOf\":{\"@id\":\"https:\\\/\\\/pfc-eu.com\\\/#website\"},\"primaryImageOfPage\":{\"@id\":\"https:\\\/\\\/pfc-eu.com\\\/select-baler-type\\\/#primaryimage\"},\"image\":{\"@id\":\"https:\\\/\\\/pfc-eu.com\\\/select-baler-type\\\/#primaryimage\"},\"thumbnailUrl\":\"https:\\\/\\\/pfc-eu.com\\\/wp-content\\\/uploads\\\/2020\\\/08\\\/20180818_155711.jpg?w=1024\",\"datePublished\":\"2020-10-08T12:05:31+00:00\",\"dateModified\":\"2024-03-14T16:25:12+00:00\",\"description\":\"agricultural baler\",\"breadcrumb\":{\"@id\":\"https:\\\/\\\/pfc-eu.com\\\/select-baler-type\\\/#breadcrumb\"},\"inLanguage\":\"fr-FR\",\"potentialAction\":[{\"@type\":\"ReadAction\",\"target\":[\"https:\\\/\\\/pfc-eu.com\\\/select-baler-type\\\/\"]}]},{\"@type\":\"ImageObject\",\"inLanguage\":\"fr-FR\",\"@id\":\"https:\\\/\\\/pfc-eu.com\\\/select-baler-type\\\/#primaryimage\",\"url\":\"https:\\\/\\\/pfc-eu.com\\\/wp-content\\\/uploads\\\/2020\\\/08\\\/20180818_155711.jpg?w=1024\",\"contentUrl\":\"https:\\\/\\\/pfc-eu.com\\\/wp-content\\\/uploads\\\/2020\\\/08\\\/20180818_155711.jpg?w=1024\"},{\"@type\":\"BreadcrumbList\",\"@id\":\"https:\\\/\\\/pfc-eu.com\\\/select-baler-type\\\/#breadcrumb\",\"itemListElement\":[{\"@type\":\"ListItem\",\"position\":1,\"name\":\"Home\",\"item\":\"https:\\\/\\\/pfc-eu.com\\\/\"},{\"@type\":\"ListItem\",\"position\":2,\"name\":\"Select PFC Agri Solutions Baler Type\"}]},{\"@type\":\"WebSite\",\"@id\":\"https:\\\/\\\/pfc-eu.com\\\/#website\",\"url\":\"https:\\\/\\\/pfc-eu.com\\\/\",\"name\":\"PFC Ltd\",\"description\":\"Precision, Quality, Service\",\"publisher\":{\"@id\":\"https:\\\/\\\/pfc-eu.com\\\/#organization\"},\"potentialAction\":[{\"@type\":\"SearchAction\",\"target\":{\"@type\":\"EntryPoint\",\"urlTemplate\":\"https:\\\/\\\/pfc-eu.com\\\/?s={search_term_string}\"},\"query-input\":{\"@type\":\"PropertyValueSpecification\",\"valueRequired\":true,\"valueName\":\"search_term_string\"}}],\"inLanguage\":\"fr-FR\"},{\"@type\":\"Organization\",\"@id\":\"https:\\\/\\\/pfc-eu.com\\\/#organization\",\"name\":\"PFC Ltd\",\"url\":\"https:\\\/\\\/pfc-eu.com\\\/\",\"logo\":{\"@type\":\"ImageObject\",\"inLanguage\":\"fr-FR\",\"@id\":\"https:\\\/\\\/pfc-eu.com\\\/#\\\/schema\\\/logo\\\/image\\\/\",\"url\":\"https:\\\/\\\/i0.wp.com\\\/pfc-eu.com\\\/wp-content\\\/uploads\\\/2022\\\/09\\\/cropped-cropped-pfc-agri-solutions-no-background-resized.png?fit=500%2C95&ssl=1\",\"contentUrl\":\"https:\\\/\\\/i0.wp.com\\\/pfc-eu.com\\\/wp-content\\\/uploads\\\/2022\\\/09\\\/cropped-cropped-pfc-agri-solutions-no-background-resized.png?fit=500%2C95&ssl=1\",\"width\":500,\"height\":95,\"caption\":\"PFC Ltd\"},\"image\":{\"@id\":\"https:\\\/\\\/pfc-eu.com\\\/#\\\/schema\\\/logo\\\/image\\\/\"}}]}<\/script>\n<!-- \/ Yoast SEO plugin. -->","yoast_head_json":{"title":"Select PFC Agri Solutions Baler Type - PFC Ltd","description":"agricultural baler","robots":{"index":"index","follow":"follow","max-snippet":"max-snippet:-1","max-image-preview":"max-image-preview:large","max-video-preview":"max-video-preview:-1"},"canonical":"https:\/\/pfc-eu.com\/fr\/select-baler-type\/","og_locale":"fr_FR","og_type":"article","og_title":"Select PFC Agri Solutions Baler Type - PFC Ltd","og_description":"agricultural baler","og_url":"https:\/\/pfc-eu.com\/fr\/select-baler-type\/","og_site_name":"PFC Ltd","article_modified_time":"2024-03-14T16:25:12+00:00","og_image":[{"url":"https:\/\/pfc-eu.com\/wp-content\/uploads\/2020\/08\/20180818_155711.jpg?w=1024","type":"","width":"","height":""}],"twitter_card":"summary_large_image","twitter_misc":{"Dur\u00e9e de lecture estim\u00e9e":"2 minutes"},"schema":{"@context":"https:\/\/schema.org","@graph":[{"@type":"WebPage","@id":"https:\/\/pfc-eu.com\/select-baler-type\/","url":"https:\/\/pfc-eu.com\/select-baler-type\/","name":"Select PFC Agri Solutions Baler Type - PFC Ltd","isPartOf":{"@id":"https:\/\/pfc-eu.com\/#website"},"primaryImageOfPage":{"@id":"https:\/\/pfc-eu.com\/select-baler-type\/#primaryimage"},"image":{"@id":"https:\/\/pfc-eu.com\/select-baler-type\/#primaryimage"},"thumbnailUrl":"https:\/\/pfc-eu.com\/wp-content\/uploads\/2020\/08\/20180818_155711.jpg?w=1024","datePublished":"2020-10-08T12:05:31+00:00","dateModified":"2024-03-14T16:25:12+00:00","description":"agricultural baler","breadcrumb":{"@id":"https:\/\/pfc-eu.com\/select-baler-type\/#breadcrumb"},"inLanguage":"fr-FR","potentialAction":[{"@type":"ReadAction","target":["https:\/\/pfc-eu.com\/select-baler-type\/"]}]},{"@type":"ImageObject","inLanguage":"fr-FR","@id":"https:\/\/pfc-eu.com\/select-baler-type\/#primaryimage","url":"https:\/\/pfc-eu.com\/wp-content\/uploads\/2020\/08\/20180818_155711.jpg?w=1024","contentUrl":"https:\/\/pfc-eu.com\/wp-content\/uploads\/2020\/08\/20180818_155711.jpg?w=1024"},{"@type":"BreadcrumbList","@id":"https:\/\/pfc-eu.com\/select-baler-type\/#breadcrumb","itemListElement":[{"@type":"ListItem","position":1,"name":"Home","item":"https:\/\/pfc-eu.com\/"},{"@type":"ListItem","position":2,"name":"Select PFC Agri Solutions Baler Type"}]},{"@type":"WebSite","@id":"https:\/\/pfc-eu.com\/#website","url":"https:\/\/pfc-eu.com\/","name":"PFC Lt\u00e9e","description":"Pr\u00e9cision, Qualit\u00e9, Service","publisher":{"@id":"https:\/\/pfc-eu.com\/#organization"},"potentialAction":[{"@type":"SearchAction","target":{"@type":"EntryPoint","urlTemplate":"https:\/\/pfc-eu.com\/?s={search_term_string}"},"query-input":{"@type":"PropertyValueSpecification","valueRequired":true,"valueName":"search_term_string"}}],"inLanguage":"fr-FR"},{"@type":"Organization","@id":"https:\/\/pfc-eu.com\/#organization","name":"PFC Lt\u00e9e","url":"https:\/\/pfc-eu.com\/","logo":{"@type":"ImageObject","inLanguage":"fr-FR","@id":"https:\/\/pfc-eu.com\/#\/schema\/logo\/image\/","url":"https:\/\/i0.wp.com\/pfc-eu.com\/wp-content\/uploads\/2022\/09\/cropped-cropped-pfc-agri-solutions-no-background-resized.png?fit=500%2C95&ssl=1","contentUrl":"https:\/\/i0.wp.com\/pfc-eu.com\/wp-content\/uploads\/2022\/09\/cropped-cropped-pfc-agri-solutions-no-background-resized.png?fit=500%2C95&ssl=1","width":500,"height":95,"caption":"PFC Ltd"},"image":{"@id":"https:\/\/pfc-eu.com\/#\/schema\/logo\/image\/"}}]}},"uagb_featured_image_src":{"full":false,"thumbnail":false,"medium":false,"medium_large":false,"large":false,"1536x1536":false,"2048x2048":false,"trp-custom-language-flag":false,"newspack-article-block-landscape-large":false,"newspack-article-block-portrait-large":false,"newspack-article-block-square-large":false,"newspack-article-block-landscape-medium":false,"newspack-article-block-portrait-medium":false,"newspack-article-block-square-medium":false,"newspack-article-block-landscape-intermediate":false,"newspack-article-block-portrait-intermediate":false,"newspack-article-block-square-intermediate":false,"newspack-article-block-landscape-small":false,"newspack-article-block-portrait-small":false,"newspack-article-block-square-small":false,"newspack-article-block-landscape-tiny":false,"newspack-article-block-portrait-tiny":false,"newspack-article-block-square-tiny":false,"newspack-article-block-uncropped":false,"post-thumbnail":false},"uagb_author_info":{"display_name":"richard","author_link":"https:\/\/pfc-eu.com\/fr\/author\/richard\/"},"uagb_comment_info":0,"uagb_excerpt":null,"jetpack_likes_enabled":true,"jetpack_sharing_enabled":true,"jetpack_shortlink":"https:\/\/wp.me\/Pck1DT-2P","jetpack-related-posts":[],"_links":{"self":[{"href":"https:\/\/pfc-eu.com\/fr\/wp-json\/wp\/v2\/pages\/175","targetHints":{"allow":["GET"]}}],"collection":[{"href":"https:\/\/pfc-eu.com\/fr\/wp-json\/wp\/v2\/pages"}],"about":[{"href":"https:\/\/pfc-eu.com\/fr\/wp-json\/wp\/v2\/types\/page"}],"author":[{"embeddable":true,"href":"https:\/\/pfc-eu.com\/fr\/wp-json\/wp\/v2\/users\/192351622"}],"replies":[{"embeddable":true,"href":"https:\/\/pfc-eu.com\/fr\/wp-json\/wp\/v2\/comments?post=175"}],"version-history":[{"count":38,"href":"https:\/\/pfc-eu.com\/fr\/wp-json\/wp\/v2\/pages\/175\/revisions"}],"predecessor-version":[{"id":3542,"href":"https:\/\/pfc-eu.com\/fr\/wp-json\/wp\/v2\/pages\/175\/revisions\/3542"}],"wp:attachment":[{"href":"https:\/\/pfc-eu.com\/fr\/wp-json\/wp\/v2\/media?parent=175"}],"curies":[{"name":"wp","href":"https:\/\/api.w.org\/{rel}","templated":true}]}}