{"id":1708,"date":"2020-10-08T14:09:16","date_gmt":"2020-10-08T13:09:16","guid":{"rendered":"https:\/\/pfc-eu.com\/?page_id=1708"},"modified":"2024-03-13T15:38:55","modified_gmt":"2024-03-13T15:38:55","slug":"harvest-tec-large-square-h2o-moisture-sensor","status":"publish","type":"page","link":"https:\/\/pfc-eu.com\/fr\/harvest-tec-large-square-h2o-moisture-sensor\/","title":{"rendered":"PFC Agri Solutions Grand capteur d&#039;humidit\u00e9 carr\u00e9 H2O"},"content":{"rendered":"<div class=\"wp-block-media-text alignwide is-stacked-on-mobile\"><figure class=\"wp-block-media-text__media\"><img data-recalc-dims=\"1\" loading=\"lazy\" decoding=\"async\" width=\"750\" height=\"563\" data-attachment-id=\"1685\" data-permalink=\"https:\/\/pfc-eu.com\/fr\/olympus-digital-camera-18\/\" data-orig-file=\"https:\/\/i0.wp.com\/pfc-eu.com\/wp-content\/uploads\/2020\/10\/p6260197.jpg?fit=4288%2C3216&amp;ssl=1\" data-orig-size=\"4288,3216\" data-comments-opened=\"1\" data-image-meta=\"{&quot;aperture&quot;:&quot;3.1&quot;,&quot;credit&quot;:&quot;&quot;,&quot;camera&quot;:&quot;SZ-10&quot;,&quot;caption&quot;:&quot;OLYMPUS DIGITAL CAMERA&quot;,&quot;created_timestamp&quot;:&quot;1372216987&quot;,&quot;copyright&quot;:&quot;&quot;,&quot;focal_length&quot;:&quot;5&quot;,&quot;iso&quot;:&quot;64&quot;,&quot;shutter_speed&quot;:&quot;0.004&quot;,&quot;title&quot;:&quot;OLYMPUS DIGITAL CAMERA&quot;,&quot;orientation&quot;:&quot;1&quot;}\" data-image-title=\"OLYMPUS DIGITAL CAMERA\" data-image-description=\"\" data-image-caption=\"&lt;p&gt;OLYMPUS DIGITAL CAMERA&lt;\/p&gt;\" data-medium-file=\"https:\/\/i0.wp.com\/pfc-eu.com\/wp-content\/uploads\/2020\/10\/p6260197.jpg?fit=300%2C225&amp;ssl=1\" data-large-file=\"https:\/\/i0.wp.com\/pfc-eu.com\/wp-content\/uploads\/2020\/10\/p6260197.jpg?fit=750%2C563&amp;ssl=1\" src=\"https:\/\/i0.wp.com\/pfc-eu.com\/wp-content\/uploads\/2020\/10\/p6260197.jpg?resize=750%2C563&#038;ssl=1\" alt=\"\" class=\"wp-image-1685 size-full\"\/><\/figure><div class=\"wp-block-media-text__content\">\n<p class=\"wp-block-paragraph\">H2O, leader mondial, utilise la technologie brevet\u00e9e de roue \u00e0 double \u00e9toile de notre syst\u00e8me d&#039;applicateur automatique utilisant une impulsion \u00e9lectrique qui est pouss\u00e9e cinq fois par seconde sur toute la largeur de la balle. La plage va de 5 \u00e0 60% d&#039;humidit\u00e9 et une pr\u00e9cision de +\/-1%. Le capteur affichera une lecture en direct et l&#039;humidit\u00e9 moyenne de la balle pr\u00e9c\u00e9dente. la lecture d&#039;humidit\u00e9 sera mise \u00e0 jour toutes les secondes avec la moyenne mobile de 3 secondes. Le capteur H2O utilise une application compatible avec les derniers appareils Apple iOS et Android <\/p>\n<\/div><\/div>\n\n\n\n<div class=\"wp-block-media-text alignwide has-media-on-the-right is-stacked-on-mobile is-image-fill\" style=\"grid-template-columns:auto 55%\"><div class=\"wp-block-media-text__content\">\n<p class=\"wp-block-paragraph\">En utilisant des capteurs jumeaux et en mesurant la r\u00e9sistance de tension entre eux, le syst\u00e8me mesure avec pr\u00e9cision l&#039;humidit\u00e9 enferm\u00e9e \u00e0 l&#039;int\u00e9rieur de la tige qui est cach\u00e9e des syst\u00e8mes de tampon et de sonde manuelle. L&#039;utilisation des doubles roues en \u00e9toile donne une pr\u00e9cision in\u00e9gal\u00e9e gr\u00e2ce \u00e0 son transfert d&#039;\u00e9lectricit\u00e9 tr\u00e8s efficace \u00e0 travers la balle, ce syst\u00e8me est auto-calibrant et ne n\u00e9cessite aucun r\u00e9glage de l&#039;op\u00e9rateur lorsque la densit\u00e9 de r\u00e9colte ou le changement de type. Les syst\u00e8mes d&#039;humidit\u00e9 peuvent \u00eatre mis \u00e0 niveau pour faire fonctionner l&#039;\u00e9quipement d&#039;application et de gestion des balles<\/p>\n<\/div><figure class=\"wp-block-media-text__media\" style=\"background-image:url(https:\/\/pfc-eu.com\/wp-content\/uploads\/2020\/10\/jd-lsq-assembly-right-exploded.jpg?w=1024);background-position:50% 50%\"><img data-recalc-dims=\"1\" loading=\"lazy\" decoding=\"async\" width=\"750\" height=\"520\" data-attachment-id=\"1709\" data-permalink=\"https:\/\/pfc-eu.com\/fr\/jd-lsq-assembly-right-exploded\/\" data-orig-file=\"https:\/\/i0.wp.com\/pfc-eu.com\/wp-content\/uploads\/2020\/10\/jd-lsq-assembly-right-exploded.jpg?fit=1566%2C1085&amp;ssl=1\" data-orig-size=\"1566,1085\" data-comments-opened=\"1\" data-image-meta=\"{&quot;aperture&quot;:&quot;0&quot;,&quot;credit&quot;:&quot;&quot;,&quot;camera&quot;:&quot;&quot;,&quot;caption&quot;:&quot;&quot;,&quot;created_timestamp&quot;:&quot;0&quot;,&quot;copyright&quot;:&quot;&quot;,&quot;focal_length&quot;:&quot;0&quot;,&quot;iso&quot;:&quot;0&quot;,&quot;shutter_speed&quot;:&quot;0&quot;,&quot;title&quot;:&quot;&quot;,&quot;orientation&quot;:&quot;0&quot;}\" data-image-title=\"jd-lsq-assembly-right-exploded\" data-image-description=\"\" data-image-caption=\"\" data-medium-file=\"https:\/\/i0.wp.com\/pfc-eu.com\/wp-content\/uploads\/2020\/10\/jd-lsq-assembly-right-exploded.jpg?fit=300%2C208&amp;ssl=1\" data-large-file=\"https:\/\/i0.wp.com\/pfc-eu.com\/wp-content\/uploads\/2020\/10\/jd-lsq-assembly-right-exploded.jpg?fit=750%2C520&amp;ssl=1\" src=\"https:\/\/i0.wp.com\/pfc-eu.com\/wp-content\/uploads\/2020\/10\/jd-lsq-assembly-right-exploded.jpg?resize=750%2C520&#038;ssl=1\" alt=\"\" class=\"wp-image-1709 size-full\"\/><\/figure><\/div>\n\n\n\n<figure class=\"wp-block-image size-large is-resized is-style-default\"><img data-recalc-dims=\"1\" loading=\"lazy\" decoding=\"async\" width=\"750\" height=\"422\" data-attachment-id=\"400\" data-permalink=\"https:\/\/pfc-eu.com\/fr\/moisture-meter-accuracy-comparision\/\" data-orig-file=\"https:\/\/i0.wp.com\/pfc-eu.com\/wp-content\/uploads\/2020\/09\/moisture-meter-accuracy-comparision.jpg?fit=1280%2C720&amp;ssl=1\" data-orig-size=\"1280,720\" data-comments-opened=\"1\" data-image-meta=\"{&quot;aperture&quot;:&quot;0&quot;,&quot;credit&quot;:&quot;&quot;,&quot;camera&quot;:&quot;&quot;,&quot;caption&quot;:&quot;&quot;,&quot;created_timestamp&quot;:&quot;0&quot;,&quot;copyright&quot;:&quot;&quot;,&quot;focal_length&quot;:&quot;0&quot;,&quot;iso&quot;:&quot;0&quot;,&quot;shutter_speed&quot;:&quot;0&quot;,&quot;title&quot;:&quot;&quot;,&quot;orientation&quot;:&quot;0&quot;}\" data-image-title=\"moisture-meter-accuracy-comparision\" data-image-description=\"\" data-image-caption=\"\" data-medium-file=\"https:\/\/i0.wp.com\/pfc-eu.com\/wp-content\/uploads\/2020\/09\/moisture-meter-accuracy-comparision.jpg?fit=300%2C169&amp;ssl=1\" data-large-file=\"https:\/\/i0.wp.com\/pfc-eu.com\/wp-content\/uploads\/2020\/09\/moisture-meter-accuracy-comparision.jpg?fit=750%2C422&amp;ssl=1\" src=\"https:\/\/i0.wp.com\/pfc-eu.com\/wp-content\/uploads\/2020\/09\/moisture-meter-accuracy-comparision.jpg?resize=750%2C422&#038;ssl=1\" alt=\"\" class=\"wp-image-400\"\/><figcaption class=\"wp-element-caption\">Pr\u00e9cision de la roue crant\u00e9e +\/-1% dans la plage critique de balles de foin et de paille.<\/figcaption><\/figure>\n\n\n<div class=\"wp-block-image is-resized\">\n<figure class=\"alignleft size-large\"><a href=\"https:\/\/pfc-eu.com\/fr\/harvest-tec-series-automatic-applicator-2\/\"><img data-recalc-dims=\"1\" loading=\"lazy\" decoding=\"async\" width=\"218\" height=\"216\" data-attachment-id=\"1330\" data-permalink=\"https:\/\/pfc-eu.com\/fr\/nozzle-icon-button-1-2-2\/\" data-orig-file=\"https:\/\/i0.wp.com\/pfc-eu.com\/wp-content\/uploads\/2020\/10\/nozzle-icon-button-1-2.png?fit=218%2C216&amp;ssl=1\" data-orig-size=\"218,216\" data-comments-opened=\"1\" data-image-meta=\"{&quot;aperture&quot;:&quot;0&quot;,&quot;credit&quot;:&quot;&quot;,&quot;camera&quot;:&quot;&quot;,&quot;caption&quot;:&quot;&quot;,&quot;created_timestamp&quot;:&quot;0&quot;,&quot;copyright&quot;:&quot;&quot;,&quot;focal_length&quot;:&quot;0&quot;,&quot;iso&quot;:&quot;0&quot;,&quot;shutter_speed&quot;:&quot;0&quot;,&quot;title&quot;:&quot;&quot;,&quot;orientation&quot;:&quot;0&quot;}\" data-image-title=\"nozzle-icon-button-1-2\" data-image-description=\"\" data-image-caption=\"\" data-medium-file=\"https:\/\/i0.wp.com\/pfc-eu.com\/wp-content\/uploads\/2020\/10\/nozzle-icon-button-1-2.png?fit=218%2C216&amp;ssl=1\" data-large-file=\"https:\/\/i0.wp.com\/pfc-eu.com\/wp-content\/uploads\/2020\/10\/nozzle-icon-button-1-2.png?fit=218%2C216&amp;ssl=1\" src=\"https:\/\/i0.wp.com\/pfc-eu.com\/wp-content\/uploads\/2020\/10\/nozzle-icon-button-1-2.png?resize=218%2C216&#038;ssl=1\" alt=\"\" class=\"wp-image-1330\"\/><\/a><figcaption class=\"wp-element-caption\">\u00c9quipement d&#039;application<\/figcaption><\/figure>\n<\/div>\n\n<div class=\"wp-block-image is-resized\">\n<figure class=\"alignleft size-large\"><a href=\"\/fr\/harvest-tec-bale-management\/\"><img data-recalc-dims=\"1\" loading=\"lazy\" decoding=\"async\" width=\"341\" height=\"340\" data-attachment-id=\"1285\" data-permalink=\"https:\/\/pfc-eu.com\/fr\/bale-manegmant-icon-round-button\/\" data-orig-file=\"https:\/\/i0.wp.com\/pfc-eu.com\/wp-content\/uploads\/2020\/10\/bale-manegmant-icon-round-button.png?fit=341%2C340&amp;ssl=1\" data-orig-size=\"341,340\" data-comments-opened=\"1\" data-image-meta=\"{&quot;aperture&quot;:&quot;0&quot;,&quot;credit&quot;:&quot;&quot;,&quot;camera&quot;:&quot;&quot;,&quot;caption&quot;:&quot;&quot;,&quot;created_timestamp&quot;:&quot;0&quot;,&quot;copyright&quot;:&quot;&quot;,&quot;focal_length&quot;:&quot;0&quot;,&quot;iso&quot;:&quot;0&quot;,&quot;shutter_speed&quot;:&quot;0&quot;,&quot;title&quot;:&quot;&quot;,&quot;orientation&quot;:&quot;0&quot;}\" data-image-title=\"bale-manegmant-icon-round-button\" data-image-description=\"\" data-image-caption=\"\" data-medium-file=\"https:\/\/i0.wp.com\/pfc-eu.com\/wp-content\/uploads\/2020\/10\/bale-manegmant-icon-round-button.png?fit=300%2C300&amp;ssl=1\" data-large-file=\"https:\/\/i0.wp.com\/pfc-eu.com\/wp-content\/uploads\/2020\/10\/bale-manegmant-icon-round-button.png?fit=341%2C340&amp;ssl=1\" src=\"https:\/\/i0.wp.com\/pfc-eu.com\/wp-content\/uploads\/2020\/10\/bale-manegmant-icon-round-button.png?resize=341%2C340&#038;ssl=1\" alt=\"\" class=\"wp-image-1285\"\/><\/a><figcaption class=\"wp-element-caption\">Gestion des balles<\/figcaption><\/figure>\n<\/div>\n\n<div class=\"wp-block-image is-resized\">\n<figure class=\"alignleft size-large\"><a href=\"https:\/\/pfc-eu.com\/fr\/buffered-acid-balers-choice-preservative\/\"><img data-recalc-dims=\"1\" loading=\"lazy\" decoding=\"async\" width=\"340\" height=\"340\" data-attachment-id=\"1333\" data-permalink=\"https:\/\/pfc-eu.com\/fr\/preservative-icon-1-button-3\/\" data-orig-file=\"https:\/\/i0.wp.com\/pfc-eu.com\/wp-content\/uploads\/2020\/10\/preservative-icon-1-button.png?fit=340%2C340&amp;ssl=1\" data-orig-size=\"340,340\" data-comments-opened=\"1\" data-image-meta=\"{&quot;aperture&quot;:&quot;0&quot;,&quot;credit&quot;:&quot;&quot;,&quot;camera&quot;:&quot;&quot;,&quot;caption&quot;:&quot;&quot;,&quot;created_timestamp&quot;:&quot;0&quot;,&quot;copyright&quot;:&quot;&quot;,&quot;focal_length&quot;:&quot;0&quot;,&quot;iso&quot;:&quot;0&quot;,&quot;shutter_speed&quot;:&quot;0&quot;,&quot;title&quot;:&quot;&quot;,&quot;orientation&quot;:&quot;0&quot;}\" data-image-title=\"preservative-icon-1-button\" data-image-description=\"\" data-image-caption=\"\" data-medium-file=\"https:\/\/i0.wp.com\/pfc-eu.com\/wp-content\/uploads\/2020\/10\/preservative-icon-1-button.png?fit=300%2C300&amp;ssl=1\" data-large-file=\"https:\/\/i0.wp.com\/pfc-eu.com\/wp-content\/uploads\/2020\/10\/preservative-icon-1-button.png?fit=340%2C340&amp;ssl=1\" src=\"https:\/\/i0.wp.com\/pfc-eu.com\/wp-content\/uploads\/2020\/10\/preservative-icon-1-button.png?resize=340%2C340&#038;ssl=1\" alt=\"\" class=\"wp-image-1333\"\/><\/a><figcaption class=\"wp-element-caption\">Conservateur<\/figcaption><\/figure>\n<\/div>\n\n<div class=\"wp-block-image is-resized\">\n<figure class=\"alignleft size-large\"><a href=\"\/fr\/\"><img data-recalc-dims=\"1\" loading=\"lazy\" decoding=\"async\" width=\"341\" height=\"356\" data-attachment-id=\"1335\" data-permalink=\"https:\/\/pfc-eu.com\/fr\/media-icon-button-1-2\/\" data-orig-file=\"https:\/\/i0.wp.com\/pfc-eu.com\/wp-content\/uploads\/2020\/10\/media-icon-button-1.png?fit=341%2C356&amp;ssl=1\" data-orig-size=\"341,356\" data-comments-opened=\"1\" data-image-meta=\"{&quot;aperture&quot;:&quot;0&quot;,&quot;credit&quot;:&quot;&quot;,&quot;camera&quot;:&quot;&quot;,&quot;caption&quot;:&quot;&quot;,&quot;created_timestamp&quot;:&quot;0&quot;,&quot;copyright&quot;:&quot;&quot;,&quot;focal_length&quot;:&quot;0&quot;,&quot;iso&quot;:&quot;0&quot;,&quot;shutter_speed&quot;:&quot;0&quot;,&quot;title&quot;:&quot;&quot;,&quot;orientation&quot;:&quot;0&quot;}\" data-image-title=\"media-icon-button-1\" data-image-description=\"\" data-image-caption=\"\" data-medium-file=\"https:\/\/i0.wp.com\/pfc-eu.com\/wp-content\/uploads\/2020\/10\/media-icon-button-1.png?fit=287%2C300&amp;ssl=1\" data-large-file=\"https:\/\/i0.wp.com\/pfc-eu.com\/wp-content\/uploads\/2020\/10\/media-icon-button-1.png?fit=341%2C356&amp;ssl=1\" src=\"https:\/\/i0.wp.com\/pfc-eu.com\/wp-content\/uploads\/2020\/10\/media-icon-button-1.png?resize=341%2C356&#038;ssl=1\" alt=\"\" class=\"wp-image-1335\"\/><\/a><figcaption class=\"wp-element-caption\">Centre des m\u00e9dias<\/figcaption><\/figure>\n<\/div>","protected":false},"excerpt":{"rendered":"<p>World leading H2O utilises patented twin star wheel technology from our automatic applicator system using an electrical pulse which is pushed five times per second through the full width of the bale of the bale. The range is from 5-60% moisture and an accuracy of +\/-1%. The sensor will display a live reading and the<a class=\"more-link\" href=\"https:\/\/pfc-eu.com\/fr\/harvest-tec-large-square-h2o-moisture-sensor\/\">Lire la suite <span class=\"screen-reader-text\">&#8220;PFC Agri Solutions Large Square H2O Moisture Sensor&#8221;<\/span><\/a><\/p>","protected":false},"author":192351622,"featured_media":0,"parent":0,"menu_order":0,"comment_status":"closed","ping_status":"closed","template":"","meta":{"_coblocks_attr":"","_coblocks_dimensions":"","_coblocks_responsive_height":"","_coblocks_accordion_ie_support":"","_crdt_document":"","_uag_custom_page_level_css":"","jetpack_post_was_ever_published":false,"footnotes":""},"class_list":["post-1708","page","type-page","status-publish","hentry","entry"],"yoast_head":"<!-- This site is optimized with the Yoast SEO plugin v27.3 - https:\/\/yoast.com\/product\/yoast-seo-wordpress\/ -->\n<title>PFC Agri Solutions Large Square H2O Moisture Sensor - PFC Ltd<\/title>\n<meta name=\"description\" content=\"precision moisture meter\" \/>\n<meta name=\"robots\" content=\"index, follow, max-snippet:-1, max-image-preview:large, max-video-preview:-1\" \/>\n<link rel=\"canonical\" href=\"https:\/\/pfc-eu.com\/fr\/harvest-tec-large-square-h2o-moisture-sensor\/\" \/>\n<meta property=\"og:locale\" content=\"fr_FR\" \/>\n<meta property=\"og:type\" content=\"article\" \/>\n<meta property=\"og:title\" content=\"PFC Agri Solutions Large Square H2O Moisture Sensor - PFC Ltd\" \/>\n<meta property=\"og:description\" content=\"precision moisture meter\" \/>\n<meta property=\"og:url\" content=\"https:\/\/pfc-eu.com\/fr\/harvest-tec-large-square-h2o-moisture-sensor\/\" \/>\n<meta property=\"og:site_name\" content=\"PFC Ltd\" \/>\n<meta property=\"article:modified_time\" content=\"2024-03-13T15:38:55+00:00\" \/>\n<meta property=\"og:image\" content=\"https:\/\/pfc-eu.com\/wp-content\/uploads\/2020\/10\/p6260197.jpg?w=750\" \/>\n<meta name=\"twitter:card\" content=\"summary_large_image\" \/>\n<meta name=\"twitter:label1\" content=\"Dur\u00e9e de lecture estim\u00e9e\" \/>\n\t<meta name=\"twitter:data1\" content=\"3 minutes\" \/>\n<script type=\"application\/ld+json\" class=\"yoast-schema-graph\">{\"@context\":\"https:\\\/\\\/schema.org\",\"@graph\":[{\"@type\":\"WebPage\",\"@id\":\"https:\\\/\\\/pfc-eu.com\\\/harvest-tec-large-square-h2o-moisture-sensor\\\/\",\"url\":\"https:\\\/\\\/pfc-eu.com\\\/harvest-tec-large-square-h2o-moisture-sensor\\\/\",\"name\":\"PFC Agri Solutions Large Square H2O Moisture Sensor - PFC Ltd\",\"isPartOf\":{\"@id\":\"https:\\\/\\\/pfc-eu.com\\\/#website\"},\"primaryImageOfPage\":{\"@id\":\"https:\\\/\\\/pfc-eu.com\\\/harvest-tec-large-square-h2o-moisture-sensor\\\/#primaryimage\"},\"image\":{\"@id\":\"https:\\\/\\\/pfc-eu.com\\\/harvest-tec-large-square-h2o-moisture-sensor\\\/#primaryimage\"},\"thumbnailUrl\":\"https:\\\/\\\/pfc-eu.com\\\/wp-content\\\/uploads\\\/2020\\\/10\\\/p6260197.jpg?w=750\",\"datePublished\":\"2020-10-08T13:09:16+00:00\",\"dateModified\":\"2024-03-13T15:38:55+00:00\",\"description\":\"precision moisture meter\",\"breadcrumb\":{\"@id\":\"https:\\\/\\\/pfc-eu.com\\\/harvest-tec-large-square-h2o-moisture-sensor\\\/#breadcrumb\"},\"inLanguage\":\"fr-FR\",\"potentialAction\":[{\"@type\":\"ReadAction\",\"target\":[\"https:\\\/\\\/pfc-eu.com\\\/harvest-tec-large-square-h2o-moisture-sensor\\\/\"]}]},{\"@type\":\"ImageObject\",\"inLanguage\":\"fr-FR\",\"@id\":\"https:\\\/\\\/pfc-eu.com\\\/harvest-tec-large-square-h2o-moisture-sensor\\\/#primaryimage\",\"url\":\"https:\\\/\\\/pfc-eu.com\\\/wp-content\\\/uploads\\\/2020\\\/10\\\/p6260197.jpg?w=750\",\"contentUrl\":\"https:\\\/\\\/pfc-eu.com\\\/wp-content\\\/uploads\\\/2020\\\/10\\\/p6260197.jpg?w=750\"},{\"@type\":\"BreadcrumbList\",\"@id\":\"https:\\\/\\\/pfc-eu.com\\\/harvest-tec-large-square-h2o-moisture-sensor\\\/#breadcrumb\",\"itemListElement\":[{\"@type\":\"ListItem\",\"position\":1,\"name\":\"Home\",\"item\":\"https:\\\/\\\/pfc-eu.com\\\/\"},{\"@type\":\"ListItem\",\"position\":2,\"name\":\"PFC Agri Solutions Large Square H2O Moisture Sensor\"}]},{\"@type\":\"WebSite\",\"@id\":\"https:\\\/\\\/pfc-eu.com\\\/#website\",\"url\":\"https:\\\/\\\/pfc-eu.com\\\/\",\"name\":\"PFC Ltd\",\"description\":\"Precision, Quality, Service\",\"publisher\":{\"@id\":\"https:\\\/\\\/pfc-eu.com\\\/#organization\"},\"potentialAction\":[{\"@type\":\"SearchAction\",\"target\":{\"@type\":\"EntryPoint\",\"urlTemplate\":\"https:\\\/\\\/pfc-eu.com\\\/?s={search_term_string}\"},\"query-input\":{\"@type\":\"PropertyValueSpecification\",\"valueRequired\":true,\"valueName\":\"search_term_string\"}}],\"inLanguage\":\"fr-FR\"},{\"@type\":\"Organization\",\"@id\":\"https:\\\/\\\/pfc-eu.com\\\/#organization\",\"name\":\"PFC Ltd\",\"url\":\"https:\\\/\\\/pfc-eu.com\\\/\",\"logo\":{\"@type\":\"ImageObject\",\"inLanguage\":\"fr-FR\",\"@id\":\"https:\\\/\\\/pfc-eu.com\\\/#\\\/schema\\\/logo\\\/image\\\/\",\"url\":\"https:\\\/\\\/i0.wp.com\\\/pfc-eu.com\\\/wp-content\\\/uploads\\\/2022\\\/09\\\/cropped-cropped-pfc-agri-solutions-no-background-resized.png?fit=500%2C95&ssl=1\",\"contentUrl\":\"https:\\\/\\\/i0.wp.com\\\/pfc-eu.com\\\/wp-content\\\/uploads\\\/2022\\\/09\\\/cropped-cropped-pfc-agri-solutions-no-background-resized.png?fit=500%2C95&ssl=1\",\"width\":500,\"height\":95,\"caption\":\"PFC Ltd\"},\"image\":{\"@id\":\"https:\\\/\\\/pfc-eu.com\\\/#\\\/schema\\\/logo\\\/image\\\/\"}}]}<\/script>\n<!-- \/ Yoast SEO plugin. -->","yoast_head_json":{"title":"PFC Agri Solutions Large Square H2O Moisture Sensor - PFC Ltd","description":"precision moisture meter","robots":{"index":"index","follow":"follow","max-snippet":"max-snippet:-1","max-image-preview":"max-image-preview:large","max-video-preview":"max-video-preview:-1"},"canonical":"https:\/\/pfc-eu.com\/fr\/harvest-tec-large-square-h2o-moisture-sensor\/","og_locale":"fr_FR","og_type":"article","og_title":"PFC Agri Solutions Large Square H2O Moisture Sensor - PFC Ltd","og_description":"precision moisture meter","og_url":"https:\/\/pfc-eu.com\/fr\/harvest-tec-large-square-h2o-moisture-sensor\/","og_site_name":"PFC Ltd","article_modified_time":"2024-03-13T15:38:55+00:00","og_image":[{"url":"https:\/\/pfc-eu.com\/wp-content\/uploads\/2020\/10\/p6260197.jpg?w=750","type":"","width":"","height":""}],"twitter_card":"summary_large_image","twitter_misc":{"Dur\u00e9e de lecture estim\u00e9e":"3 minutes"},"schema":{"@context":"https:\/\/schema.org","@graph":[{"@type":"WebPage","@id":"https:\/\/pfc-eu.com\/harvest-tec-large-square-h2o-moisture-sensor\/","url":"https:\/\/pfc-eu.com\/harvest-tec-large-square-h2o-moisture-sensor\/","name":"PFC Agri Solutions Large Square H2O Moisture Sensor - PFC Ltd","isPartOf":{"@id":"https:\/\/pfc-eu.com\/#website"},"primaryImageOfPage":{"@id":"https:\/\/pfc-eu.com\/harvest-tec-large-square-h2o-moisture-sensor\/#primaryimage"},"image":{"@id":"https:\/\/pfc-eu.com\/harvest-tec-large-square-h2o-moisture-sensor\/#primaryimage"},"thumbnailUrl":"https:\/\/pfc-eu.com\/wp-content\/uploads\/2020\/10\/p6260197.jpg?w=750","datePublished":"2020-10-08T13:09:16+00:00","dateModified":"2024-03-13T15:38:55+00:00","description":"precision moisture meter","breadcrumb":{"@id":"https:\/\/pfc-eu.com\/harvest-tec-large-square-h2o-moisture-sensor\/#breadcrumb"},"inLanguage":"fr-FR","potentialAction":[{"@type":"ReadAction","target":["https:\/\/pfc-eu.com\/harvest-tec-large-square-h2o-moisture-sensor\/"]}]},{"@type":"ImageObject","inLanguage":"fr-FR","@id":"https:\/\/pfc-eu.com\/harvest-tec-large-square-h2o-moisture-sensor\/#primaryimage","url":"https:\/\/pfc-eu.com\/wp-content\/uploads\/2020\/10\/p6260197.jpg?w=750","contentUrl":"https:\/\/pfc-eu.com\/wp-content\/uploads\/2020\/10\/p6260197.jpg?w=750"},{"@type":"BreadcrumbList","@id":"https:\/\/pfc-eu.com\/harvest-tec-large-square-h2o-moisture-sensor\/#breadcrumb","itemListElement":[{"@type":"ListItem","position":1,"name":"Home","item":"https:\/\/pfc-eu.com\/"},{"@type":"ListItem","position":2,"name":"PFC Agri Solutions Large Square H2O Moisture Sensor"}]},{"@type":"WebSite","@id":"https:\/\/pfc-eu.com\/#website","url":"https:\/\/pfc-eu.com\/","name":"PFC Lt\u00e9e","description":"Pr\u00e9cision, Qualit\u00e9, Service","publisher":{"@id":"https:\/\/pfc-eu.com\/#organization"},"potentialAction":[{"@type":"SearchAction","target":{"@type":"EntryPoint","urlTemplate":"https:\/\/pfc-eu.com\/?s={search_term_string}"},"query-input":{"@type":"PropertyValueSpecification","valueRequired":true,"valueName":"search_term_string"}}],"inLanguage":"fr-FR"},{"@type":"Organization","@id":"https:\/\/pfc-eu.com\/#organization","name":"PFC Lt\u00e9e","url":"https:\/\/pfc-eu.com\/","logo":{"@type":"ImageObject","inLanguage":"fr-FR","@id":"https:\/\/pfc-eu.com\/#\/schema\/logo\/image\/","url":"https:\/\/i0.wp.com\/pfc-eu.com\/wp-content\/uploads\/2022\/09\/cropped-cropped-pfc-agri-solutions-no-background-resized.png?fit=500%2C95&ssl=1","contentUrl":"https:\/\/i0.wp.com\/pfc-eu.com\/wp-content\/uploads\/2022\/09\/cropped-cropped-pfc-agri-solutions-no-background-resized.png?fit=500%2C95&ssl=1","width":500,"height":95,"caption":"PFC Ltd"},"image":{"@id":"https:\/\/pfc-eu.com\/#\/schema\/logo\/image\/"}}]}},"uagb_featured_image_src":{"full":false,"thumbnail":false,"medium":false,"medium_large":false,"large":false,"1536x1536":false,"2048x2048":false,"trp-custom-language-flag":false,"newspack-article-block-landscape-large":false,"newspack-article-block-portrait-large":false,"newspack-article-block-square-large":false,"newspack-article-block-landscape-medium":false,"newspack-article-block-portrait-medium":false,"newspack-article-block-square-medium":false,"newspack-article-block-landscape-intermediate":false,"newspack-article-block-portrait-intermediate":false,"newspack-article-block-square-intermediate":false,"newspack-article-block-landscape-small":false,"newspack-article-block-portrait-small":false,"newspack-article-block-square-small":false,"newspack-article-block-landscape-tiny":false,"newspack-article-block-portrait-tiny":false,"newspack-article-block-square-tiny":false,"newspack-article-block-uncropped":false,"post-thumbnail":false},"uagb_author_info":{"display_name":"richard","author_link":"https:\/\/pfc-eu.com\/fr\/author\/richard\/"},"uagb_comment_info":0,"uagb_excerpt":"World leading H2O utilises patented twin star wheel technology from our automatic applicator system using an electrical pulse which is pushed five times per second through the full width of the bale of the bale. The range is from 5-60% moisture and an accuracy of +\/-1%. The sensor will display a live reading and theLire\u2026","jetpack_likes_enabled":true,"jetpack_sharing_enabled":true,"jetpack_shortlink":"https:\/\/wp.me\/Pck1DT-ry","jetpack-related-posts":[],"_links":{"self":[{"href":"https:\/\/pfc-eu.com\/fr\/wp-json\/wp\/v2\/pages\/1708","targetHints":{"allow":["GET"]}}],"collection":[{"href":"https:\/\/pfc-eu.com\/fr\/wp-json\/wp\/v2\/pages"}],"about":[{"href":"https:\/\/pfc-eu.com\/fr\/wp-json\/wp\/v2\/types\/page"}],"author":[{"embeddable":true,"href":"https:\/\/pfc-eu.com\/fr\/wp-json\/wp\/v2\/users\/192351622"}],"replies":[{"embeddable":true,"href":"https:\/\/pfc-eu.com\/fr\/wp-json\/wp\/v2\/comments?post=1708"}],"version-history":[{"count":9,"href":"https:\/\/pfc-eu.com\/fr\/wp-json\/wp\/v2\/pages\/1708\/revisions"}],"predecessor-version":[{"id":3362,"href":"https:\/\/pfc-eu.com\/fr\/wp-json\/wp\/v2\/pages\/1708\/revisions\/3362"}],"wp:attachment":[{"href":"https:\/\/pfc-eu.com\/fr\/wp-json\/wp\/v2\/media?parent=1708"}],"curies":[{"name":"wp","href":"https:\/\/api.w.org\/{rel}","templated":true}]}}