{"id":1114,"date":"2020-10-06T16:26:32","date_gmt":"2020-10-06T15:26:32","guid":{"rendered":"https:\/\/pfc-eu.com\/?page_id=1114"},"modified":"2024-12-17T11:52:48","modified_gmt":"2024-12-17T11:52:48","slug":"cropsaver-preservative","status":"publish","type":"page","link":"https:\/\/pfc-eu.com\/fr\/cropsaver-preservative\/","title":{"rendered":"Conservateur acide tamponn\u00e9 HarvestPro de PFC Agri Solutions"},"content":{"rendered":"<p class=\"has-large-font-size wp-block-paragraph\">La mise en balles de foin ou de paille d\u00e9pend \u00e9norm\u00e9ment des conditions m\u00e9t\u00e9orologiques. Si vous laissez le foin trop longtemps avant de le presser, il perdra en qualit\u00e9 et en rendement. Si vous le mettez en balles trop t\u00f4t et \u00e0 des niveaux d&#039;humidit\u00e9 sup\u00e9rieurs \u00e0 15%, vous risquez que les balles chauffent et, au pire, qu&#039;elles s&#039;enflamment spontan\u00e9ment. Sans conservateur, des moisissures se d\u00e9velopperont \u00e9galement, ce qui entra\u00eenera de la poussi\u00e8re et une perte de qualit\u00e9 des balles, ce qui rendra le b\u00e9tail plus sensible aux probl\u00e8mes respiratoires et r\u00e9duira consid\u00e9rablement la valeur nutritive du fourrage. Le foin trait\u00e9 avec PFC Agri Solutions HarvestPro a une valeur nutritive beaucoup plus \u00e9lev\u00e9e, sans poussi\u00e8re ni moisissure. L&#039;\u00e9l\u00e9ment important est d&#039;appliquer avec pr\u00e9cision les changements d&#039;humidit\u00e9 et les tonnes variables par heure lors de la mise en balles, avec un applicateur automatique PFC Agri Solutions ou un applicateur manuel DigiTec.<\/p>\n\n\n\n<p class=\"has-large-font-size wp-block-paragraph\">Les derniers syst\u00e8mes d&#039;application PFC Agri Solution vous permettent de vaincre les intemp\u00e9ries et, en utilisant le conservateur de foin PFC Agri Solutions HarvestPro, de mettre en balles en toute s\u00e9curit\u00e9 \u00e0 des niveaux d&#039;humidit\u00e9 compris entre 15% et 30%.<\/p>\n\n\n\n<p class=\"wp-block-paragraph\">Veuillez noter que HarvestPro n&#039;est pas ADR pour le transport et ne n\u00e9cessite pas de chauffeurs sp\u00e9cialis\u00e9s agr\u00e9\u00e9s ADR pour le transport qui peuvent entra\u00eener des retards de transport, il n&#039;y a aucune restriction pour le transport routier ou maritime comme c&#039;est le cas avec d&#039;autres conservateurs de foin.<\/p>\n\n\n\n<figure class=\"wp-block-image size-large\"><img data-recalc-dims=\"1\" loading=\"lazy\" decoding=\"async\" width=\"750\" height=\"249\" data-attachment-id=\"1129\" data-permalink=\"https:\/\/pfc-eu.com\/fr\/cropsaver-app-chart\/\" data-orig-file=\"https:\/\/i0.wp.com\/pfc-eu.com\/wp-content\/uploads\/2020\/10\/cropsaver-app-chart.png?fit=1340%2C445&amp;ssl=1\" data-orig-size=\"1340,445\" data-comments-opened=\"1\" data-image-meta=\"{&quot;aperture&quot;:&quot;0&quot;,&quot;credit&quot;:&quot;&quot;,&quot;camera&quot;:&quot;&quot;,&quot;caption&quot;:&quot;&quot;,&quot;created_timestamp&quot;:&quot;0&quot;,&quot;copyright&quot;:&quot;&quot;,&quot;focal_length&quot;:&quot;0&quot;,&quot;iso&quot;:&quot;0&quot;,&quot;shutter_speed&quot;:&quot;0&quot;,&quot;title&quot;:&quot;&quot;,&quot;orientation&quot;:&quot;0&quot;}\" data-image-title=\"cropsaver-app-chart\" data-image-description=\"\" data-image-caption=\"\" data-large-file=\"https:\/\/i0.wp.com\/pfc-eu.com\/wp-content\/uploads\/2020\/10\/cropsaver-app-chart.png?fit=750%2C249&amp;ssl=1\" src=\"https:\/\/i0.wp.com\/pfc-eu.com\/wp-content\/uploads\/2020\/10\/cropsaver-app-chart.png?resize=750%2C249&#038;ssl=1\" alt=\"\" class=\"wp-image-1129\"\/><\/figure>\n\n\n\n<p class=\"has-large-font-size wp-block-paragraph\">Pouvoir presser en toute s\u00e9curit\u00e9 \u00e0 des niveaux d&#039;humidit\u00e9 plus \u00e9lev\u00e9s pr\u00e9sente de nombreux avantages\u00a0:<\/p>\n\n\n\n<p class=\"has-large-font-size wp-block-paragraph\">Un foin plus vert aura g\u00e9n\u00e9ralement une valeur nutritive plus \u00e9lev\u00e9e, le rendement suppl\u00e9mentaire obtenu en pressant plus t\u00f4t paiera largement le conservateur Agri Solutions HarvestPro utilis\u00e9 pour prot\u00e9ger le foin.<\/p>\n\n\n\n<p class=\"has-large-font-size wp-block-paragraph\">Vous permet de presser plus t\u00f4t par rapport au fourrage non trait\u00e9<\/p>\n\n\n\n<div class=\"wp-block-media-text alignwide is-stacked-on-mobile\"><figure class=\"wp-block-media-text__media\"><img data-recalc-dims=\"1\" loading=\"lazy\" decoding=\"async\" width=\"750\" height=\"648\" data-attachment-id=\"1116\" data-permalink=\"https:\/\/pfc-eu.com\/fr\/balers-choice-side-by-side-no-bg\/\" data-orig-file=\"https:\/\/i0.wp.com\/pfc-eu.com\/wp-content\/uploads\/2020\/10\/balers-choice-side-by-side-no-bg.png?fit=2135%2C1844&amp;ssl=1\" data-orig-size=\"2135,1844\" data-comments-opened=\"1\" data-image-meta=\"{&quot;aperture&quot;:&quot;0&quot;,&quot;credit&quot;:&quot;&quot;,&quot;camera&quot;:&quot;&quot;,&quot;caption&quot;:&quot;&quot;,&quot;created_timestamp&quot;:&quot;0&quot;,&quot;copyright&quot;:&quot;&quot;,&quot;focal_length&quot;:&quot;0&quot;,&quot;iso&quot;:&quot;0&quot;,&quot;shutter_speed&quot;:&quot;0&quot;,&quot;title&quot;:&quot;&quot;,&quot;orientation&quot;:&quot;0&quot;}\" data-image-title=\"balers-choice-side-by-side-no-bg\" data-image-description=\"\" data-image-caption=\"\" data-large-file=\"https:\/\/i0.wp.com\/pfc-eu.com\/wp-content\/uploads\/2020\/10\/balers-choice-side-by-side-no-bg.png?fit=750%2C648&amp;ssl=1\" src=\"https:\/\/i0.wp.com\/pfc-eu.com\/wp-content\/uploads\/2020\/10\/balers-choice-side-by-side-no-bg.png?resize=750%2C648&#038;ssl=1\" alt=\"\" class=\"wp-image-1116 size-full\"\/><\/figure><div class=\"wp-block-media-text__content\">\n<p class=\"has-large-font-size wp-block-paragraph\">Le conservateur HarvestPro de PFC Agri Solutions convient \u00e0 tous les types d&#039;ensilage de fourrage, d&#039;ensilage pr\u00e9fan\u00e9, de foin, de paille, d&#039;ensilage pr\u00e9fan\u00e9, de balles d&#039;ensilage et d&#039;ensilage en pince. Gr\u00e2ce \u00e0 sa formule et \u00e0 son proc\u00e9d\u00e9 de fabrication uniques, il n&#039;est pas corrosif pour la presse \u00e0 balles avec un pH presque neutre et est beaucoup plus s\u00fbr \u00e0 manipuler pour les op\u00e9rateurs de presse \u00e0 balles. Les taux d&#039;application commencent \u00e0 un faible taux d&#039;application. Sa formule unique lui conf\u00e8re un niveau \u00e9lev\u00e9 d&#039;acide propionique, un poids sp\u00e9cifique \u00e9lev\u00e9 et un pH presque neutre. HarvestPro a un mouilleur pour r\u00e9duire la d\u00e9rive due au vent et arr\u00eate l&#039;\u00e9vaporation au moment de la pulv\u00e9risation et de l&#039;\u00e9vaporation dans la pile stock\u00e9e. Les produits concurrents seront beaucoup plus faibles litre par litre, s&#039;\u00e9vaporeront et auront des taux d&#039;application beaucoup plus \u00e9lev\u00e9s et co\u00fbteront invariablement plus cher par tonne de r\u00e9colte trait\u00e9e ou en r\u00e9parations d&#039;entretien des machines<\/p>\n<\/div><\/div>\n\n\n\n<figure class=\"wp-block-image size-large is-resized\"><img data-recalc-dims=\"1\" loading=\"lazy\" decoding=\"async\" width=\"552\" height=\"218\" data-attachment-id=\"1118\" data-permalink=\"https:\/\/pfc-eu.com\/fr\/cropsaver-app-graph\/\" data-orig-file=\"https:\/\/i0.wp.com\/pfc-eu.com\/wp-content\/uploads\/2020\/10\/cropsaver-app-graph.png?fit=552%2C218&amp;ssl=1\" data-orig-size=\"552,218\" data-comments-opened=\"1\" data-image-meta=\"{&quot;aperture&quot;:&quot;0&quot;,&quot;credit&quot;:&quot;&quot;,&quot;camera&quot;:&quot;&quot;,&quot;caption&quot;:&quot;&quot;,&quot;created_timestamp&quot;:&quot;0&quot;,&quot;copyright&quot;:&quot;&quot;,&quot;focal_length&quot;:&quot;0&quot;,&quot;iso&quot;:&quot;0&quot;,&quot;shutter_speed&quot;:&quot;0&quot;,&quot;title&quot;:&quot;&quot;,&quot;orientation&quot;:&quot;0&quot;}\" data-image-title=\"cropsaver-app-graph\" data-image-description=\"\" data-image-caption=\"\" data-large-file=\"https:\/\/i0.wp.com\/pfc-eu.com\/wp-content\/uploads\/2020\/10\/cropsaver-app-graph.png?fit=552%2C218&amp;ssl=1\" src=\"https:\/\/i0.wp.com\/pfc-eu.com\/wp-content\/uploads\/2020\/10\/cropsaver-app-graph.png?resize=552%2C218&#038;ssl=1\" alt=\"\" class=\"wp-image-1118\" style=\"width:809px;height:auto\"\/><\/figure>\n\n\n<div class=\"wp-block-image is-resized\">\n<figure class=\"alignleft size-large\"><a href=\"\/fr\/select-nh-machine\/\"><img data-recalc-dims=\"1\" loading=\"lazy\" decoding=\"async\" width=\"340\" height=\"338\" data-attachment-id=\"1124\" data-permalink=\"https:\/\/pfc-eu.com\/fr\/moisture-icon-button-4\/\" data-orig-file=\"https:\/\/i0.wp.com\/pfc-eu.com\/wp-content\/uploads\/2020\/10\/moisture-icon-button.png?fit=340%2C338&amp;ssl=1\" data-orig-size=\"340,338\" data-comments-opened=\"1\" data-image-meta=\"{&quot;aperture&quot;:&quot;0&quot;,&quot;credit&quot;:&quot;&quot;,&quot;camera&quot;:&quot;&quot;,&quot;caption&quot;:&quot;&quot;,&quot;created_timestamp&quot;:&quot;0&quot;,&quot;copyright&quot;:&quot;&quot;,&quot;focal_length&quot;:&quot;0&quot;,&quot;iso&quot;:&quot;0&quot;,&quot;shutter_speed&quot;:&quot;0&quot;,&quot;title&quot;:&quot;&quot;,&quot;orientation&quot;:&quot;0&quot;}\" data-image-title=\"moisture-icon-button\" data-image-description=\"\" data-image-caption=\"\" data-large-file=\"https:\/\/i0.wp.com\/pfc-eu.com\/wp-content\/uploads\/2020\/10\/moisture-icon-button.png?fit=340%2C338&amp;ssl=1\" src=\"https:\/\/i0.wp.com\/pfc-eu.com\/wp-content\/uploads\/2020\/10\/moisture-icon-button.png?resize=340%2C338&#038;ssl=1\" alt=\"\" class=\"wp-image-1124\"\/><\/a><figcaption class=\"wp-element-caption\">Capteur d&#039;humidit\u00e9<\/figcaption><\/figure>\n<\/div>\n\n<div class=\"wp-block-image is-resized\">\n<figure class=\"alignleft size-large\"><a href=\"\/fr\/select-nh-machine\/\"><img data-recalc-dims=\"1\" loading=\"lazy\" decoding=\"async\" width=\"218\" height=\"216\" data-attachment-id=\"1126\" data-permalink=\"https:\/\/pfc-eu.com\/fr\/nozzle-icon-button-1-3\/\" data-orig-file=\"https:\/\/i0.wp.com\/pfc-eu.com\/wp-content\/uploads\/2020\/10\/nozzle-icon-button-1.png?fit=218%2C216&amp;ssl=1\" data-orig-size=\"218,216\" data-comments-opened=\"1\" data-image-meta=\"{&quot;aperture&quot;:&quot;0&quot;,&quot;credit&quot;:&quot;&quot;,&quot;camera&quot;:&quot;&quot;,&quot;caption&quot;:&quot;&quot;,&quot;created_timestamp&quot;:&quot;0&quot;,&quot;copyright&quot;:&quot;&quot;,&quot;focal_length&quot;:&quot;0&quot;,&quot;iso&quot;:&quot;0&quot;,&quot;shutter_speed&quot;:&quot;0&quot;,&quot;title&quot;:&quot;&quot;,&quot;orientation&quot;:&quot;0&quot;}\" data-image-title=\"nozzle-icon-button-1\" data-image-description=\"\" data-image-caption=\"\" data-large-file=\"https:\/\/i0.wp.com\/pfc-eu.com\/wp-content\/uploads\/2020\/10\/nozzle-icon-button-1.png?fit=218%2C216&amp;ssl=1\" src=\"https:\/\/i0.wp.com\/pfc-eu.com\/wp-content\/uploads\/2020\/10\/nozzle-icon-button-1.png?resize=218%2C216&#038;ssl=1\" alt=\"\" class=\"wp-image-1126\" style=\"width:343px;height:auto\"\/><\/a><figcaption class=\"wp-element-caption\">\u00c9quipement d&#039;application<\/figcaption><\/figure>\n<\/div>\n\n<div class=\"wp-block-image is-resized\">\n<figure class=\"alignleft size-large\"><a href=\"\/fr\/cropsaver-media-centre\/\"><img data-recalc-dims=\"1\" loading=\"lazy\" decoding=\"async\" width=\"341\" height=\"356\" data-attachment-id=\"1123\" data-permalink=\"https:\/\/pfc-eu.com\/fr\/media-icon-button-12\/\" data-orig-file=\"https:\/\/i0.wp.com\/pfc-eu.com\/wp-content\/uploads\/2020\/10\/media-icon-button.png?fit=341%2C356&amp;ssl=1\" data-orig-size=\"341,356\" data-comments-opened=\"1\" data-image-meta=\"{&quot;aperture&quot;:&quot;0&quot;,&quot;credit&quot;:&quot;&quot;,&quot;camera&quot;:&quot;&quot;,&quot;caption&quot;:&quot;&quot;,&quot;created_timestamp&quot;:&quot;0&quot;,&quot;copyright&quot;:&quot;&quot;,&quot;focal_length&quot;:&quot;0&quot;,&quot;iso&quot;:&quot;0&quot;,&quot;shutter_speed&quot;:&quot;0&quot;,&quot;title&quot;:&quot;&quot;,&quot;orientation&quot;:&quot;0&quot;}\" data-image-title=\"media-icon-button\" data-image-description=\"\" data-image-caption=\"\" data-large-file=\"https:\/\/i0.wp.com\/pfc-eu.com\/wp-content\/uploads\/2020\/10\/media-icon-button.png?fit=341%2C356&amp;ssl=1\" src=\"https:\/\/i0.wp.com\/pfc-eu.com\/wp-content\/uploads\/2020\/10\/media-icon-button.png?resize=341%2C356&#038;ssl=1\" alt=\"\" class=\"wp-image-1123\"\/><\/a><figcaption class=\"wp-element-caption\">Centre des m\u00e9dias<\/figcaption><\/figure>\n<\/div>","protected":false},"excerpt":{"rendered":"<p>La mise en balles de foin ou de paille d\u00e9pend extr\u00eamement des conditions m\u00e9t\u00e9orologiques. Si vous laissez le foin trop longtemps avant la mise en balles, il perdra en qualit\u00e9 et en rendement. Emball\u00e9es trop t\u00f4t et \u00e0 des niveaux d&#039;humidit\u00e9 sup\u00e9rieurs \u00e0 15%, vous risquez que les balles chauffent et, au pire, s&#039;enflamment spontan\u00e9ment. Sans conservateur, des moisissures se d\u00e9velopperont \u00e9galement entra\u00eenant de la poussi\u00e8re et une perte de balle<a class=\"more-link\" href=\"https:\/\/pfc-eu.com\/fr\/cropsaver-preservative\/\">Lire la suite <span class=\"screen-reader-text\">\u00ab\u00a0PFC Agri Solutions HarvestPro, conservateur acide tamponn\u00e9\u00a0\u00bb<\/span><\/a><\/p>","protected":false},"author":192351622,"featured_media":0,"parent":0,"menu_order":0,"comment_status":"closed","ping_status":"closed","template":"","meta":{"_coblocks_attr":"","_coblocks_dimensions":"","_coblocks_responsive_height":"","_coblocks_accordion_ie_support":"","_crdt_document":"","_uag_custom_page_level_css":"","jetpack_post_was_ever_published":false,"footnotes":""},"class_list":["post-1114","page","type-page","status-publish","hentry","entry"],"yoast_head":"<!-- This site is optimized with the Yoast SEO plugin v27.3 - https:\/\/yoast.com\/product\/yoast-seo-wordpress\/ -->\n<title>PFC Agri Solutions HarvestPro Buffered Acid Preservative - PFC Ltd<\/title>\n<meta name=\"description\" content=\"Crop Saver hay preservative\" \/>\n<meta name=\"robots\" content=\"index, follow, max-snippet:-1, max-image-preview:large, max-video-preview:-1\" \/>\n<link rel=\"canonical\" href=\"https:\/\/pfc-eu.com\/fr\/cropsaver-preservative\/\" \/>\n<meta property=\"og:locale\" content=\"fr_FR\" \/>\n<meta property=\"og:type\" content=\"article\" \/>\n<meta property=\"og:title\" content=\"PFC Agri Solutions HarvestPro Buffered Acid Preservative - PFC Ltd\" \/>\n<meta property=\"og:description\" content=\"Crop Saver hay preservative\" \/>\n<meta property=\"og:url\" content=\"https:\/\/pfc-eu.com\/fr\/cropsaver-preservative\/\" \/>\n<meta property=\"og:site_name\" content=\"PFC Ltd\" \/>\n<meta property=\"article:modified_time\" content=\"2024-12-17T11:52:48+00:00\" \/>\n<meta property=\"og:image\" content=\"https:\/\/pfc-eu.com\/wp-content\/uploads\/2020\/10\/cropsaver-app-chart.png?w=1024\" \/>\n<meta name=\"twitter:card\" content=\"summary_large_image\" \/>\n<meta name=\"twitter:label1\" content=\"Dur\u00e9e de lecture estim\u00e9e\" \/>\n\t<meta name=\"twitter:data1\" content=\"3 minutes\" \/>\n<script type=\"application\/ld+json\" class=\"yoast-schema-graph\">{\"@context\":\"https:\\\/\\\/schema.org\",\"@graph\":[{\"@type\":\"WebPage\",\"@id\":\"https:\\\/\\\/pfc-eu.com\\\/cropsaver-preservative\\\/\",\"url\":\"https:\\\/\\\/pfc-eu.com\\\/cropsaver-preservative\\\/\",\"name\":\"PFC Agri Solutions HarvestPro Buffered Acid Preservative - PFC Ltd\",\"isPartOf\":{\"@id\":\"https:\\\/\\\/pfc-eu.com\\\/#website\"},\"primaryImageOfPage\":{\"@id\":\"https:\\\/\\\/pfc-eu.com\\\/cropsaver-preservative\\\/#primaryimage\"},\"image\":{\"@id\":\"https:\\\/\\\/pfc-eu.com\\\/cropsaver-preservative\\\/#primaryimage\"},\"thumbnailUrl\":\"https:\\\/\\\/pfc-eu.com\\\/wp-content\\\/uploads\\\/2020\\\/10\\\/cropsaver-app-chart.png?w=1024\",\"datePublished\":\"2020-10-06T15:26:32+00:00\",\"dateModified\":\"2024-12-17T11:52:48+00:00\",\"description\":\"Crop Saver hay preservative\",\"breadcrumb\":{\"@id\":\"https:\\\/\\\/pfc-eu.com\\\/cropsaver-preservative\\\/#breadcrumb\"},\"inLanguage\":\"fr-FR\",\"potentialAction\":[{\"@type\":\"ReadAction\",\"target\":[\"https:\\\/\\\/pfc-eu.com\\\/cropsaver-preservative\\\/\"]}]},{\"@type\":\"ImageObject\",\"inLanguage\":\"fr-FR\",\"@id\":\"https:\\\/\\\/pfc-eu.com\\\/cropsaver-preservative\\\/#primaryimage\",\"url\":\"https:\\\/\\\/pfc-eu.com\\\/wp-content\\\/uploads\\\/2020\\\/10\\\/cropsaver-app-chart.png?w=1024\",\"contentUrl\":\"https:\\\/\\\/pfc-eu.com\\\/wp-content\\\/uploads\\\/2020\\\/10\\\/cropsaver-app-chart.png?w=1024\"},{\"@type\":\"BreadcrumbList\",\"@id\":\"https:\\\/\\\/pfc-eu.com\\\/cropsaver-preservative\\\/#breadcrumb\",\"itemListElement\":[{\"@type\":\"ListItem\",\"position\":1,\"name\":\"Home\",\"item\":\"https:\\\/\\\/pfc-eu.com\\\/\"},{\"@type\":\"ListItem\",\"position\":2,\"name\":\"PFC Agri Solutions HarvestPro Buffered Acid Preservative\"}]},{\"@type\":\"WebSite\",\"@id\":\"https:\\\/\\\/pfc-eu.com\\\/#website\",\"url\":\"https:\\\/\\\/pfc-eu.com\\\/\",\"name\":\"PFC Ltd\",\"description\":\"Precision, Quality, Service\",\"publisher\":{\"@id\":\"https:\\\/\\\/pfc-eu.com\\\/#organization\"},\"potentialAction\":[{\"@type\":\"SearchAction\",\"target\":{\"@type\":\"EntryPoint\",\"urlTemplate\":\"https:\\\/\\\/pfc-eu.com\\\/?s={search_term_string}\"},\"query-input\":{\"@type\":\"PropertyValueSpecification\",\"valueRequired\":true,\"valueName\":\"search_term_string\"}}],\"inLanguage\":\"fr-FR\"},{\"@type\":\"Organization\",\"@id\":\"https:\\\/\\\/pfc-eu.com\\\/#organization\",\"name\":\"PFC Ltd\",\"url\":\"https:\\\/\\\/pfc-eu.com\\\/\",\"logo\":{\"@type\":\"ImageObject\",\"inLanguage\":\"fr-FR\",\"@id\":\"https:\\\/\\\/pfc-eu.com\\\/#\\\/schema\\\/logo\\\/image\\\/\",\"url\":\"https:\\\/\\\/i0.wp.com\\\/pfc-eu.com\\\/wp-content\\\/uploads\\\/2022\\\/09\\\/cropped-cropped-pfc-agri-solutions-no-background-resized.png?fit=500%2C95&ssl=1\",\"contentUrl\":\"https:\\\/\\\/i0.wp.com\\\/pfc-eu.com\\\/wp-content\\\/uploads\\\/2022\\\/09\\\/cropped-cropped-pfc-agri-solutions-no-background-resized.png?fit=500%2C95&ssl=1\",\"width\":500,\"height\":95,\"caption\":\"PFC Ltd\"},\"image\":{\"@id\":\"https:\\\/\\\/pfc-eu.com\\\/#\\\/schema\\\/logo\\\/image\\\/\"}}]}<\/script>\n<!-- \/ Yoast SEO plugin. -->","yoast_head_json":{"title":"PFC Agri Solutions HarvestPro Buffered Acid Preservative - PFC Ltd","description":"Crop Saver hay preservative","robots":{"index":"index","follow":"follow","max-snippet":"max-snippet:-1","max-image-preview":"max-image-preview:large","max-video-preview":"max-video-preview:-1"},"canonical":"https:\/\/pfc-eu.com\/fr\/cropsaver-preservative\/","og_locale":"fr_FR","og_type":"article","og_title":"PFC Agri Solutions HarvestPro Buffered Acid Preservative - PFC Ltd","og_description":"Crop Saver hay preservative","og_url":"https:\/\/pfc-eu.com\/fr\/cropsaver-preservative\/","og_site_name":"PFC Ltd","article_modified_time":"2024-12-17T11:52:48+00:00","og_image":[{"url":"https:\/\/pfc-eu.com\/wp-content\/uploads\/2020\/10\/cropsaver-app-chart.png?w=1024","type":"","width":"","height":""}],"twitter_card":"summary_large_image","twitter_misc":{"Dur\u00e9e de lecture estim\u00e9e":"3 minutes"},"schema":{"@context":"https:\/\/schema.org","@graph":[{"@type":"WebPage","@id":"https:\/\/pfc-eu.com\/cropsaver-preservative\/","url":"https:\/\/pfc-eu.com\/cropsaver-preservative\/","name":"PFC Agri Solutions HarvestPro Buffered Acid Preservative - PFC Ltd","isPartOf":{"@id":"https:\/\/pfc-eu.com\/#website"},"primaryImageOfPage":{"@id":"https:\/\/pfc-eu.com\/cropsaver-preservative\/#primaryimage"},"image":{"@id":"https:\/\/pfc-eu.com\/cropsaver-preservative\/#primaryimage"},"thumbnailUrl":"https:\/\/pfc-eu.com\/wp-content\/uploads\/2020\/10\/cropsaver-app-chart.png?w=1024","datePublished":"2020-10-06T15:26:32+00:00","dateModified":"2024-12-17T11:52:48+00:00","description":"Crop Saver hay preservative","breadcrumb":{"@id":"https:\/\/pfc-eu.com\/cropsaver-preservative\/#breadcrumb"},"inLanguage":"fr-FR","potentialAction":[{"@type":"ReadAction","target":["https:\/\/pfc-eu.com\/cropsaver-preservative\/"]}]},{"@type":"ImageObject","inLanguage":"fr-FR","@id":"https:\/\/pfc-eu.com\/cropsaver-preservative\/#primaryimage","url":"https:\/\/pfc-eu.com\/wp-content\/uploads\/2020\/10\/cropsaver-app-chart.png?w=1024","contentUrl":"https:\/\/pfc-eu.com\/wp-content\/uploads\/2020\/10\/cropsaver-app-chart.png?w=1024"},{"@type":"BreadcrumbList","@id":"https:\/\/pfc-eu.com\/cropsaver-preservative\/#breadcrumb","itemListElement":[{"@type":"ListItem","position":1,"name":"Home","item":"https:\/\/pfc-eu.com\/"},{"@type":"ListItem","position":2,"name":"PFC Agri Solutions HarvestPro Buffered Acid Preservative"}]},{"@type":"WebSite","@id":"https:\/\/pfc-eu.com\/#website","url":"https:\/\/pfc-eu.com\/","name":"PFC Lt\u00e9e","description":"Pr\u00e9cision, Qualit\u00e9, Service","publisher":{"@id":"https:\/\/pfc-eu.com\/#organization"},"potentialAction":[{"@type":"SearchAction","target":{"@type":"EntryPoint","urlTemplate":"https:\/\/pfc-eu.com\/?s={search_term_string}"},"query-input":{"@type":"PropertyValueSpecification","valueRequired":true,"valueName":"search_term_string"}}],"inLanguage":"fr-FR"},{"@type":"Organization","@id":"https:\/\/pfc-eu.com\/#organization","name":"PFC Lt\u00e9e","url":"https:\/\/pfc-eu.com\/","logo":{"@type":"ImageObject","inLanguage":"fr-FR","@id":"https:\/\/pfc-eu.com\/#\/schema\/logo\/image\/","url":"https:\/\/i0.wp.com\/pfc-eu.com\/wp-content\/uploads\/2022\/09\/cropped-cropped-pfc-agri-solutions-no-background-resized.png?fit=500%2C95&ssl=1","contentUrl":"https:\/\/i0.wp.com\/pfc-eu.com\/wp-content\/uploads\/2022\/09\/cropped-cropped-pfc-agri-solutions-no-background-resized.png?fit=500%2C95&ssl=1","width":500,"height":95,"caption":"PFC Ltd"},"image":{"@id":"https:\/\/pfc-eu.com\/#\/schema\/logo\/image\/"}}]}},"uagb_featured_image_src":{"full":false,"thumbnail":false,"medium":false,"medium_large":false,"large":false,"1536x1536":false,"2048x2048":false,"trp-custom-language-flag":false,"newspack-article-block-landscape-large":false,"newspack-article-block-portrait-large":false,"newspack-article-block-square-large":false,"newspack-article-block-landscape-medium":false,"newspack-article-block-portrait-medium":false,"newspack-article-block-square-medium":false,"newspack-article-block-landscape-intermediate":false,"newspack-article-block-portrait-intermediate":false,"newspack-article-block-square-intermediate":false,"newspack-article-block-landscape-small":false,"newspack-article-block-portrait-small":false,"newspack-article-block-square-small":false,"newspack-article-block-landscape-tiny":false,"newspack-article-block-portrait-tiny":false,"newspack-article-block-square-tiny":false,"newspack-article-block-uncropped":false,"post-thumbnail":false},"uagb_author_info":{"display_name":"richard","author_link":"https:\/\/pfc-eu.com\/fr\/author\/richard\/"},"uagb_comment_info":0,"uagb_excerpt":"Baling hay or straw is extremely weather dependent. If you leave hay too long before baling, it will lose quality and yield. Baled too early and at moisture levels above 15%, you risk bales heating up and at worst spontaneously combusting. Without preservative, moulds will also develop resulting in dust and a loss of baleLire\u2026","jetpack_likes_enabled":true,"jetpack_sharing_enabled":true,"jetpack_shortlink":"https:\/\/wp.me\/Pck1DT-hY","jetpack-related-posts":[],"_links":{"self":[{"href":"https:\/\/pfc-eu.com\/fr\/wp-json\/wp\/v2\/pages\/1114","targetHints":{"allow":["GET"]}}],"collection":[{"href":"https:\/\/pfc-eu.com\/fr\/wp-json\/wp\/v2\/pages"}],"about":[{"href":"https:\/\/pfc-eu.com\/fr\/wp-json\/wp\/v2\/types\/page"}],"author":[{"embeddable":true,"href":"https:\/\/pfc-eu.com\/fr\/wp-json\/wp\/v2\/users\/192351622"}],"replies":[{"embeddable":true,"href":"https:\/\/pfc-eu.com\/fr\/wp-json\/wp\/v2\/comments?post=1114"}],"version-history":[{"count":27,"href":"https:\/\/pfc-eu.com\/fr\/wp-json\/wp\/v2\/pages\/1114\/revisions"}],"predecessor-version":[{"id":4020,"href":"https:\/\/pfc-eu.com\/fr\/wp-json\/wp\/v2\/pages\/1114\/revisions\/4020"}],"wp:attachment":[{"href":"https:\/\/pfc-eu.com\/fr\/wp-json\/wp\/v2\/media?parent=1114"}],"curies":[{"name":"wp","href":"https:\/\/api.w.org\/{rel}","templated":true}]}}