{"id":726,"date":"2022-10-23T20:32:36","date_gmt":"2022-10-23T19:32:36","guid":{"rendered":"https:\/\/pfc-eu.com\/?page_id=726"},"modified":"2022-10-23T20:32:37","modified_gmt":"2022-10-23T19:32:37","slug":"titan-trailed-hd-disc-cultivator","status":"publish","type":"page","link":"https:\/\/pfc-eu.com\/de\/titan-trailed-hd-disc-cultivator\/","title":{"rendered":"Gezogener HD-Scheibengrubber Titan"},"content":{"rendered":"<div class=\"wp-block-jetpack-layout-grid alignfull column1-desktop-grid__span-6 column1-desktop-grid__row-1 column2-desktop-grid__span-6 column2-desktop-grid__start-7 column2-desktop-grid__row-1 column1-tablet-grid__span-4 column1-tablet-grid__row-1 column2-tablet-grid__span-4 column2-tablet-grid__start-5 column2-tablet-grid__row-1 column1-mobile-grid__span-4 column1-mobile-grid__row-1 column2-mobile-grid__span-4 column2-mobile-grid__row-2\">\n<div class=\"wp-block-jetpack-layout-grid-column wp-block-jetpack-layout-grid__padding-none\">\n<figure class=\"wp-block-image size-large\"><img data-recalc-dims=\"1\" loading=\"lazy\" decoding=\"async\" width=\"750\" height=\"563\" data-attachment-id=\"732\" data-permalink=\"https:\/\/pfc-eu.com\/de\/20180917_081740-1\/\" data-orig-file=\"https:\/\/i0.wp.com\/pfc-eu.com\/wp-content\/uploads\/2020\/09\/20180917_081740-1.jpg?fit=4032%2C3024&amp;ssl=1\" data-orig-size=\"4032,3024\" data-comments-opened=\"1\" data-image-meta=\"{&quot;aperture&quot;:&quot;1.7&quot;,&quot;credit&quot;:&quot;&quot;,&quot;camera&quot;:&quot;SM-G930F&quot;,&quot;caption&quot;:&quot;&quot;,&quot;created_timestamp&quot;:&quot;1537172260&quot;,&quot;copyright&quot;:&quot;&quot;,&quot;focal_length&quot;:&quot;4.2&quot;,&quot;iso&quot;:&quot;40&quot;,&quot;shutter_speed&quot;:&quot;0.0017182130584192&quot;,&quot;title&quot;:&quot;&quot;,&quot;orientation&quot;:&quot;1&quot;}\" data-image-title=\"20180917_081740-1\" data-image-description=\"\" data-image-caption=\"\" data-large-file=\"https:\/\/i0.wp.com\/pfc-eu.com\/wp-content\/uploads\/2020\/09\/20180917_081740-1.jpg?fit=750%2C563&amp;ssl=1\" src=\"https:\/\/i0.wp.com\/pfc-eu.com\/wp-content\/uploads\/2020\/09\/20180917_081740-1.jpg?resize=750%2C563&#038;ssl=1\" alt=\"\" class=\"wp-image-732\"\/><\/figure>\n<\/div>\n\n\n\n<div class=\"wp-block-jetpack-layout-grid-column wp-block-jetpack-layout-grid__padding-none\">\n<figure class=\"wp-block-image size-large\"><img data-recalc-dims=\"1\" loading=\"lazy\" decoding=\"async\" width=\"750\" height=\"765\" data-attachment-id=\"835\" data-permalink=\"https:\/\/pfc-eu.com\/de\/goliath-spec-2\/\" data-orig-file=\"https:\/\/i0.wp.com\/pfc-eu.com\/wp-content\/uploads\/2020\/09\/goliath-spec-2.png?fit=1086%2C1107&amp;ssl=1\" data-orig-size=\"1086,1107\" data-comments-opened=\"1\" data-image-meta=\"{&quot;aperture&quot;:&quot;0&quot;,&quot;credit&quot;:&quot;&quot;,&quot;camera&quot;:&quot;&quot;,&quot;caption&quot;:&quot;&quot;,&quot;created_timestamp&quot;:&quot;0&quot;,&quot;copyright&quot;:&quot;&quot;,&quot;focal_length&quot;:&quot;0&quot;,&quot;iso&quot;:&quot;0&quot;,&quot;shutter_speed&quot;:&quot;0&quot;,&quot;title&quot;:&quot;&quot;,&quot;orientation&quot;:&quot;0&quot;}\" data-image-title=\"goliath-spec-2\" data-image-description=\"\" data-image-caption=\"\" data-large-file=\"https:\/\/i0.wp.com\/pfc-eu.com\/wp-content\/uploads\/2020\/09\/goliath-spec-2.png?fit=750%2C765&amp;ssl=1\" src=\"https:\/\/i0.wp.com\/pfc-eu.com\/wp-content\/uploads\/2020\/09\/goliath-spec-2.png?resize=750%2C765&#038;ssl=1\" alt=\"\" class=\"wp-image-835\"\/><\/figure>\n<\/div>\n<\/div>\n\n\n\n<div class=\"wp-block-media-text alignwide has-media-on-the-right is-stacked-on-mobile\" style=\"grid-template-columns:auto 54%\"><div class=\"wp-block-media-text__content\">\n<p class=\"wp-block-paragraph\">Die Hochleistungs-Scheibenegge Titan wurde f\u00fcr die Arbeit unter h\u00e4rtesten Bedingungen mit h\u00f6chster Zuverl\u00e4ssigkeit entwickelt. Der Titan ist auf St\u00e4rke und Vielseitigkeit ausgelegt. Mit einem Titan kommen Ihnen alle Vorteile der Stoppelbearbeitung zugute. Flache bis tiefe Stoppelbearbeitung, Versch\u00fcttung gro\u00dfer Restmengen und Zerst\u00f6rung der Pflanzendecke. Der Titan ist standardm\u00e4\u00dfig als Branchenf\u00fchrer in Spezifikation und Optionen erh\u00e4ltlich. Die Wahl der Art der Heckpackeroption ist die einzige Entscheidung, die auf der Grundlage Ihrer individuellen Anforderungen getroffen werden muss. Brechbretter und Strohzinken mit vorderen St\u00fctzr\u00e4dern sind im Lieferumfang enthalten<\/p>\n<\/div><figure class=\"wp-block-media-text__media\"><img data-recalc-dims=\"1\" loading=\"lazy\" decoding=\"async\" width=\"750\" height=\"563\" data-attachment-id=\"734\" data-permalink=\"https:\/\/pfc-eu.com\/de\/20181006_134105-min\/\" data-orig-file=\"https:\/\/i0.wp.com\/pfc-eu.com\/wp-content\/uploads\/2020\/09\/20181006_134105-min.jpg?fit=4032%2C3024&amp;ssl=1\" data-orig-size=\"4032,3024\" data-comments-opened=\"1\" data-image-meta=\"{&quot;aperture&quot;:&quot;0&quot;,&quot;credit&quot;:&quot;&quot;,&quot;camera&quot;:&quot;&quot;,&quot;caption&quot;:&quot;&quot;,&quot;created_timestamp&quot;:&quot;0&quot;,&quot;copyright&quot;:&quot;&quot;,&quot;focal_length&quot;:&quot;0&quot;,&quot;iso&quot;:&quot;0&quot;,&quot;shutter_speed&quot;:&quot;0&quot;,&quot;title&quot;:&quot;&quot;,&quot;orientation&quot;:&quot;0&quot;}\" data-image-title=\"20181006_134105-min\" data-image-description=\"\" data-image-caption=\"\" data-large-file=\"https:\/\/i0.wp.com\/pfc-eu.com\/wp-content\/uploads\/2020\/09\/20181006_134105-min.jpg?fit=750%2C563&amp;ssl=1\" src=\"https:\/\/i0.wp.com\/pfc-eu.com\/wp-content\/uploads\/2020\/09\/20181006_134105-min.jpg?resize=750%2C563&#038;ssl=1\" alt=\"\" class=\"wp-image-734 size-full\"\/><\/figure><\/div>\n\n\n\n<div class=\"wp-block-jetpack-layout-grid alignfull column1-desktop-grid__span-6 column1-desktop-grid__row-1 column2-desktop-grid__span-6 column2-desktop-grid__start-7 column2-desktop-grid__row-1 column1-tablet-grid__span-4 column1-tablet-grid__row-1 column2-tablet-grid__span-4 column2-tablet-grid__start-5 column2-tablet-grid__row-1 column1-mobile-grid__span-4 column1-mobile-grid__row-1 column2-mobile-grid__span-4 column2-mobile-grid__row-2\">\n<div class=\"wp-block-jetpack-layout-grid-column wp-block-jetpack-layout-grid__padding-none\">\n<figure class=\"wp-block-image size-large is-resized\"><img data-recalc-dims=\"1\" decoding=\"async\" data-attachment-id=\"737\" data-permalink=\"https:\/\/pfc-eu.com\/de\/cultivation-icon-button-6\/\" data-orig-file=\"https:\/\/i0.wp.com\/pfc-eu.com\/wp-content\/uploads\/2020\/09\/cultivation-icon-button-6.png?fit=342%2C351&amp;ssl=1\" data-orig-size=\"342,351\" data-comments-opened=\"1\" data-image-meta=\"{&quot;aperture&quot;:&quot;0&quot;,&quot;credit&quot;:&quot;&quot;,&quot;camera&quot;:&quot;&quot;,&quot;caption&quot;:&quot;&quot;,&quot;created_timestamp&quot;:&quot;0&quot;,&quot;copyright&quot;:&quot;&quot;,&quot;focal_length&quot;:&quot;0&quot;,&quot;iso&quot;:&quot;0&quot;,&quot;shutter_speed&quot;:&quot;0&quot;,&quot;title&quot;:&quot;&quot;,&quot;orientation&quot;:&quot;0&quot;}\" data-image-title=\"cultivation-icon-button-6\" data-image-description=\"\" data-image-caption=\"\" data-large-file=\"https:\/\/i0.wp.com\/pfc-eu.com\/wp-content\/uploads\/2020\/09\/cultivation-icon-button-6.png?fit=342%2C351&amp;ssl=1\" src=\"https:\/\/i0.wp.com\/pfc-eu.com\/wp-content\/uploads\/2020\/09\/cultivation-icon-button-6.png?w=750&#038;ssl=1\" alt=\"\" class=\"wp-image-737\"  \/><figcaption class=\"wp-element-caption\">Anbau Auswahl<\/figcaption><\/figure>\n<\/div>\n\n\n\n<div class=\"wp-block-jetpack-layout-grid-column wp-block-jetpack-layout-grid__padding-none\">\n<figure class=\"wp-block-image size-large\"><img data-recalc-dims=\"1\" loading=\"lazy\" decoding=\"async\" width=\"341\" height=\"356\" data-attachment-id=\"738\" data-permalink=\"https:\/\/pfc-eu.com\/de\/media-icon-button-8\/\" data-orig-file=\"https:\/\/i0.wp.com\/pfc-eu.com\/wp-content\/uploads\/2020\/09\/media-icon-button-8.png?fit=341%2C356&amp;ssl=1\" data-orig-size=\"341,356\" data-comments-opened=\"1\" data-image-meta=\"{&quot;aperture&quot;:&quot;0&quot;,&quot;credit&quot;:&quot;&quot;,&quot;camera&quot;:&quot;&quot;,&quot;caption&quot;:&quot;&quot;,&quot;created_timestamp&quot;:&quot;0&quot;,&quot;copyright&quot;:&quot;&quot;,&quot;focal_length&quot;:&quot;0&quot;,&quot;iso&quot;:&quot;0&quot;,&quot;shutter_speed&quot;:&quot;0&quot;,&quot;title&quot;:&quot;&quot;,&quot;orientation&quot;:&quot;0&quot;}\" data-image-title=\"media-icon-button-8\" data-image-description=\"\" data-image-caption=\"\" data-large-file=\"https:\/\/i0.wp.com\/pfc-eu.com\/wp-content\/uploads\/2020\/09\/media-icon-button-8.png?fit=341%2C356&amp;ssl=1\" src=\"https:\/\/i0.wp.com\/pfc-eu.com\/wp-content\/uploads\/2020\/09\/media-icon-button-8.png?resize=341%2C356&#038;ssl=1\" alt=\"\" class=\"wp-image-738\"\/><figcaption class=\"wp-element-caption\">Medienzentrum<\/figcaption><\/figure>\n<\/div>\n<\/div>","protected":false},"excerpt":{"rendered":"<p>The Titan heavy duty disc cultivator is designed the work in the harshest conditions with ultimate reliability. The Titan is built with strength and versatility in mind. With a Titan, all the advantages of stubble cultivation are in your favour. Shallow to deep stubble cultivation, burial of large quantities of residue and the destruction of<a class=\"more-link\" href=\"https:\/\/pfc-eu.com\/de\/titan-trailed-hd-disc-cultivator\/\"><span class=\"screen-reader-text\">&#8220;Titan Trailed HD Disc Cultivator&#8221;<\/span> weiterlesen<\/a><\/p>","protected":false},"author":192351622,"featured_media":0,"parent":0,"menu_order":0,"comment_status":"closed","ping_status":"closed","template":"","meta":{"_coblocks_attr":"","_coblocks_dimensions":"","_coblocks_responsive_height":"","_coblocks_accordion_ie_support":"","_crdt_document":"","_uag_custom_page_level_css":"","footnotes":""},"class_list":["post-726","page","type-page","status-publish","hentry","entry"],"yoast_head":"<!-- This site is optimized with the Yoast SEO plugin v27.3 - https:\/\/yoast.com\/product\/yoast-seo-wordpress\/ -->\n<title>Titan Trailed HD Disc Cultivator - PFC Ltd<\/title>\n<meta name=\"robots\" content=\"index, follow, max-snippet:-1, max-image-preview:large, max-video-preview:-1\" \/>\n<link rel=\"canonical\" href=\"https:\/\/pfc-eu.com\/de\/titan-trailed-hd-disc-cultivator\/\" \/>\n<meta property=\"og:locale\" content=\"de_DE\" \/>\n<meta property=\"og:type\" content=\"article\" \/>\n<meta property=\"og:title\" content=\"Titan Trailed HD Disc Cultivator - PFC Ltd\" \/>\n<meta property=\"og:description\" content=\"The Titan heavy duty disc cultivator is designed the work in the harshest conditions with ultimate reliability. The Titan is built with strength and versatility in mind. With a Titan, all the advantages of stubble cultivation are in your favour. Shallow to deep stubble cultivation, burial of large quantities of residue and the destruction of&quot;Titan Trailed HD Disc Cultivator&quot; weiterlesen\" \/>\n<meta property=\"og:url\" content=\"https:\/\/pfc-eu.com\/de\/titan-trailed-hd-disc-cultivator\/\" \/>\n<meta property=\"og:site_name\" content=\"PFC Ltd\" \/>\n<meta property=\"article:modified_time\" content=\"2022-10-23T19:32:37+00:00\" \/>\n<meta property=\"og:image\" content=\"https:\/\/pfc-eu.com\/wp-content\/uploads\/2020\/09\/20180917_081740-1.jpg?w=1024\" \/>\n<meta name=\"twitter:card\" content=\"summary_large_image\" \/>\n<meta name=\"twitter:label1\" content=\"Gesch\u00e4tzte Lesezeit\" \/>\n\t<meta name=\"twitter:data1\" content=\"2\u00a0Minuten\" \/>\n<script type=\"application\/ld+json\" class=\"yoast-schema-graph\">{\"@context\":\"https:\\\/\\\/schema.org\",\"@graph\":[{\"@type\":\"WebPage\",\"@id\":\"https:\\\/\\\/pfc-eu.com\\\/titan-trailed-hd-disc-cultivator\\\/\",\"url\":\"https:\\\/\\\/pfc-eu.com\\\/titan-trailed-hd-disc-cultivator\\\/\",\"name\":\"Titan Trailed HD Disc Cultivator - PFC Ltd\",\"isPartOf\":{\"@id\":\"https:\\\/\\\/pfc-eu.com\\\/#website\"},\"primaryImageOfPage\":{\"@id\":\"https:\\\/\\\/pfc-eu.com\\\/titan-trailed-hd-disc-cultivator\\\/#primaryimage\"},\"image\":{\"@id\":\"https:\\\/\\\/pfc-eu.com\\\/titan-trailed-hd-disc-cultivator\\\/#primaryimage\"},\"thumbnailUrl\":\"https:\\\/\\\/pfc-eu.com\\\/wp-content\\\/uploads\\\/2020\\\/09\\\/20180917_081740-1.jpg?w=1024\",\"datePublished\":\"2022-10-23T19:32:36+00:00\",\"dateModified\":\"2022-10-23T19:32:37+00:00\",\"breadcrumb\":{\"@id\":\"https:\\\/\\\/pfc-eu.com\\\/titan-trailed-hd-disc-cultivator\\\/#breadcrumb\"},\"inLanguage\":\"de\",\"potentialAction\":[{\"@type\":\"ReadAction\",\"target\":[\"https:\\\/\\\/pfc-eu.com\\\/titan-trailed-hd-disc-cultivator\\\/\"]}]},{\"@type\":\"ImageObject\",\"inLanguage\":\"de\",\"@id\":\"https:\\\/\\\/pfc-eu.com\\\/titan-trailed-hd-disc-cultivator\\\/#primaryimage\",\"url\":\"https:\\\/\\\/pfc-eu.com\\\/wp-content\\\/uploads\\\/2020\\\/09\\\/20180917_081740-1.jpg?w=1024\",\"contentUrl\":\"https:\\\/\\\/pfc-eu.com\\\/wp-content\\\/uploads\\\/2020\\\/09\\\/20180917_081740-1.jpg?w=1024\"},{\"@type\":\"BreadcrumbList\",\"@id\":\"https:\\\/\\\/pfc-eu.com\\\/titan-trailed-hd-disc-cultivator\\\/#breadcrumb\",\"itemListElement\":[{\"@type\":\"ListItem\",\"position\":1,\"name\":\"Home\",\"item\":\"https:\\\/\\\/pfc-eu.com\\\/\"},{\"@type\":\"ListItem\",\"position\":2,\"name\":\"Titan Trailed HD Disc Cultivator\"}]},{\"@type\":\"WebSite\",\"@id\":\"https:\\\/\\\/pfc-eu.com\\\/#website\",\"url\":\"https:\\\/\\\/pfc-eu.com\\\/\",\"name\":\"PFC Ltd\",\"description\":\"Precision, Quality, Service\",\"publisher\":{\"@id\":\"https:\\\/\\\/pfc-eu.com\\\/#organization\"},\"potentialAction\":[{\"@type\":\"SearchAction\",\"target\":{\"@type\":\"EntryPoint\",\"urlTemplate\":\"https:\\\/\\\/pfc-eu.com\\\/?s={search_term_string}\"},\"query-input\":{\"@type\":\"PropertyValueSpecification\",\"valueRequired\":true,\"valueName\":\"search_term_string\"}}],\"inLanguage\":\"de\"},{\"@type\":\"Organization\",\"@id\":\"https:\\\/\\\/pfc-eu.com\\\/#organization\",\"name\":\"PFC Ltd\",\"url\":\"https:\\\/\\\/pfc-eu.com\\\/\",\"logo\":{\"@type\":\"ImageObject\",\"inLanguage\":\"de\",\"@id\":\"https:\\\/\\\/pfc-eu.com\\\/#\\\/schema\\\/logo\\\/image\\\/\",\"url\":\"https:\\\/\\\/i0.wp.com\\\/pfc-eu.com\\\/wp-content\\\/uploads\\\/2022\\\/09\\\/cropped-cropped-pfc-agri-solutions-no-background-resized.png?fit=500%2C95&ssl=1\",\"contentUrl\":\"https:\\\/\\\/i0.wp.com\\\/pfc-eu.com\\\/wp-content\\\/uploads\\\/2022\\\/09\\\/cropped-cropped-pfc-agri-solutions-no-background-resized.png?fit=500%2C95&ssl=1\",\"width\":500,\"height\":95,\"caption\":\"PFC Ltd\"},\"image\":{\"@id\":\"https:\\\/\\\/pfc-eu.com\\\/#\\\/schema\\\/logo\\\/image\\\/\"}}]}<\/script>\n<!-- \/ Yoast SEO plugin. -->","yoast_head_json":{"title":"Titan Trailed HD Disc Cultivator - PFC Ltd","robots":{"index":"index","follow":"follow","max-snippet":"max-snippet:-1","max-image-preview":"max-image-preview:large","max-video-preview":"max-video-preview:-1"},"canonical":"https:\/\/pfc-eu.com\/de\/titan-trailed-hd-disc-cultivator\/","og_locale":"de_DE","og_type":"article","og_title":"Titan Trailed HD Disc Cultivator - PFC Ltd","og_description":"The Titan heavy duty disc cultivator is designed the work in the harshest conditions with ultimate reliability. The Titan is built with strength and versatility in mind. With a Titan, all the advantages of stubble cultivation are in your favour. Shallow to deep stubble cultivation, burial of large quantities of residue and the destruction of\"Titan Trailed HD Disc Cultivator\" weiterlesen","og_url":"https:\/\/pfc-eu.com\/de\/titan-trailed-hd-disc-cultivator\/","og_site_name":"PFC Ltd","article_modified_time":"2022-10-23T19:32:37+00:00","og_image":[{"url":"https:\/\/pfc-eu.com\/wp-content\/uploads\/2020\/09\/20180917_081740-1.jpg?w=1024","type":"","width":"","height":""}],"twitter_card":"summary_large_image","twitter_misc":{"Gesch\u00e4tzte Lesezeit":"2\u00a0Minuten"},"schema":{"@context":"https:\/\/schema.org","@graph":[{"@type":"WebPage","@id":"https:\/\/pfc-eu.com\/titan-trailed-hd-disc-cultivator\/","url":"https:\/\/pfc-eu.com\/titan-trailed-hd-disc-cultivator\/","name":"Titan Trailed HD Disc Cultivator - PFC Ltd","isPartOf":{"@id":"https:\/\/pfc-eu.com\/#website"},"primaryImageOfPage":{"@id":"https:\/\/pfc-eu.com\/titan-trailed-hd-disc-cultivator\/#primaryimage"},"image":{"@id":"https:\/\/pfc-eu.com\/titan-trailed-hd-disc-cultivator\/#primaryimage"},"thumbnailUrl":"https:\/\/pfc-eu.com\/wp-content\/uploads\/2020\/09\/20180917_081740-1.jpg?w=1024","datePublished":"2022-10-23T19:32:36+00:00","dateModified":"2022-10-23T19:32:37+00:00","breadcrumb":{"@id":"https:\/\/pfc-eu.com\/titan-trailed-hd-disc-cultivator\/#breadcrumb"},"inLanguage":"de","potentialAction":[{"@type":"ReadAction","target":["https:\/\/pfc-eu.com\/titan-trailed-hd-disc-cultivator\/"]}]},{"@type":"ImageObject","inLanguage":"de","@id":"https:\/\/pfc-eu.com\/titan-trailed-hd-disc-cultivator\/#primaryimage","url":"https:\/\/pfc-eu.com\/wp-content\/uploads\/2020\/09\/20180917_081740-1.jpg?w=1024","contentUrl":"https:\/\/pfc-eu.com\/wp-content\/uploads\/2020\/09\/20180917_081740-1.jpg?w=1024"},{"@type":"BreadcrumbList","@id":"https:\/\/pfc-eu.com\/titan-trailed-hd-disc-cultivator\/#breadcrumb","itemListElement":[{"@type":"ListItem","position":1,"name":"Home","item":"https:\/\/pfc-eu.com\/"},{"@type":"ListItem","position":2,"name":"Titan Trailed HD Disc Cultivator"}]},{"@type":"WebSite","@id":"https:\/\/pfc-eu.com\/#website","url":"https:\/\/pfc-eu.com\/","name":"PFC Ltd","description":"Pr\u00e4zision, Qualit\u00e4t, Service","publisher":{"@id":"https:\/\/pfc-eu.com\/#organization"},"potentialAction":[{"@type":"SearchAction","target":{"@type":"EntryPoint","urlTemplate":"https:\/\/pfc-eu.com\/?s={search_term_string}"},"query-input":{"@type":"PropertyValueSpecification","valueRequired":true,"valueName":"search_term_string"}}],"inLanguage":"de"},{"@type":"Organization","@id":"https:\/\/pfc-eu.com\/#organization","name":"PFC Ltd","url":"https:\/\/pfc-eu.com\/","logo":{"@type":"ImageObject","inLanguage":"de","@id":"https:\/\/pfc-eu.com\/#\/schema\/logo\/image\/","url":"https:\/\/i0.wp.com\/pfc-eu.com\/wp-content\/uploads\/2022\/09\/cropped-cropped-pfc-agri-solutions-no-background-resized.png?fit=500%2C95&ssl=1","contentUrl":"https:\/\/i0.wp.com\/pfc-eu.com\/wp-content\/uploads\/2022\/09\/cropped-cropped-pfc-agri-solutions-no-background-resized.png?fit=500%2C95&ssl=1","width":500,"height":95,"caption":"PFC Ltd"},"image":{"@id":"https:\/\/pfc-eu.com\/#\/schema\/logo\/image\/"}}]}},"uagb_featured_image_src":{"full":false,"thumbnail":false,"medium":false,"medium_large":false,"large":false,"1536x1536":false,"2048x2048":false,"trp-custom-language-flag":false,"newspack-article-block-landscape-large":false,"newspack-article-block-portrait-large":false,"newspack-article-block-square-large":false,"newspack-article-block-landscape-medium":false,"newspack-article-block-portrait-medium":false,"newspack-article-block-square-medium":false,"newspack-article-block-landscape-intermediate":false,"newspack-article-block-portrait-intermediate":false,"newspack-article-block-square-intermediate":false,"newspack-article-block-landscape-small":false,"newspack-article-block-portrait-small":false,"newspack-article-block-square-small":false,"newspack-article-block-landscape-tiny":false,"newspack-article-block-portrait-tiny":false,"newspack-article-block-square-tiny":false,"newspack-article-block-uncropped":false,"post-thumbnail":false},"uagb_author_info":{"display_name":"richard","author_link":"https:\/\/pfc-eu.com\/de\/author\/richard\/"},"uagb_comment_info":0,"uagb_excerpt":"The Titan heavy duty disc cultivator is designed the work in the harshest conditions with ultimate reliability. The Titan is built with strength and versatility in mind. With a Titan, all the advantages of stubble cultivation are in your favour. Shallow to deep stubble cultivation, burial of large quantities of residue and the destruction of\"Titan&hellip;","jetpack_likes_enabled":true,"jetpack_sharing_enabled":true,"jetpack_shortlink":"https:\/\/wp.me\/Pck1DT-bI","jetpack-related-posts":[],"_links":{"self":[{"href":"https:\/\/pfc-eu.com\/de\/wp-json\/wp\/v2\/pages\/726","targetHints":{"allow":["GET"]}}],"collection":[{"href":"https:\/\/pfc-eu.com\/de\/wp-json\/wp\/v2\/pages"}],"about":[{"href":"https:\/\/pfc-eu.com\/de\/wp-json\/wp\/v2\/types\/page"}],"author":[{"embeddable":true,"href":"https:\/\/pfc-eu.com\/de\/wp-json\/wp\/v2\/users\/192351622"}],"replies":[{"embeddable":true,"href":"https:\/\/pfc-eu.com\/de\/wp-json\/wp\/v2\/comments?post=726"}],"version-history":[{"count":12,"href":"https:\/\/pfc-eu.com\/de\/wp-json\/wp\/v2\/pages\/726\/revisions"}],"predecessor-version":[{"id":2060,"href":"https:\/\/pfc-eu.com\/de\/wp-json\/wp\/v2\/pages\/726\/revisions\/2060"}],"wp:attachment":[{"href":"https:\/\/pfc-eu.com\/de\/wp-json\/wp\/v2\/media?parent=726"}],"curies":[{"name":"wp","href":"https:\/\/api.w.org\/{rel}","templated":true}]}}