{"id":3484,"date":"2024-03-14T14:40:33","date_gmt":"2024-03-14T14:40:33","guid":{"rendered":"https:\/\/pfc-eu.com\/?page_id=3484"},"modified":"2024-03-15T12:18:24","modified_gmt":"2024-03-15T12:18:24","slug":"duranet-silage-clamp-protective-nets","status":"publish","type":"page","link":"https:\/\/pfc-eu.com\/de\/duranet-silage-clamp-protective-nets\/","title":{"rendered":"Duranet Schutznetze f\u00fcr Silageklemmen"},"content":{"rendered":"<p class=\"wp-block-paragraph\">Engmaschige Silageabdeckungen aus verrottungs- und schimmelfestem UV-stabilisiertem Polyethylen-Monofilament zum Schutz von Silagegruben und -ballen.<br>Silagenetze verhindern, dass V\u00f6gel L\u00f6cher in die Silagefolie bohren und dadurch die Silage verderben. Zudem bieten sie Schutz vor Hagel- und Sturmsch\u00e4den.<br>Hochrei\u00dffestes Material aus hochwertigen Rohstoffen<br>Robuste Qualit\u00e4t mit einer extra langen Lebensdauer von mindestens 10 Jahren.<\/p>\n\n\n\n<figure class=\"wp-block-image size-full\"><img data-recalc-dims=\"1\" loading=\"lazy\" decoding=\"async\" width=\"750\" height=\"514\" data-attachment-id=\"3487\" data-permalink=\"https:\/\/pfc-eu.com\/de\/duranet-silage-clamp-protective-nets\/image-3\/\" data-orig-file=\"https:\/\/i0.wp.com\/pfc-eu.com\/wp-content\/uploads\/2024\/03\/image-3.png?fit=801%2C549&amp;ssl=1\" data-orig-size=\"801,549\" data-comments-opened=\"1\" data-image-meta=\"{&quot;aperture&quot;:&quot;0&quot;,&quot;credit&quot;:&quot;&quot;,&quot;camera&quot;:&quot;&quot;,&quot;caption&quot;:&quot;&quot;,&quot;created_timestamp&quot;:&quot;0&quot;,&quot;copyright&quot;:&quot;&quot;,&quot;focal_length&quot;:&quot;0&quot;,&quot;iso&quot;:&quot;0&quot;,&quot;shutter_speed&quot;:&quot;0&quot;,&quot;title&quot;:&quot;&quot;,&quot;orientation&quot;:&quot;0&quot;}\" data-image-title=\"image-3\" data-image-description=\"\" data-image-caption=\"\" data-large-file=\"https:\/\/i0.wp.com\/pfc-eu.com\/wp-content\/uploads\/2024\/03\/image-3.png?fit=750%2C514&amp;ssl=1\" src=\"https:\/\/i0.wp.com\/pfc-eu.com\/wp-content\/uploads\/2024\/03\/image-3.png?resize=750%2C514&#038;ssl=1\" alt=\"\" class=\"wp-image-3487\" srcset=\"https:\/\/i0.wp.com\/pfc-eu.com\/wp-content\/uploads\/2024\/03\/image-3.png?w=801&amp;ssl=1 801w, https:\/\/i0.wp.com\/pfc-eu.com\/wp-content\/uploads\/2024\/03\/image-3.png?resize=300%2C206&amp;ssl=1 300w, https:\/\/i0.wp.com\/pfc-eu.com\/wp-content\/uploads\/2024\/03\/image-3.png?resize=768%2C526&amp;ssl=1 768w, https:\/\/i0.wp.com\/pfc-eu.com\/wp-content\/uploads\/2024\/03\/image-3.png?resize=18%2C12&amp;ssl=1 18w\" sizes=\"auto, (max-width: 750px) 100vw, 750px\" \/><\/figure>\n\n\n\n<p class=\"wp-block-paragraph\">Silageschutznetze\/-abdeckungen dienen zum Abdecken von Silagefahrsilos und Silageballen. Duranet Silageabdeckungen bieten Schutz vor \u00e4u\u00dferen Einfl\u00fcssen aller Art. Die Abdeckungen sind in verschiedenen Gr\u00f6\u00dfen erh\u00e4ltlich. Zur Befestigung der Abdeckungen sind Silagebeutel und Ratschenb\u00e4nder erh\u00e4ltlich.<\/p>\n\n\n\n<figure class=\"wp-block-table\"><table><tbody><tr><td><strong>Teil #<\/strong><\/td><td><strong>Gr\u00f6\u00dfe<\/strong><\/td><td><strong>Listenpreis<\/strong><\/td><td><strong>Fracht<\/strong><\/td><\/tr><tr><td>DURA815 Silagenetz<\/td><td>8mx15m<\/td><td>\u00a3220<\/td><td>\u00a3100<\/td><\/tr><tr><td>DURA1015 Silagenetz<\/td><td>10mx15m<\/td><td>\u00a3260<\/td><td>\u00a3100<\/td><\/tr><tr><td>DURA1215 Silagenetz<\/td><td>12mx15m<\/td><td>\u00a3300<\/td><td>\u00a3100<\/td><\/tr><\/tbody><\/table><\/figure>\n\n\n\n<h1 class=\"wp-block-heading\">Silage-Kies-\/Sandsack.<\/h1>\n\n\n\n<p class=\"wp-block-paragraph\">Zubeh\u00f6r f\u00fcr Silageschutznetze. Sicher, sauber und bequemer als Reifen.<\/p>\n\n\n\n<figure class=\"wp-block-image\"><img data-recalc-dims=\"1\" decoding=\"async\" src=\"https:\/\/i0.wp.com\/s3-eu-west-3.amazonaws.com\/jorosoft-duranet-live\/jorosoft-duranet-live-ec6d3bf0-6777-4387-9fcc-d5c9a92d2c0a.jpg?w=750&#038;ssl=1\" alt=\"Attachment accessories for silage protection nets\"\/><\/figure>\n\n\n\n<figure class=\"wp-block-image\"><img data-recalc-dims=\"1\" decoding=\"async\" src=\"https:\/\/i0.wp.com\/s3-eu-west-3.amazonaws.com\/jorosoft-duranet-live\/jorosoft-duranet-live-7460a4dd-3fd6-467d-9f21-7d6ec3e37a8e.jpg?w=750&#038;ssl=1\" alt=\"Silage protection nets\"\/><\/figure>\n\n\n\n<p class=\"wp-block-paragraph\"><a href=\"https:\/\/s3-eu-west-3.amazonaws.com\/jorosoft-duranet-live\/jorosoft-duranet-live-23346381-e957-4c42-a7f4-1831798644cb.jpg\"><\/a><\/p>","protected":false},"excerpt":{"rendered":"<p>Engmaschige Silageabdeckungen aus verrottungs- und schimmelfestem UV-stabilisiertem Polyethylen-Monofilament zum Schutz von Silagegruben und -ballen. Silagenetze verhindern, dass V\u00f6gel L\u00f6cher in Silagefolien bohren und die Silage dadurch verdirbt. Zudem bieten sie Schutz vor Hagel- und Sturmsch\u00e4den. Hochrei\u00dffestes Material aus hochwertigen Rohstoffen. Robuste Qualit\u00e4t mit extra langer Lebensdauer.<a class=\"more-link\" href=\"https:\/\/pfc-eu.com\/de\/duranet-silage-clamp-protective-nets\/\"><span class=\"screen-reader-text\">\u201eDuranet Silagesilo-Schutznetze\u201c<\/span> weiterlesen<\/a><\/p>","protected":false},"author":192351622,"featured_media":0,"parent":0,"menu_order":0,"comment_status":"closed","ping_status":"closed","template":"","meta":{"_coblocks_attr":"","_coblocks_dimensions":"","_coblocks_responsive_height":"","_coblocks_accordion_ie_support":"","_crdt_document":"","_uag_custom_page_level_css":"","jetpack_post_was_ever_published":false,"footnotes":""},"class_list":["post-3484","page","type-page","status-publish","hentry","entry"],"yoast_head":"<!-- This site is optimized with the Yoast SEO plugin v27.3 - https:\/\/yoast.com\/product\/yoast-seo-wordpress\/ -->\n<title>Duranet Silage Clamp Protective Nets - PFC Ltd<\/title>\n<meta name=\"description\" content=\"Silage nets\" \/>\n<meta name=\"robots\" content=\"index, follow, max-snippet:-1, max-image-preview:large, max-video-preview:-1\" \/>\n<link rel=\"canonical\" href=\"https:\/\/pfc-eu.com\/de\/duranet-silage-clamp-protective-nets\/\" \/>\n<meta property=\"og:locale\" content=\"de_DE\" \/>\n<meta property=\"og:type\" content=\"article\" \/>\n<meta property=\"og:title\" content=\"Duranet Silage Clamp Protective Nets - PFC Ltd\" \/>\n<meta property=\"og:description\" content=\"Silage nets\" \/>\n<meta property=\"og:url\" content=\"https:\/\/pfc-eu.com\/de\/duranet-silage-clamp-protective-nets\/\" \/>\n<meta property=\"og:site_name\" content=\"PFC Ltd\" \/>\n<meta property=\"article:modified_time\" content=\"2024-03-15T12:18:24+00:00\" \/>\n<meta property=\"og:image\" content=\"https:\/\/pfc-eu.com\/wp-content\/uploads\/2024\/03\/image-3.png\" \/>\n<meta name=\"twitter:card\" content=\"summary_large_image\" \/>\n<meta name=\"twitter:label1\" content=\"Gesch\u00e4tzte Lesezeit\" \/>\n\t<meta name=\"twitter:data1\" content=\"2\u00a0Minuten\" \/>\n<script type=\"application\/ld+json\" class=\"yoast-schema-graph\">{\"@context\":\"https:\\\/\\\/schema.org\",\"@graph\":[{\"@type\":\"WebPage\",\"@id\":\"https:\\\/\\\/pfc-eu.com\\\/duranet-silage-clamp-protective-nets\\\/\",\"url\":\"https:\\\/\\\/pfc-eu.com\\\/duranet-silage-clamp-protective-nets\\\/\",\"name\":\"Duranet Silage Clamp Protective Nets - PFC Ltd\",\"isPartOf\":{\"@id\":\"https:\\\/\\\/pfc-eu.com\\\/#website\"},\"primaryImageOfPage\":{\"@id\":\"https:\\\/\\\/pfc-eu.com\\\/duranet-silage-clamp-protective-nets\\\/#primaryimage\"},\"image\":{\"@id\":\"https:\\\/\\\/pfc-eu.com\\\/duranet-silage-clamp-protective-nets\\\/#primaryimage\"},\"thumbnailUrl\":\"https:\\\/\\\/pfc-eu.com\\\/wp-content\\\/uploads\\\/2024\\\/03\\\/image-3.png\",\"datePublished\":\"2024-03-14T14:40:33+00:00\",\"dateModified\":\"2024-03-15T12:18:24+00:00\",\"description\":\"Silage nets\",\"breadcrumb\":{\"@id\":\"https:\\\/\\\/pfc-eu.com\\\/duranet-silage-clamp-protective-nets\\\/#breadcrumb\"},\"inLanguage\":\"de\",\"potentialAction\":[{\"@type\":\"ReadAction\",\"target\":[\"https:\\\/\\\/pfc-eu.com\\\/duranet-silage-clamp-protective-nets\\\/\"]}]},{\"@type\":\"ImageObject\",\"inLanguage\":\"de\",\"@id\":\"https:\\\/\\\/pfc-eu.com\\\/duranet-silage-clamp-protective-nets\\\/#primaryimage\",\"url\":\"https:\\\/\\\/pfc-eu.com\\\/wp-content\\\/uploads\\\/2024\\\/03\\\/image-3.png\",\"contentUrl\":\"https:\\\/\\\/pfc-eu.com\\\/wp-content\\\/uploads\\\/2024\\\/03\\\/image-3.png\"},{\"@type\":\"BreadcrumbList\",\"@id\":\"https:\\\/\\\/pfc-eu.com\\\/duranet-silage-clamp-protective-nets\\\/#breadcrumb\",\"itemListElement\":[{\"@type\":\"ListItem\",\"position\":1,\"name\":\"Home\",\"item\":\"https:\\\/\\\/pfc-eu.com\\\/\"},{\"@type\":\"ListItem\",\"position\":2,\"name\":\"Duranet Silage Clamp Protective Nets\"}]},{\"@type\":\"WebSite\",\"@id\":\"https:\\\/\\\/pfc-eu.com\\\/#website\",\"url\":\"https:\\\/\\\/pfc-eu.com\\\/\",\"name\":\"PFC Ltd\",\"description\":\"Precision, Quality, Service\",\"publisher\":{\"@id\":\"https:\\\/\\\/pfc-eu.com\\\/#organization\"},\"potentialAction\":[{\"@type\":\"SearchAction\",\"target\":{\"@type\":\"EntryPoint\",\"urlTemplate\":\"https:\\\/\\\/pfc-eu.com\\\/?s={search_term_string}\"},\"query-input\":{\"@type\":\"PropertyValueSpecification\",\"valueRequired\":true,\"valueName\":\"search_term_string\"}}],\"inLanguage\":\"de\"},{\"@type\":\"Organization\",\"@id\":\"https:\\\/\\\/pfc-eu.com\\\/#organization\",\"name\":\"PFC Ltd\",\"url\":\"https:\\\/\\\/pfc-eu.com\\\/\",\"logo\":{\"@type\":\"ImageObject\",\"inLanguage\":\"de\",\"@id\":\"https:\\\/\\\/pfc-eu.com\\\/#\\\/schema\\\/logo\\\/image\\\/\",\"url\":\"https:\\\/\\\/i0.wp.com\\\/pfc-eu.com\\\/wp-content\\\/uploads\\\/2022\\\/09\\\/cropped-cropped-pfc-agri-solutions-no-background-resized.png?fit=500%2C95&ssl=1\",\"contentUrl\":\"https:\\\/\\\/i0.wp.com\\\/pfc-eu.com\\\/wp-content\\\/uploads\\\/2022\\\/09\\\/cropped-cropped-pfc-agri-solutions-no-background-resized.png?fit=500%2C95&ssl=1\",\"width\":500,\"height\":95,\"caption\":\"PFC Ltd\"},\"image\":{\"@id\":\"https:\\\/\\\/pfc-eu.com\\\/#\\\/schema\\\/logo\\\/image\\\/\"}}]}<\/script>\n<!-- \/ Yoast SEO plugin. -->","yoast_head_json":{"title":"Duranet Silage Clamp Protective Nets - PFC Ltd","description":"Silage nets","robots":{"index":"index","follow":"follow","max-snippet":"max-snippet:-1","max-image-preview":"max-image-preview:large","max-video-preview":"max-video-preview:-1"},"canonical":"https:\/\/pfc-eu.com\/de\/duranet-silage-clamp-protective-nets\/","og_locale":"de_DE","og_type":"article","og_title":"Duranet Silage Clamp Protective Nets - PFC Ltd","og_description":"Silage nets","og_url":"https:\/\/pfc-eu.com\/de\/duranet-silage-clamp-protective-nets\/","og_site_name":"PFC Ltd","article_modified_time":"2024-03-15T12:18:24+00:00","og_image":[{"url":"https:\/\/pfc-eu.com\/wp-content\/uploads\/2024\/03\/image-3.png","type":"","width":"","height":""}],"twitter_card":"summary_large_image","twitter_misc":{"Gesch\u00e4tzte Lesezeit":"2\u00a0Minuten"},"schema":{"@context":"https:\/\/schema.org","@graph":[{"@type":"WebPage","@id":"https:\/\/pfc-eu.com\/duranet-silage-clamp-protective-nets\/","url":"https:\/\/pfc-eu.com\/duranet-silage-clamp-protective-nets\/","name":"Duranet Silage Clamp Protective Nets - PFC Ltd","isPartOf":{"@id":"https:\/\/pfc-eu.com\/#website"},"primaryImageOfPage":{"@id":"https:\/\/pfc-eu.com\/duranet-silage-clamp-protective-nets\/#primaryimage"},"image":{"@id":"https:\/\/pfc-eu.com\/duranet-silage-clamp-protective-nets\/#primaryimage"},"thumbnailUrl":"https:\/\/pfc-eu.com\/wp-content\/uploads\/2024\/03\/image-3.png","datePublished":"2024-03-14T14:40:33+00:00","dateModified":"2024-03-15T12:18:24+00:00","description":"Silage nets","breadcrumb":{"@id":"https:\/\/pfc-eu.com\/duranet-silage-clamp-protective-nets\/#breadcrumb"},"inLanguage":"de","potentialAction":[{"@type":"ReadAction","target":["https:\/\/pfc-eu.com\/duranet-silage-clamp-protective-nets\/"]}]},{"@type":"ImageObject","inLanguage":"de","@id":"https:\/\/pfc-eu.com\/duranet-silage-clamp-protective-nets\/#primaryimage","url":"https:\/\/pfc-eu.com\/wp-content\/uploads\/2024\/03\/image-3.png","contentUrl":"https:\/\/pfc-eu.com\/wp-content\/uploads\/2024\/03\/image-3.png"},{"@type":"BreadcrumbList","@id":"https:\/\/pfc-eu.com\/duranet-silage-clamp-protective-nets\/#breadcrumb","itemListElement":[{"@type":"ListItem","position":1,"name":"Home","item":"https:\/\/pfc-eu.com\/"},{"@type":"ListItem","position":2,"name":"Duranet Silage Clamp Protective Nets"}]},{"@type":"WebSite","@id":"https:\/\/pfc-eu.com\/#website","url":"https:\/\/pfc-eu.com\/","name":"PFC Ltd","description":"Pr\u00e4zision, Qualit\u00e4t, Service","publisher":{"@id":"https:\/\/pfc-eu.com\/#organization"},"potentialAction":[{"@type":"SearchAction","target":{"@type":"EntryPoint","urlTemplate":"https:\/\/pfc-eu.com\/?s={search_term_string}"},"query-input":{"@type":"PropertyValueSpecification","valueRequired":true,"valueName":"search_term_string"}}],"inLanguage":"de"},{"@type":"Organization","@id":"https:\/\/pfc-eu.com\/#organization","name":"PFC Ltd","url":"https:\/\/pfc-eu.com\/","logo":{"@type":"ImageObject","inLanguage":"de","@id":"https:\/\/pfc-eu.com\/#\/schema\/logo\/image\/","url":"https:\/\/i0.wp.com\/pfc-eu.com\/wp-content\/uploads\/2022\/09\/cropped-cropped-pfc-agri-solutions-no-background-resized.png?fit=500%2C95&ssl=1","contentUrl":"https:\/\/i0.wp.com\/pfc-eu.com\/wp-content\/uploads\/2022\/09\/cropped-cropped-pfc-agri-solutions-no-background-resized.png?fit=500%2C95&ssl=1","width":500,"height":95,"caption":"PFC Ltd"},"image":{"@id":"https:\/\/pfc-eu.com\/#\/schema\/logo\/image\/"}}]}},"uagb_featured_image_src":{"full":false,"thumbnail":false,"medium":false,"medium_large":false,"large":false,"1536x1536":false,"2048x2048":false,"trp-custom-language-flag":false,"newspack-article-block-landscape-large":false,"newspack-article-block-portrait-large":false,"newspack-article-block-square-large":false,"newspack-article-block-landscape-medium":false,"newspack-article-block-portrait-medium":false,"newspack-article-block-square-medium":false,"newspack-article-block-landscape-intermediate":false,"newspack-article-block-portrait-intermediate":false,"newspack-article-block-square-intermediate":false,"newspack-article-block-landscape-small":false,"newspack-article-block-portrait-small":false,"newspack-article-block-square-small":false,"newspack-article-block-landscape-tiny":false,"newspack-article-block-portrait-tiny":false,"newspack-article-block-square-tiny":false,"newspack-article-block-uncropped":false,"post-thumbnail":false},"uagb_author_info":{"display_name":"richard","author_link":"https:\/\/pfc-eu.com\/de\/author\/richard\/"},"uagb_comment_info":0,"uagb_excerpt":"Close-meshed silage covers made from rot-resistant and mould-free UV stabilised polyethylene monofilament to protect silage pits and bales.Silage nets prevent birds from making holes in silage sheets, which cause the silage to spoil. They also provide protection against hail and storm damage.Highly tear-resistant material made high grade raw materialsHeavy-duty quality with an extra long lifespan\"Duranet&hellip;","jetpack_likes_enabled":true,"jetpack_sharing_enabled":true,"jetpack_shortlink":"https:\/\/wp.me\/Pck1DT-Uc","jetpack-related-posts":[],"_links":{"self":[{"href":"https:\/\/pfc-eu.com\/de\/wp-json\/wp\/v2\/pages\/3484","targetHints":{"allow":["GET"]}}],"collection":[{"href":"https:\/\/pfc-eu.com\/de\/wp-json\/wp\/v2\/pages"}],"about":[{"href":"https:\/\/pfc-eu.com\/de\/wp-json\/wp\/v2\/types\/page"}],"author":[{"embeddable":true,"href":"https:\/\/pfc-eu.com\/de\/wp-json\/wp\/v2\/users\/192351622"}],"replies":[{"embeddable":true,"href":"https:\/\/pfc-eu.com\/de\/wp-json\/wp\/v2\/comments?post=3484"}],"version-history":[{"count":27,"href":"https:\/\/pfc-eu.com\/de\/wp-json\/wp\/v2\/pages\/3484\/revisions"}],"predecessor-version":[{"id":3571,"href":"https:\/\/pfc-eu.com\/de\/wp-json\/wp\/v2\/pages\/3484\/revisions\/3571"}],"wp:attachment":[{"href":"https:\/\/pfc-eu.com\/de\/wp-json\/wp\/v2\/media?parent=3484"}],"curies":[{"name":"wp","href":"https:\/\/api.w.org\/{rel}","templated":true}]}}