{"id":1114,"date":"2020-10-06T16:26:32","date_gmt":"2020-10-06T15:26:32","guid":{"rendered":"https:\/\/pfc-eu.com\/?page_id=1114"},"modified":"2024-12-17T11:52:48","modified_gmt":"2024-12-17T11:52:48","slug":"cropsaver-preservative","status":"publish","type":"page","link":"https:\/\/pfc-eu.com\/de\/cropsaver-preservative\/","title":{"rendered":"PFC Agri Solutions HarvestPro gepuffertes S\u00e4urekonservierungsmittel"},"content":{"rendered":"<p class=\"has-large-font-size wp-block-paragraph\">Das Pressen von Heu oder Stroh h\u00e4ngt stark vom Wetter ab. Wenn Sie das Heu zu lange liegen lassen, bevor Sie es pressen, verliert es an Qualit\u00e4t und Ertrag. Wenn Sie es zu fr\u00fch und bei Feuchtigkeitswerten \u00fcber 15% pressen, besteht die Gefahr, dass sich die Ballen erhitzen und im schlimmsten Fall spontan entz\u00fcnden. Ohne Konservierungsmittel bilden sich au\u00dferdem Schimmelpilze, die Staubbildung und einen Qualit\u00e4tsverlust der Ballen zur Folge haben. Das Ergebnis ist, dass das Vieh anf\u00e4lliger f\u00fcr Atemwegserkrankungen wird und der N\u00e4hrwert des Futters deutlich abnimmt. Mit PFC Agri Solutions HarvestPro behandeltes Heu hat einen viel h\u00f6heren Futterwert und ist staub- und schimmelfrei. Wichtig ist, die Feuchtigkeitsschwankungen und die variablen Tonnen pro Stunde beim Pressen genau zu ber\u00fccksichtigen. Mit einem automatischen Applikator von PFC Agri Solutions oder einem manuellen Applikator von DigiTec gelingt dies.<\/p>\n\n\n\n<p class=\"has-large-font-size wp-block-paragraph\">Mit den neuesten Anwendungsystemen von PFC Agri Solution sind Sie dem Wetter gewachsen und k\u00f6nnen durch die Verwendung des Heukonservierungsmittels HarvestPro von PFC Agri Solutions sicher Ballen bei Feuchtigkeitsgehalten zwischen 15% und 30% pressen.<\/p>\n\n\n\n<p class=\"wp-block-paragraph\">Bitte beachten Sie, dass HarvestPro f\u00fcr den Transport nicht ADR-konform ist und keine spezialisierten, ADR-zugelassenen Fahrer f\u00fcr den Transport erfordert, die zu Transportverz\u00f6gerungen f\u00fchren k\u00f6nnen. Es gibt keine Einschr\u00e4nkungen f\u00fcr den Stra\u00dfen- oder Seetransport wie bei anderen Heukonservierungsmitteln.<\/p>\n\n\n\n<figure class=\"wp-block-image size-large\"><img data-recalc-dims=\"1\" loading=\"lazy\" decoding=\"async\" width=\"750\" height=\"249\" data-attachment-id=\"1129\" data-permalink=\"https:\/\/pfc-eu.com\/de\/cropsaver-app-chart\/\" data-orig-file=\"https:\/\/i0.wp.com\/pfc-eu.com\/wp-content\/uploads\/2020\/10\/cropsaver-app-chart.png?fit=1340%2C445&amp;ssl=1\" data-orig-size=\"1340,445\" data-comments-opened=\"1\" data-image-meta=\"{&quot;aperture&quot;:&quot;0&quot;,&quot;credit&quot;:&quot;&quot;,&quot;camera&quot;:&quot;&quot;,&quot;caption&quot;:&quot;&quot;,&quot;created_timestamp&quot;:&quot;0&quot;,&quot;copyright&quot;:&quot;&quot;,&quot;focal_length&quot;:&quot;0&quot;,&quot;iso&quot;:&quot;0&quot;,&quot;shutter_speed&quot;:&quot;0&quot;,&quot;title&quot;:&quot;&quot;,&quot;orientation&quot;:&quot;0&quot;}\" data-image-title=\"cropsaver-app-chart\" data-image-description=\"\" data-image-caption=\"\" data-large-file=\"https:\/\/i0.wp.com\/pfc-eu.com\/wp-content\/uploads\/2020\/10\/cropsaver-app-chart.png?fit=750%2C249&amp;ssl=1\" src=\"https:\/\/i0.wp.com\/pfc-eu.com\/wp-content\/uploads\/2020\/10\/cropsaver-app-chart.png?resize=750%2C249&#038;ssl=1\" alt=\"\" class=\"wp-image-1129\"\/><\/figure>\n\n\n\n<p class=\"has-large-font-size wp-block-paragraph\">Bei h\u00f6heren Feuchtigkeitswerten sicher pressen zu k\u00f6nnen, hat viele Vorteile:<\/p>\n\n\n\n<p class=\"has-large-font-size wp-block-paragraph\">Gr\u00fcneres Heu hat im Allgemeinen einen h\u00f6heren Futterwert und der zus\u00e4tzliche Ertrag, der durch fr\u00fcheres Pressen erzielt wird, macht das Konservierungsmittel HarvestPro von Agri Solutions, das zum Schutz des Heus verwendet wird, mehr als wett.<\/p>\n\n\n\n<p class=\"has-large-font-size wp-block-paragraph\">Erm\u00f6glicht ein fr\u00fcheres Ballenpressen im Vergleich zu unbehandeltem Futter<\/p>\n\n\n\n<div class=\"wp-block-media-text alignwide is-stacked-on-mobile\"><figure class=\"wp-block-media-text__media\"><img data-recalc-dims=\"1\" loading=\"lazy\" decoding=\"async\" width=\"750\" height=\"648\" data-attachment-id=\"1116\" data-permalink=\"https:\/\/pfc-eu.com\/de\/balers-choice-side-by-side-no-bg\/\" data-orig-file=\"https:\/\/i0.wp.com\/pfc-eu.com\/wp-content\/uploads\/2020\/10\/balers-choice-side-by-side-no-bg.png?fit=2135%2C1844&amp;ssl=1\" data-orig-size=\"2135,1844\" data-comments-opened=\"1\" data-image-meta=\"{&quot;aperture&quot;:&quot;0&quot;,&quot;credit&quot;:&quot;&quot;,&quot;camera&quot;:&quot;&quot;,&quot;caption&quot;:&quot;&quot;,&quot;created_timestamp&quot;:&quot;0&quot;,&quot;copyright&quot;:&quot;&quot;,&quot;focal_length&quot;:&quot;0&quot;,&quot;iso&quot;:&quot;0&quot;,&quot;shutter_speed&quot;:&quot;0&quot;,&quot;title&quot;:&quot;&quot;,&quot;orientation&quot;:&quot;0&quot;}\" data-image-title=\"balers-choice-side-by-side-no-bg\" data-image-description=\"\" data-image-caption=\"\" data-large-file=\"https:\/\/i0.wp.com\/pfc-eu.com\/wp-content\/uploads\/2020\/10\/balers-choice-side-by-side-no-bg.png?fit=750%2C648&amp;ssl=1\" src=\"https:\/\/i0.wp.com\/pfc-eu.com\/wp-content\/uploads\/2020\/10\/balers-choice-side-by-side-no-bg.png?resize=750%2C648&#038;ssl=1\" alt=\"\" class=\"wp-image-1116 size-full\"\/><\/figure><div class=\"wp-block-media-text__content\">\n<p class=\"has-large-font-size wp-block-paragraph\">Das Konservierungsmittel HarvestPro von PFC Agri Solutions ist f\u00fcr alle Arten von Futtersilage, Heulage, Heu, Stroh, Heulage, Silageballen und Silage f\u00fcr Silage geeignet. Dank seiner einzigartigen Formel und seines Herstellungsverfahrens ist es nicht korrodierend f\u00fcr die Ballenpresse, hat einen nahezu neutralen pH-Wert und ist f\u00fcr die Bediener der Ballenpresse viel sicherer zu handhaben. Die Anwendungsraten beginnen bei einer niedrigen Anwendungsrate. Seine einzigartige Formel verleiht ihm einen hohen Propions\u00e4uregehalt, ein hohes spezifisches Gewicht und einen nahezu neutralen pH-Wert. HarvestPro hat ein Befeuchtungsmittel, um Winddrift zu reduzieren, und verhindert die Verdunstung beim Spr\u00fchen und im gelagerten Stapel. Konkurrenzprodukte sind pro Liter viel schw\u00e4cher, verdunsten und haben eine viel h\u00f6here Anwendungsrate und kosten ausnahmslos mehr pro Tonne behandelter Ernte oder bei Maschinenreparaturen.<\/p>\n<\/div><\/div>\n\n\n\n<figure class=\"wp-block-image size-large is-resized\"><img data-recalc-dims=\"1\" loading=\"lazy\" decoding=\"async\" width=\"552\" height=\"218\" data-attachment-id=\"1118\" data-permalink=\"https:\/\/pfc-eu.com\/de\/cropsaver-app-graph\/\" data-orig-file=\"https:\/\/i0.wp.com\/pfc-eu.com\/wp-content\/uploads\/2020\/10\/cropsaver-app-graph.png?fit=552%2C218&amp;ssl=1\" data-orig-size=\"552,218\" data-comments-opened=\"1\" data-image-meta=\"{&quot;aperture&quot;:&quot;0&quot;,&quot;credit&quot;:&quot;&quot;,&quot;camera&quot;:&quot;&quot;,&quot;caption&quot;:&quot;&quot;,&quot;created_timestamp&quot;:&quot;0&quot;,&quot;copyright&quot;:&quot;&quot;,&quot;focal_length&quot;:&quot;0&quot;,&quot;iso&quot;:&quot;0&quot;,&quot;shutter_speed&quot;:&quot;0&quot;,&quot;title&quot;:&quot;&quot;,&quot;orientation&quot;:&quot;0&quot;}\" data-image-title=\"cropsaver-app-graph\" data-image-description=\"\" data-image-caption=\"\" data-large-file=\"https:\/\/i0.wp.com\/pfc-eu.com\/wp-content\/uploads\/2020\/10\/cropsaver-app-graph.png?fit=552%2C218&amp;ssl=1\" src=\"https:\/\/i0.wp.com\/pfc-eu.com\/wp-content\/uploads\/2020\/10\/cropsaver-app-graph.png?resize=552%2C218&#038;ssl=1\" alt=\"\" class=\"wp-image-1118\" style=\"width:809px;height:auto\"\/><\/figure>\n\n\n<div class=\"wp-block-image is-resized\">\n<figure class=\"alignleft size-large\"><a href=\"\/de\/select-nh-machine\/\"><img data-recalc-dims=\"1\" loading=\"lazy\" decoding=\"async\" width=\"340\" height=\"338\" data-attachment-id=\"1124\" data-permalink=\"https:\/\/pfc-eu.com\/de\/moisture-icon-button-4\/\" data-orig-file=\"https:\/\/i0.wp.com\/pfc-eu.com\/wp-content\/uploads\/2020\/10\/moisture-icon-button.png?fit=340%2C338&amp;ssl=1\" data-orig-size=\"340,338\" data-comments-opened=\"1\" data-image-meta=\"{&quot;aperture&quot;:&quot;0&quot;,&quot;credit&quot;:&quot;&quot;,&quot;camera&quot;:&quot;&quot;,&quot;caption&quot;:&quot;&quot;,&quot;created_timestamp&quot;:&quot;0&quot;,&quot;copyright&quot;:&quot;&quot;,&quot;focal_length&quot;:&quot;0&quot;,&quot;iso&quot;:&quot;0&quot;,&quot;shutter_speed&quot;:&quot;0&quot;,&quot;title&quot;:&quot;&quot;,&quot;orientation&quot;:&quot;0&quot;}\" data-image-title=\"moisture-icon-button\" data-image-description=\"\" data-image-caption=\"\" data-large-file=\"https:\/\/i0.wp.com\/pfc-eu.com\/wp-content\/uploads\/2020\/10\/moisture-icon-button.png?fit=340%2C338&amp;ssl=1\" src=\"https:\/\/i0.wp.com\/pfc-eu.com\/wp-content\/uploads\/2020\/10\/moisture-icon-button.png?resize=340%2C338&#038;ssl=1\" alt=\"\" class=\"wp-image-1124\"\/><\/a><figcaption class=\"wp-element-caption\">Feuchtigkeitssensor<\/figcaption><\/figure>\n<\/div>\n\n<div class=\"wp-block-image is-resized\">\n<figure class=\"alignleft size-large\"><a href=\"\/de\/select-nh-machine\/\"><img data-recalc-dims=\"1\" loading=\"lazy\" decoding=\"async\" width=\"218\" height=\"216\" data-attachment-id=\"1126\" data-permalink=\"https:\/\/pfc-eu.com\/de\/nozzle-icon-button-1-3\/\" data-orig-file=\"https:\/\/i0.wp.com\/pfc-eu.com\/wp-content\/uploads\/2020\/10\/nozzle-icon-button-1.png?fit=218%2C216&amp;ssl=1\" data-orig-size=\"218,216\" data-comments-opened=\"1\" data-image-meta=\"{&quot;aperture&quot;:&quot;0&quot;,&quot;credit&quot;:&quot;&quot;,&quot;camera&quot;:&quot;&quot;,&quot;caption&quot;:&quot;&quot;,&quot;created_timestamp&quot;:&quot;0&quot;,&quot;copyright&quot;:&quot;&quot;,&quot;focal_length&quot;:&quot;0&quot;,&quot;iso&quot;:&quot;0&quot;,&quot;shutter_speed&quot;:&quot;0&quot;,&quot;title&quot;:&quot;&quot;,&quot;orientation&quot;:&quot;0&quot;}\" data-image-title=\"nozzle-icon-button-1\" data-image-description=\"\" data-image-caption=\"\" data-large-file=\"https:\/\/i0.wp.com\/pfc-eu.com\/wp-content\/uploads\/2020\/10\/nozzle-icon-button-1.png?fit=218%2C216&amp;ssl=1\" src=\"https:\/\/i0.wp.com\/pfc-eu.com\/wp-content\/uploads\/2020\/10\/nozzle-icon-button-1.png?resize=218%2C216&#038;ssl=1\" alt=\"\" class=\"wp-image-1126\" style=\"width:343px;height:auto\"\/><\/a><figcaption class=\"wp-element-caption\">Anwendungsausr\u00fcstung<\/figcaption><\/figure>\n<\/div>\n\n<div class=\"wp-block-image is-resized\">\n<figure class=\"alignleft size-large\"><a href=\"\/de\/cropsaver-media-centre\/\"><img data-recalc-dims=\"1\" loading=\"lazy\" decoding=\"async\" width=\"341\" height=\"356\" data-attachment-id=\"1123\" data-permalink=\"https:\/\/pfc-eu.com\/de\/media-icon-button-12\/\" data-orig-file=\"https:\/\/i0.wp.com\/pfc-eu.com\/wp-content\/uploads\/2020\/10\/media-icon-button.png?fit=341%2C356&amp;ssl=1\" data-orig-size=\"341,356\" data-comments-opened=\"1\" data-image-meta=\"{&quot;aperture&quot;:&quot;0&quot;,&quot;credit&quot;:&quot;&quot;,&quot;camera&quot;:&quot;&quot;,&quot;caption&quot;:&quot;&quot;,&quot;created_timestamp&quot;:&quot;0&quot;,&quot;copyright&quot;:&quot;&quot;,&quot;focal_length&quot;:&quot;0&quot;,&quot;iso&quot;:&quot;0&quot;,&quot;shutter_speed&quot;:&quot;0&quot;,&quot;title&quot;:&quot;&quot;,&quot;orientation&quot;:&quot;0&quot;}\" data-image-title=\"media-icon-button\" data-image-description=\"\" data-image-caption=\"\" data-large-file=\"https:\/\/i0.wp.com\/pfc-eu.com\/wp-content\/uploads\/2020\/10\/media-icon-button.png?fit=341%2C356&amp;ssl=1\" src=\"https:\/\/i0.wp.com\/pfc-eu.com\/wp-content\/uploads\/2020\/10\/media-icon-button.png?resize=341%2C356&#038;ssl=1\" alt=\"\" class=\"wp-image-1123\"\/><\/a><figcaption class=\"wp-element-caption\">Medienzentrum<\/figcaption><\/figure>\n<\/div>","protected":false},"excerpt":{"rendered":"<p>Das Pressen von Heu oder Stroh h\u00e4ngt stark vom Wetter ab. Wenn Sie das Heu zu lange stehen lassen, bevor Sie es pressen, verliert es an Qualit\u00e4t und Ertrag. Wenn Sie es zu fr\u00fch und bei einem Feuchtigkeitsgehalt \u00fcber 15% pressen, besteht die Gefahr, dass sich die Ballen erhitzen und im schlimmsten Fall spontan entz\u00fcnden. Ohne Konservierungsmittel bilden sich au\u00dferdem Schimmelpilze, die zu Staubbildung und einem Verlust der Ballen f\u00fchren.<a class=\"more-link\" href=\"https:\/\/pfc-eu.com\/de\/cropsaver-preservative\/\"><span class=\"screen-reader-text\">\u201ePFC Agri Solutions HarvestPro gepuffertes S\u00e4urekonservierungsmittel\u201c<\/span> weiterlesen<\/a><\/p>","protected":false},"author":192351622,"featured_media":0,"parent":0,"menu_order":0,"comment_status":"closed","ping_status":"closed","template":"","meta":{"_coblocks_attr":"","_coblocks_dimensions":"","_coblocks_responsive_height":"","_coblocks_accordion_ie_support":"","_crdt_document":"","_uag_custom_page_level_css":"","jetpack_post_was_ever_published":false,"footnotes":""},"class_list":["post-1114","page","type-page","status-publish","hentry","entry"],"yoast_head":"<!-- This site is optimized with the Yoast SEO plugin v27.3 - https:\/\/yoast.com\/product\/yoast-seo-wordpress\/ -->\n<title>PFC Agri Solutions HarvestPro Buffered Acid Preservative - PFC Ltd<\/title>\n<meta name=\"description\" content=\"Crop Saver hay preservative\" \/>\n<meta name=\"robots\" content=\"index, follow, max-snippet:-1, max-image-preview:large, max-video-preview:-1\" \/>\n<link rel=\"canonical\" href=\"https:\/\/pfc-eu.com\/de\/cropsaver-preservative\/\" \/>\n<meta property=\"og:locale\" content=\"de_DE\" \/>\n<meta property=\"og:type\" content=\"article\" \/>\n<meta property=\"og:title\" content=\"PFC Agri Solutions HarvestPro Buffered Acid Preservative - PFC Ltd\" \/>\n<meta property=\"og:description\" content=\"Crop Saver hay preservative\" \/>\n<meta property=\"og:url\" content=\"https:\/\/pfc-eu.com\/de\/cropsaver-preservative\/\" \/>\n<meta property=\"og:site_name\" content=\"PFC Ltd\" \/>\n<meta property=\"article:modified_time\" content=\"2024-12-17T11:52:48+00:00\" \/>\n<meta property=\"og:image\" content=\"https:\/\/pfc-eu.com\/wp-content\/uploads\/2020\/10\/cropsaver-app-chart.png?w=1024\" \/>\n<meta name=\"twitter:card\" content=\"summary_large_image\" \/>\n<meta name=\"twitter:label1\" content=\"Gesch\u00e4tzte Lesezeit\" \/>\n\t<meta name=\"twitter:data1\" content=\"3\u00a0Minuten\" \/>\n<script type=\"application\/ld+json\" class=\"yoast-schema-graph\">{\"@context\":\"https:\\\/\\\/schema.org\",\"@graph\":[{\"@type\":\"WebPage\",\"@id\":\"https:\\\/\\\/pfc-eu.com\\\/cropsaver-preservative\\\/\",\"url\":\"https:\\\/\\\/pfc-eu.com\\\/cropsaver-preservative\\\/\",\"name\":\"PFC Agri Solutions HarvestPro Buffered Acid Preservative - PFC Ltd\",\"isPartOf\":{\"@id\":\"https:\\\/\\\/pfc-eu.com\\\/#website\"},\"primaryImageOfPage\":{\"@id\":\"https:\\\/\\\/pfc-eu.com\\\/cropsaver-preservative\\\/#primaryimage\"},\"image\":{\"@id\":\"https:\\\/\\\/pfc-eu.com\\\/cropsaver-preservative\\\/#primaryimage\"},\"thumbnailUrl\":\"https:\\\/\\\/pfc-eu.com\\\/wp-content\\\/uploads\\\/2020\\\/10\\\/cropsaver-app-chart.png?w=1024\",\"datePublished\":\"2020-10-06T15:26:32+00:00\",\"dateModified\":\"2024-12-17T11:52:48+00:00\",\"description\":\"Crop Saver hay preservative\",\"breadcrumb\":{\"@id\":\"https:\\\/\\\/pfc-eu.com\\\/cropsaver-preservative\\\/#breadcrumb\"},\"inLanguage\":\"de\",\"potentialAction\":[{\"@type\":\"ReadAction\",\"target\":[\"https:\\\/\\\/pfc-eu.com\\\/cropsaver-preservative\\\/\"]}]},{\"@type\":\"ImageObject\",\"inLanguage\":\"de\",\"@id\":\"https:\\\/\\\/pfc-eu.com\\\/cropsaver-preservative\\\/#primaryimage\",\"url\":\"https:\\\/\\\/pfc-eu.com\\\/wp-content\\\/uploads\\\/2020\\\/10\\\/cropsaver-app-chart.png?w=1024\",\"contentUrl\":\"https:\\\/\\\/pfc-eu.com\\\/wp-content\\\/uploads\\\/2020\\\/10\\\/cropsaver-app-chart.png?w=1024\"},{\"@type\":\"BreadcrumbList\",\"@id\":\"https:\\\/\\\/pfc-eu.com\\\/cropsaver-preservative\\\/#breadcrumb\",\"itemListElement\":[{\"@type\":\"ListItem\",\"position\":1,\"name\":\"Home\",\"item\":\"https:\\\/\\\/pfc-eu.com\\\/\"},{\"@type\":\"ListItem\",\"position\":2,\"name\":\"PFC Agri Solutions HarvestPro Buffered Acid Preservative\"}]},{\"@type\":\"WebSite\",\"@id\":\"https:\\\/\\\/pfc-eu.com\\\/#website\",\"url\":\"https:\\\/\\\/pfc-eu.com\\\/\",\"name\":\"PFC Ltd\",\"description\":\"Precision, Quality, Service\",\"publisher\":{\"@id\":\"https:\\\/\\\/pfc-eu.com\\\/#organization\"},\"potentialAction\":[{\"@type\":\"SearchAction\",\"target\":{\"@type\":\"EntryPoint\",\"urlTemplate\":\"https:\\\/\\\/pfc-eu.com\\\/?s={search_term_string}\"},\"query-input\":{\"@type\":\"PropertyValueSpecification\",\"valueRequired\":true,\"valueName\":\"search_term_string\"}}],\"inLanguage\":\"de\"},{\"@type\":\"Organization\",\"@id\":\"https:\\\/\\\/pfc-eu.com\\\/#organization\",\"name\":\"PFC Ltd\",\"url\":\"https:\\\/\\\/pfc-eu.com\\\/\",\"logo\":{\"@type\":\"ImageObject\",\"inLanguage\":\"de\",\"@id\":\"https:\\\/\\\/pfc-eu.com\\\/#\\\/schema\\\/logo\\\/image\\\/\",\"url\":\"https:\\\/\\\/i0.wp.com\\\/pfc-eu.com\\\/wp-content\\\/uploads\\\/2022\\\/09\\\/cropped-cropped-pfc-agri-solutions-no-background-resized.png?fit=500%2C95&ssl=1\",\"contentUrl\":\"https:\\\/\\\/i0.wp.com\\\/pfc-eu.com\\\/wp-content\\\/uploads\\\/2022\\\/09\\\/cropped-cropped-pfc-agri-solutions-no-background-resized.png?fit=500%2C95&ssl=1\",\"width\":500,\"height\":95,\"caption\":\"PFC Ltd\"},\"image\":{\"@id\":\"https:\\\/\\\/pfc-eu.com\\\/#\\\/schema\\\/logo\\\/image\\\/\"}}]}<\/script>\n<!-- \/ Yoast SEO plugin. -->","yoast_head_json":{"title":"PFC Agri Solutions HarvestPro Buffered Acid Preservative - PFC Ltd","description":"Crop Saver hay preservative","robots":{"index":"index","follow":"follow","max-snippet":"max-snippet:-1","max-image-preview":"max-image-preview:large","max-video-preview":"max-video-preview:-1"},"canonical":"https:\/\/pfc-eu.com\/de\/cropsaver-preservative\/","og_locale":"de_DE","og_type":"article","og_title":"PFC Agri Solutions HarvestPro Buffered Acid Preservative - PFC Ltd","og_description":"Crop Saver hay preservative","og_url":"https:\/\/pfc-eu.com\/de\/cropsaver-preservative\/","og_site_name":"PFC Ltd","article_modified_time":"2024-12-17T11:52:48+00:00","og_image":[{"url":"https:\/\/pfc-eu.com\/wp-content\/uploads\/2020\/10\/cropsaver-app-chart.png?w=1024","type":"","width":"","height":""}],"twitter_card":"summary_large_image","twitter_misc":{"Gesch\u00e4tzte Lesezeit":"3\u00a0Minuten"},"schema":{"@context":"https:\/\/schema.org","@graph":[{"@type":"WebPage","@id":"https:\/\/pfc-eu.com\/cropsaver-preservative\/","url":"https:\/\/pfc-eu.com\/cropsaver-preservative\/","name":"PFC Agri Solutions HarvestPro Buffered Acid Preservative - PFC Ltd","isPartOf":{"@id":"https:\/\/pfc-eu.com\/#website"},"primaryImageOfPage":{"@id":"https:\/\/pfc-eu.com\/cropsaver-preservative\/#primaryimage"},"image":{"@id":"https:\/\/pfc-eu.com\/cropsaver-preservative\/#primaryimage"},"thumbnailUrl":"https:\/\/pfc-eu.com\/wp-content\/uploads\/2020\/10\/cropsaver-app-chart.png?w=1024","datePublished":"2020-10-06T15:26:32+00:00","dateModified":"2024-12-17T11:52:48+00:00","description":"Crop Saver hay preservative","breadcrumb":{"@id":"https:\/\/pfc-eu.com\/cropsaver-preservative\/#breadcrumb"},"inLanguage":"de","potentialAction":[{"@type":"ReadAction","target":["https:\/\/pfc-eu.com\/cropsaver-preservative\/"]}]},{"@type":"ImageObject","inLanguage":"de","@id":"https:\/\/pfc-eu.com\/cropsaver-preservative\/#primaryimage","url":"https:\/\/pfc-eu.com\/wp-content\/uploads\/2020\/10\/cropsaver-app-chart.png?w=1024","contentUrl":"https:\/\/pfc-eu.com\/wp-content\/uploads\/2020\/10\/cropsaver-app-chart.png?w=1024"},{"@type":"BreadcrumbList","@id":"https:\/\/pfc-eu.com\/cropsaver-preservative\/#breadcrumb","itemListElement":[{"@type":"ListItem","position":1,"name":"Home","item":"https:\/\/pfc-eu.com\/"},{"@type":"ListItem","position":2,"name":"PFC Agri Solutions HarvestPro Buffered Acid Preservative"}]},{"@type":"WebSite","@id":"https:\/\/pfc-eu.com\/#website","url":"https:\/\/pfc-eu.com\/","name":"PFC Ltd","description":"Pr\u00e4zision, Qualit\u00e4t, Service","publisher":{"@id":"https:\/\/pfc-eu.com\/#organization"},"potentialAction":[{"@type":"SearchAction","target":{"@type":"EntryPoint","urlTemplate":"https:\/\/pfc-eu.com\/?s={search_term_string}"},"query-input":{"@type":"PropertyValueSpecification","valueRequired":true,"valueName":"search_term_string"}}],"inLanguage":"de"},{"@type":"Organization","@id":"https:\/\/pfc-eu.com\/#organization","name":"PFC Ltd","url":"https:\/\/pfc-eu.com\/","logo":{"@type":"ImageObject","inLanguage":"de","@id":"https:\/\/pfc-eu.com\/#\/schema\/logo\/image\/","url":"https:\/\/i0.wp.com\/pfc-eu.com\/wp-content\/uploads\/2022\/09\/cropped-cropped-pfc-agri-solutions-no-background-resized.png?fit=500%2C95&ssl=1","contentUrl":"https:\/\/i0.wp.com\/pfc-eu.com\/wp-content\/uploads\/2022\/09\/cropped-cropped-pfc-agri-solutions-no-background-resized.png?fit=500%2C95&ssl=1","width":500,"height":95,"caption":"PFC Ltd"},"image":{"@id":"https:\/\/pfc-eu.com\/#\/schema\/logo\/image\/"}}]}},"uagb_featured_image_src":{"full":false,"thumbnail":false,"medium":false,"medium_large":false,"large":false,"1536x1536":false,"2048x2048":false,"trp-custom-language-flag":false,"newspack-article-block-landscape-large":false,"newspack-article-block-portrait-large":false,"newspack-article-block-square-large":false,"newspack-article-block-landscape-medium":false,"newspack-article-block-portrait-medium":false,"newspack-article-block-square-medium":false,"newspack-article-block-landscape-intermediate":false,"newspack-article-block-portrait-intermediate":false,"newspack-article-block-square-intermediate":false,"newspack-article-block-landscape-small":false,"newspack-article-block-portrait-small":false,"newspack-article-block-square-small":false,"newspack-article-block-landscape-tiny":false,"newspack-article-block-portrait-tiny":false,"newspack-article-block-square-tiny":false,"newspack-article-block-uncropped":false,"post-thumbnail":false},"uagb_author_info":{"display_name":"richard","author_link":"https:\/\/pfc-eu.com\/de\/author\/richard\/"},"uagb_comment_info":0,"uagb_excerpt":"Baling hay or straw is extremely weather dependent. If you leave hay too long before baling, it will lose quality and yield. Baled too early and at moisture levels above 15%, you risk bales heating up and at worst spontaneously combusting. Without preservative, moulds will also develop resulting in dust and a loss of bale\"PFC&hellip;","jetpack_likes_enabled":true,"jetpack_sharing_enabled":true,"jetpack_shortlink":"https:\/\/wp.me\/Pck1DT-hY","jetpack-related-posts":[],"_links":{"self":[{"href":"https:\/\/pfc-eu.com\/de\/wp-json\/wp\/v2\/pages\/1114","targetHints":{"allow":["GET"]}}],"collection":[{"href":"https:\/\/pfc-eu.com\/de\/wp-json\/wp\/v2\/pages"}],"about":[{"href":"https:\/\/pfc-eu.com\/de\/wp-json\/wp\/v2\/types\/page"}],"author":[{"embeddable":true,"href":"https:\/\/pfc-eu.com\/de\/wp-json\/wp\/v2\/users\/192351622"}],"replies":[{"embeddable":true,"href":"https:\/\/pfc-eu.com\/de\/wp-json\/wp\/v2\/comments?post=1114"}],"version-history":[{"count":27,"href":"https:\/\/pfc-eu.com\/de\/wp-json\/wp\/v2\/pages\/1114\/revisions"}],"predecessor-version":[{"id":4020,"href":"https:\/\/pfc-eu.com\/de\/wp-json\/wp\/v2\/pages\/1114\/revisions\/4020"}],"wp:attachment":[{"href":"https:\/\/pfc-eu.com\/de\/wp-json\/wp\/v2\/media?parent=1114"}],"curies":[{"name":"wp","href":"https:\/\/api.w.org\/{rel}","templated":true}]}}