{"id":1556,"date":"2020-10-07T17:57:50","date_gmt":"2020-10-07T16:57:50","guid":{"rendered":"https:\/\/pfc-eu.com\/?page_id=1556"},"modified":"2024-12-17T11:56:50","modified_gmt":"2024-12-17T11:56:50","slug":"mf-buffered-acid-balers-choice-preservative","status":"publish","type":"page","link":"https:\/\/pfc-eu.com\/da\/mf-buffered-acid-balers-choice-preservative\/","title":{"rendered":"PFC Agri Solutions HarvestPro Bufret Acid Hay Konserveringsmiddel"},"content":{"rendered":"<p class=\"has-large-font-size wp-block-paragraph\">Ballepressning af h\u00f8 eller halm er ekstremt vejrafh\u00e6ngig. Hvis du lader h\u00f8et st\u00e5 for l\u00e6nge f\u00f8r ballepresning, vil det miste kvalitet og udbytte. Balles for tidligt og ved fugtniveauer over 15% risikerer du, at baller bliver varmet op og i v\u00e6rste fald selvant\u00e6ndes. Uden konserveringsmiddel vil skimmelsvampe ogs\u00e5 udvikle sig, hvilket resulterer i st\u00f8v og tab af ballekvalitet, med det resultat, at husdyr bliver mere modtagelige for luftvejsproblemer, og n\u00e6ringsv\u00e6rdien i foderet vil blive reduceret betydeligt. H\u00f8 behandlet med PFC Agri Solutions HarvestPro konserveringsmiddel er meget h\u00f8jere i foderv\u00e6rdi, st\u00f8v- og skimmelfrit. Det vigtige element er at p\u00e5f\u00f8re pr\u00e6cist p\u00e5 fugt\u00e6ndringerne og de variable tons i timen ved ballepresning, med en PFC Agri Solutions automatisk applikator eller DigiTec manuel applikator opn\u00e5s dette.<\/p>\n\n\n\n<p class=\"has-large-font-size wp-block-paragraph\">De nyeste PFC Agri Solutions Application Systems giver dig mulighed for at sl\u00e5 vejret og ved at bruge PFC Agri Solutions HarvestPro h\u00f8konserveringsmiddel, presses sikkert ved fugtniveauer mellem 15% og 30% fugt.<\/p>\n\n\n\n<p class=\"wp-block-paragraph\">Bem\u00e6rk venligst, at HarvestPro ikke er ADR til transport og ikke kr\u00e6ver specialiserede ADR-godkendte chauff\u00f8rer til transport, der kan for\u00e5rsage forsinkelser med transport, der er ingen restriktioner for vej- eller s\u00f8transport, som der er med andre h\u00f8konserveringsmidler.<\/p>\n\n\n\n<figure class=\"wp-block-image size-large\"><img data-recalc-dims=\"1\" loading=\"lazy\" decoding=\"async\" width=\"750\" height=\"250\" data-attachment-id=\"1557\" data-permalink=\"https:\/\/pfc-eu.com\/da\/mf-app-chart\/\" data-orig-file=\"https:\/\/i0.wp.com\/pfc-eu.com\/wp-content\/uploads\/2020\/10\/mf-app-chart.png?fit=1337%2C445&amp;ssl=1\" data-orig-size=\"1337,445\" data-comments-opened=\"1\" data-image-meta=\"{&quot;aperture&quot;:&quot;0&quot;,&quot;credit&quot;:&quot;&quot;,&quot;camera&quot;:&quot;&quot;,&quot;caption&quot;:&quot;&quot;,&quot;created_timestamp&quot;:&quot;0&quot;,&quot;copyright&quot;:&quot;&quot;,&quot;focal_length&quot;:&quot;0&quot;,&quot;iso&quot;:&quot;0&quot;,&quot;shutter_speed&quot;:&quot;0&quot;,&quot;title&quot;:&quot;&quot;,&quot;orientation&quot;:&quot;0&quot;}\" data-image-title=\"mf-app-chart\" data-image-description=\"\" data-image-caption=\"\" data-large-file=\"https:\/\/i0.wp.com\/pfc-eu.com\/wp-content\/uploads\/2020\/10\/mf-app-chart.png?fit=750%2C250&amp;ssl=1\" src=\"https:\/\/i0.wp.com\/pfc-eu.com\/wp-content\/uploads\/2020\/10\/mf-app-chart.png?resize=750%2C250&#038;ssl=1\" alt=\"\" class=\"wp-image-1557\"\/><\/figure>\n\n\n\n<p class=\"has-large-font-size wp-block-paragraph\">At v\u00e6re i stand til sikkert at presse baller ved h\u00f8jere fugtniveauer har mange fordele:<\/p>\n\n\n\n<p class=\"has-large-font-size wp-block-paragraph\">Gr\u00f8nnere h\u00f8 vil generelt have en h\u00f8jere foderv\u00e6rdi, det merudbytte, der opn\u00e5s ved tidligere ballepresning, vil mere end betale for det HarvestPro-konserveringsmiddel, der bruges til at beskytte h\u00f8et.<\/p>\n\n\n\n<p class=\"has-large-font-size wp-block-paragraph\">Giver dig mulighed for at balle hurtigere sammenlignet med ubehandlet foder<\/p>\n\n\n\n<div class=\"wp-block-media-text alignwide is-stacked-on-mobile\"><figure class=\"wp-block-media-text__media\"><img data-recalc-dims=\"1\" loading=\"lazy\" decoding=\"async\" width=\"750\" height=\"648\" data-attachment-id=\"1116\" data-permalink=\"https:\/\/pfc-eu.com\/da\/balers-choice-side-by-side-no-bg\/\" data-orig-file=\"https:\/\/i0.wp.com\/pfc-eu.com\/wp-content\/uploads\/2020\/10\/balers-choice-side-by-side-no-bg.png?fit=2135%2C1844&amp;ssl=1\" data-orig-size=\"2135,1844\" data-comments-opened=\"1\" data-image-meta=\"{&quot;aperture&quot;:&quot;0&quot;,&quot;credit&quot;:&quot;&quot;,&quot;camera&quot;:&quot;&quot;,&quot;caption&quot;:&quot;&quot;,&quot;created_timestamp&quot;:&quot;0&quot;,&quot;copyright&quot;:&quot;&quot;,&quot;focal_length&quot;:&quot;0&quot;,&quot;iso&quot;:&quot;0&quot;,&quot;shutter_speed&quot;:&quot;0&quot;,&quot;title&quot;:&quot;&quot;,&quot;orientation&quot;:&quot;0&quot;}\" data-image-title=\"balers-choice-side-by-side-no-bg\" data-image-description=\"\" data-image-caption=\"\" data-large-file=\"https:\/\/i0.wp.com\/pfc-eu.com\/wp-content\/uploads\/2020\/10\/balers-choice-side-by-side-no-bg.png?fit=750%2C648&amp;ssl=1\" src=\"https:\/\/i0.wp.com\/pfc-eu.com\/wp-content\/uploads\/2020\/10\/balers-choice-side-by-side-no-bg.png?resize=750%2C648&#038;ssl=1\" alt=\"\" class=\"wp-image-1116 size-full\"\/><\/figure><div class=\"wp-block-media-text__content\">\n<p class=\"has-large-font-size wp-block-paragraph\">PFC Agri Solutions HarvestPro konserveringsmiddel er velegnet til alle typer foderensilage, haylage, h\u00f8, halm og haylage\/ensilageballe og klemme. Med sin unikke formel og sin unikke fremstillingsproces er den ikke-\u00e6tsende for ballepresseren og meget sikrere at h\u00e5ndtere for ballepresseren. P\u00e5f\u00f8ringsm\u00e6ngder starter ved lave liter pr. ton. Dens unikke formel giver den et h\u00f8jt niveau af propionsyre, h\u00f8j v\u00e6gtfylde og en n\u00e6sten neutral pH. HarvestPro har en fugter for at reducere vinddrift og stopper fordampning p\u00e5 tidspunktet for spr\u00f8jtning og fordampning i den opbevarede stak. Konkurrencedygtige produkter vil v\u00e6re meget svagere liter til liter, vil fordampe og have meget h\u00f8jere udbringningsm\u00e6ngder og vil uv\u00e6gerligt koste mere pr. ton behandlet afgr\u00f8de eller i reparationer af maskiner.<\/p>\n<\/div><\/div>\n\n\n\n<figure class=\"wp-block-image size-large is-resized\"><img data-recalc-dims=\"1\" loading=\"lazy\" decoding=\"async\" width=\"552\" height=\"218\" data-attachment-id=\"1118\" data-permalink=\"https:\/\/pfc-eu.com\/da\/cropsaver-app-graph\/\" data-orig-file=\"https:\/\/i0.wp.com\/pfc-eu.com\/wp-content\/uploads\/2020\/10\/cropsaver-app-graph.png?fit=552%2C218&amp;ssl=1\" data-orig-size=\"552,218\" data-comments-opened=\"1\" data-image-meta=\"{&quot;aperture&quot;:&quot;0&quot;,&quot;credit&quot;:&quot;&quot;,&quot;camera&quot;:&quot;&quot;,&quot;caption&quot;:&quot;&quot;,&quot;created_timestamp&quot;:&quot;0&quot;,&quot;copyright&quot;:&quot;&quot;,&quot;focal_length&quot;:&quot;0&quot;,&quot;iso&quot;:&quot;0&quot;,&quot;shutter_speed&quot;:&quot;0&quot;,&quot;title&quot;:&quot;&quot;,&quot;orientation&quot;:&quot;0&quot;}\" data-image-title=\"cropsaver-app-graph\" data-image-description=\"\" data-image-caption=\"\" data-large-file=\"https:\/\/i0.wp.com\/pfc-eu.com\/wp-content\/uploads\/2020\/10\/cropsaver-app-graph.png?fit=552%2C218&amp;ssl=1\" src=\"https:\/\/i0.wp.com\/pfc-eu.com\/wp-content\/uploads\/2020\/10\/cropsaver-app-graph.png?resize=552%2C218&#038;ssl=1\" alt=\"\" class=\"wp-image-1118\" style=\"width:777px;height:auto\"\/><\/figure>\n\n\n<div class=\"wp-block-image is-resized\">\n<figure class=\"alignleft size-large\"><a href=\"https:\/\/pfc-eu.com\/da\/select-mf-machine\/\"><img data-recalc-dims=\"1\" loading=\"lazy\" decoding=\"async\" width=\"340\" height=\"338\" data-attachment-id=\"1124\" data-permalink=\"https:\/\/pfc-eu.com\/da\/moisture-icon-button-4\/\" data-orig-file=\"https:\/\/i0.wp.com\/pfc-eu.com\/wp-content\/uploads\/2020\/10\/moisture-icon-button.png?fit=340%2C338&amp;ssl=1\" data-orig-size=\"340,338\" data-comments-opened=\"1\" data-image-meta=\"{&quot;aperture&quot;:&quot;0&quot;,&quot;credit&quot;:&quot;&quot;,&quot;camera&quot;:&quot;&quot;,&quot;caption&quot;:&quot;&quot;,&quot;created_timestamp&quot;:&quot;0&quot;,&quot;copyright&quot;:&quot;&quot;,&quot;focal_length&quot;:&quot;0&quot;,&quot;iso&quot;:&quot;0&quot;,&quot;shutter_speed&quot;:&quot;0&quot;,&quot;title&quot;:&quot;&quot;,&quot;orientation&quot;:&quot;0&quot;}\" data-image-title=\"moisture-icon-button\" data-image-description=\"\" data-image-caption=\"\" data-large-file=\"https:\/\/i0.wp.com\/pfc-eu.com\/wp-content\/uploads\/2020\/10\/moisture-icon-button.png?fit=340%2C338&amp;ssl=1\" src=\"https:\/\/i0.wp.com\/pfc-eu.com\/wp-content\/uploads\/2020\/10\/moisture-icon-button.png?resize=340%2C338&#038;ssl=1\" alt=\"\" class=\"wp-image-1124\" style=\"width:333px;height:auto\"\/><\/a><figcaption class=\"wp-element-caption\">Fugtsensor<\/figcaption><\/figure>\n<\/div>\n\n<div class=\"wp-block-image is-resized\">\n<figure class=\"alignleft size-large\"><a href=\"https:\/\/pfc-eu.com\/da\/select-mf-machine\/\"><img data-recalc-dims=\"1\" loading=\"lazy\" decoding=\"async\" width=\"218\" height=\"216\" data-attachment-id=\"1126\" data-permalink=\"https:\/\/pfc-eu.com\/da\/nozzle-icon-button-1-3\/\" data-orig-file=\"https:\/\/i0.wp.com\/pfc-eu.com\/wp-content\/uploads\/2020\/10\/nozzle-icon-button-1.png?fit=218%2C216&amp;ssl=1\" data-orig-size=\"218,216\" data-comments-opened=\"1\" data-image-meta=\"{&quot;aperture&quot;:&quot;0&quot;,&quot;credit&quot;:&quot;&quot;,&quot;camera&quot;:&quot;&quot;,&quot;caption&quot;:&quot;&quot;,&quot;created_timestamp&quot;:&quot;0&quot;,&quot;copyright&quot;:&quot;&quot;,&quot;focal_length&quot;:&quot;0&quot;,&quot;iso&quot;:&quot;0&quot;,&quot;shutter_speed&quot;:&quot;0&quot;,&quot;title&quot;:&quot;&quot;,&quot;orientation&quot;:&quot;0&quot;}\" data-image-title=\"nozzle-icon-button-1\" data-image-description=\"\" data-image-caption=\"\" data-large-file=\"https:\/\/i0.wp.com\/pfc-eu.com\/wp-content\/uploads\/2020\/10\/nozzle-icon-button-1.png?fit=218%2C216&amp;ssl=1\" src=\"https:\/\/i0.wp.com\/pfc-eu.com\/wp-content\/uploads\/2020\/10\/nozzle-icon-button-1.png?resize=218%2C216&#038;ssl=1\" alt=\"\" class=\"wp-image-1126\" style=\"width:337px;height:auto\"\/><\/a><figcaption class=\"wp-element-caption\">Applikationsudstyr<\/figcaption><\/figure>\n<\/div>\n\n<div class=\"wp-block-image is-resized\">\n<figure class=\"alignleft size-large\"><a href=\"https:\/\/pfc-eu.com\/da\/hayboss-2200-2300-series-automatic-applicator\/#jp-carousel-532\"><img data-recalc-dims=\"1\" loading=\"lazy\" decoding=\"async\" width=\"341\" height=\"356\" data-attachment-id=\"1123\" data-permalink=\"https:\/\/pfc-eu.com\/da\/media-icon-button-12\/\" data-orig-file=\"https:\/\/i0.wp.com\/pfc-eu.com\/wp-content\/uploads\/2020\/10\/media-icon-button.png?fit=341%2C356&amp;ssl=1\" data-orig-size=\"341,356\" data-comments-opened=\"1\" data-image-meta=\"{&quot;aperture&quot;:&quot;0&quot;,&quot;credit&quot;:&quot;&quot;,&quot;camera&quot;:&quot;&quot;,&quot;caption&quot;:&quot;&quot;,&quot;created_timestamp&quot;:&quot;0&quot;,&quot;copyright&quot;:&quot;&quot;,&quot;focal_length&quot;:&quot;0&quot;,&quot;iso&quot;:&quot;0&quot;,&quot;shutter_speed&quot;:&quot;0&quot;,&quot;title&quot;:&quot;&quot;,&quot;orientation&quot;:&quot;0&quot;}\" data-image-title=\"media-icon-button\" data-image-description=\"\" data-image-caption=\"\" data-large-file=\"https:\/\/i0.wp.com\/pfc-eu.com\/wp-content\/uploads\/2020\/10\/media-icon-button.png?fit=341%2C356&amp;ssl=1\" src=\"https:\/\/i0.wp.com\/pfc-eu.com\/wp-content\/uploads\/2020\/10\/media-icon-button.png?resize=341%2C356&#038;ssl=1\" alt=\"\" class=\"wp-image-1123\"\/><\/a><figcaption class=\"wp-element-caption\">Mediecenter<\/figcaption><\/figure>\n<\/div>","protected":false},"excerpt":{"rendered":"<p>Ballepressning af h\u00f8 eller halm er ekstremt vejrafh\u00e6ngig. Hvis du lader h\u00f8et st\u00e5 for l\u00e6nge f\u00f8r ballepresning, vil det miste kvalitet og udbytte. Balles for tidligt og ved fugtniveauer over 15% risikerer du, at baller bliver varmet op og i v\u00e6rste fald selvant\u00e6ndes. Uden konserveringsmiddel vil skimmelsvampe ogs\u00e5 udvikle sig, hvilket resulterer i st\u00f8v og tab af baller<a class=\"more-link\" href=\"https:\/\/pfc-eu.com\/da\/mf-buffered-acid-balers-choice-preservative\/\">Forts\u00e6t med at l\u00e6se <span class=\"screen-reader-text\">&quot;PFC Agri Solutions HarvestPro Buffered Acid Hay Preservative&quot;<\/span><\/a><\/p>","protected":false},"author":192351622,"featured_media":0,"parent":0,"menu_order":0,"comment_status":"closed","ping_status":"closed","template":"","meta":{"_coblocks_attr":"","_coblocks_dimensions":"","_coblocks_responsive_height":"","_coblocks_accordion_ie_support":"","_crdt_document":"","_uag_custom_page_level_css":"","jetpack_post_was_ever_published":false,"footnotes":""},"class_list":["post-1556","page","type-page","status-publish","hentry","entry"],"yoast_head":"<!-- This site is optimized with the Yoast SEO plugin v27.3 - https:\/\/yoast.com\/product\/yoast-seo-wordpress\/ -->\n<title>PFC Agri Solutions HarvestPro Buffered Acid Hay Preservative - PFC Ltd<\/title>\n<meta name=\"description\" content=\"Baler&#039;s Choice hay preservative\" \/>\n<meta name=\"robots\" content=\"index, follow, max-snippet:-1, max-image-preview:large, max-video-preview:-1\" \/>\n<link rel=\"canonical\" href=\"https:\/\/pfc-eu.com\/da\/mf-buffered-acid-balers-choice-preservative\/\" \/>\n<meta property=\"og:locale\" content=\"da_DK\" \/>\n<meta property=\"og:type\" content=\"article\" \/>\n<meta property=\"og:title\" content=\"PFC Agri Solutions HarvestPro Buffered Acid Hay Preservative - PFC Ltd\" \/>\n<meta property=\"og:description\" content=\"Baler&#039;s Choice hay preservative\" \/>\n<meta property=\"og:url\" content=\"https:\/\/pfc-eu.com\/da\/mf-buffered-acid-balers-choice-preservative\/\" \/>\n<meta property=\"og:site_name\" content=\"PFC Ltd\" \/>\n<meta property=\"article:modified_time\" content=\"2024-12-17T11:56:50+00:00\" \/>\n<meta property=\"og:image\" content=\"https:\/\/pfc-eu.com\/wp-content\/uploads\/2020\/10\/mf-app-chart.png?w=1024\" \/>\n<meta name=\"twitter:card\" content=\"summary_large_image\" \/>\n<meta name=\"twitter:label1\" content=\"Estimeret l\u00e6setid\" \/>\n\t<meta name=\"twitter:data1\" content=\"3 minutter\" \/>\n<script type=\"application\/ld+json\" class=\"yoast-schema-graph\">{\"@context\":\"https:\\\/\\\/schema.org\",\"@graph\":[{\"@type\":\"WebPage\",\"@id\":\"https:\\\/\\\/pfc-eu.com\\\/mf-buffered-acid-balers-choice-preservative\\\/\",\"url\":\"https:\\\/\\\/pfc-eu.com\\\/mf-buffered-acid-balers-choice-preservative\\\/\",\"name\":\"PFC Agri Solutions HarvestPro Buffered Acid Hay Preservative - PFC Ltd\",\"isPartOf\":{\"@id\":\"https:\\\/\\\/pfc-eu.com\\\/#website\"},\"primaryImageOfPage\":{\"@id\":\"https:\\\/\\\/pfc-eu.com\\\/mf-buffered-acid-balers-choice-preservative\\\/#primaryimage\"},\"image\":{\"@id\":\"https:\\\/\\\/pfc-eu.com\\\/mf-buffered-acid-balers-choice-preservative\\\/#primaryimage\"},\"thumbnailUrl\":\"https:\\\/\\\/pfc-eu.com\\\/wp-content\\\/uploads\\\/2020\\\/10\\\/mf-app-chart.png?w=1024\",\"datePublished\":\"2020-10-07T16:57:50+00:00\",\"dateModified\":\"2024-12-17T11:56:50+00:00\",\"description\":\"Baler's Choice hay preservative\",\"breadcrumb\":{\"@id\":\"https:\\\/\\\/pfc-eu.com\\\/mf-buffered-acid-balers-choice-preservative\\\/#breadcrumb\"},\"inLanguage\":\"da-DK\",\"potentialAction\":[{\"@type\":\"ReadAction\",\"target\":[\"https:\\\/\\\/pfc-eu.com\\\/mf-buffered-acid-balers-choice-preservative\\\/\"]}]},{\"@type\":\"ImageObject\",\"inLanguage\":\"da-DK\",\"@id\":\"https:\\\/\\\/pfc-eu.com\\\/mf-buffered-acid-balers-choice-preservative\\\/#primaryimage\",\"url\":\"https:\\\/\\\/pfc-eu.com\\\/wp-content\\\/uploads\\\/2020\\\/10\\\/mf-app-chart.png?w=1024\",\"contentUrl\":\"https:\\\/\\\/pfc-eu.com\\\/wp-content\\\/uploads\\\/2020\\\/10\\\/mf-app-chart.png?w=1024\"},{\"@type\":\"BreadcrumbList\",\"@id\":\"https:\\\/\\\/pfc-eu.com\\\/mf-buffered-acid-balers-choice-preservative\\\/#breadcrumb\",\"itemListElement\":[{\"@type\":\"ListItem\",\"position\":1,\"name\":\"Home\",\"item\":\"https:\\\/\\\/pfc-eu.com\\\/\"},{\"@type\":\"ListItem\",\"position\":2,\"name\":\"PFC Agri Solutions HarvestPro Buffered Acid Hay Preservative\"}]},{\"@type\":\"WebSite\",\"@id\":\"https:\\\/\\\/pfc-eu.com\\\/#website\",\"url\":\"https:\\\/\\\/pfc-eu.com\\\/\",\"name\":\"PFC Ltd\",\"description\":\"Precision, Quality, Service\",\"publisher\":{\"@id\":\"https:\\\/\\\/pfc-eu.com\\\/#organization\"},\"potentialAction\":[{\"@type\":\"SearchAction\",\"target\":{\"@type\":\"EntryPoint\",\"urlTemplate\":\"https:\\\/\\\/pfc-eu.com\\\/?s={search_term_string}\"},\"query-input\":{\"@type\":\"PropertyValueSpecification\",\"valueRequired\":true,\"valueName\":\"search_term_string\"}}],\"inLanguage\":\"da-DK\"},{\"@type\":\"Organization\",\"@id\":\"https:\\\/\\\/pfc-eu.com\\\/#organization\",\"name\":\"PFC Ltd\",\"url\":\"https:\\\/\\\/pfc-eu.com\\\/\",\"logo\":{\"@type\":\"ImageObject\",\"inLanguage\":\"da-DK\",\"@id\":\"https:\\\/\\\/pfc-eu.com\\\/#\\\/schema\\\/logo\\\/image\\\/\",\"url\":\"https:\\\/\\\/i0.wp.com\\\/pfc-eu.com\\\/wp-content\\\/uploads\\\/2022\\\/09\\\/cropped-cropped-pfc-agri-solutions-no-background-resized.png?fit=500%2C95&ssl=1\",\"contentUrl\":\"https:\\\/\\\/i0.wp.com\\\/pfc-eu.com\\\/wp-content\\\/uploads\\\/2022\\\/09\\\/cropped-cropped-pfc-agri-solutions-no-background-resized.png?fit=500%2C95&ssl=1\",\"width\":500,\"height\":95,\"caption\":\"PFC Ltd\"},\"image\":{\"@id\":\"https:\\\/\\\/pfc-eu.com\\\/#\\\/schema\\\/logo\\\/image\\\/\"}}]}<\/script>\n<!-- \/ Yoast SEO plugin. -->","yoast_head_json":{"title":"PFC Agri Solutions HarvestPro Buffered Acid Hay Preservative - PFC Ltd","description":"Baler's Choice hay preservative","robots":{"index":"index","follow":"follow","max-snippet":"max-snippet:-1","max-image-preview":"max-image-preview:large","max-video-preview":"max-video-preview:-1"},"canonical":"https:\/\/pfc-eu.com\/da\/mf-buffered-acid-balers-choice-preservative\/","og_locale":"da_DK","og_type":"article","og_title":"PFC Agri Solutions HarvestPro Buffered Acid Hay Preservative - PFC Ltd","og_description":"Baler's Choice hay preservative","og_url":"https:\/\/pfc-eu.com\/da\/mf-buffered-acid-balers-choice-preservative\/","og_site_name":"PFC Ltd","article_modified_time":"2024-12-17T11:56:50+00:00","og_image":[{"url":"https:\/\/pfc-eu.com\/wp-content\/uploads\/2020\/10\/mf-app-chart.png?w=1024","type":"","width":"","height":""}],"twitter_card":"summary_large_image","twitter_misc":{"Estimeret l\u00e6setid":"3 minutter"},"schema":{"@context":"https:\/\/schema.org","@graph":[{"@type":"WebPage","@id":"https:\/\/pfc-eu.com\/mf-buffered-acid-balers-choice-preservative\/","url":"https:\/\/pfc-eu.com\/mf-buffered-acid-balers-choice-preservative\/","name":"PFC Agri Solutions HarvestPro Buffered Acid Hay Preservative - PFC Ltd","isPartOf":{"@id":"https:\/\/pfc-eu.com\/#website"},"primaryImageOfPage":{"@id":"https:\/\/pfc-eu.com\/mf-buffered-acid-balers-choice-preservative\/#primaryimage"},"image":{"@id":"https:\/\/pfc-eu.com\/mf-buffered-acid-balers-choice-preservative\/#primaryimage"},"thumbnailUrl":"https:\/\/pfc-eu.com\/wp-content\/uploads\/2020\/10\/mf-app-chart.png?w=1024","datePublished":"2020-10-07T16:57:50+00:00","dateModified":"2024-12-17T11:56:50+00:00","description":"Baler's Choice hay preservative","breadcrumb":{"@id":"https:\/\/pfc-eu.com\/mf-buffered-acid-balers-choice-preservative\/#breadcrumb"},"inLanguage":"da-DK","potentialAction":[{"@type":"ReadAction","target":["https:\/\/pfc-eu.com\/mf-buffered-acid-balers-choice-preservative\/"]}]},{"@type":"ImageObject","inLanguage":"da-DK","@id":"https:\/\/pfc-eu.com\/mf-buffered-acid-balers-choice-preservative\/#primaryimage","url":"https:\/\/pfc-eu.com\/wp-content\/uploads\/2020\/10\/mf-app-chart.png?w=1024","contentUrl":"https:\/\/pfc-eu.com\/wp-content\/uploads\/2020\/10\/mf-app-chart.png?w=1024"},{"@type":"BreadcrumbList","@id":"https:\/\/pfc-eu.com\/mf-buffered-acid-balers-choice-preservative\/#breadcrumb","itemListElement":[{"@type":"ListItem","position":1,"name":"Home","item":"https:\/\/pfc-eu.com\/"},{"@type":"ListItem","position":2,"name":"PFC Agri Solutions HarvestPro Buffered Acid Hay Preservative"}]},{"@type":"WebSite","@id":"https:\/\/pfc-eu.com\/#website","url":"https:\/\/pfc-eu.com\/","name":"PFC Ltd","description":"Pr\u00e6cision, kvalitet, service","publisher":{"@id":"https:\/\/pfc-eu.com\/#organization"},"potentialAction":[{"@type":"SearchAction","target":{"@type":"EntryPoint","urlTemplate":"https:\/\/pfc-eu.com\/?s={search_term_string}"},"query-input":{"@type":"PropertyValueSpecification","valueRequired":true,"valueName":"search_term_string"}}],"inLanguage":"da-DK"},{"@type":"Organization","@id":"https:\/\/pfc-eu.com\/#organization","name":"PFC Ltd","url":"https:\/\/pfc-eu.com\/","logo":{"@type":"ImageObject","inLanguage":"da-DK","@id":"https:\/\/pfc-eu.com\/#\/schema\/logo\/image\/","url":"https:\/\/i0.wp.com\/pfc-eu.com\/wp-content\/uploads\/2022\/09\/cropped-cropped-pfc-agri-solutions-no-background-resized.png?fit=500%2C95&ssl=1","contentUrl":"https:\/\/i0.wp.com\/pfc-eu.com\/wp-content\/uploads\/2022\/09\/cropped-cropped-pfc-agri-solutions-no-background-resized.png?fit=500%2C95&ssl=1","width":500,"height":95,"caption":"PFC Ltd"},"image":{"@id":"https:\/\/pfc-eu.com\/#\/schema\/logo\/image\/"}}]}},"uagb_featured_image_src":{"full":false,"thumbnail":false,"medium":false,"medium_large":false,"large":false,"1536x1536":false,"2048x2048":false,"trp-custom-language-flag":false,"newspack-article-block-landscape-large":false,"newspack-article-block-portrait-large":false,"newspack-article-block-square-large":false,"newspack-article-block-landscape-medium":false,"newspack-article-block-portrait-medium":false,"newspack-article-block-square-medium":false,"newspack-article-block-landscape-intermediate":false,"newspack-article-block-portrait-intermediate":false,"newspack-article-block-square-intermediate":false,"newspack-article-block-landscape-small":false,"newspack-article-block-portrait-small":false,"newspack-article-block-square-small":false,"newspack-article-block-landscape-tiny":false,"newspack-article-block-portrait-tiny":false,"newspack-article-block-square-tiny":false,"newspack-article-block-uncropped":false,"post-thumbnail":false},"uagb_author_info":{"display_name":"richard","author_link":"https:\/\/pfc-eu.com\/da\/author\/richard\/"},"uagb_comment_info":0,"uagb_excerpt":"Baling hay or straw is extremely weather dependent. If you leave hay too long before baling, it will lose quality and yield. Baled too early and at moisture levels above 15%, you risk bales heating up and at worst spontaneously combusting. Without preservative, moulds will also develop resulting in dust and a loss of baleContinue&hellip;","jetpack_likes_enabled":true,"jetpack_sharing_enabled":true,"jetpack_shortlink":"https:\/\/wp.me\/Pck1DT-p6","jetpack-related-posts":[],"_links":{"self":[{"href":"https:\/\/pfc-eu.com\/da\/wp-json\/wp\/v2\/pages\/1556","targetHints":{"allow":["GET"]}}],"collection":[{"href":"https:\/\/pfc-eu.com\/da\/wp-json\/wp\/v2\/pages"}],"about":[{"href":"https:\/\/pfc-eu.com\/da\/wp-json\/wp\/v2\/types\/page"}],"author":[{"embeddable":true,"href":"https:\/\/pfc-eu.com\/da\/wp-json\/wp\/v2\/users\/192351622"}],"replies":[{"embeddable":true,"href":"https:\/\/pfc-eu.com\/da\/wp-json\/wp\/v2\/comments?post=1556"}],"version-history":[{"count":18,"href":"https:\/\/pfc-eu.com\/da\/wp-json\/wp\/v2\/pages\/1556\/revisions"}],"predecessor-version":[{"id":4022,"href":"https:\/\/pfc-eu.com\/da\/wp-json\/wp\/v2\/pages\/1556\/revisions\/4022"}],"wp:attachment":[{"href":"https:\/\/pfc-eu.com\/da\/wp-json\/wp\/v2\/media?parent=1556"}],"curies":[{"name":"wp","href":"https:\/\/api.w.org\/{rel}","templated":true}]}}